{"id":93,"date":"2013-09-23T10:30:35","date_gmt":"2013-09-23T10:30:35","guid":{"rendered":"http:\/\/www.big-animals.com\/it\/fenicotteri\/"},"modified":"2015-03-19T11:40:16","modified_gmt":"2015-03-19T11:40:16","slug":"fenicotteri","status":"publish","type":"page","link":"https:\/\/www.big-animals.com\/it\/fenicotteri\/","title":{"rendered":"Fenicotteri"},"content":{"rendered":"<p><span id=\"gts_text_1\" class=\"gts_text\">\u00a0Il fenicottero \u00e8 una specie d&#8217;<a title=\"I pi\u00f9 grandi uccelli del mondo!\" href=\"http:\/\/www.big-animals.com\/it\/mondo-gran-uccelli\/\">uccello<\/a> che vive vicino ai laghi, alle paludi di mangrovia e alle piane fangose d<\/span><span id=\"gts_text_2\" class=\"gts_text\">elle regioni tropicali e subtropicali. I<\/span>n America esistono quattro specie di fenicottero, mentre in Africa, \u00a0Asia ed Europa vivono altre due specie differenti .<\/p>\n<p><span id=\"gts_text_4\" class=\"gts_text\"><\/span><span id=\"gts_text_5\" class=\"gts_text\">Il fenicottero maggiore\u00a0<\/span>o fenicottero rosa\u00a0<span class=\"gts_text\">vive in alcune zone dell&#8217;Africa, Europa e Asia, mentre il fenicottero minore vive in Africa e nell&#8217;India nordoccidentale. Nella parte meridionale del\u00a0<\/span>Sud America troviamo i<span id=\"gts_text_6\" class=\"gts_text\">l fenicottero del Cile e sulle Ande<\/span>\u00a0in Per\u00f9, in Cile, Bolivia e Argentina vivono invece<span class=\"gts_text\">\u00a0i<\/span><span id=\"gts_text_7\" class=\"gts_text\">l fenicottero di James e il fenicottero delle Ande.<\/span>\u00a0Infine abbiamo il fenicottero americano che vive ai Caraibi e sulle isole Galapagos.<\/p>\n<p><span id=\"gts_text_9\" class=\"gts_text\">I fenicotteri hanno\u00a0<\/span>zampe\u00a0<span class=\"gts_text\">lunghe e palmate, becco ricurvo e collo curvo e lungo.<\/span> <span id=\"gts_text_10\" class=\"gts_text\">Le zampe sono pi\u00f9 lunghe del corpo e misurano fra gli 80 e i 125 cm a seconda della specie.<\/span> <span id=\"gts_text_11\" class=\"gts_text\">Le zampe palmate li aiutano a nuotare e a tirare su il cibo dal fondo; per mangiare trattengono il<\/span><span id=\"gts_text_13\" class=\"gts_text\">\u00a0respiro mentre si alimentano sott&#8217;acqua.<\/span><\/p>\n<p><span id=\"gts_text_14\" class=\"gts_text\">I fenicotteri spesso stanno su una sola zampa e piegano l&#8217;altra sotto il corpo per tenerla al caldo.<\/span> <span id=\"gts_text_15\" class=\"gts_text\">Questo li aiuta a conservare il calore del corpo, poich\u00e9 passano molto tempo nell&#8217;acqua fredda.<\/span><\/p>\n<p><span id=\"gts_text_16\" class=\"gts_text\">Il fenicottero pi\u00f9 alto \u00e8 il <a title=\"Fenicottero rosa \" href=\"http:\/\/www.big-animals.com\/it\/fenicottero-rosa\/\">fenicottero rosa o maggiore<\/a>\u00a0.<\/span> <span id=\"gts_text_17\" class=\"gts_text\">E&#8217; alto 110 &#8211; 130 cm e<\/span>\u00a0pu\u00f2 p<span id=\"gts_text_18\" class=\"gts_text\">esare fino a 3,5 kg.<\/span> <span id=\"gts_text_19\" class=\"gts_text\">Il fenicottero minore \u00e8 la specie pi\u00f9 piccola: \u00e8<\/span><span id=\"gts_text_20\" class=\"gts_text\">\u00a0alto soltanto 80 cm\u00a0 e pesa circa 2,5 kg .<\/span>\u00a0L&#8217;apertura alare del<span id=\"gts_text_21\" class=\"gts_text\">\u00a0fenicottero minore varia dai 95 ai 100 cm , mentre quella del fenicottero rosa<\/span><span id=\"gts_text_22\" class=\"gts_text\">\u00a0va dai 140 ai 165 cm<\/span>\u00a0circa<span class=\"gts_text\"> da un&#8217;estremit\u00e0 all&#8217;altra. \u00a0Che differenza enorme fra questi due fenicotteri!<\/span> <span id=\"gts_text_23\" class=\"gts_text\">I fenicotteri maschi sono \u00a0leggermente pi\u00f9 alti e pi\u00f9 pesanti delle femmine.<\/span><\/p>\n<figure id=\"attachment_1258\" aria-describedby=\"caption-attachment-1258\" style=\"width: 300px\" class=\"wp-caption alignleft\"><img loading=\"lazy\" decoding=\"async\" class=\"size-medium wp-image-1258\" title=\"Fenicotteri e un pulcino\" src=\"http:\/\/www.big-animals.com\/wp-content\/uploads\/2011\/06\/Flamingoes_And_Chick-300x181.jpg\" alt=\"Fenicotteri e un pulcino\" width=\"300\" height=\"181\" \/><figcaption id=\"caption-attachment-1258\" class=\"wp-caption-text\">Fenicotteri adulti e il loro pulcino<\/figcaption><\/figure>\n<p><span id=\"gts_text_25\" class=\"gts_text\">I loro occhi si trovano ai lati della testa. I<\/span><span id=\"gts_text_26\" class=\"gts_text\">\u00a0piccoli <\/span><span id=\"gts_text_26\" class=\"gts_text\">hanno gli occhi grigi il loro primo anno di vita e da adulti diventano gialli. Il becco ricurvo<\/span><span id=\"gts_text_27\" class=\"gts_text\">\u00a0di un fenicottero adulto pu\u00f2 essere nero, rosato o color crema a \u00a0seconda delle specie.<\/span> <span id=\"gts_text_28\" class=\"gts_text\">Un pulcino appena covato avr\u00e0 un becco rosso e diritto invece che ricurvo.<\/span><\/p>\n<p><span id=\"gts_text_29\" class=\"gts_text\">Si nutrono di crostacei, alghe e piccoli pesci.<\/span> <span id=\"gts_text_30\" class=\"gts_text\">Il loro becco \u00e8 fatto apposta per separare il fango dal cibo:<\/span>\u00a0mentre &#8220;cacciano&#8221;\u00a0<span id=\"gts_text_31\" class=\"gts_text\">lo tengono capovolto, al suo interno<\/span><span id=\"gts_text_32\" class=\"gts_text\">\u00a0hanno delle strutture pelose lungo la mascella inferiore e una grande lingua ruvida che<\/span><span id=\"gts_text_33\" class=\"gts_text\">\u00a0li aiuta a filtrare il cibo dal fango e dall&#8217;acqua.<\/span> <span id=\"gts_text_34\" class=\"gts_text\">Bevono acqua dolce.<\/span><\/p>\n<p><span id=\"gts_text_35\" class=\"gts_text\">I giovani fenicotteri hanno strati di piume grigie, mentre gli adulti hanno piume che variano dal rosa-chiaro al rosso luminoso.<\/span> <span id=\"gts_text_36\" class=\"gts_text\">Un fenicottero sano avr\u00e0 colori luminosi &#8211; un fenicottero bianco o pallido \u00e8 solitamente malato o denutrito.<\/span> <span id=\"gts_text_37\" class=\"gts_text\">Hanno anche alcune piume nere sulle punte delle ali.<\/span><\/p>\n<p><span id=\"gts_text_38\" class=\"gts_text\">I fenicotteri vivono in gruppi chiamati colonie.<\/span> <span id=\"gts_text_39\" class=\"gts_text\">Ogni colonia pu\u00f2 avere fino a decine di migliaia di fenicotteri.<\/span> <span id=\"gts_text_40\" class=\"gts_text\">Vivono in colonie per sicurezza, per avere pi\u00f9 cibo e per utilizzare al meglio i\u00a0<\/span>\u00a0limitati\u00a0<span class=\"gts_text\">luoghi di riproduzione.<\/span> <span id=\"gts_text_41\" class=\"gts_text\">La mamma e il pap\u00e0 esplorano le piane fangose alla ricerca di\u00a0<\/span><span id=\"gts_text_42\" class=\"gts_text\">un punto adatto per costruire il loro nido<\/span><span class=\"gts_text\">.<\/span> <span id=\"gts_text_43\" class=\"gts_text\">La posizione \u00e8 scelta solitamente dalla femmina.<\/span>\u00a0A volte succede che<span id=\"gts_text_44\" class=\"gts_text\">\u00a0altre coppie provino a rubare il luogo di riproduzione,<\/span>\u00a0ma<span id=\"gts_text_45\" class=\"gts_text\"> i fenicotteri proteggeranno il loro nido e i loro piccoli.<\/span><\/p>\n<p><span id=\"gts_text_46\" class=\"gts_text\">I fenicotteri fanno normalmente soltanto un uovo<\/span><span id=\"gts_text_47\" class=\"gts_text\">\u00a0grande circa come un uovo di gallina,\u00a0<\/span><span class=\"gts_text\">di forma oblunga e color bianco gesso<\/span><span id=\"gts_text_49\" class=\"gts_text\">.<\/span> <span id=\"gts_text_50\" class=\"gts_text\">I genitori fanno a turno per tenere l&#8217;uovo al caldo finch\u00e9<\/span><span id=\"gts_text_51\" class=\"gts_text\">\u00a0si schiude, ovvero dopo 26 &#8211; 31 giorni.<\/span> <span id=\"gts_text_52\" class=\"gts_text\">I pulcini appena nati hanno piume grigie o bianche,<\/span>\u00a0i<span id=\"gts_text_53\" class=\"gts_text\">\u00a0genitori riescono ad identificare il proprio pulcino con lo sguardo e il suono: i<\/span><span id=\"gts_text_54\" class=\"gts_text\">\u00a0fenicotteri sono uccelli rumorosi!<\/span><\/p>\n<p><span id=\"gts_text_55\" class=\"gts_text\">Sia la madre che il padre cureranno il loro pulcino<\/span><span id=\"gts_text_56\" class=\"gts_text\">.<\/span>\u00a0Dal settimo al ventunesimo giorno circa<span id=\"gts_text_57\" class=\"gts_text\">, il pulcino comincer\u00e0 a fare qualche passo fuori dal nido, ma ritorner\u00e0\u00a0<\/span>ancora\u00a0<span class=\"gts_text\">per essere nutrito.<\/span> <span id=\"gts_text_58\" class=\"gts_text\">Dopo due settimane, i pulcini saranno raggruppati in una specie di asilo nido e cominceranno cercare cibo da soli.<\/span> <span id=\"gts_text_59\" class=\"gts_text\">Questo asilo nido contiene migliaia di pulcini che,<\/span>\u00a0r<span id=\"gts_text_60\" class=\"gts_text\">estando all&#8217;interno del gruppo, rimangono al riparo dai predatori.<\/span> <span id=\"gts_text_61\" class=\"gts_text\">Il pulcino perder\u00e0 le piume grigie dopo due &#8211; tre anni e avr\u00e0 delle belle piume rosa o rosso luminoso come la madre e il padre.<\/span><\/p>\n<p><span id=\"gts_text_62\" class=\"gts_text\">Sia le uova che i pulcini dei fenicotteri sono predati dalle aquile, dagli avvoltoi, dai leoni, dai leopardi, dai ghepardi, dalle volpi e dagli sciacalli.<\/span> <span id=\"gts_text_63\" class=\"gts_text\">Oltre a ci\u00f2, gli esseri umani hanno distrutto il loro habitat costruendo strade, con l&#8217;irrigazione e con l&#8217;estrazione mineraria.<\/span> <span id=\"gts_text_64\" class=\"gts_text\">Inoltre sono ricercati per le loro uova.<\/span> <span id=\"gts_text_65\" class=\"gts_text\">Fortunatamente, non sono una specie in via d&#8217;estinzione.<\/span><\/p>\n<p><span id=\"gts_text_66\" class=\"gts_text\">\u00a0<\/span><\/p>\n","protected":false},"excerpt":{"rendered":"<p>\u00a0Il fenicottero \u00e8 una specie d&#8217;uccello che vive vicino ai laghi, alle paludi di mangrovia e alle piane fangose delle regioni tropicali e subtropicali. In America esistono quattro specie di fenicottero, mentre in Africa, \u00a0Asia ed Europa vivono altre due specie differenti . Il fenicottero maggiore\u00a0o fenicottero rosa\u00a0vive in alcune zone dell&#8217;Africa, Europa e Asia, &hellip; <a href=\"https:\/\/www.big-animals.com\/it\/fenicotteri\/\" class=\"more-link\">Continue reading <span class=\"screen-reader-text\">Fenicotteri<\/span><\/a><\/p>\n","protected":false},"author":1,"featured_media":0,"parent":0,"menu_order":0,"comment_status":"closed","ping_status":"open","template":"","meta":{"_acf_changed":false,"footnotes":""},"acf":[],"_links":{"self":[{"href":"https:\/\/www.big-animals.com\/it\/wp-json\/wp\/v2\/pages\/93"}],"collection":[{"href":"https:\/\/www.big-animals.com\/it\/wp-json\/wp\/v2\/pages"}],"about":[{"href":"https:\/\/www.big-animals.com\/it\/wp-json\/wp\/v2\/types\/page"}],"author":[{"embeddable":true,"href":"https:\/\/www.big-animals.com\/it\/wp-json\/wp\/v2\/users\/1"}],"replies":[{"embeddable":true,"href":"https:\/\/www.big-animals.com\/it\/wp-json\/wp\/v2\/comments?post=93"}],"version-history":[{"count":15,"href":"https:\/\/www.big-animals.com\/it\/wp-json\/wp\/v2\/pages\/93\/revisions"}],"predecessor-version":[{"id":661,"href":"https:\/\/www.big-animals.com\/it\/wp-json\/wp\/v2\/pages\/93\/revisions\/661"}],"wp:attachment":[{"href":"https:\/\/www.big-animals.com\/it\/wp-json\/wp\/v2\/media?parent=93"}],"curies":[{"name":"wp","href":"https:\/\/api.w.org\/{rel}","templated":true}]}}