{"id":94,"date":"2013-09-23T10:34:13","date_gmt":"2013-09-23T10:34:13","guid":{"rendered":"http:\/\/www.big-animals.com\/it\/fenicottero\/"},"modified":"2014-02-06T14:29:45","modified_gmt":"2014-02-06T14:29:45","slug":"fenicottero-rosa","status":"publish","type":"page","link":"https:\/\/www.big-animals.com\/it\/fenicottero-rosa\/","title":{"rendered":"Fenicottero"},"content":{"rendered":"<figure id=\"attachment_1261\" aria-describedby=\"caption-attachment-1261\" style=\"width: 300px\" class=\"wp-caption alignleft\"><a href=\"http:\/\/www.big-animals.com\/wp-content\/uploads\/2011\/06\/GreaterFlamingoesUpClose.jpg\"><img loading=\"lazy\" decoding=\"async\" class=\"size-medium wp-image-1261 gts_attribute gts_attribute_1_alt gts_attribute_4_title\" title=\"Il fenicottero\" alt=\"Il fenicottero\" src=\"http:\/\/www.big-animals.com\/wp-content\/uploads\/2011\/06\/GreaterFlamingoesUpClose-300x220.jpg\" width=\"300\" height=\"220\" \/><\/a><figcaption id=\"caption-attachment-1261\" class=\"wp-caption-text\">Fenicotteri rosa<\/figcaption><\/figure>\n<p>Il fenicottero rosa o fenicottero maggiore \u00e8 fra i pi\u00f9 grandi\u00a0<a title=\"Fenicotteri\" href=\"http:\/\/www.big-animals.com\/wp-content\/uploads\/2011\/06\/GreaterFlamingoesUpClose.jpg\">uccelli<\/a>\u00a0al mondo ed \u00e8 inoltre la specie pi\u00f9 diffusa della famiglia dei fenicotteri.\u00a0Lo si pu\u00f2 trovare sia negli habitat d&#8217;acqua salata che d&#8217;acqua dolce, nel Centro e Sud America, ai Caraibi, nel sud-ovest dell&#8217;Europa, in Asia meridionale e in alcune zone dell&#8217;Africa.\u00a0Vive nei laghi, negli estuari e nelle lagune.\u00a0I fenicotteri che vivono lontano dai tropici, durante l&#8217;inverno\u00a0spesso\u00a0migrano verso luoghi pi\u00f9 caldi poich\u00e9 preferiscono un clima pi\u00f9 mite.\u00a0Come tutti i fenicotteri, vivono in colonie costituite da \u00a0migliaia di esemplari, eccetto nelle isole Galapagos, in cui se ne trovano solo alcune dozzine.\u00a0Vivere in colonie li protegge dai predatori.<\/p>\n<div>\n<dl id=\"attachment_1262\">\n<dt><a href=\"http:\/\/www.big-animals.com\/wp-content\/uploads\/2011\/06\/GreaterFlamingo.jpg\"><img loading=\"lazy\" decoding=\"async\" title=\"Ostentare le sue piume dell'ala\" alt=\"Ostentare le sue piume dell'ala\" src=\"http:\/\/www.big-animals.com\/wp-content\/uploads\/2011\/06\/GreaterFlamingo-213x300.jpg\" width=\"213\" height=\"300\" \/><\/a><\/dt>\n<dd>L&#8217;apertura alare del fenicottero rosa<\/dd>\n<\/dl>\n<\/div>\n<p>In media sono alti circa 110-150 cm (44-60 pollici) e pesano circa tra i 2 e i 4 kg (4.4-8.8 libre).\u00a0Hanno un&#8217;apertura alare compresa tra 1,4 e 1,7 m. (4.5-5.5 piedi).\u00a0Il pi\u00f9 grande fenicottero maschio era alto 187 cm e pesava 4,5 kg (74 pollici) (10 libre).<\/p>\n<p>Gli adulti sono di colore bianco-rosato, mentre i loro pulcini appena nati sono grigi.\u00a0Hanno lunghe e sottili zampe rosa con\u00a0piccoli piedi palmati che li aiutano a nuotare e a cercare cibo sul fondo fangoso.\u00a0Inoltre hanno colli rosa \u00a0lunghi e affusolati e becchi ricurvi con la punta nera.\u00a0Le loro ali sono rosse con alcune piume nere.\u00a0Fanno un verso\u00a0rumoroso, forte come il suono di un clacson o il richiamo di un&#8217;oca.<\/p>\n<p>Si nutrono d&#8217;insetti, vermi, piccoli gamberetti, semi, cianobatteri e molluschi.\u00a0Si alimentano di solito per tutto il giorno, per cibarsi mettono il becco in acqua dove il livello \u00e8 basso, il loro\u00a0becco speciale pu\u00f2 filtrare il cibo dal fango e dall&#8217;acqua.\u00a0Assumono quel tipico colore rosa nelle piume proprio a causa del fatto che la maggior parte della loro dieta \u00e8 basata su gamberetti e\u00a0beta-carotene .<\/p>\n<div>\n<dl id=\"attachment_1263\">\n<dt><a href=\"http:\/\/www.big-animals.com\/wp-content\/uploads\/2011\/06\/GreaterFlamingoAndHuman.png\"><img loading=\"lazy\" decoding=\"async\" title=\"Un fenicottero tipico e un essere umano\" alt=\"Un fenicottero tipico e un essere umano\" src=\"http:\/\/www.big-animals.com\/wp-content\/uploads\/2011\/06\/GreaterFlamingoAndHuman-216x300.png\" width=\"216\" height=\"300\" \/><\/a><\/dt>\n<dd>Fenicottero rosa ed essere umano a confronto<\/dd>\n<\/dl>\n<\/div>\n<p>Il fenicottero si riproduce in colonie, deposita uova color\u00a0bianco gesso su un monticello di fango in acqua bassa.\u00a0Sia la mamma che il pap\u00e0 faranno a turno per tenere il loro uovo al caldo, lo coveranno per circa 26 &#8211; 31 giorni e proteggeranno il loro nido durante la stagione dello svezzamento.\u00a0Il pulcino \u00e8 alimentato, sia dalla madre che dal padre, con il latte prodotto nel tratto digestivo superiore dei genitori.\u00a0Quando il pulcino \u00e8 abbastanza cresciuto per camminare, viene inserito in un \u00a0gruppo\u00a0grande\u00a0di pulcini, una specie di asilo nido di cui si prenderanno cura alcuni fenicotteri adulti.\u00a0Al raggiungimento dei 2 o 3 anni, il pulcino perder\u00e0 le sue piume grige e si ricoprir\u00e0 di quelle rosa e rosse dei suoi genitori.<\/p>\n<p>L&#8217;uovo del fenicottero \u00e8 predato sia dagli esseri umani che da altri uccelli, come la cicogna marab\u00f9.\u00a0Il fenicottero \u00e8\u00a0un grande uccello trampoliere che pu\u00f2 vivere\u00a0fino a 50 anni in cattivit\u00e0 ed in media \u00a020 anni in libert\u00e0.<\/p>\n<p>&nbsp;<\/p>\n","protected":false},"excerpt":{"rendered":"<p>Il fenicottero rosa o fenicottero maggiore \u00e8 fra i pi\u00f9 grandi\u00a0uccelli\u00a0al mondo ed \u00e8 inoltre la specie pi\u00f9 diffusa della famiglia dei fenicotteri.\u00a0Lo si pu\u00f2 trovare sia negli habitat d&#8217;acqua salata che d&#8217;acqua dolce, nel Centro e Sud America, ai Caraibi, nel sud-ovest dell&#8217;Europa, in Asia meridionale e in alcune zone dell&#8217;Africa.\u00a0Vive nei laghi, negli &hellip; <a href=\"https:\/\/www.big-animals.com\/it\/fenicottero-rosa\/\" class=\"more-link\">Continue reading <span class=\"screen-reader-text\">Fenicottero<\/span><\/a><\/p>\n","protected":false},"author":1,"featured_media":0,"parent":0,"menu_order":0,"comment_status":"closed","ping_status":"open","template":"","meta":{"_acf_changed":false,"footnotes":""},"acf":[],"_links":{"self":[{"href":"https:\/\/www.big-animals.com\/it\/wp-json\/wp\/v2\/pages\/94"}],"collection":[{"href":"https:\/\/www.big-animals.com\/it\/wp-json\/wp\/v2\/pages"}],"about":[{"href":"https:\/\/www.big-animals.com\/it\/wp-json\/wp\/v2\/types\/page"}],"author":[{"embeddable":true,"href":"https:\/\/www.big-animals.com\/it\/wp-json\/wp\/v2\/users\/1"}],"replies":[{"embeddable":true,"href":"https:\/\/www.big-animals.com\/it\/wp-json\/wp\/v2\/comments?post=94"}],"version-history":[{"count":11,"href":"https:\/\/www.big-animals.com\/it\/wp-json\/wp\/v2\/pages\/94\/revisions"}],"predecessor-version":[{"id":473,"href":"https:\/\/www.big-animals.com\/it\/wp-json\/wp\/v2\/pages\/94\/revisions\/473"}],"wp:attachment":[{"href":"https:\/\/www.big-animals.com\/it\/wp-json\/wp\/v2\/media?parent=94"}],"curies":[{"name":"wp","href":"https:\/\/api.w.org\/{rel}","templated":true}]}}