{"id":96,"date":"2011-06-06T03:02:07","date_gmt":"2011-06-06T03:02:07","guid":{"rendered":""},"modified":"2015-04-14T09:54:53","modified_gmt":"2015-04-14T09:54:53","slug":"cigno-trombettiere","status":"publish","type":"page","link":"https:\/\/www.big-animals.com\/it\/cigno-trombettiere\/","title":{"rendered":"Cigno trombettiere"},"content":{"rendered":"<p><span id=\"gts_text_1\" class=\"gts_text\">Il cigno trombettiere \u00e8 la pi\u00f9 grande specie vivente degli <a title=\"Uccelli acquatici\" href=\"http:\/\/www.big-animals.com\/it\/uccelli-acquatici\/\">uccelli acquatici<\/a>\u00a0del\u00a0mondo, quindi anche<\/span><span id=\"gts_text_2\" class=\"gts_text\">\u00a0il pi\u00f9 grande cigno del mondo.<\/span>\u00a0Si pensa inoltre che esso sia<span id=\"gts_text_3\" class=\"gts_text\">\u00a0il pi\u00f9 grande <a title=\"Uccelli acquatici\" href=\"http:\/\/www.big-animals.com\/it\/uccelli-acquatici\/\">uccello<\/a>\u00a0originario del Nordamerica.<\/span> <span id=\"gts_text_4\" class=\"gts_text\">\u00c8 chiamato cigno trombettiere perch\u00e9 il suo verso ricorda il suono di una tromba.<\/span><\/p>\n<figure id=\"attachment_1271\" aria-describedby=\"caption-attachment-1271\" style=\"width: 295px\" class=\"wp-caption alignleft\"><img loading=\"lazy\" decoding=\"async\" class=\"size-medium wp-image-1271\" title=\"Cigno ed essere umano di trombettista\" src=\"http:\/\/www.big-animals.com\/wp-content\/uploads\/2011\/06\/Trumpeter_Swan_and_Human-295x300.png\" alt=\"Cigno ed essere umano di trombettista\" width=\"295\" height=\"300\" \/><figcaption id=\"caption-attachment-1271\" class=\"wp-caption-text\">Il cigno trombettiere e l&#8217;uomo<\/figcaption><\/figure>\n<p><span id=\"gts_text_6\" class=\"gts_text\">I maschi sono lunghi circa 145 &#8211; 163 cm e pesano circa 12 kg, mentre l<\/span><span id=\"gts_text_7\" class=\"gts_text\">e femmine sono pi\u00f9 piccole;\u00a0 raggiungono una lunghezza di<\/span>\u00a0<span id=\"gts_text_8\" class=\"gts_text\">circa 139-150 cm e pesano circa 10 kg.<\/span> <span id=\"gts_text_9\" class=\"gts_text\">La loro apertura alare media \u00e8 di 2 m.<\/span> <span id=\"gts_text_10\" class=\"gts_text\">Un maschio molto grande pu\u00f2 raggiungere una lunghezza di 183 cm, con un&#8217;apertura alare di 3 m, e pesare circa 17.2 kg.<\/span> <span id=\"gts_text_11\" class=\"gts_text\">Il loro parente pi\u00f9 vicino \u00e8 il cigno selvatico dell&#8217;Eurasia.<\/span><\/p>\n<p><span id=\"gts_text_12\" class=\"gts_text\">Gli esemplari giovani del cigno trombettiere sono di colore grigio, diventanto poi bianchi quando raggiungono<\/span><span id=\"gts_text_13\" class=\"gts_text\"> il primo anno d&#8217;et\u00e0.<\/span> <span id=\"gts_text_14\" class=\"gts_text\">Gli adulti hanno piume bianche con zampe e becco neri.<\/span>\u00a0Questi uccelli depongono le<span id=\"gts_text_16\" class=\"gts_text\">\u00a0uova in grandi stagni poco profondi ed in grandi fiumi dalla corrente lenta situati nell&#8217;America settentrionale centrale e occidentale.<\/span> <span id=\"gts_text_17\" class=\"gts_text\">Le coppie pi\u00f9 grandi di questi esemplari si trovano in Alaska.<\/span> <span id=\"gts_text_18\" class=\"gts_text\">Tendono a migrare verso e dalla costa del Pacifico e da parte degli Stati Uniti.<\/span> <span id=\"gts_text_19\" class=\"gts_text\">Volano in stormi a forma di V.<\/span><\/p>\n<p><span id=\"gts_text_20\" class=\"gts_text\">Questi uccelli cacciano mentre nuotano, s<\/span><span id=\"gts_text_21\" class=\"gts_text\">guazzando per prendere il cibo nell&#8217;acqua, e si nutrono principalmente di<\/span><span id=\"gts_text_22\" class=\"gts_text\">\u00a0piante acquatiche. Nei mesi\u00a0<\/span><span id=\"gts_text_23\" class=\"gts_text\">invernali si nutrono inoltre di erba e grano nei campi.<\/span>\u00a0Gli esemplari<span id=\"gts_text_24\" class=\"gts_text\">\u00a0giovani si nutrono principalmente di insetti, piccoli crostacei e piante, diventando vegetariani in et\u00e0 adulta.<\/span><\/p>\n<p><span id=\"gts_text_25\" class=\"gts_text\">I loro predatori sono costituiti dal corvo imperiale, il procione, l&#8217;orso bruno e il coyote, che amano mangiare le loro uova.<\/span> <span id=\"gts_text_26\" class=\"gts_text\">L&#8217;aquila reale\u00a0\u00e8\u00a0perfino in grado di uccidere gli esemplari adulti di questo cigno.<\/span><\/p>\n<p><span id=\"gts_text_27\" class=\"gts_text\">La femmina depone circa 3-12 uova all&#8217;interno di un nido composto da una pila di rami, nelle tane vecchie dei castori o su una superficie galleggiante abbastanza grande.<\/span> <span id=\"gts_text_28\" class=\"gts_text\">Le uova sono lunghe circa 73 mm, larghe 113.5 mm e pesano circa 320 grammi.<\/span> <span id=\"gts_text_29\" class=\"gts_text\">Il periodo di incubazione \u00e8 di 32 &#8211; 37 giorni e le femmine s0no<\/span><span id=\"gts_text_30\" class=\"gts_text\">\u00a0molto fedeli ai loro partner &#8211; &#8221;finch\u00e9 morte non ci separi&#8221;. I pap\u00e0 sono devoti alle loro famiglie: restano accanto<\/span><span id=\"gts_text_31\" class=\"gts_text\">\u00a0alla femmina per tutta la vita occupandosi dei piccoli.<\/span><\/p>\n<figure id=\"attachment_1272\" aria-describedby=\"caption-attachment-1272\" style=\"width: 300px\" class=\"wp-caption alignright\"><img loading=\"lazy\" decoding=\"async\" class=\"size-medium wp-image-1272\" title=\"Il cigno di trombettista\" src=\"http:\/\/www.big-animals.com\/wp-content\/uploads\/2011\/06\/Trumpeter_Swan-300x254.jpg\" alt=\"Il cigno di trombettista\" width=\"300\" height=\"254\" \/><figcaption id=\"caption-attachment-1272\" class=\"wp-caption-text\">Il cigno trombettiere &#8211; Fotografia di Alan D. Wilson<\/figcaption><\/figure>\n<p><span id=\"gts_text_33\" class=\"gts_text\">Sia la mamma che il pap\u00e0 alleveranno insieme i loro piccoli.<\/span> <span id=\"gts_text_34\" class=\"gts_text\">La mamma terr\u00e0 le uova al caldo finch\u00e9 non avr\u00e0 finito di covarle.<\/span>\u00a0I pulcini sono in grado di<span id=\"gts_text_35\" class=\"gts_text\">\u00a0nuotare nel giro di 2 giorni e solitamente possono nutrirsi dopo 2 settimane, mentre s<\/span><span id=\"gts_text_36\" class=\"gts_text\">aranno pronti a volare in 3 &#8211; 4 mesi.<\/span><\/p>\n<p><span id=\"gts_text_37\" class=\"gts_text\">Le femmine perderanno\u00a0<\/span><span style=\"line-height: 1.5em\">temporaneamente\u00a0<\/span><span class=\"gts_text\" style=\"line-height: 1.5em\">le penne remiganti dopo aver covato le uova.<\/span><span style=\"line-height: 1.5em\">\u00a0<\/span><span id=\"gts_text_38\" class=\"gts_text\" style=\"line-height: 1.5em\">Di conseguenza non potranno volare per circa un mese. <\/span><span id=\"gts_text_39\" class=\"gts_text\" style=\"line-height: 1.5em\">I maschi attraversano lo stesso processo circa un mese dopo, quando le femmine sono nuovamente in grado di volare.<\/span><span id=\"gts_text_40\" class=\"gts_text\" style=\"line-height: 1.5em\"> In questo modo il genitore che non \u00e8 in grado di volare\u00a0potr\u00e0 restare a prendersi cura dei piccoli.<\/span><\/p>\n<p><span id=\"gts_text_41\" class=\"gts_text\">Tra la fine del diciannovesimo e l&#8217;inizio del ventesimo secolo, il povero cigno trombettiere ha rischiato l&#8217;estinzione a causa delle piume, che<\/span>\u00a0venivano utilizzate per le penne d&#8217;oca<span id=\"gts_text_42\" class=\"gts_text\">.<\/span>\u00a0Questi animali venivano cacciati i<span id=\"gts_text_43\" class=\"gts_text\">noltre per la loro carne, le uova e la pelle, cos\u00ec da essere rari o estinti\u00a0<\/span><span id=\"gts_text_44\" class=\"gts_text\">nella maggior parte degli Stati Uniti all&#8217;inizio del XX secolo.<\/span>\u00a0I<span id=\"gts_text_45\" class=\"gts_text\">noltre sono stati colpiti dalla distruzione del loro habitat e dal saturnismo.<\/span> <span id=\"gts_text_46\" class=\"gts_text\">Tuttavia, da allora questa specie si \u00a0\u00e8\u00a0ripresa\u00a0anche grazie agli sforzi effettuati per la sua conservazione e mirati a reintrodurre questi uccelli in altre zone rispetto alla loro collocazione originaria.<\/span>\u00a0Questi cigni possono<span id=\"gts_text_47\" class=\"gts_text\">\u00a0vivere fino a 35 anni in cattivit\u00e0, mentre allo stato brado vivono normalmente<\/span><span id=\"gts_text_48\" class=\"gts_text\">\u00a0circa 12 &#8211; 15 anni.<\/span><\/p>\n<p><span id=\"gts_text_49\" class=\"gts_text\">\u00a0<\/span><\/p>\n","protected":false},"excerpt":{"rendered":"<p>Il cigno trombettiere \u00e8 la pi\u00f9 grande specie vivente degli uccelli acquatici\u00a0del\u00a0mondo, quindi anche\u00a0il pi\u00f9 grande cigno del mondo.\u00a0Si pensa inoltre che esso sia\u00a0il pi\u00f9 grande uccello\u00a0originario del Nordamerica. \u00c8 chiamato cigno trombettiere perch\u00e9 il suo verso ricorda il suono di una tromba. I maschi sono lunghi circa 145 &#8211; 163 cm e pesano circa &hellip; <a href=\"https:\/\/www.big-animals.com\/it\/cigno-trombettiere\/\" class=\"more-link\">Continue reading <span class=\"screen-reader-text\">Cigno trombettiere<\/span><\/a><\/p>\n","protected":false},"author":1,"featured_media":0,"parent":0,"menu_order":0,"comment_status":"closed","ping_status":"open","template":"","meta":{"_acf_changed":false,"footnotes":""},"acf":[],"_links":{"self":[{"href":"https:\/\/www.big-animals.com\/it\/wp-json\/wp\/v2\/pages\/96"}],"collection":[{"href":"https:\/\/www.big-animals.com\/it\/wp-json\/wp\/v2\/pages"}],"about":[{"href":"https:\/\/www.big-animals.com\/it\/wp-json\/wp\/v2\/types\/page"}],"author":[{"embeddable":true,"href":"https:\/\/www.big-animals.com\/it\/wp-json\/wp\/v2\/users\/1"}],"replies":[{"embeddable":true,"href":"https:\/\/www.big-animals.com\/it\/wp-json\/wp\/v2\/comments?post=96"}],"version-history":[{"count":13,"href":"https:\/\/www.big-animals.com\/it\/wp-json\/wp\/v2\/pages\/96\/revisions"}],"predecessor-version":[{"id":675,"href":"https:\/\/www.big-animals.com\/it\/wp-json\/wp\/v2\/pages\/96\/revisions\/675"}],"wp:attachment":[{"href":"https:\/\/www.big-animals.com\/it\/wp-json\/wp\/v2\/media?parent=96"}],"curies":[{"name":"wp","href":"https:\/\/api.w.org\/{rel}","templated":true}]}}