{"id":556,"date":"2011-05-09T08:53:56","date_gmt":"2011-05-09T08:53:56","guid":{"rendered":""},"modified":"2015-03-03T18:02:18","modified_gmt":"2015-03-03T18:02:18","slug":"a-daily-biggest-animal-on-your-homepage","status":"publish","type":"page","link":"https:\/\/www.big-animals.com\/pl\/a-daily-biggest-animal-on-your-homepage\/","title":{"rendered":"Najwi\u0119ksze zwierz\u0119 dnia na Twojej stronie domowej!"},"content":{"rendered":"<p><span id=\"gts_text_1\" class=\"gts_text\">Je\u015bli podoba Ci si\u0119 nasz serwis, urzeknie Ci\u0119 ta strona.<\/span><span id=\"gts_text_2\" class=\"gts_text\">Pozwala na dodanie gad\u017cetu Google na stronie g\u0142\u00f3wnej, umo\u017cliwiaj\u0105cego codzienne wy\u015bwietlanie kr\u00f3tkiej notki o jednym z najwi\u0119kszych zwierz\u0105t na \u015bwiecie.\u00a0<\/span><span id=\"gts_text_3\" class=\"gts_text\">Oto jak to wygl\u0105da:<\/span><\/p>\n<h3><span id=\"gts_text_4\" class=\"gts_text\">Jak korzysta\u0107?<\/span><\/h3>\n<p><span id=\"gts_text_5\" class=\"gts_text\">Kliknij przycisk oznaczony &#8220;+ Google&#8221;, a otrzymasz propozycj\u0119 dodania gad\u017cetu (takiego jak powy\u017cej) na stronie g\u0142\u00f3wnej serwisu iGoogle.\u00a0<\/span><span id=\"gts_text_6\" class=\"gts_text\">Od teraz zawsze kiedy odwiedzisz iGoogle, znajdziesz tam gad\u017cet, pokazuj\u0105cy informacje dotycz\u0105ce jednego ze zwierz\u0105t opisanych na tej stronie!<\/span><\/p>\n<h3><span id=\"gts_text_7\" class=\"gts_text\">Nie masz pewno\u015bci jak dzia\u0142a iGoogle?<\/span><\/h3>\n<p><span id=\"gts_text_8\" class=\"gts_text\">iGoogle pozwala na stworzenie w\u0142asnej strony startowej Google.\u00a0<\/span><span id=\"gts_text_9\" class=\"gts_text\">Poza polem wyszukiwarki Google mo\u017cna doda\u0107 gad\u017cety r\u00f3\u017cnego rodzaju &#8211; pokazuj\u0105ce pogod\u0119, godzin\u0119, nag\u0142\u00f3wki wiadomo\u015bci, gry, informacje gie\u0142dowe i o wiele wi\u0119cej.<\/span><\/p>\n<h3><span id=\"gts_text_10\" class=\"gts_text\">A co je\u015bli podoba mi si\u0119 gad\u017cet, ale nie chc\u0119 iGoogle?<\/span><\/h3>\n<p><span id=\"gts_text_11\" class=\"gts_text\">W porz\u0105dku!\u00a0<\/span><span id=\"gts_text_12\" class=\"gts_text\">Jak wida\u0107, gad\u017cet Google mo\u017cna umie\u015bci\u0107 na absolutnie <em>ka\u017cdej<\/em> stronie internetowej.\u00a0<\/span><span id=\"gts_text_13\" class=\"gts_text\">Instrukcje pojawi\u0105 si\u0119 niebawem w tym miejscu.\u00a0<\/span><span id=\"gts_text_14\" class=\"gts_text\">Do zobaczenia!<\/span><\/p>\n","protected":false},"excerpt":{"rendered":"<p>Je\u015bli podoba Ci si\u0119 nasz serwis, urzeknie Ci\u0119 ta strona.Pozwala na dodanie gad\u017cetu Google na stronie g\u0142\u00f3wnej, umo\u017cliwiaj\u0105cego codzienne wy\u015bwietlanie kr\u00f3tkiej notki o jednym z najwi\u0119kszych zwierz\u0105t na \u015bwiecie.\u00a0Oto jak to wygl\u0105da: Jak korzysta\u0107? Kliknij przycisk oznaczony &#8220;+ Google&#8221;, a otrzymasz propozycj\u0119 dodania gad\u017cetu (takiego jak powy\u017cej) na stronie g\u0142\u00f3wnej serwisu iGoogle.\u00a0Od teraz zawsze kiedy &hellip; <a href=\"https:\/\/www.big-animals.com\/pl\/a-daily-biggest-animal-on-your-homepage\/\" class=\"more-link\">Continue reading <span class=\"screen-reader-text\">Najwi\u0119ksze zwierz\u0119 dnia na Twojej stronie domowej!<\/span><\/a><\/p>\n","protected":false},"author":1,"featured_media":0,"parent":0,"menu_order":0,"comment_status":"closed","ping_status":"open","template":"","meta":{"_acf_changed":false,"footnotes":""},"acf":[],"_links":{"self":[{"href":"https:\/\/www.big-animals.com\/pl\/wp-json\/wp\/v2\/pages\/556"}],"collection":[{"href":"https:\/\/www.big-animals.com\/pl\/wp-json\/wp\/v2\/pages"}],"about":[{"href":"https:\/\/www.big-animals.com\/pl\/wp-json\/wp\/v2\/types\/page"}],"author":[{"embeddable":true,"href":"https:\/\/www.big-animals.com\/pl\/wp-json\/wp\/v2\/users\/1"}],"replies":[{"embeddable":true,"href":"https:\/\/www.big-animals.com\/pl\/wp-json\/wp\/v2\/comments?post=556"}],"version-history":[{"count":2,"href":"https:\/\/www.big-animals.com\/pl\/wp-json\/wp\/v2\/pages\/556\/revisions"}],"predecessor-version":[{"id":896,"href":"https:\/\/www.big-animals.com\/pl\/wp-json\/wp\/v2\/pages\/556\/revisions\/896"}],"wp:attachment":[{"href":"https:\/\/www.big-animals.com\/pl\/wp-json\/wp\/v2\/media?parent=556"}],"curies":[{"name":"wp","href":"https:\/\/api.w.org\/{rel}","templated":true}]}}