{"id":557,"date":"2011-05-09T08:54:04","date_gmt":"2011-05-09T08:54:04","guid":{"rendered":""},"modified":"2014-03-29T23:45:13","modified_gmt":"2014-03-29T23:45:13","slug":"a-list-of-the-worlds-biggest-animals-sorted-by-type","status":"publish","type":"page","link":"https:\/\/www.big-animals.com\/pl\/a-list-of-the-worlds-biggest-animals-sorted-by-type\/","title":{"rendered":"Lista najwi\u0119kszych zwierz\u0105t \u015bwiata, posortowane wed\u0142ug typu"},"content":{"rendered":"<p><span class=\"gts_text\" id=\"gts_text_1\">Poni\u017csza lista zawiera spis wszystkich zwierz\u0105t znajduj\u0105cych si\u0119 na tej witrynie, dzi\u0119ki niej mo\u017cna si\u0119 dowiedzie\u0107 jakie s\u0105 najwi\u0119ksze zwierz\u0105ta danego typu.<\/span> <span class=\"gts_text\" id=\"gts_text_2\">Tak wi\u0119c, aby dowiedzie\u0107 si\u0119 wi\u0119cej o tym kt\u00f3re ze zwierz\u0105t jest najci\u0119\u017csze, najwi\u0119ksze, najbardziej masywne, najwy\u017csze i najd\u0142u\u017csze kliknij w jeden z link\u00f3w umieszczonych poni\u017cej.<br \/>\n<\/span><\/p>\n<p><span class=\"gts_text\" id=\"gts_text_3\"><a href=\"\/Animals.html\"><strong>Zwierz\u0119ta<\/strong><\/a> &#8211; <a href=\"\/Blue-Whale.html\">p\u0142etwal b\u0142\u0119kitny<\/a> (najwi\u0119kszy wszechczas\u00f3w), <a href=\"\/African-Bush-Elephant.html\">S\u0142o\u0144 afryka\u0144ski<\/a> (najci\u0119\u017cszy l\u0105dowy), <a href=\"\/Giraffe.html\">\u017cyrafa<\/a> (najwy\u017csze l\u0105dowe)<\/span><\/p>\n<ul>\n<li><span class=\"gts_text\" id=\"gts_text_4\"><a href=\"\/Chordates.html\"><strong>Chordates<\/strong><\/a> &#8211; <a href=\"\/Blue-Whale.html\">p\u0142etwal b\u0142\u0119kitny<\/a> (najwi\u0119kszy i najbardziej masywny wszechczas\u00f3w), <a href=\"\/African-Bush-Elephant.html\">S\u0142o\u0144 afryka\u0144ski<\/a> (najci\u0119\u017cszy l\u0105dowy), <a href=\"\/Giraffe.html\">\u017cyrafa<\/a> (najwy\u017cszy l\u0105dowy)<\/span>\n<ul>\n<li><span class=\"gts_text\" id=\"gts_text_5\"><a href=\"\/Vertebrates.html\"><strong>Kr\u0119gowce<\/strong><\/a> &#8211; <a href=\"\/Blue-Whale.html\">p\u0142etwal b\u0142\u0119kitny<\/a> (najwi\u0119kszy wszechczas\u00f3w), <a href=\"\/African-Bush-Elephant.html\">S\u0142o\u0144 afryka\u0144ski<\/a> (najci\u0119\u017cszy na l\u0105dzie), <a href=\"\/Giraffe.html\">\u017cyrafa<\/a> (najwy\u017cszy na l\u0105dzie)<\/span>\n<ul>\n<li><span class=\"gts_text\" id=\"gts_text_6\"><a href=\"\/Fish.html\"><strong>Ryby<\/strong><\/a> &#8211; <a href=\"\/Whale-Shark.html\">wielorybi<\/a> (najwi\u0119kszy), <a href=\"\/Leedsichthys.html\">Leedsichthys<\/a> (najwi\u0119kszy wszechczas\u00f3\u0142)<\/span>\n<ul>\n<li><span class=\"gts_text\" id=\"gts_text_7\"><a href=\"\/Cartilaginous-Fish.html\"><strong>Ryby<\/strong><\/a> &#8211; <a href=\"\/Whale-Shark.html\">wielorybi<\/a> (najwi\u0119ksza), <a href=\"\/Megalodon-Shark.html\">megalodon Shark<\/a> (najwi\u0119kszy kiedykolwiek)<\/span>\n<ul>\n<li><span class=\"gts_text\" id=\"gts_text_8\"><a href=\"\/Sharks.html\"><strong>Rekiny<\/strong><\/a> &#8211; <a href=\"\/Whale-Shark.html\">wielorybi<\/a> (najwi\u0119kszy), <a href=\"\/Megalodon-Shark.html\">megalodon Shark<\/a> (najwi\u0119kszy kiedykolwiek)<\/span><\/li>\n<\/ul>\n<\/li>\n<\/ul>\n<\/li>\n<li><span class=\"gts_text\" id=\"gts_text_9\"><a class=\" gts_attribute gts_attribute_1_title\" title=\"Amphibian\" href=\"http:\/\/www.big-animals.com\/amphibian\/\"><strong>P\u0142azy<\/strong><\/a> &#8211; <a class=\" gts_attribute gts_attribute_2_title\" title=\"Chinese Giant Salamander\" href=\"http:\/\/www.big-animals.com\/chinese-giant-salamander\/\">Salamandra olbrzymia chi\u0144ska<\/a> (najwi\u0119ksza)<\/span>\n<ul>\n<li><span class=\"gts_text\" id=\"gts_text_10\"><a class=\" gts_attribute gts_attribute_3_title\" title=\"Caecilian\" href=\"http:\/\/www.big-animals.com\/caecilian\/\"><strong>Caecilians<\/strong><\/a> &#8211; <a class=\" gts_attribute gts_attribute_4_title\" title=\"Caecilian Thompsoni\" href=\"http:\/\/www.big-animals.com\/caecilian-thompsoni\/\"><em>P\u0142azy beznogie Thompsoni<\/em><\/a> (najwi\u0119ksze)<strong><\/strong><\/span><\/li>\n<li><span class=\"gts_text\" id=\"gts_text_11\"><a class=\" gts_attribute gts_attribute_5_title\" title=\"Frog\" href=\"http:\/\/www.big-animals.com\/frog\/\"><strong>\u017baby<\/strong><\/a> &#8211; <a class=\" gts_attribute gts_attribute_6_title\" title=\"Goliath Frog\" href=\"http:\/\/www.big-animals.com\/goliath-frog\/\">Goliat p\u0142ochliwy<\/a> (najwi\u0119ksza)<\/span><\/li>\n<li><span class=\"gts_text\" id=\"gts_text_12\"><a class=\" gts_attribute gts_attribute_7_title\" title=\"Salamanders\" href=\"http:\/\/www.big-animals.com\/salamanders\/\"><strong>Ogoniastych<\/strong><\/a> &#8211; <a class=\" gts_attribute gts_attribute_8_title\" title=\"Chinese Giant Salamander\" href=\"http:\/\/www.big-animals.com\/chinese-giant-salamander\/\">Salamandra olbrzymia chi\u0144ska<\/a> (najwi\u0119ksza)<\/span><\/li>\n<\/ul>\n<\/li>\n<li><span class=\"gts_text\" id=\"gts_text_13\"><a href=\"http:\/\/www.big-animals.com\/the-worlds-biggest-reptiles\/\"><strong>Gady<\/strong><\/a> &#8211; <a href=\"http:\/\/www.big-animals.com\/the-saltwater-crocodile-the-words-biggest-reptile\/\">R\u00f3\u017ca\u0144cowy<\/a> (najwi\u0119ksza), <a href=\"..\/the-reticulated-python\/\">Reticulated Python<\/a> (najd\u0142u\u017cszy)<\/span>\n<ul>\n<li><span class=\"gts_text\" id=\"gts_text_14\"><a class=\" gts_attribute gts_attribute_9_title\" title=\"Crocodilians\" href=\"http:\/\/www.big-animals.com\/crocodilians\/\"><strong>Krokodyle<\/strong><\/a> &#8211; <a href=\"http:\/\/www.big-animals.com\/the-saltwater-crocodile-the-words-biggest-reptile\/\">R\u00f3\u017ca\u0144cowy<\/a> (najwi\u0119kszy)<\/span><\/li>\n<li><span class=\"gts_text\" id=\"gts_text_15\"><a class=\" gts_attribute gts_attribute_10_title\" title=\"Lizards\" href=\"http:\/\/www.big-animals.com\/lizards\/\"><strong>Jaszczurki<\/strong><\/a> &#8211; <a class=\" gts_attribute gts_attribute_11_title\" title=\"Komodo Dragon\" href=\"http:\/\/www.big-animals.com\/komodo-dragon\/\">z Komodo<\/a> (najwi\u0119ksza), <a class=\" gts_attribute gts_attribute_12_title\" title=\"Tylosaurus\" href=\"http:\/\/www.big-animals.com\/tylosaurus\/\">Tylozaur<\/a> (najwi\u0119ksza wszechczas\u00f3w), <a class=\" gts_attribute gts_attribute_13_title\" title=\"Megalania\" href=\"http:\/\/www.big-animals.com\/megalania\/\">Megalania<\/a> (najwi\u0119ksza l\u0105dowa wszechczas\u00f3w)<\/span><\/li>\n<li><span class=\"gts_text\" id=\"gts_text_16\"><a href=\"http:\/\/www.big-animals.com\/snakes\/\"><strong>Snakes<\/strong><\/a> &#8211; <a href=\"http:\/\/www.big-animals.com\/titanoboa-the-biggest-ever-snake\/\">Titanoboa<\/a> (najwi\u0119ksza wszechczas\u00f3w), <a href=\"http:\/\/www.big-animals.com\/the-reticulated-python\/\">Reticulated Python<\/a> (najd\u0142u\u017cszy), <a href=\"http:\/\/www.big-animals.com\/green-anaconda\/\">Anakonda zielona<\/a> (najci\u0119\u017cszej), <a class=\" gts_attribute gts_attribute_14_title\" title=\"The King Cobra\" href=\"http:\/\/www.big-animals.com\/the-king-cobra\/\">King Cobra<\/a> (najwi\u0119kszy truj\u0105ce)<\/span><\/li>\n<li><span class=\"gts_text\" id=\"gts_text_17\"><a href=\"http:\/\/www.big-animals.com\/tuatara\/\"><strong>Tuataras<\/strong><\/a> &#8211; <a href=\"http:\/\/www.big-animals.com\/tuatara\/\">Cie\u015bnina Cooka hatterii<\/a> (najwi\u0119ksza)<\/span><\/li>\n<li><span class=\"gts_text\" id=\"gts_text_18\"><a href=\"http:\/\/www.big-animals.com\/turtles-and-tortoises\/\"><strong>\u017b\u00f3\u0142wie i \u017c\u00f3\u0142wie<\/strong><\/a> &#8211; <a href=\"http:\/\/www.big-animals.com\/leatherback-sea-turtle\/\">The Sea sk\u00f3rzasty<\/a> (najwi\u0119ksza), <a href=\"http:\/\/www.big-animals.com\/galapagos-tortoise\/\">S\u0142oniowy<\/a> (najwi\u0119ksza \u017b\u00f3\u0142w)<\/span><\/li>\n<\/ul>\n<\/li>\n<li><span class=\"gts_text\" id=\"gts_text_19\"><a href=\"\/Birds.html\"><strong>Ptaki<\/strong><\/a> &#8211; <a href=\"\/Ostrich.html\">strusia<\/a> (najwi\u0119ksza), <a href=\"\/Wandering-Albatross.html\">Albatros w\u0119drowny<\/a> (najwi\u0119kszy lataj\u0105cy), <a class=\" gts_attribute gts_attribute_15_title\" title=\"Elephant Bird\" href=\"http:\/\/www.big-animals.com\/elephant-bird-2\/\">Mamutak<\/a> (najci\u0119\u017cszy wszechczas\u00f3w), <a href=\"\/Giant-Moa.html\">Giant Moa<\/a> (najwy\u017cszy wszechczas\u00f3w), Drop olbrzymi (najci\u0119\u017cszy lataj\u0105cy)<\/span>\n<ul>\n<li><span class=\"gts_text\" id=\"gts_text_20\"><a class=\" gts_attribute gts_attribute_16_title\" title=\"Flamingos\" href=\"http:\/\/www.big-animals.com\/flamingos\/\"><strong>Flamingos<\/strong><\/a> &#8211; <a class=\" gts_attribute gts_attribute_17_title\" title=\"Greater Flamingo\" href=\"http:\/\/www.big-animals.com\/greater-flamingo\/\">Flaming r\u00f3\u017cowy<\/a> (najwi\u0119kszy i najwy\u017cszy)<\/span><\/li>\n<li><span class=\"gts_text\" id=\"gts_text_21\"><a class=\" gts_attribute gts_attribute_18_title\" title=\"Galliformes\" href=\"http:\/\/www.big-animals.com\/galliformes\/\"><strong>Galliformes<\/strong><\/a> &#8211; <a class=\" gts_attribute gts_attribute_19_title\" title=\"North American Wild Turkey\" href=\"http:\/\/www.big-animals.com\/north-american-wild-turkey\/\">Indyk_p\u00f3\u0142nocnoameryka\u0144ski<\/a> (najwi\u0119kszy), <a class=\" gts_attribute gts_attribute_20_title\" title=\"Green Peafowl\" href=\"http:\/\/www.big-animals.com\/green-peafowl\/\">Paw Green<\/a> (najwi\u0119ksza rozpi\u0119to\u015b\u0107 skrzyde\u0142)<\/span><\/li>\n<li><span class=\"gts_text\" id=\"gts_text_22\"><a class=\" gts_attribute gts_attribute_21_title\" title=\"Owls\" href=\"http:\/\/www.big-animals.com\/owls\/\"><strong>Owls<\/strong><\/a> &#8211; <a class=\" gts_attribute gts_attribute_22_title\" title=\"Eurasian Eagle Owl\" href=\"http:\/\/www.big-animals.com\/eurasian-eagle-owl\/\">Eurasian puchacz<\/a> (najwi\u0119ksza), <a class=\" gts_attribute gts_attribute_23_title\" title=\"Cuban Giant Owl\" href=\"http:\/\/www.big-animals.com\/cuban-giant-owl\/\">Kuba\u0144ski Giant Owl<\/a> (najwi\u0119kszy wszechczas\u00f3w)<\/span><\/li>\n<li><span class=\"gts_text\" id=\"gts_text_23\"><a class=\" gts_attribute gts_attribute_24_title\" title=\"Parrots\" href=\"http:\/\/www.big-animals.com\/parrots\/\"><strong>Papugowate<\/strong><\/a> &#8211; <a class=\" gts_attribute gts_attribute_25_title\" title=\"Hyacinth Macaw\" href=\"http:\/\/www.big-animals.com\/hyacinth-macaw\/\">Macaw groniasty<\/a> (najd\u0142u\u017cszy, najwi\u0119kszy lataj\u0105cy), <a class=\" gts_attribute gts_attribute_26_title\" title=\"Kakapo\" href=\"http:\/\/www.big-animals.com\/kakapo\/\">Kakapo<\/a> (wielolet)<strong><\/strong><\/span><\/li>\n<li><span class=\"gts_text\" id=\"gts_text_24\"><a class=\" gts_attribute gts_attribute_27_title\" title=\"Penguins\" href=\"..\/penguins\/\"><strong>Penguins<\/strong><\/a> &#8211; <a class=\" gts_attribute gts_attribute_28_title\" title=\"Emperor Penguin\" href=\"..\/emperor-penguin\/\">Pingwin cesarski<\/a> (najwi\u0119ksza), <a class=\" gts_attribute gts_attribute_29_title\" title=\"Anthropornis\" href=\"..\/anthropornis\/\"><em>Anthropornis<\/em><\/a> (najwi\u0119ksza wszechczas\u00f3w)<\/span><\/li>\n<li><span class=\"gts_text\" id=\"gts_text_25\"><a class=\" gts_attribute gts_attribute_30_title\" title=\"Columbidae\" href=\"http:\/\/www.big-animals.com\/columbidae\/\"><strong>Go\u0142\u0119bi pocztowych oraz Doves<\/strong><\/a> &#8211; <a class=\" gts_attribute gts_attribute_31_title\" title=\"Marquesan Imperial Pigeon\" href=\"http:\/\/www.big-animals.com\/marquesan-imperial-pigeon\/\">Pigeon cesarskiej Marquesan<\/a> (najwi\u0119ksza), <a class=\" gts_attribute gts_attribute_32_title\" title=\"Crowned Pigeons\" href=\"http:\/\/www.big-animals.com\/crowned-pigeons\/\">Plamoczuby <\/a>(najwi\u0119kszy drzewa \u017cycia), <a class=\" gts_attribute gts_attribute_33_title\" title=\"Dodo\" href=\"http:\/\/www.big-animals.com\/dodo\/\">Dodo<\/a> (najwi\u0119kszy wszechczas\u00f3w)<\/span><\/li>\n<li><span class=\"gts_text\" id=\"gts_text_26\"><a class=\" gts_attribute gts_attribute_34_title\" title=\"Ratites\" href=\"http:\/\/www.big-animals.com\/ratites\/\"><strong>Ptaki bezgrzebieniowe<\/strong><\/a> &#8211; <a class=\" gts_attribute gts_attribute_35_title\" title=\"The Ostrich \u2013 The World\u2019s Biggest Bird!\" href=\"http:\/\/www.big-animals.com\/the-ostrich-the-worlds-biggest-bird\/\">strusia<\/a> (najwi\u0119ksza) <a class=\" gts_attribute gts_attribute_36_title\" title=\"Elephant Bird\" href=\"http:\/\/www.big-animals.com\/elephant-bird-2\/\">Elephant Bird<\/a> (najci\u0119\u017cszy wszechczas\u00f3w), <a class=\" gts_attribute gts_attribute_37_title\" title=\"The Giant Moa \u2013 The Tallest Bird There Ever Was!\" href=\"http:\/\/www.big-animals.com\/the-giant-moa-the-tallest-bird-there-ever-was\/\">Giant Moa<\/a> (najwy\u017cszy wszechczas\u00f3w)<\/span><\/li>\n<li><span class=\"gts_text\" id=\"gts_text_27\"><a class=\" gts_attribute gts_attribute_38_title\" title=\"Waders\" href=\"..\/waders\/\"><strong>Waders (Shorebirds)<\/strong><\/a> &#8211; <a class=\" gts_attribute gts_attribute_39_title\" title=\"Far Eastern Curlew\" href=\"..\/far-eastern-curlew\/\">far eastern Curlew<\/a> (najwi\u0119ksza) <a class=\" gts_attribute gts_attribute_40_title\" title=\"Beach Stone Curlew\" href=\"..\/beach-stone-curlew\/\">Kulon pla\u017cowy <\/a>(najci\u0119\u017cszej)<\/span><\/li>\n<li><span class=\"gts_text\" id=\"gts_text_28\"><a class=\" gts_attribute gts_attribute_41_title\" title=\"Waterfowl\" href=\"http:\/\/www.big-animals.com\/waterfowl\/\"><strong>Obr\u0105czkowanie<\/strong><\/a> &#8211; <a class=\" gts_attribute gts_attribute_42_title\" title=\"Trumpeter Swan\" href=\"http:\/\/www.big-animals.com\/trumpeter-swan\/\">tr\u0119bacz Swan<\/a> (najwi\u0119ksza)<\/span><\/li>\n<\/ul>\n<\/li>\n<li><span class=\"gts_text\" id=\"gts_text_29\"><a href=\"\/Mammals.html\"><strong>Ssaki<\/strong><\/a> &#8211; <a href=\"\/Blue-Whale.html\">p\u0142etwal b\u0142\u0119kitny<\/a> (najwi\u0119ksze i najwi\u0119kszych wszechczas\u00f3w), <a href=\"\/African-Bush-Elephant.html\">S\u0142o\u0144 afryka\u0144ski<\/a> (najci\u0119\u017cszej na l\u0105dzie), <a href=\"\/Giraffe.html\">\u017cyrafa<\/a> (najwy\u017cszych na l\u0105dzie)<\/span>\n<ul>\n<li><span class=\"gts_text\" id=\"gts_text_30\"><strong>Placentals<\/strong> &#8211; <a href=\"\/Blue-Whale.html\">p\u0142etwal b\u0142\u0119kitny<\/a> (najwi\u0119ksze i najwi\u0119kszych wszechczas\u00f3w), <a href=\"\/African-Bush-Elephant.html\">S\u0142o\u0144 afryka\u0144ski<\/a> (najci\u0119\u017cszej na l\u0105dzie), <a href=\"\/Giraffe.html\">\u017cyrafa<\/a> (najwy\u017cszych na l\u0105dzie)<\/span>\n<ul>\n<li><span class=\"gts_text\" id=\"gts_text_31\"><a class=\" gts_attribute gts_attribute_43_title\" title=\"Bats\" href=\"http:\/\/www.big-animals.com\/bats\/\"><strong>Bats<\/strong><\/a> &#8211; <a class=\" gts_attribute gts_attribute_44_title\" title=\"Giant Golden-Crowned Flying Fox\" href=\"http:\/\/www.big-animals.com\/giant-golden-crowned-flying-fox\/\">Giant Golden-Crowned Lataj\u0105cy Lis<\/a> (najwi\u0119ksza)<\/span><\/li>\n<li><span class=\"gts_text\" id=\"gts_text_32\"><a class=\" gts_attribute gts_attribute_45_title\" title=\"Carnivora\" href=\"http:\/\/www.big-animals.com\/carnivora\/\"><strong>Grupy Miacoidea<\/strong><\/a> &#8211; <a class=\" gts_attribute gts_attribute_46_title\" title=\"Southern Elephant Seal\" href=\"http:\/\/www.big-animals.com\/southern-elephant-seal\/\">Southern s\u0142o\u0144<\/a> (najwi\u0119ksza), <a class=\" gts_attribute gts_attribute_47_title\" title=\"Polar Bear\" href=\"http:\/\/www.big-animals.com\/polar-bear\/\">Nied\u017awied\u017a polarny<\/a> (najwi\u0119kszy na l\u0105dzie)<strong><\/strong><\/span><\/li>\n<li><span class=\"gts_text\" id=\"gts_text_33\"><a class=\" gts_attribute gts_attribute_48_title\" title=\"Cetaceans\" href=\"http:\/\/www.big-animals.com\/cetaceans\/\"><strong>Walenie<\/strong><\/a> &#8211; <a class=\" gts_attribute gts_attribute_49_title\" title=\"The Blue Whale \u2013 The Biggest Animal There Ever Was!\" href=\"http:\/\/www.big-animals.com\/the-blue-whale-the-biggest-animal-there-ever-was\/\">p\u0142etwal b\u0142\u0119kitny<\/a> (najwi\u0119ksze i najwi\u0119kszych wszechczas\u00f3w)<\/span><\/li>\n<li><span class=\"gts_text\" id=\"gts_text_34\"><a class=\" gts_attribute gts_attribute_50_title\" title=\"Even-toed ungulate\" href=\"http:\/\/www.big-animals.com\/even-toed-ungulate\/\"><strong>Even-Toed zwierz\u0105t kopytnych<\/strong><\/a> &#8211; <a class=\" gts_attribute gts_attribute_51_title\" title=\"Hippopotamus\" href=\"http:\/\/www.big-animals.com\/hippopotamus\/\">hipopotama<\/a> (najwi\u0119ksza), <a class=\" gts_attribute gts_attribute_52_title\" title=\"The Giraffe \u2013 The World\u2019s Tallest Animal!\" href=\"http:\/\/www.big-animals.com\/the-giraffe-the-worlds-tallest-animal\/\">\u017cyrafa<\/a> (najwy\u017cszych)<\/span><\/li>\n<li><span class=\"gts_text\" id=\"gts_text_35\"><a class=\" gts_attribute gts_attribute_53_title\" title=\"Odd Toed-Ungulates\" href=\"http:\/\/www.big-animals.com\/odd-toed-ungulates\/\"><strong>SUS odd-rodzaj ssak\u00f3w kopytnych<\/strong><\/a> &#8211; <a class=\" gts_attribute gts_attribute_54_title\" title=\"White Rhinoceros\" href=\"http:\/\/www.big-animals.com\/white-rhinoceros\/\">Nosoro\u017cca bia\u0142ego<\/a> (najwi\u0119ksza)<\/span><\/li>\n<li><span class=\"gts_text\" id=\"gts_text_36\"><a class=\" gts_attribute gts_attribute_55_title\" title=\"Primates\" href=\"..\/primates\/\"><strong>Naczelnych<\/strong><\/a> &#8211; <a class=\" gts_attribute gts_attribute_56_title\" title=\"Mountain Gorilla\" href=\"..\/mountain-gorilla\/\">Goryl g\u00f3rski<\/a> (najwi\u0119kszy), <a class=\" gts_attribute gts_attribute_57_title\" title=\"Gigantopithecus\" href=\"..\/gigantopithecus\/\">Gigantopitek<\/a> (najwi\u0119kszy wszechczas\u00f3w)<\/span><\/li>\n<li><span class=\"gts_text\" id=\"gts_text_37\"><a class=\" gts_attribute gts_attribute_58_title\" title=\"Proboscidea\" href=\"http:\/\/www.big-animals.com\/proboscidea\/\"><strong>Tr\u0105bowce<\/strong><\/a> &#8211; <a class=\" gts_attribute gts_attribute_59_title\" title=\"African Bush Elephant \u2013 The World\u2019s Biggest Land Animal!\" href=\"http:\/\/www.big-animals.com\/the-african-bush-elephant-the-worlds-biggest-land-animal\/\">S\u0142o\u0144 afryka\u0144ski<\/a> (najwi\u0119kszy)<\/span><\/li>\n<li><span class=\"gts_text\" id=\"gts_text_38\"><a class=\" gts_attribute gts_attribute_60_title\" title=\"Rodents\" href=\"http:\/\/www.big-animals.com\/rodents\/\"><strong>Gryzonie<\/strong><\/a> &#8211; <a class=\" gts_attribute gts_attribute_61_title\" title=\"Capybara\" href=\"http:\/\/www.big-animals.com\/capybara\/\">Kapibara<\/a> (najwi\u0119ksza), <a class=\" gts_attribute gts_attribute_62_title\" title=\"Josephoartigasia Monesi\" href=\"http:\/\/www.big-animals.com\/josephoartigasia-monesi\/\"><em>josephoartigasia monesi<\/em><\/a> (najwi\u0119ksza wszechczas\u00f3w)<\/span><\/li>\n<\/ul>\n<\/li>\n<li><span class=\"gts_text\" id=\"gts_text_39\"><a href=\"\/Marsupials.html\"><strong>Torbacze<\/strong><\/a> &#8211; <a href=\"\/Red-Kangaroo.html\">Kangar czerwony<\/a> (najwi\u0119kszy), <a href=\"\/Diprotodon.html\">Diprotodon<\/a> (najwi\u0119kszy wszechczas\u00f3w)<\/span><\/li>\n<li><span class=\"gts_text\" id=\"gts_text_40\"><a class=\" gts_attribute gts_attribute_63_title\" title=\"Monotremes\" href=\"http:\/\/www.big-animals.com\/monotremes\/\"><strong>Stekowce<\/strong><\/a> &#8211; <a class=\" gts_attribute gts_attribute_64_title\" title=\"Western Long Beaked Echidna\" href=\"http:\/\/www.big-animals.com\/western-long-beaked-echidna\/\">Western d\u0142ugich Kolczatkowate Beaked<\/a> (najwi\u0119ksza)<\/span><\/li>\n<\/ul>\n<\/li>\n<\/ul>\n<\/li>\n<\/ul>\n<\/li>\n<li><span class=\"gts_text\" id=\"gts_text_41\"><strong><a href=\"\/Echinoderms.html\">Szkar\u0142upnie<\/a><\/strong> &#8211; Rozgwiazda (najci\u0119\u017csza) Catala firmy lub <a href=\"\/Midgardia-Xandaros.html\">midgardia xandaros<\/a> (najwi\u0119ksza rozpi\u0119to\u015b\u0107 ramion)<\/span><\/li>\n<li><span class=\"gts_text\" id=\"gts_text_42\"><strong><a href=\"\/Arthropods.html\">Stawonogi<\/a><\/strong> &#8211; <a href=\"\/Japanese-Spider-Crab.html\">Japo\u0144ski krab<\/a> (najwi\u0119ksza), <a href=\"\/American-Lobster.html\">Homar ameryka\u0144ski<\/a> (najci\u0119\u017cszy), <a href=\"\/Coconut-Crab.html\">Krab palmowy<\/a> (najwi\u0119kszy\u00a0 l\u0105dowy)<\/span>\n<ul>\n<li><span class=\"gts_text\" id=\"gts_text_43\"><strong><a href=\"\/Crustaceans.html\">Skorupiaki<\/a><\/strong> &#8211; <a href=\"\/Japanese-Spider-Crab.html\">Japo\u0144ski krab<\/a> (najwi\u0119ksza), <a href=\"\/American-Lobster.html\">Homar ameryka\u0144ski<\/a> (najci\u0119\u017cszej), <a href=\"\/Coconut-Crab.html\">Krab palmowy<\/a> (najwi\u0119kszy l\u0105dowy)<\/span><\/li>\n<li><span class=\"gts_text\" id=\"gts_text_44\"><strong>Szcz\u0119koczu\u0142kowce<\/strong><\/span>\n<ul>\n<li><span class=\"gts_text\" id=\"gts_text_45\"><strong>Paj\u0119czaki<\/strong><\/span>\n<ul>\n<li><span class=\"gts_text\" id=\"gts_text_46\"><strong>Paj\u0105ki<\/strong> &#8211; <a href=\"\/Goliath-Bird-Eating-Spider.html\">Eating Goliath Bird Spider<\/a> (najwi\u0119kszy wszechczas\u00f3w)<\/span><\/li>\n<\/ul>\n<\/li>\n<\/ul>\n<\/li>\n<li><span class=\"gts_text\" id=\"gts_text_47\"><strong><a href=\"\/Insects.html\">Owady<\/a><\/strong> &#8211; <a href=\"\/Goliath-Beetle.html\">Ulowy Goliath<\/a> (najci\u0119\u017cszy), <a href=\"\/Wetapunga.html\">Little bariery wyspa Giant Weta (lub Wetapunga)<\/a> (doros\u0142y osobnik najci\u0119\u017cszy), <a href=\"\/Atlas-Moth.html\">Atlas Moth<\/a> (najwi\u0119ksza rozpi\u0119to\u015b\u0107 skrzyde\u0142)<\/span><\/li>\n<\/ul>\n<\/li>\n<li><span class=\"gts_text\" id=\"gts_text_48\"><a href=\"\/Mollusks.html\"><strong>Jak muszle mi\u0119czak\u00f3w<\/strong><\/a> &#8211; <a class=\" gts_attribute gts_attribute_65_title\" title=\"Colossal Squid\" href=\"http:\/\/www.big-animals.com\/colossal-squid\/\">Colossal kalmary<\/a> (najwi\u0119ksza)<\/span><\/li>\n<li><span class=\"gts_text\" id=\"gts_text_49\"><a href=\"\/Placozoans.html\"><strong>Placozoans<\/strong><\/a> &#8211; <a href=\"\/Trichoplax.html\">Adhaerens P\u0142askowce<\/a> (najwi\u0119kszy i niepowtarzalne)<\/span><\/li>\n<li><span class=\"gts_text\" id=\"gts_text_50\"><a href=\"\/Velvet-Worms.html\"><strong>Velvet robak\u00f3w (Pazurnice)<\/strong><\/a> &#8211; <a href=\"\/Giant-Velvet-Worm.html\">gatunek bez nazwy<\/a> (zdecydowanie najwi\u0119ksze)<\/span><\/li>\n<\/ul>\n","protected":false},"excerpt":{"rendered":"<p>Poni\u017csza lista zawiera spis wszystkich zwierz\u0105t znajduj\u0105cych si\u0119 na tej witrynie, dzi\u0119ki niej mo\u017cna si\u0119 dowiedzie\u0107 jakie s\u0105 najwi\u0119ksze zwierz\u0105ta danego typu. Tak wi\u0119c, aby dowiedzie\u0107 si\u0119 wi\u0119cej o tym kt\u00f3re ze zwierz\u0105t jest najci\u0119\u017csze, najwi\u0119ksze, najbardziej masywne, najwy\u017csze i najd\u0142u\u017csze kliknij w jeden z link\u00f3w umieszczonych poni\u017cej. Zwierz\u0119ta &#8211; p\u0142etwal b\u0142\u0119kitny (najwi\u0119kszy wszechczas\u00f3w), S\u0142o\u0144 &hellip; <a href=\"https:\/\/www.big-animals.com\/pl\/a-list-of-the-worlds-biggest-animals-sorted-by-type\/\" class=\"more-link\">Continue reading <span class=\"screen-reader-text\">Lista najwi\u0119kszych zwierz\u0105t \u015bwiata, posortowane wed\u0142ug typu<\/span><\/a><\/p>\n","protected":false},"author":1,"featured_media":0,"parent":0,"menu_order":0,"comment_status":"closed","ping_status":"open","template":"","meta":{"_acf_changed":false,"footnotes":""},"acf":[],"_links":{"self":[{"href":"https:\/\/www.big-animals.com\/pl\/wp-json\/wp\/v2\/pages\/557"}],"collection":[{"href":"https:\/\/www.big-animals.com\/pl\/wp-json\/wp\/v2\/pages"}],"about":[{"href":"https:\/\/www.big-animals.com\/pl\/wp-json\/wp\/v2\/types\/page"}],"author":[{"embeddable":true,"href":"https:\/\/www.big-animals.com\/pl\/wp-json\/wp\/v2\/users\/1"}],"replies":[{"embeddable":true,"href":"https:\/\/www.big-animals.com\/pl\/wp-json\/wp\/v2\/comments?post=557"}],"version-history":[{"count":2,"href":"https:\/\/www.big-animals.com\/pl\/wp-json\/wp\/v2\/pages\/557\/revisions"}],"predecessor-version":[{"id":858,"href":"https:\/\/www.big-animals.com\/pl\/wp-json\/wp\/v2\/pages\/557\/revisions\/858"}],"wp:attachment":[{"href":"https:\/\/www.big-animals.com\/pl\/wp-json\/wp\/v2\/media?parent=557"}],"curies":[{"name":"wp","href":"https:\/\/api.w.org\/{rel}","templated":true}]}}