{"id":558,"date":"2011-05-09T08:54:13","date_gmt":"2011-05-09T08:54:13","guid":{"rendered":""},"modified":"2013-12-08T21:11:03","modified_gmt":"2013-12-08T21:11:03","slug":"alfabetyczna-lista-najwiekszych-zwierzat-na-swiecie","status":"publish","type":"page","link":"https:\/\/www.big-animals.com\/pl\/alfabetyczna-lista-najwiekszych-zwierzat-na-swiecie\/","title":{"rendered":"Alfabetyczna lista najwi\u0119kszych zwierz\u0105t na \u015bwiecie"},"content":{"rendered":"<p><a name=\"top\"><\/a> <span class=\"gts_text\" id=\"gts_text_1\">Ta strona zawiera alfabetyczn\u0105 list\u0119 wszystkich zwierz\u0105t znajduj\u0105cych si\u0119 na tej witrynie.<\/span><br \/>\n<span class=\"gts_text\" id=\"gts_text_2\">Odszukaj swoje ulubione du\u017ce\u00a0zwierz\u0119 i zobacz co czyni je tak wyj\u0105tkowym!<\/p>\n<p><\/span> <span class=\"gts_text\" id=\"gts_text_3\"><a href=\"#a\">A<\/a> <a href=\"#b\">B<\/a> <a href=\"#c\">C<\/a> <a href=\"#d\">D<\/a> <a href=\"#e\">E<\/a> <a href=\"#f\">F<\/a> <a href=\"#g\">G<\/a> <a href=\"#h\">H<\/a> <a href=\"#i\">I<\/a> <a href=\"#j\">J<\/a> <a href=\"#k\">K<\/a> <a href=\"#l\">L<\/a> <a href=\"#m\">M<\/a> <a href=\"#n\">N<\/a> <a href=\"#o\">O<\/a> <a href=\"#p\">P<\/a> <a href=\"#q\">Q<\/a> <a href=\"#r\">R<\/a> <a href=\"#s\">S<\/a> <a href=\"#t\">T<\/a> <a href=\"#u\">U<\/a> <a href=\"#v\">V<\/a> <a href=\"#w\">W<\/a> <a href=\"#x\">X<\/a> <a href=\"#y\">Y<\/a> <a href=\"#z\">Z<\/a><\/span><\/p>\n<h3><span class=\"gts_text\" id=\"gts_text_4\"><a name=\"a\"><\/a>A<\/span><\/h3>\n<p><a title=\"Giant Golden-Crowned Flying Fox\" href=\"http:\/\/www.big-animals.com\/giant-golden-crowned-flying-fox\/\">Acerodon grzywiasty<\/a>\u00a0&#8211; najwi\u0119kszy nietoperz<br \/>\n<a title=\"Albatros w\u0119drowny\" href=\"http:\/\/www.big-animals.com\/pl\/albatros-wedrowny-ptak-o-najwiekszej-rozpietosci-skrzydel\/\/\">Albatros w\u0119drowny<\/a>\u00a0&#8211; najwi\u0119kszy lataj\u0105cy ptak<br \/>\n<a title=\"Anakonda zielona\" href=\"http:\/\/www.big-animals.com\/pl\/anakonda-zielona\/\">Anakonda zielona<\/a>\u00a0&#8211; najci\u0119\u017cszy w\u0105\u017c<br \/>\n <a title=\"Anthropornis\" href=\"http:\/\/www.big-animals.com\/pl\/anthropornis\/\">Anthropornis<\/a> &#8211; najwi\u0119kszy pingwin wszechczas\u00f3w<br \/>\n<a title=\"Ara hiacyntowa\" href=\"http:\/\/www.big-animals.com\/pl\/ara-hiacyntowa\/\">Ara hiacyntowa<\/a>\u00a0&#8211; najd\u0142u\u017csza papuga, najwi\u0119ksza lataj\u0105ca papuga <\/p>\n<p>~~\u00a0<a href=\"#top\">id\u017a do g\u00f3ry<\/a>\u00a0~~<\/p>\n<h3><span class=\"gts_text\" id=\"gts_text_13\"><a name=\"b\"><\/a>B<\/span><\/h3>\n<p>~~\u00a0<a href=\"#top\">id\u017a do g\u00f3ry<\/a>\u00a0~~<span class=\"gts_text\" id=\"gts_text_15\"><\/span><\/p>\n<h3><span class=\"gts_text\" id=\"gts_text_18\"><a name=\"c\"><\/a>C<\/span><\/h3>\n<p>~~\u00a0<a href=\"#top\">id\u017a do g\u00f3ry<\/a>\u00a0~~<\/p>\n<h3><span class=\"gts_text\" id=\"gts_text_30\"><a name=\"d\"><\/a>D<\/span><\/h3>\n<p><em><a href=\"\/Wetapunga.html\">Deinacrida heteracantha<\/a><\/em>\u00a0&#8211; najwi\u0119kszy doros\u0142y owad <span class=\"gts_text\" id=\"gts_text_31\"><a style=\"font-style: italic\" href=\"\/Diprotodon.html\">Diprotodon<\/a> &#8211; najwi\u0119kszy torbacz<\/span>\u00a0w historii Ziemi <span class=\"gts_text\" id=\"gts_text_32\"><a class=\" gts_attribute gts_attribute_10_title\" title=\"Dodo\" href=\"http:\/\/www.big-animals.com\/dodo\/\">Dodo<\/a> &#8211; najwi\u0119kszy go\u0142\u0105b wszechczas\u00f3w <\/span> Drop olbrzymi &#8211; najci\u0119\u017cszy lataj\u0105cy ptak \u00a0 ~~\u00a0<a href=\"#top\">id\u017a do g\u00f3ry<\/a>\u00a0~~<\/p>\n<h3><span class=\"gts_text\" id=\"gts_text_34\"><a name=\"e\"><\/a>E<\/span><\/h3>\n<p>~~\u00a0<a href=\"#top\">id\u017a do g\u00f3ry<\/a>\u00a0~~<\/p>\n<h3><span class=\"gts_text\" id=\"gts_text_39\"><a name=\"f\"><\/a>F<\/span><\/h3>\n<p><a title=\"Greater Flamingo\" href=\"http:\/\/www.big-animals.com\/greater-flamingo\/\">Flaming r\u00f3\u017cowy<\/a>\u00a0&#8211; najwi\u0119kszy flaming ~~\u00a0<a href=\"#top\">id\u017a do g\u00f3ry<\/a>\u00a0~~<\/p>\n<h3><span class=\"gts_text\" id=\"gts_text_42\"><a name=\"g\"><\/a>G<\/span><\/h3>\n<p><em><a class=\" gts_attribute gts_attribute_16_title\" title=\"Gigantopithecus\" href=\"http:\/\/www.big-animals.com\/gigantopithecus\/\">Gigantopitek<\/a><\/em> &#8211; najwi\u0119kszy ssak naczelny wszechczas\u00f3w <a href=\"http:\/\/www.big-animals.com\/goliath-frog\/\">Goliat p\u0142ochliwy<\/a>\u00a0&#8211; najwi\u0119ksza \u017caba <a title=\"Mountain Gorilla\" href=\"http:\/\/www.big-animals.com\/mountain-gorilla\/\">Goryl g\u00f3rski<\/a>\u00a0&#8211; najwi\u0119kszy z naczelnych ~~\u00a0<a href=\"#top\">id\u017a do g\u00f3ry<\/a>\u00a0~~<span class=\"gts_text\" id=\"gts_text_51\"><\/span><\/p>\n<h3><span class=\"gts_text\" id=\"gts_text_59\"><a name=\"h\"><\/a>H<\/span><\/h3>\n<p><a href=\"http:\/\/www.big-animals.com\/tuatara\/\">Hatteria z Cie\u015bniny Cooka<\/a>\u00a0&#8211; najwi\u0119ksza Hatteria <span class=\"gts_text\">Hipopotam &#8211; najci\u0119\u017cszy parzystokopytny<\/span> <a href=\"\/American-Lobster.html\">Homar ameryka\u0144ski<\/a>\u00a0&#8211; najci\u0119\u017cszy stawon\u00f3g i skorupiak \u00a0 ~~\u00a0<a href=\"#top\">id\u017a do g\u00f3ry<\/a>\u00a0~~<\/p>\n<h3><span class=\"gts_text\" id=\"gts_text_63\"><a name=\"i\"><\/a>I <\/span><\/h3>\n<p><a title=\"North American Wild Turkey\" href=\"http:\/\/www.big-animals.com\/north-american-wild-turkey\/\">Indyk zwyczajny<\/a>\u00a0&#8211; najwi\u0119kszy z rz\u0119du kurak\u00f3w ~~\u00a0<a href=\"#top\">id\u017a do g\u00f3ry<\/a>\u00a0~~<\/p>\n<h3><span class=\"gts_text\" id=\"gts_text_65\"><a name=\"j\"><\/a>J<\/span><\/h3>\n<p><span class=\"gts_text\" id=\"gts_text_66\"><a href=\"\/Japanese-Spider-Crab.html\">Japo\u0144ski krab pacyficzny<\/a> &#8211; najwi\u0119kszy stawon\u00f3g i skorupiak (krab japo\u0144ski, krab olbrzymi)<\/span> <span class=\"gts_text\" id=\"gts_text_67\"><a class=\" gts_attribute gts_attribute_21_title\" title=\"Josephoartigasia Monesi\" href=\"http:\/\/www.big-animals.com\/josephoartigasia-monesi\/\"><em>josephoartigasia monesi<\/em><\/a> &#8211; najwi\u0119kszy gryzo\u0144 wszechczas\u00f3w <\/span> ~~\u00a0<a href=\"#top\">id\u017a do g\u00f3ry<\/a>\u00a0~~<\/p>\n<h3><span class=\"gts_text\" id=\"gts_text_69\"><a name=\"k\"><\/a>K<\/span><\/h3>\n<p><a title=\"Kakapo\" href=\"http:\/\/www.big-animals.com\/kakapo\/\">Kakapo<\/a>\u00a0&#8211; najci\u0119\u017csza papuga <a title=\"Colossal Squid\" href=\"http:\/\/www.big-animals.com\/colossal-squid\/\">Ka\u0142amarnica kolosalna<\/a>\u00a0&#8211; najwi\u0119kszy mi\u0119czak, najwi\u0119kszy bezkr\u0119gowiec <a href=\"\/Red-Kangaroo.html\">Kangur rudy<\/a>\u00a0&#8211; najwi\u0119kszy torbacz<\/p>\n<h3>Kapibara &#8211; najwi\u0119kszy gryzo\u0144 na \u015bwiecie<\/h3>\n<h3><span class=\"gts_text\" id=\"gts_text_71\"><a class=\" gts_attribute gts_attribute_23_title\" title=\"The King Cobra\" href=\"http:\/\/www.big-animals.com\/the-king-cobra\/\">Kobra<\/a> &#8211; najwi\u0119kszy jadowity w\u0105\u017c<\/span><\/h3>\n<p><a title=\"Crowned Pigeons\" href=\"http:\/\/www.big-animals.com\/crowned-pigeons\/\">Koroniec plamoczuby<\/a>\u00a0&#8211; najwi\u0119kszy go\u0142\u0105b \u017cyj\u0105cy na drzewach <a href=\"#c\">Krab palmowy<\/a>\u00a0&#8211; najwi\u0119kszy stawon\u00f3g l\u0105dowy i skorupiak <a href=\"http:\/\/www.big-animals.com\/the-saltwater-crocodile-the-words-biggest-reptile\/\">Krokodyl r\u00f3\u017ca\u0144cowy<\/a>\u00a0&#8211; najwi\u0119kszy z gad\u00f3w <a title=\"Cuban Giant Owl\" href=\"http:\/\/www.big-animals.com\/cuban-giant-owl\/\">Kuba\u0144ska sowa olbrzymia<\/a>\u00a0&#8211; najwi\u0119ksza sowa wszechczas\u00f3w <a title=\"Far Eastern Curlew\" href=\"http:\/\/www.big-animals.com\/far-eastern-curlew\/\">Kulik syberyjski<\/a>\u00a0&#8211; najwi\u0119kszy z ptak\u00f3w brodz\u0105cych <a title=\"Beach Stone Curlew\" href=\"http:\/\/www.big-animals.com\/beach-stone-curlew\/\">Kulon pla\u017cowy<\/a>\u00a0&#8211; najci\u0119\u017cszy ptak brodz\u0105cy ~~\u00a0<a href=\"#top\">id\u017a do g\u00f3ry<\/a>\u00a0~~<\/p>\n<h3><span class=\"gts_text\" id=\"gts_text_75\"><a name=\"l\"><\/a>L<\/span><\/h3>\n<p><span class=\"gts_text\" id=\"gts_text_77\"><a style=\"font-style: italic\" href=\"\/Leedsichthys.html\">Leedsichthys<\/a> &#8211; najwi\u0119ksza ryba wszechczas\u00f3w<\/span> ~~\u00a0<a href=\"#top\">id\u017a do g\u00f3ry<\/a>\u00a0~~<\/p>\n<h3><a name=\"l\"><\/a>\u0141<\/h3>\n<p><a title=\"Trumpeter Swan\" href=\"http:\/\/www.big-animals.com\/trumpeter-swan\/\">\u0141ab\u0119d\u017a tr\u0105bi\u0105cy<\/a>\u00a0&#8211; najwi\u0119kszy z rodziny kaczkowatych <a href=\"\/Leedsichthys.html\"><span style=\"color: #333333\">~~\u00a0<\/span>id\u017a do g\u00f3ry<span style=\"color: #333333\">\u00a0~~<\/span><\/a><\/p>\n<h3><span class=\"gts_text\" id=\"gts_text_80\"><a name=\"m\"><\/a>M<\/span><\/h3>\n<p><a title=\"Elephant Bird\" href=\"http:\/\/www.big-animals.com\/elephant-bird-2\/\">Mamutak<\/a>\u00a0&#8211; najci\u0119\u017cszy ptak wszechczas\u00f3w <a title=\"Megalania\" href=\"http:\/\/www.big-animals.com\/megalania\/\">Megalania<\/a>\u00a0&#8211; najwi\u0119ksza jaszczurka l\u0105dowa wszechczas\u00f3w <a href=\"\/Megalodon-Shark.html\"><em>Megalodon<\/em>\u00a0<\/a>\u00a0&#8211; najwi\u0119kszy rekin wszechczas\u00f3w <em><a href=\"\/Midgardia-Xandaros.html\">Midgardia xandaros<\/a><\/em>\u00a0&#8211; najwi\u0119ksza rozgwiazda i szkar\u0142upie\u0144 (najd\u0142u\u017csze ramiona, nie najci\u0119\u017csze) <a class=\" gts_attribute gts_attribute_25_title\" title=\"Marquesan Imperial Pigeon\" href=\"http:\/\/www.big-animals.com\/marquesan-imperial-pigeon\/\">Muszkatela p\u0142askodzioba<\/a><span style=\"color: #333333\">\u00a0&#8211; najwi\u0119kszy go\u0142\u0105b<\/span> <a href=\"\/Giant-Moa.html\">Moa<\/a>\u00a0&#8211; najwi\u0119kszy ptak wszechczas\u00f3w ~~\u00a0<a href=\"#top\">id\u017a do g\u00f3ry<\/a>\u00a0~~<\/p>\n<h3><span class=\"gts_text\" id=\"gts_text_88\"><a name=\"n\"><\/a>N<\/span><\/h3>\n<p><a title=\"Polar Bear\" href=\"http:\/\/www.big-animals.com\/polar-bear\/\">Nied\u017awied\u017a polarny<\/a>\u00a0&#8211; najwi\u0119kszy l\u0105dowy drapie\u017cnik <a href=\"#w\">Nosoro\u017cec bia\u0142y<\/a>\u00a0&#8211; najwi\u0119kszy nieparzystokopytny, czwarte najwi\u0119ksze zwierz\u0119 na Ziemi ~~\u00a0<a href=\"#top\">id\u017a do g\u00f3ry<\/a>\u00a0~~<\/p>\n<h3><span class=\"gts_text\" id=\"gts_text_91\"><a name=\"o\"><\/a>O<\/span><\/h3>\n<p><a href=\"#u\">Olbrzymia pazurnica<\/a>\u00a0&#8211;\u00a0najwi\u0119ksza pazurnica <span class=\"gts_text\" id=\"gts_text_93\">~~\u00a0<a href=\"#top\">id\u017a do g\u00f3ry<\/a>\u00a0~~<\/span><\/p>\n<h3><span class=\"gts_text\" id=\"gts_text_95\"><a name=\"p\"><\/a>P<\/span><\/h3>\n<p><a title=\"Green Peafowl\" href=\"http:\/\/www.big-animals.com\/green-peafowl\/\">Paw z\u0142oty<\/a>\u00a0&#8211; najwi\u0119kszy z rodziny kurowatych Paw jamajski &#8211; patrz\u00a0<a title=\"Green Peafowl\" href=\"http:\/\/www.big-animals.com\/green-peafowl\/\">Paw z\u0142oty<\/a> Paw zielony &#8211;\u00a0\u00a0patrz\u00a0<a title=\"Green Peafowl\" href=\"http:\/\/www.big-animals.com\/green-peafowl\/\">Paw z\u0142oty<\/a> <a href=\"\/Atlas-Moth.html\">Pawica atlas<\/a>\u00a0&#8211; najwi\u0119ksza \u0107ma, owad o najwi\u0119kszych skrzyd\u0142ach <a title=\"Emperor Penguin\" href=\"http:\/\/www.big-animals.com\/emperor-penguin\/\">Pingwin cesarski<\/a>\u00a0&#8211; najwi\u0119kszy pingwin <em><a href=\"\/Trichoplax.html\">Plazocoa\u00a0<\/a>\u00a0<\/em>&#8211; najwi\u0119kszy (i jedyny)\u00a0p\u0142askowiec <a title=\"Caecilian Thompsoni\" href=\"http:\/\/www.big-animals.com\/caecilian-thompsoni\/\"><em>P\u0142azy beznogie Thompsoni<\/em><\/a>\u00a0&#8211;\u00a0 najwi\u0119ksze na \u015bwiecie\u00a0p\u0142azy beznogie <a title=\"The Blue Whale \u2013 The Biggest Animal There Ever Was!\" href=\"http:\/\/www.big-animals.com\/the-blue-whale-the-biggest-animal-there-ever-was\/\">P\u0142etwal b\u0142\u0119kitny<\/a>\u00a0&#8211; najwi\u0119ksze zwierz\u0119 w historii Ziemi <a href=\"\/Goliath-Bird-Eating-Spider.html\">P<\/a>tasznik goliat\u00a0&#8211; najwi\u0119kszy paj\u0105k<\/p>\n<h3><a title=\"Western Long Beaked Echidna\" href=\"http:\/\/www.big-animals.com\/western-long-beaked-echidna\/\">Prakolczatka<\/a>\u00a0&#8211; najwi\u0119kszy stekowiec<\/h3>\n<p><a title=\"Eurasian Eagle Owl\" href=\"http:\/\/www.big-animals.com\/eurasian-eagle-owl\/\">Puchacz zwyczajny<\/a>\u00a0&#8211; najwi\u0119ksza sowa <a href=\"http:\/\/www.big-animals.com\/the-reticulated-python\/\">Pyton siatkowy<\/a>\u00a0&#8211; najd\u0142u\u017cszy w\u0105\u017c ~~\u00a0<a href=\"#top\">id\u017a do g\u00f3ry<\/a>\u00a0~~<\/p>\n<h3><span class=\"gts_text\" id=\"gts_text_100\"><a name=\"r\"><\/a>R<\/span><\/h3>\n<p><a href=\"\/Whale-Shark.html\">Rekin wielorybi<\/a>\u00a0&#8211; najwi\u0119ksza ryba Rozgwiazda Catala &#8211; najci\u0119\u017cszy szkar\u0142upie\u0144 i rozgwiazda <span class=\"gts_text\" id=\"gts_text_103\">~~\u00a0<a href=\"#top\">id\u017a do g\u00f3ry<\/a>\u00a0~~<\/span><\/p>\n<h3><span class=\"gts_text\" id=\"gts_text_105\"><a name=\"s\"><\/a>S<\/span><\/h3>\n<p><a title=\"Chinese Giant Salamander\" href=\"http:\/\/www.big-animals.com\/chinese-giant-salamander\/\">Salamandra olbrzymia chi\u0144ska<\/a>\u00a0&#8211; najwi\u0119kszy p\u0142az na \u015bwiecie <a href=\"\/African-Bush-Elephant.html\">S\u0142o\u0144 afryka\u0144ski<\/a>\u00a0&#8211; najci\u0119\u017csze zwierz\u0119 l\u0105dowe <span class=\"gts_text\" id=\"gts_text_107\"><a class=\" gts_attribute gts_attribute_30_title\" title=\"Southern Elephant Seal\" href=\"http:\/\/www.big-animals.com\/southern-elephant-seal\/\">S\u0142o\u0144 morski Po\u0142udniowy<\/a> &#8211; najwi\u0119kszy <\/span>drapie\u017cnik <a title=\"Komodo Dragon\" href=\"http:\/\/www.big-animals.com\/komodo-dragon\/\">Smok z Komodo<\/a>\u00a0&#8211; najwi\u0119ksza jaszczurka <a href=\"\/Ostrich.html\">Stru\u015b<\/a>\u00a0&#8211; najwi\u0119kszy ptak ~~\u00a0<a href=\"#top\">id\u017a do g\u00f3ry<\/a>\u00a0~~<\/p>\n<h3><span class=\"gts_text\" id=\"gts_text_110\"><a name=\"t\"><\/a>T<\/span><\/h3>\n<p><span class=\"gts_text\" id=\"gts_text_111\"><\/span><span class=\"gts_text\" id=\"gts_text_112\"><a href=\"..\/titanoboa-the-biggest-ever-snake\/\">Titanoboa<\/a> &#8211; najwi\u0119kszy w\u0105\u017c wszechczas\u00f3w<\/span> <span class=\"gts_text\" id=\"gts_text_115\"><a class=\" gts_attribute gts_attribute_32_title\" title=\"Tylosaurus\" href=\"http:\/\/www.big-animals.com\/tylosaurus\/\">Tylozaur<\/a> &#8211; najwi\u0119ksza jaszczurka wszechczas\u00f3w, najwi\u0119kszy gad morski wszechczas\u00f3w <\/span> ~~\u00a0<a href=\"#top\">id\u017a do g\u00f3ry<\/a>\u00a0~~<\/p>\n<h3><span class=\"gts_text\" id=\"gts_text_117\"><a name=\"u\"><\/a>U<\/span><\/h3>\n<p><span class=\"gts_text\" id=\"gts_text_118\"><a href=\"\/Giant-Velvet-Worm.html\"><span style=\"color: #333333\">~~\u00a0<\/span><\/a><a href=\"#top\">id\u017a do g\u00f3ry<\/a><span style=\"color: #333333\">\u00a0~~<\/span><\/span><\/p>\n<h3><span class=\"gts_text\" id=\"gts_text_122\"><a name=\"w\"><\/a>W<\/span><\/h3>\n<h3><a class=\" gts_attribute gts_attribute_34_title\" style=\"font-size: 13px\" title=\"White Rhinoceros\" href=\"http:\/\/www.big-animals.com\/white-rhinoceros\/\"><span style=\"color: #333333\">~~\u00a0<\/span>id\u017a do g\u00f3ry<span style=\"color: #333333\">\u00a0~~<\/span><\/a><\/h3>\n<h3><span class=\"gts_text\" id=\"gts_text_134\"><a name=\"z\"><\/a>Z<\/span><\/h3>\n<p><span class=\"gts_text\">~~\u00a0<a href=\"#top\">id\u017a do g\u00f3ry<\/a>\u00a0~~ <\/span><\/p>\n<h3><a name=\"z\"><\/a>\u017b<\/h3>\n<p><a href=\"http:\/\/www.big-animals.com\/galapagos-tortoise\/\">\u017b\u00f3\u0142w s\u0142oniowy<\/a>\u00a0&#8211; najwi\u0119kszy \u017c\u00f3\u0142w na \u015bwiecie <a href=\"http:\/\/www.big-animals.com\/leatherback-sea-turtle\/\">\u017b\u00f3\u0142w sk\u00f3rzasty<\/a>\u00a0&#8211; najwi\u0119kszy \u017c\u00f3\u0142w morski <a href=\"\/Goliath-Beetle.html\">\u017buk Goliata<\/a>\u00a0&#8211; najci\u0119\u017cszy owad <a href=\"\/Giraffe.html\">\u017byrafa<\/a>\u00a0&#8211; najwy\u017csze ze zwierz\u0105t l\u0105dowych ~~\u00a0<a href=\"#top\">id\u017a do g\u00f3ry<\/a>\u00a0~~<\/p>\n","protected":false},"excerpt":{"rendered":"<p>Ta strona zawiera alfabetyczn\u0105 list\u0119 wszystkich zwierz\u0105t znajduj\u0105cych si\u0119 na tej witrynie. Odszukaj swoje ulubione du\u017ce\u00a0zwierz\u0119 i zobacz co czyni je tak wyj\u0105tkowym! A B C D E F G H I J K L M N O P Q R S T U V W X Y Z A Acerodon grzywiasty\u00a0&#8211; najwi\u0119kszy nietoperz Albatros &hellip; <a href=\"https:\/\/www.big-animals.com\/pl\/alfabetyczna-lista-najwiekszych-zwierzat-na-swiecie\/\" class=\"more-link\">Continue reading <span class=\"screen-reader-text\">Alfabetyczna lista najwi\u0119kszych zwierz\u0105t na \u015bwiecie<\/span><\/a><\/p>\n","protected":false},"author":1,"featured_media":0,"parent":0,"menu_order":0,"comment_status":"closed","ping_status":"open","template":"","meta":{"_acf_changed":false,"footnotes":""},"acf":[],"_links":{"self":[{"href":"https:\/\/www.big-animals.com\/pl\/wp-json\/wp\/v2\/pages\/558"}],"collection":[{"href":"https:\/\/www.big-animals.com\/pl\/wp-json\/wp\/v2\/pages"}],"about":[{"href":"https:\/\/www.big-animals.com\/pl\/wp-json\/wp\/v2\/types\/page"}],"author":[{"embeddable":true,"href":"https:\/\/www.big-animals.com\/pl\/wp-json\/wp\/v2\/users\/1"}],"replies":[{"embeddable":true,"href":"https:\/\/www.big-animals.com\/pl\/wp-json\/wp\/v2\/comments?post=558"}],"version-history":[{"count":31,"href":"https:\/\/www.big-animals.com\/pl\/wp-json\/wp\/v2\/pages\/558\/revisions"}],"predecessor-version":[{"id":818,"href":"https:\/\/www.big-animals.com\/pl\/wp-json\/wp\/v2\/pages\/558\/revisions\/818"}],"wp:attachment":[{"href":"https:\/\/www.big-animals.com\/pl\/wp-json\/wp\/v2\/media?parent=558"}],"curies":[{"name":"wp","href":"https:\/\/api.w.org\/{rel}","templated":true}]}}