{"id":560,"date":"2011-05-09T08:54:32","date_gmt":"2011-05-09T08:54:32","guid":{"rendered":""},"modified":"2011-05-09T08:54:32","modified_gmt":"2011-05-09T08:54:32","slug":"jaszczurki","status":"publish","type":"page","link":"https:\/\/www.big-animals.com\/pl\/jaszczurki\/","title":{"rendered":"Jaszczurki"},"content":{"rendered":"<p><span id=\"gts_text_1\" class=\"gts_text\">Jaszczurki s\u0105 <a title=\"The World\u2019s Biggest Reptiles!\" href=\"http:\/\/www.big-animals.com\/the-worlds-biggest-reptiles\/\">gadami<\/a>.<\/span><span id=\"gts_text_2\" class=\"gts_text\">Na \u015bwiecie \u017cyje oko\u0142o 3800 gatunk\u00f3w jaszczurek.<\/span><span id=\"gts_text_3\" class=\"gts_text\">S\u0105 zwierz\u0119tami zmiennocieplnymi. Wyst\u0119puj\u0105 na wszystkich kontynentach i wi\u0119kszo\u015bci wysp ocenanicznych z wyj\u0105tkiem Antarktydy. Szczeg\u00f3lnie cz\u0119sto zamieszkuj\u0105 miejsca o ciep\u0142ym klimacie.<\/span><\/p>\n<p><span id=\"gts_text_4\" class=\"gts_text\">Jaszczurki maj\u0105 sk\u00f3r\u0119 pokryt\u0105 \u0142uskami. Wymiana sk\u00f3ry nast\u0119puje przez ca\u0142y rok &#8211; jaszczurki nie zrzucaj\u0105 sk\u00f3ry &quot;na raz&quot;, jak w\u0119\u017ce, u jaszczurek wymiana sk\u00f3ry jest d\u0142ugotrwa\u0142ym procesem.<\/span><span id=\"gts_text_5\" class=\"gts_text\"><\/span><span id=\"gts_text_6\" class=\"gts_text\">Niekt\u00f3re gatunki jaszczurek \u017cywi\u0105 si\u0119 wy\u0142\u0105cznie mi\u0119sem, inne tylko ro\u015blinno\u015bci\u0105, a cz\u0119\u015b\u0107 jest zar\u00f3wno mi\u0119so-, jak i ro\u015blino\u017cerna.<\/span><span id=\"gts_text_7\" class=\"gts_text\">W odr\u00f3\u017cnieniu od w\u0119\u017cy, posiadaj\u0105 nogi i zewn\u0119trzne uszy (wyj\u0105tek: zaskroniec. Zaskroniec nie jest w\u0119\u017cem, lecz beznog\u0105 jaszczurk\u0105).<\/span><span id=\"gts_text_8\" class=\"gts_text\">Wi\u0119kszo\u015b\u0107 jaszczurek, gdy zostaj\u0105 z\u0142apane przez jakiego\u015b drapie\u017cnika, od\u0142\u0105cza ogon od reszty cia\u0142a. Dzi\u0119ki temu zwierz\u0119 mo\u017ce uciec, podczas gdy napastnikowi zostaje tylko ogon.<\/span><span id=\"gts_text_9\" class=\"gts_text\">Jaszczurki komunikuj\u0105 si\u0119 mi\u0119dzy sob\u0105 za pomoc\u0105 specyficznych ruch\u00f3w i kolor\u00f3w na swoich cia\u0142ach.<\/span><\/p>\n<p><span id=\"gts_text_10\" class=\"gts_text\">Jaszczurki maj\u0105 r\u00f3\u017cne rozmiary.<\/span><span id=\"gts_text_11\" class=\"gts_text\">Najmniejsze, np. kameleony czy gekony, mierz\u0105 zaledwie kilka centymetr\u00f3w.<\/span><span id=\"gts_text_12\" class=\"gts_text\">Najwi\u0119ksze maj\u0105 nawet 3 metry d\u0142ugo\u015bci!<\/span><span id=\"gts_text_13\" class=\"gts_text\">Najwi\u0119ksz\u0105 \u017cyj\u0105c\u0105 jaszczurk\u0105 jest mi\u0119so\u017cerny waran z Komodo.<\/span><span id=\"gts_text_14\" class=\"gts_text\">W przesz\u0142o\u015bci istnia\u0142y jeszcze wi\u0119ksze jaszczurki, takie jak zamieszkuj\u0105cy morze tylozaur osi\u0105gaj\u0105cy nawet 17 metr\u00f3w d\u0142ugo\u015bci czy Megalania, olbrzymi waran mierz\u0105cy ok. 7 metr\u00f3w.<\/span><\/p>\n<figure id=\"attachment_571\" aria-describedby=\"caption-attachment-571\" style=\"width: 300px\" class=\"wp-caption alignright\"><a href=\"http:\/\/www.big-animals.com\/wp-content\/uploads\/2011\/02\/Chamaleon.jpg\"><img loading=\"lazy\" decoding=\"async\" class=\"size-medium wp-image-571\" title=\"Chameleons are famous for their ability to change color\" src=\"http:\/\/www.big-animals.com\/wp-content\/uploads\/2011\/02\/Chamaleon-300x194.jpg\" alt=\"Chameleons are famous for their ability to change color\" width=\"300\" height=\"194\" \/><\/a><figcaption id=\"caption-attachment-571\" class=\"wp-caption-text\">Chameleons are famous for their ability to change color<\/figcaption><\/figure>\n<p><span id=\"gts_text_15\" class=\"gts_text\">Wzrok jest bardzo wa\u017cnym zmys\u0142em dla jaszczurek.<\/span><span id=\"gts_text_16\" class=\"gts_text\">U\u017cywaj\u0105 go podczas polowa\u0144 i do komunikacji i innymi przedstawicielami gatunku.<\/span><span id=\"gts_text_17\" class=\"gts_text\">Znakomicie rozr\u00f3\u017cniaj\u0105 kolory.<\/span><span id=\"gts_text_18\" class=\"gts_text\">Maj\u0105 te\u017c \u015bwietnie rozwini\u0119ty system komunikacji za pomoc\u0105 p\u00f3z, gest\u00f3w czy ruch\u00f3w cia\u0142a.<\/span><span id=\"gts_text_19\" class=\"gts_text\">W ten spos\u00f3b wyznaczaj\u0105 swoje terytoria i rozwi\u0105zuj\u0105 konflikty.<\/span><span id=\"gts_text_20\" class=\"gts_text\">Niekt\u00f3re jaszczurki maj\u0105 bardzo jaskrawe zabarwienie sk\u00f3ry.<\/span><span id=\"gts_text_21\" class=\"gts_text\">Cz\u0119\u015b\u0107 potrafi zmienia\u0107 kolor sk\u00f3ry &#8211; je\u015bli jasno zabarwiona jaszczurka wejdzie na ciemn\u0105 ska\u0142\u0119, wtedy sama stanie si\u0119 ciemniejsza.<\/span><span id=\"gts_text_22\" class=\"gts_text\">Sk\u00f3ra pewnych gatunk\u00f3w jaszczurek, jak np. u legwanika niebieskobrzuchego (Sceloporus occidentalis), wygl\u0105da inaczej w zale\u017cno\u015bci od tego, pod jakim k\u0105tem na ni\u0105 spojrzymy.<\/span><\/p>\n<p><span id=\"gts_text_23\" class=\"gts_text\">Jednym z bardziej efektownych sposob\u00f3w komunikacji jest uniesienie jednej z ko\u015bci w gardle tak, aby du\u017cy p\u0142at jaskrawo zabarwionej sk\u00f3ry znajduj\u0105cej si\u0119 poni\u017cej g\u0142owy jaszczurki zosta\u0142 zaprezentowany w ca\u0142ej swej okaza\u0142o\u015bci.<\/span><span id=\"gts_text_24\" class=\"gts_text\">Szczeg\u00f3lnie pi\u0119knie prezentuj\u0105 si\u0119 kameleony i anolisy.<\/span><span id=\"gts_text_25\" class=\"gts_text\">Wszystkie kameleony s\u0105 wielobarwne.<\/span><span id=\"gts_text_26\" class=\"gts_text\">Niekt\u00f3re desenie na sk\u00f3rze kameleon\u00f3w s\u0105 widoczne tylko w ultrafiolecie, \u015bwietle, kt\u00f3rego nie potrafi dostrzec ludzkie oko, widz\u0105 je jaszczurki.<\/span><\/p>\n<p><span id=\"gts_text_27\" class=\"gts_text\">Wi\u0119kszo\u015b\u0107 jaszczurek jest niegro\u017ana dla ludzi.<\/span><span id=\"gts_text_28\" class=\"gts_text\">Jedynie wi\u0119ksze gatunki mog\u0105 by\u0107 niebezpieczne.<\/span><span id=\"gts_text_29\" class=\"gts_text\">Waran z Komodo nieraz tropi, atakuje a nast\u0119pnie zabija cz\u0142owieka.<\/span><span id=\"gts_text_30\" class=\"gts_text\">Jad helodermy arizo\u0144skiej czy meksyka\u0144skiej zwykle nie jest \u015bmiertelny dla cz\u0142owieka, ale obie jaszczurki maj\u0105 silne szcz\u0119ki, kt\u00f3rymi mocno przytrzymuj\u0105 ofiar\u0119.<\/span><span id=\"gts_text_31\" class=\"gts_text\">Ugryzienie jest bardzo bolesne.<\/span><\/p>\n<p><span id=\"gts_text_32\" class=\"gts_text\">Wielu ludzi hoduje jaszczurki jako zwierz\u0119ta domowe ze wzgl\u0119du na urod\u0119 tych gad\u00f3w.<\/span><span id=\"gts_text_33\" class=\"gts_text\">Popularnym gatunkiem trzymanym w domach s\u0105 iguany.<\/span><\/p>\n","protected":false},"excerpt":{"rendered":"<p>Jaszczurki s\u0105 gadami.Na \u015bwiecie \u017cyje oko\u0142o 3800 gatunk\u00f3w jaszczurek.S\u0105 zwierz\u0119tami zmiennocieplnymi. Wyst\u0119puj\u0105 na wszystkich kontynentach i wi\u0119kszo\u015bci wysp ocenanicznych z wyj\u0105tkiem Antarktydy. Szczeg\u00f3lnie cz\u0119sto zamieszkuj\u0105 miejsca o ciep\u0142ym klimacie. Jaszczurki maj\u0105 sk\u00f3r\u0119 pokryt\u0105 \u0142uskami. Wymiana sk\u00f3ry nast\u0119puje przez ca\u0142y rok &#8211; jaszczurki nie zrzucaj\u0105 sk\u00f3ry &quot;na raz&quot;, jak w\u0119\u017ce, u jaszczurek wymiana sk\u00f3ry jest d\u0142ugotrwa\u0142ym &hellip; <a href=\"https:\/\/www.big-animals.com\/pl\/jaszczurki\/\" class=\"more-link\">Continue reading <span class=\"screen-reader-text\">Jaszczurki<\/span><\/a><\/p>\n","protected":false},"author":1,"featured_media":0,"parent":0,"menu_order":0,"comment_status":"closed","ping_status":"open","template":"","meta":{"_acf_changed":false,"footnotes":""},"acf":[],"_links":{"self":[{"href":"https:\/\/www.big-animals.com\/pl\/wp-json\/wp\/v2\/pages\/560"}],"collection":[{"href":"https:\/\/www.big-animals.com\/pl\/wp-json\/wp\/v2\/pages"}],"about":[{"href":"https:\/\/www.big-animals.com\/pl\/wp-json\/wp\/v2\/types\/page"}],"author":[{"embeddable":true,"href":"https:\/\/www.big-animals.com\/pl\/wp-json\/wp\/v2\/users\/1"}],"replies":[{"embeddable":true,"href":"https:\/\/www.big-animals.com\/pl\/wp-json\/wp\/v2\/comments?post=560"}],"version-history":[{"count":0,"href":"https:\/\/www.big-animals.com\/pl\/wp-json\/wp\/v2\/pages\/560\/revisions"}],"wp:attachment":[{"href":"https:\/\/www.big-animals.com\/pl\/wp-json\/wp\/v2\/media?parent=560"}],"curies":[{"name":"wp","href":"https:\/\/api.w.org\/{rel}","templated":true}]}}