{"id":563,"date":"2011-05-09T08:57:01","date_gmt":"2011-05-09T08:57:01","guid":{"rendered":""},"modified":"2015-03-05T09:53:59","modified_gmt":"2015-03-05T09:53:59","slug":"the-american-lobster-the-worlds-heaviest-arthropod","status":"publish","type":"page","link":"https:\/\/www.big-animals.com\/pl\/the-american-lobster-the-worlds-heaviest-arthropod\/","title":{"rendered":"Homar ameryka\u0144ski &#8211; najci\u0119\u017cszy stawon\u00f3g \u015bwiata"},"content":{"rendered":"<h3><span id=\"gts_text_1\" class=\"gts_text\">Informacje o homarze ameryka\u0144skim<\/span><\/h3>\n<p><span id=\"gts_text_2\" class=\"gts_text\">Homar ameryka\u0144ski, kt\u00f3rego naukowcy nazywaj\u0105 <em>homarus americanus<\/em> wyst\u0119puje wzd\u0142u\u017c wybrze\u017cy Atlantyku Ameryki P\u00f3\u0142nocnej.<\/span><span id=\"gts_text_3\" class=\"gts_text\">Zamieszkuje zimne i p\u0142ytkie wody o skalistym pod\u0142o\u017cu, gdzie mo\u017ce si\u0119 \u0142atwo ukry\u0107 przed drapie\u017cnikami.<\/span><span id=\"gts_text_4\" class=\"gts_text\">\u017bywi si\u0119 rybami, ma\u0142ymi skorupiakami i mi\u0119czakami.<\/span><span id=\"gts_text_5\" class=\"gts_text\">Jest aktywny w nocy a \u015bpi w ci\u0105gu dnia.<\/span><span id=\"gts_text_6\" class=\"gts_text\">Zwykle mierz\u0105 od 20 do 60 cm i wa\u017c\u0105 od 1\/2 kg do 4 kg<\/span><span id=\"gts_text_7\" class=\"gts_text\">, aczkolwiek z\u0142owiono okazy mierz\u0105ce ponad 1 metr i wa\u017c\u0105ce 22 kg i wi\u0119cej.<\/span><span id=\"gts_text_8\" class=\"gts_text\">To sprawia, \u017ce homar ameryka\u0144ski jest najci\u0119\u017cszym skorupiakiem- a nawet najci\u0119\u017cszym <a href=\"\/Arthropods.html\">stawonogiem<\/a> &#8211; na \u015bwiecie!<\/span><\/p>\n<p><span id=\"gts_text_9\" class=\"gts_text\">Homary ameryka\u0144skie s\u0105 skorupiakami.<\/span><span id=\"gts_text_10\" class=\"gts_text\"><a href=\"\/Crustaceans.html\">Skorupiaki<\/a> nale\u017c\u0105 do ogromnej grupy zwierz\u0105t, zwanej <span style=\"font-style: italic\">stawonogami<\/span>, do kt\u00f3rej zalicza si\u0119 miliony r\u00f3\u017cnych gatunk\u00f3w owad\u00f3w, jak r\u00f3wnie\u017c paj\u0105k\u00f3w, krocionog\u00f3w i skorupiak\u00f3w. Tak wi\u0119c homar ameryka\u0144ski jest najci\u0119\u017cszym spo\u015br\u00f3d milion\u00f3w zawodnik\u00f3w!<\/span><span id=\"gts_text_11\" class=\"gts_text\">Homar ameryka\u0144ski nale\u017cy do rz\u0119du skorupiak\u00f3w zwanych <span style=\"font-style: italic\">Dziesi\u0119cionogami<\/span>, czyli skorupiak\u00f3w o 10 odn\u00f3\u017cach, kt\u00f3ry obejmuje r\u00f3wnie\u017c wi\u0119kszo\u015b\u0107 znajomych nam skorupiak\u00f3w, takich jak kraby i krewetki.<\/span><span id=\"gts_text_12\" class=\"gts_text\">Aby odr\u00f3\u017cni\u0107 je od krab\u00f3w i krewetek, naukowcy wyr\u00f3\u017cniaj\u0105 w ramach Dziesi\u0119cionogich grup\u0119 <span style=\"font-style: italic\">rakowatych<\/span>, do kt\u00f3rej zalicza si\u0119 oko\u0142o 400 rodzai homara i raka.<\/span><span id=\"gts_text_13\" class=\"gts_text\">Tak wi\u0119c homar ameryka\u0144ski jest nie tylko najci\u0119\u017cszym Stawonogiem \u015bwiata, ale te\u017c:<\/span><\/p>\n<ul>\n<li><span id=\"gts_text_14\" class=\"gts_text\">Najci\u0119\u017cszym skorupiakiem na \u015bwiecie<\/span><\/li>\n<li><span id=\"gts_text_15\" class=\"gts_text\">Najci\u0119\u017cszym Dziesi\u0119cionogiem na \u015bwiecie<\/span><\/li>\n<li><span id=\"gts_text_16\" class=\"gts_text\">Najwi\u0119kszym i najci\u0119\u017cszym homarem na \u015bwiecie<\/span><\/li>\n<\/ul>\n<p><span id=\"gts_text_17\" class=\"gts_text\">Najwi\u0119kszym Dziesi\u0119cionogiem i skorupiakiem jest krab, <a href=\"\/Japanese-Spider-Crab.html\">Japo\u0144ski krab pacyficzny<\/a>.<\/span><span id=\"gts_text_18\" class=\"gts_text\">Jest on l\u017cejszy od homara ameryka\u0144skiego, ale jego d\u0142ugie patykowate nogi sprawiaj\u0105, \u017ce jest on niezwykle ogromny!<\/span><\/p>\n<h3><span id=\"gts_text_19\" class=\"gts_text\">Jak homary liniej\u0105<\/span><\/h3>\n<p><span style=\"width: 350px;float: right\"><br \/>\n<img loading=\"lazy\" decoding=\"async\" src=\"http:\/\/ba.dr-mikes-maths.com\/\/wp-content\/themes\/twentyten\/images\/ba\/american-lobster.jpg\" alt=\"American Lobster\" width=\"350\" height=\"230\" \/><br \/>\n<span id=\"gts_text_20\" class=\"gts_text\"><strong>Homar ameryka\u0144ski jest najci\u0119\u017cszym stawonogiem na \u015bwiecie!<\/strong><\/span><br \/>\n<\/span><br \/>\n<span id=\"gts_text_21\" class=\"gts_text\">Twardy pancerz homara nie ro\u015bnie, wi\u0119c homar musi go zrzuci\u0107 i zast\u0105pi\u0107 wi\u0119kszym pancerzem.<\/span><span id=\"gts_text_22\" class=\"gts_text\">Nazywa si\u0119 to <span style=\"font-style: italic\">linieniem<\/span>.<\/span><span id=\"gts_text_23\" class=\"gts_text\">Homary liniej\u0105 dwa lub trzy razy w roku gdy s\u0105 m\u0142ode ale tylko raz w roku lub nawet mniej kiedy s\u0105 starsze.<\/span><span id=\"gts_text_24\" class=\"gts_text\">Uznaje si\u0119 je za doros\u0142ych, gdy maj\u0105 od czterech do siedmiu lat.<\/span><span id=\"gts_text_25\" class=\"gts_text\">Linienie odbywa si\u0119 w nast\u0119puj\u0105cy spos\u00f3b- najpierw wyrasta nowy, mi\u0119kki pancerz bezpo\u015brednio pod starym.<\/span><span id=\"gts_text_26\" class=\"gts_text\">Nast\u0119pnie, stary pancerz staje si\u0119 bardzo twardy i ciemnieje, a\u017c wreszcie rozdziela si\u0119 i odpada.<\/span><span id=\"gts_text_27\" class=\"gts_text\">Homar nast\u0119pnie wyci\u0105ga swoje szczypce i ogon ze starego pancerza.<\/span><span id=\"gts_text_28\" class=\"gts_text\">Nowy pancerz si\u0119 powieksza i nast\u0119pnie twardnieje.<\/span><\/p>\n<h3><span id=\"gts_text_29\" class=\"gts_text\">Homar ameryka\u0144ski oczy, usta i nogi<\/span><\/h3>\n<p><span id=\"gts_text_30\" class=\"gts_text\">Maj\u0105 one d\u0142ugo pot\u0119\u017cne antena, kt\u00f3re pomaga im si\u0119 co si\u0119 dzieje wok\u00f3\u0142 nich. <\/span><span id=\"gts_text_31\" class=\"gts_text\">Maj\u0105 one pomaga specjalne organy sensorycznej homarca zlokalizowa\u0107 kierunku zapach. <\/span><span id=\"gts_text_32\" class=\"gts_text\">Mog\u0105 one r\u00f3wnie\u017c s\u0119dzia wody pr\u0119dko\u015bci. <\/span><span id=\"gts_text_33\" class=\"gts_text\">Maj\u0105 one amazing oczy i wielofunkcyjny usta. <\/span><span id=\"gts_text_34\" class=\"gts_text\">Usta nie jest tylko u\u017cywane do jedzenia i burrowing, mo\u017ce by\u0107 przekszta\u0142cone na klina do pchania \u017cwiru i piasku lub do transportu niewielkich ska\u0142 away. <\/span><span id=\"gts_text_35\" class=\"gts_text\">Ich uj\u015bcia nawet pom\u00f3c im do poruszania si\u0119 po po utracie ich pazury i wszystkie ich nogi podczas walki!<\/span><\/p>\n<p><span id=\"gts_text_36\" class=\"gts_text\">Pierwszej pary homarca dziesi\u0119ciu nogi s\u0105 nazywane pazury i zazwyczaj s\u0105 u\u017cywane do polowa\u0144 i walki. <\/span><span id=\"gts_text_37\" class=\"gts_text\">Nie s\u0105 one u\u017cywane do poruszania si\u0119. <\/span><span id=\"gts_text_38\" class=\"gts_text\">Pozosta\u0142ych osiem nogi s\u0105 u\u017cywane do chodzenia. <\/span><span id=\"gts_text_39\" class=\"gts_text\">Preferuj\u0105 \u017cy\u0107 samodzielnie. <\/span><span id=\"gts_text_40\" class=\"gts_text\">Je\u017celi spe\u0142nia dwa homar\u00f3w, one rozmiar zostanie wzajemnie w g\u00f3r\u0119. <\/span><span id=\"gts_text_41\" class=\"gts_text\">Zwykle jeden s\u0142absze i mniejszych b\u0119dzie odwrotu. <\/span><span id=\"gts_text_42\" class=\"gts_text\">Je\u015bli oba homar\u00f3w s\u0105 r\u00f3wnie silnej i du\u017ca, b\u0119d\u0105 one walki dop\u00f3ki jedna z nich nie zdecyduje si\u0119 na przekazanie. <\/span><span id=\"gts_text_43\" class=\"gts_text\">Jakie walki duchu!<\/span><\/p>\n<p><span id=\"gts_text_44\" class=\"gts_text\">Homar ameryka\u0144ski jaj i mog\u0105 \u017cy\u0107 dla maksymalnie 50 lat.<\/span><\/p>\n<h3><span id=\"gts_text_45\" class=\"gts_text\">Jedzenie homar\u00f3w<\/span><\/h3>\n<p><span id=\"gts_text_46\" class=\"gts_text\">Codfish mi\u0142o\u015bci do jedzenia tego rodzaju homarca, ale Kreatura eats wi\u0119kszo\u015bci homarca jest os\u00f3b. <\/span><span id=\"gts_text_47\" class=\"gts_text\">Ameryka\u0144ski homar\u00f3w s\u0105 popularne \u017cywno\u015bci. <\/span><span id=\"gts_text_48\" class=\"gts_text\">Mo\u017cna je gotowane i pop\u0142yn\u0105\u0142 &#8211; ale one powinny by\u0107 utrzymywane przy \u017cyciu a\u017c s\u0105 gotowane, tak jest otrzymywanie bardziej aktualnych. <\/span><span id=\"gts_text_49\" class=\"gts_text\">Jednak\u017ce mo\u017cna je bezpiecznie zamro\u017cone i sch\u0142odzone przed jedzeniem. <\/span><span id=\"gts_text_50\" class=\"gts_text\">Homary zazwyczaj s\u0105 gotowane aktywno\u015bci. <\/span><span id=\"gts_text_51\" class=\"gts_text\">Niekt\u00f3rzy ludzie znale\u017a\u0107 to zbyt okrutnego, wi\u0119c one odm\u00f3wi\u0107 je\u015b\u0107 je.<\/span><\/p>\n","protected":false},"excerpt":{"rendered":"<p>Informacje o homarze ameryka\u0144skim Homar ameryka\u0144ski, kt\u00f3rego naukowcy nazywaj\u0105 homarus americanus wyst\u0119puje wzd\u0142u\u017c wybrze\u017cy Atlantyku Ameryki P\u00f3\u0142nocnej.Zamieszkuje zimne i p\u0142ytkie wody o skalistym pod\u0142o\u017cu, gdzie mo\u017ce si\u0119 \u0142atwo ukry\u0107 przed drapie\u017cnikami.\u017bywi si\u0119 rybami, ma\u0142ymi skorupiakami i mi\u0119czakami.Jest aktywny w nocy a \u015bpi w ci\u0105gu dnia.Zwykle mierz\u0105 od 20 do 60 cm i wa\u017c\u0105 od 1\/2 &hellip; <a href=\"https:\/\/www.big-animals.com\/pl\/the-american-lobster-the-worlds-heaviest-arthropod\/\" class=\"more-link\">Continue reading <span class=\"screen-reader-text\">Homar ameryka\u0144ski &#8211; najci\u0119\u017cszy stawon\u00f3g \u015bwiata<\/span><\/a><\/p>\n","protected":false},"author":1,"featured_media":0,"parent":0,"menu_order":0,"comment_status":"closed","ping_status":"open","template":"","meta":{"_acf_changed":false,"footnotes":""},"acf":[],"_links":{"self":[{"href":"https:\/\/www.big-animals.com\/pl\/wp-json\/wp\/v2\/pages\/563"}],"collection":[{"href":"https:\/\/www.big-animals.com\/pl\/wp-json\/wp\/v2\/pages"}],"about":[{"href":"https:\/\/www.big-animals.com\/pl\/wp-json\/wp\/v2\/types\/page"}],"author":[{"embeddable":true,"href":"https:\/\/www.big-animals.com\/pl\/wp-json\/wp\/v2\/users\/1"}],"replies":[{"embeddable":true,"href":"https:\/\/www.big-animals.com\/pl\/wp-json\/wp\/v2\/comments?post=563"}],"version-history":[{"count":1,"href":"https:\/\/www.big-animals.com\/pl\/wp-json\/wp\/v2\/pages\/563\/revisions"}],"predecessor-version":[{"id":906,"href":"https:\/\/www.big-animals.com\/pl\/wp-json\/wp\/v2\/pages\/563\/revisions\/906"}],"wp:attachment":[{"href":"https:\/\/www.big-animals.com\/pl\/wp-json\/wp\/v2\/media?parent=563"}],"curies":[{"name":"wp","href":"https:\/\/api.w.org\/{rel}","templated":true}]}}