{"id":565,"date":"2011-05-09T09:00:48","date_gmt":"2011-05-09T09:00:48","guid":{"rendered":""},"modified":"2015-03-03T15:00:13","modified_gmt":"2015-03-03T15:00:13","slug":"albatros-wedrowny-ptak-o-najwiekszej-rozpietosci-skrzydel","status":"publish","type":"page","link":"https:\/\/www.big-animals.com\/pl\/albatros-wedrowny-ptak-o-najwiekszej-rozpietosci-skrzydel\/","title":{"rendered":"Albatros w\u0119drowny &#8211; ptak o najwi\u0119kszej rozpi\u0119to\u015bci skrzyde\u0142!"},"content":{"rendered":"<h3><span id=\"gts_text_1\" class=\"gts_text\">Jak du\u017cy jest albatros w\u0119drowny?<\/span><\/h3>\n<p><span id=\"gts_text_2\" class=\"gts_text\">Albatros w\u0119drowny to najwi\u0119kszy na \u015bwiecie ptak z rodziny albatros\u00f3w. <\/span><span id=\"gts_text_3\" class=\"gts_text\">Jest to r\u00f3wnie\u017c ptak o najwi\u0119kszej rozpi\u0119to\u015bci skrzyde\u0142 ze wszystkich wsp\u00f3\u0142cze\u015bnie \u017cyj\u0105cych <a title=\"Ptaki najwi\u0119kszy na \u015bwiecie!\" href=\"http:\/\/www.big-animals.com\/pl\/the-worlds-najwi%c4%99kszy-ptak%c3%b3w\/\">ptak\u00f3w<\/a>. <\/span><span id=\"gts_text_4\" class=\"gts_text\">Mierz\u0105c od jednego do drugiego ko\u0144ca, jego skrzyd\u0142a mog\u0105 osi\u0105ga\u0107 rozpi\u0119to\u015b\u0107 do 3,5 m! <\/span><span id=\"gts_text_5\" class=\"gts_text\">Fakt, \u017ce albatros w\u0119drowny jest r\u00f3wnie\u017c, jak na sw\u00f3j rozmiar, bardzo lekki (doros\u0142y osobnik mo\u017ce wa\u017cy\u0107\u00a0 6-12 kg) czyni go doskona\u0142ym lotnikiem. <img decoding=\"async\" style=\"width: 260px;height: 500px\" title=\"a typical human next to a typical ostrich\" src=\"http:\/\/ba.dr-mikes-maths.com\/\/wp-content\/themes\/twentyten\/images\/ba\/albatross-and-human.png\" alt=\"a picture showing the relatives sizes of a human and an ostrich\" \/> <span id=\"gts_text_6\" class=\"gts_text\"><\/span>Mo\u017ce on szybowa\u0107 przez kilka godzin bez poruszania skrzyd\u0142ami. <\/span><span id=\"gts_text_7\" class=\"gts_text\">Mo\u017ce sp\u0119dza\u0107 tygodnie nad otwartymi morzami, nawet nie dotykaj\u0105c ziemi.<\/span><\/p>\n<h3><span id=\"gts_text_8\" class=\"gts_text\">Legendy o albatrosie<\/span><\/h3>\n<p><span id=\"gts_text_9\" class=\"gts_text\">Albatrosy przez stulecia rozbudza\u0142y wyobra\u017ani\u0119 \u017ceglarzy. <\/span><span id=\"gts_text_10\" class=\"gts_text\">Odkrywcy \u017cegluj\u0105cy na Oceanie Po\u0142udniowym cz\u0119sto odczuwali rado\u015b\u0107 na widok albatrosa pojawiaj\u0105cego si\u0119 znik\u0105d\u00a0po\u015br\u00f3d m\u00f3rz. <\/span><span id=\"gts_text_11\" class=\"gts_text\">S\u0142ynny poemat, <em>Rymy o s\u0119dziwym marynarzu<\/em>, napisany przez Samuela Taylora Coleridge&#8217;a w 1798, opowiada o pechu, kt\u00f3ry prze\u015bladowa\u0142 za\u0142og\u0119 statku po tym, jak jeden z cz\u0142onk\u00f3w za\u0142ogi zastrzeli\u0142 albatrosa z kuszy.<\/span><\/p>\n<h3><span id=\"gts_text_12\" class=\"gts_text\">Albatrosy s\u0105 zagro\u017cone<\/span><\/h3>\n<p><span id=\"gts_text_13\" class=\"gts_text\">Albatrosy \u017cywi\u0105 si\u0119 ka\u0142amarnicami i ma\u0142ymi rybami. <\/span><span id=\"gts_text_14\" class=\"gts_text\">Zjadaj\u0105 r\u00f3wnie\u017c martwe ryby z powierzchni morza. Bardzo cz\u0119sto stada\u00a0<\/span><span id=\"gts_text_15\" class=\"gts_text\">albatros\u00f3w pod\u0105\u017caj\u0105 za \u0142odziami \u0142owi\u0105cymi tu\u0144czyki, kot\u0142uj\u0105c si\u0119 nad rozrzucon\u0105 przyn\u0119t\u0105. <\/span><span id=\"gts_text_16\" class=\"gts_text\">Czasem, kiedy hak z przyn\u0119t\u0105 nie tonie, albatros zostaje z\u0142apany i topi si\u0119. <\/span><span id=\"gts_text_17\" class=\"gts_text\">W latach dziewi\u0119\u0107dziesi\u0105tych niekt\u00f3rzy naukowcy obawiali si\u0119\u00a0ca\u0142kowitego wygini\u0119cia wszystkich rodzaj\u00f3w albatros\u00f3w. <\/span><span id=\"gts_text_18\" class=\"gts_text\">Od tego czasu ludzie szukaj\u0105 nowych sposob\u00f3w po\u0142owu tu\u0144czyka, lecz albatros w\u0119drowny pozostaje zagro\u017cony.<\/span><\/p>\n<h3><span id=\"gts_text_19\" class=\"gts_text\">Informacje o albatrosie<\/span><\/h3>\n<p><span id=\"gts_text_20\" class=\"gts_text\">Kiedy para w\u0119drownych albatros\u00f3w jest gotowa do z\u0142o\u017cenia jaj, buduje gniazdo o kszta\u0142cie przypominaj\u0105cym sto\u017cek. <\/span><span id=\"gts_text_21\" class=\"gts_text\">Nast\u0119pnie matka albatrosa sk\u0142ada pojedyncze jajo.\u00a0Dziecko a<\/span><span id=\"gts_text_22\" class=\"gts_text\">lbatrosa zjada oko\u0142o 100 kg \u017cywno\u015bci i ro\u015bnie staj\u0105c si\u0119 ci\u0119\u017cszym od swoich rodzic\u00f3w! <\/span><span id=\"gts_text_23\" class=\"gts_text\">Z pocz\u0105tkiem wiosny na p\u00f3\u0142kuli po\u0142udniowej po 10 miesi\u0105cach sp\u0119dzonych w gnie\u017adzie, ma\u0142y albatros wznosi si\u0119 ku niebu. <\/span><span id=\"gts_text_24\" class=\"gts_text\">Po okresie od 5 do 10 lat, wraca on do miejsca w kt\u00f3rym si\u0119 wyklu\u0142, aby za\u0142o\u017cy\u0107 w\u0142asn\u0105 rodzin\u0119. <\/span><span id=\"gts_text_25\" class=\"gts_text\">Niestety, to m\u0142ode albatrosy s\u0105 najbardziej nara\u017cone na trafienie na \u017cy\u0142k\u0119 przeznaczon\u0105 do po\u0142owu tu\u0144czyka.<\/span><\/p>\n<div style=\"text-align: center\"><img decoding=\"async\" style=\"width: 450px;height: 330px\" title=\"Wandering albatross\" src=\"http:\/\/ba.dr-mikes-maths.com\/\/wp-content\/themes\/twentyten\/images\/ba\/wandering-albatross.jpg\" alt=\"Wandering albatross\" \/><\/div>\n","protected":false},"excerpt":{"rendered":"<p>Jak du\u017cy jest albatros w\u0119drowny? Albatros w\u0119drowny to najwi\u0119kszy na \u015bwiecie ptak z rodziny albatros\u00f3w. Jest to r\u00f3wnie\u017c ptak o najwi\u0119kszej rozpi\u0119to\u015bci skrzyde\u0142 ze wszystkich wsp\u00f3\u0142cze\u015bnie \u017cyj\u0105cych ptak\u00f3w. Mierz\u0105c od jednego do drugiego ko\u0144ca, jego skrzyd\u0142a mog\u0105 osi\u0105ga\u0107 rozpi\u0119to\u015b\u0107 do 3,5 m! Fakt, \u017ce albatros w\u0119drowny jest r\u00f3wnie\u017c, jak na sw\u00f3j rozmiar, bardzo lekki (doros\u0142y &hellip; <a href=\"https:\/\/www.big-animals.com\/pl\/albatros-wedrowny-ptak-o-najwiekszej-rozpietosci-skrzydel\/\" class=\"more-link\">Continue reading <span class=\"screen-reader-text\">Albatros w\u0119drowny &#8211; ptak o najwi\u0119kszej rozpi\u0119to\u015bci skrzyde\u0142!<\/span><\/a><\/p>\n","protected":false},"author":1,"featured_media":0,"parent":0,"menu_order":0,"comment_status":"closed","ping_status":"open","template":"","meta":{"_acf_changed":false,"footnotes":""},"acf":[],"_links":{"self":[{"href":"https:\/\/www.big-animals.com\/pl\/wp-json\/wp\/v2\/pages\/565"}],"collection":[{"href":"https:\/\/www.big-animals.com\/pl\/wp-json\/wp\/v2\/pages"}],"about":[{"href":"https:\/\/www.big-animals.com\/pl\/wp-json\/wp\/v2\/types\/page"}],"author":[{"embeddable":true,"href":"https:\/\/www.big-animals.com\/pl\/wp-json\/wp\/v2\/users\/1"}],"replies":[{"embeddable":true,"href":"https:\/\/www.big-animals.com\/pl\/wp-json\/wp\/v2\/comments?post=565"}],"version-history":[{"count":17,"href":"https:\/\/www.big-animals.com\/pl\/wp-json\/wp\/v2\/pages\/565\/revisions"}],"predecessor-version":[{"id":884,"href":"https:\/\/www.big-animals.com\/pl\/wp-json\/wp\/v2\/pages\/565\/revisions\/884"}],"wp:attachment":[{"href":"https:\/\/www.big-animals.com\/pl\/wp-json\/wp\/v2\/media?parent=565"}],"curies":[{"name":"wp","href":"https:\/\/api.w.org\/{rel}","templated":true}]}}