{"id":567,"date":"2011-05-09T09:04:06","date_gmt":"2011-05-09T09:04:06","guid":{"rendered":""},"modified":"2011-05-09T09:04:06","modified_gmt":"2011-05-09T09:04:06","slug":"hatteria","status":"publish","type":"page","link":"https:\/\/www.big-animals.com\/pl\/hatteria\/","title":{"rendered":"Hatteria"},"content":{"rendered":"<p><span id=\"gts_text_1\" class=\"gts_text\">Hatteria jest <a href=\"http:\/\/www.big-animals.com\/the-worlds-biggest-reptiles\/\">gad\u00f3w<\/a> , kt\u00f3ry jest rodzimy na Nowej Zelandii. <\/span><span id=\"gts_text_2\" class=\"gts_text\">Wygl\u0105da jak jaszczurki, ale nie jest jaszczurki. <\/span><span id=\"gts_text_3\" class=\"gts_text\">S\u0105 one unikatowe, poniewa\u017c s\u0105 one tylko renty staro\u017cytnej grupy gad\u00f3w, kt\u00f3ry by\u0142 na ziemi w tym samym czasie jako dinozaur\u00f3w. <\/span><span id=\"gts_text_4\" class=\"gts_text\">Wi\u0119kszo\u015b\u0107 z nich boni\u0144ski long long ago, pozostawiaj\u0105c tylko kilka na Nowej Zelandii. <\/span><span id=\"gts_text_5\" class=\"gts_text\">Tuataras nosi\u0142o nazw\u0119 <em>skamienia\u0142o\u015bci \u017cycia<\/em>. <\/span><span id=\"gts_text_6\" class=\"gts_text\">\u017byj\u0105 mo\u017ce by\u0107 ponad 100 lat. <\/span><span id=\"gts_text_7\" class=\"gts_text\">\u015aredniej \u017cywotno\u015bci jest oko\u0142o 60 lat.<\/span><\/p>\n<p><span id=\"gts_text_8\" class=\"gts_text\">Istniej\u0105 tylko dwa gatunki tuataras na ca\u0142ym \u015bwiecie! <\/span><span id=\"gts_text_9\" class=\"gts_text\">Hatteria Cook Strait (naukowcy wywo\u0142a\u0107 j\u0105 <em>Sphenodon punctatus<\/em>) jest wi\u0119kszy ni\u017c Hatteria Brother Island, tak pobiera przywilej Hatteria najwi\u0119kszy na \u015bwiecie.<\/span><\/p>\n<figure id=\"attachment_408\" aria-describedby=\"caption-attachment-408\" style=\"width: 300px\" class=\"wp-caption alignright\"><a href=\"http:\/\/www.big-animals.com\/wp-content\/uploads\/2011\/02\/Tuatara_And_Human1.png\"><img loading=\"lazy\" decoding=\"async\" class=\"size-medium wp-image-408\" title=\"Tuatara And Human\" src=\"http:\/\/www.big-animals.com\/wp-content\/uploads\/2011\/02\/Tuatara_And_Human1-300x159.png\" alt=\"Tuatara And Human\" width=\"300\" height=\"159\" \/><\/a><figcaption id=\"caption-attachment-408\" class=\"wp-caption-text\">Tuatara And Human<\/figcaption><\/figure>\n<h3><span id=\"gts_text_10\" class=\"gts_text\">Hatteria siedliska i dieta<\/span><\/h3>\n<p><span id=\"gts_text_11\" class=\"gts_text\">Tuataras przetrwa\u0142 r\u00f3wnie\u017c w Nowej Zelandii z powodu zimnym klimacie. <\/span><span id=\"gts_text_12\" class=\"gts_text\">One nie przetrwa\u0107 r\u00f3wnie\u017c, gdy temperatura przechodzi powy\u017cej 28 C (82F). <\/span><span id=\"gts_text_13\" class=\"gts_text\">One podoba si\u0119 poni\u017cej 5 C (41F). <\/span><span id=\"gts_text_14\" class=\"gts_text\">Jednak\u017ce bask w s\u0142o\u0144cu ogrza\u0107 ich organ\u00f3w. <\/span><span id=\"gts_text_15\" class=\"gts_text\">Baby tuataras ukry\u0107 dzienniki i kamienie. <\/span><span id=\"gts_text_16\" class=\"gts_text\">Tuataras doros\u0142ego s\u0105 aktywne w nocy i u\u015bpienia w ci\u0105gu dnia. <\/span><span id=\"gts_text_17\" class=\"gts_text\">Polowanie na noc, a jedz\u0105 owady (szczeg\u00f3lnie wetas), robaki, slugs, millipedes &#8211; i tuataras m\u0142odych! <\/span><span id=\"gts_text_18\" class=\"gts_text\">Do unikni\u0119cia, staj\u0105c si\u0119 na przek\u0105ski dla merciless Hatteria doros\u0142ych, m\u0142odych tuataras ukry\u0107 i odpoczynek noc\u0105 i tylko come out w dziennych.<\/span><\/p>\n<p><span id=\"gts_text_19\" class=\"gts_text\">Tuataras s\u0105 w stanie przetrwa\u0107 w znacznie ni\u017cszych temperaturach ni\u017c inne gad\u00f3w. <\/span><span id=\"gts_text_20\" class=\"gts_text\">Hibernacji w zimie, ale pozostaj\u0105 aktywne, nawet je\u015bli temperatura spadnie do 5 C (41F). <\/span><span id=\"gts_text_21\" class=\"gts_text\">Hatteria jest najbardziej wygodne, gdy temperatura jest mi\u0119dzy 16 C do 21C (61F do 70F). <\/span><span id=\"gts_text_22\" class=\"gts_text\">Jest to Nearly dla wszelkich innych gad\u00f3w! <\/span><span id=\"gts_text_23\" class=\"gts_text\">Temperatura cia\u0142a Hatteria jest oko\u0142o 5 C &#8211; 11 C (41F-52F), ale wi\u0119kszo\u015b\u0107 gad\u00f3w mie\u0107 temperatury cia\u0142a oko\u0142o 20 C (68F). <\/span><span id=\"gts_text_24\" class=\"gts_text\">Tuataras mie\u0107 organ niskie temperatury, poniewa\u017c u\u017cywaj\u0105 energii bardzo powoli.<\/span><\/p>\n<h3><span id=\"gts_text_25\" class=\"gts_text\">Hatteria fakty<\/span><\/h3>\n<p><span id=\"gts_text_26\" class=\"gts_text\">Matka tuataras okre\u015bli\u0107 ich o mi\u0119kkiej skorupie jaja raz na 4 lata. <\/span><span id=\"gts_text_27\" class=\"gts_text\">Jaja podj\u0105\u0107 12-15 miesi\u0119cy do kreskowania. <\/span><span id=\"gts_text_28\" class=\"gts_text\">Cieplej jaja maj\u0105 tendencj\u0119 do kreskowania do Samiec hatterii i ch\u0142odnicy jaja wyl\u0119gaj\u0105 sie do samic Hatteria. <\/span><span id=\"gts_text_29\" class=\"gts_text\">Ze wzgl\u0119du na globalne ocieplenie, naukowcy przewidywania, \u017ce NZ b\u0119dzie w przysz\u0142o\u015bci maj\u0105 wiele samc\u00f3w tuataras instaead z tuataras kobiet. <\/span><span id=\"gts_text_30\" class=\"gts_text\">Je\u015bli nie ma wystarczaj\u0105cej ilo\u015bci \u017ce\u0144ski tuataras, Hatteria mo\u017ce przej\u015b\u0107 wymar\u0142y!<\/span><\/p>\n<p><span id=\"gts_text_31\" class=\"gts_text\">Tuataras czasami inwazji seabird burrow i jedzenia jaj i kurcz\u0105t seabird. <\/span><span id=\"gts_text_32\" class=\"gts_text\">Czasami r\u00f3wnie\u017c b\u0119d\u0105 one uczyni\u0107 burrows dla siebie. <\/span><span id=\"gts_text_33\" class=\"gts_text\">Ich uk\u0105szenie mo\u017ce spowodowa\u0107 powa\u017cne szkody. <\/span><span id=\"gts_text_34\" class=\"gts_text\">Uwa\u017caj! <\/span><span id=\"gts_text_35\" class=\"gts_text\">Tuataras b\u0119dzie bite po przej\u015bciu blisko nich. <\/span><span id=\"gts_text_36\" class=\"gts_text\">One mog\u0105 nie let go \u0142atwo.<\/span><\/p>\n<p><span id=\"gts_text_37\" class=\"gts_text\">Samiec hatterii mo\u017cna zmierzy\u0107 do oko\u0142o 61 cm d\u0142ugo\u015bci (24 cale) i \u017ce\u0144ski Hatteria jest oko\u0142o 45 cm (18 cali). <\/span><span id=\"gts_text_38\" class=\"gts_text\">Zoo w San Diego zg\u0142osi\u0142 nawet tuataras uprawy do 80 cm (32 cale). <\/span><span id=\"gts_text_39\" class=\"gts_text\">Samiec hatterii wa\u017cy oko\u0142o 1 kg (2.2 lb) i samice s\u0105 o po\u0142ow\u0119 \u017ce.<\/span><\/p>\n<figure id=\"attachment_409\" aria-describedby=\"caption-attachment-409\" style=\"width: 300px\" class=\"wp-caption alignleft\"><a href=\"http:\/\/www.big-animals.com\/wp-content\/uploads\/2011\/02\/Tuatara.jpg\"><img loading=\"lazy\" decoding=\"async\" class=\"size-medium wp-image-409 \" title=\"Tuatara - Not a Lizard\" src=\"http:\/\/www.big-animals.com\/wp-content\/uploads\/2011\/02\/Tuatara-300x211.jpg\" alt=\"Tuatara - Not a Lizard\" width=\"300\" height=\"211\" \/><\/a><figcaption id=\"caption-attachment-409\" class=\"wp-caption-text\">A Picture of a Tuatara - Not a Lizard!<\/figcaption><\/figure>\n<p><span id=\"gts_text_40\" class=\"gts_text\">Tuataras maj\u0105 prominentnych szczytu kolczasta wzd\u0142u\u017c szyi i d\u00f3\u0142 tylnej. <\/span><span id=\"gts_text_41\" class=\"gts_text\">Dlatego te\u017c s\u0105 one nazywane <em>Hatteria<\/em> co oznacza w j\u0119zyku Maori <em>pik\u00f3w na odwrocie<\/em> . <\/span><span id=\"gts_text_42\" class=\"gts_text\">Ten kolczasta szczytu jest u\u017cywany w walki z innych samc\u00f3w. <\/span><span id=\"gts_text_43\" class=\"gts_text\">Crest \u2013 tr\u00f3jk\u0105tne. <\/span><span id=\"gts_text_44\" class=\"gts_text\">Samce maj\u0105 crests wi\u0119ksze od samic. <\/span><span id=\"gts_text_45\" class=\"gts_text\">Komitetu crest mo\u017ce by\u0107 usztywnione aby go wi\u0119kszy.<\/span><\/p>\n<p><span id=\"gts_text_46\" class=\"gts_text\">Tuataras ma bardzo interesuj\u0105ce Uk\u0142ad z\u0119b\u00f3w &#8211; dwa wiersze w g\u00f3rnej szcz\u0119ki i jeden wiersz na dolnej szcz\u0119ki. <\/span><span id=\"gts_text_47\" class=\"gts_text\">Porada g\u00f3rnej szcz\u0119ki przypomina nieco dzi\u00f3b. <\/span><span id=\"gts_text_48\" class=\"gts_text\">Dolny rz\u0105d mie\u015bci si\u0119 mi\u0119dzy dwa wiersze g\u00f3rnej z\u0119b\u00f3w przy uj\u015bciu jest zamkni\u0119ty. <\/span><span id=\"gts_text_49\" class=\"gts_text\">Niniejszego Porozumienia, z\u0119by nie zostanie znaleziony w innych gad\u00f3w. <\/span><span id=\"gts_text_50\" class=\"gts_text\">Mimo \u017ce w\u0119\u017ce maj\u0105 podw\u00f3jnych rz\u0119d\u00f3w z\u0119b\u00f3w w ich g\u00f3rnej szcz\u0119ki, s\u0105 one rozmieszczone inaczej od Hatteria z\u0119b\u00f3w. <\/span><span id=\"gts_text_51\" class=\"gts_text\">G\u00f3rnej i dolnej szcz\u0119ki s\u0105 po\u0142\u0105czone przez Wi\u0119zad\u0142o. <\/span><span id=\"gts_text_52\" class=\"gts_text\">Tuataras \u017cucie przesuwaj\u0105c ich szcz\u0119ki do ty\u0142u i do przodu jak r\u00f3wnie\u017c w g\u00f3r\u0119 i w d\u00f3\u0142. <\/span><span id=\"gts_text_53\" class=\"gts_text\">Pomo\u017ce im to \u015acinanie poprzez twarde zewn\u0119trzne warstwy i ko\u015bci ofiar\u0105 z ich silnego uk\u0105szenie. <\/span><span id=\"gts_text_54\" class=\"gts_text\">Niestety ich z\u0119by nie s\u0105 wymienne. <\/span><span id=\"gts_text_55\" class=\"gts_text\">W zwi\u0105zku z kt\u00f3r\u0105 starszych tuataras trzeba zmieni\u0107 ich diety na mi\u0119kko drapie\u017cne jak d\u017cd\u017cownic, larwy i slugs podczas ich z\u0119by nosi\u0107 w d\u00f3\u0142. <\/span><span id=\"gts_text_56\" class=\"gts_text\">Te stare tuataras wejdzie do punktu, gdzie b\u0119d\u0105 musia\u0142y \u017cucie ich \u017cywno\u015bci mi\u0119dzy g\u0142adkie szcz\u0119ki. <\/span><span id=\"gts_text_57\" class=\"gts_text\">Dotychczas nikt nie wymy\u015bli\u0142 z\u0119b\u00f3w false dla tuataras!<\/span><\/p>\n<h3><span id=\"gts_text_58\" class=\"gts_text\">Hatteria Third Eye<\/span><\/h3>\n<p><span id=\"gts_text_59\" class=\"gts_text\">Tuataras maj\u0105 oczy 3!! <\/span><span id=\"gts_text_60\" class=\"gts_text\">The third eye jest r\u00f3\u017cne od innych &#8211; jest w ma\u0142ych, w g\u00f3rnej cz\u0119\u015bci g\u0142owy, pod sk\u00f3r\u0105 u doros\u0142ych &#8211; jest tylko widoczne na dziecko tuataras. <\/span><span id=\"gts_text_61\" class=\"gts_text\">Nie mo\u017cna zobaczy\u0107 co\u015b znacznie, powiedz r\u00f3\u017cnica mi\u0119dzy ciemnym i \u015bwiat\u0142a. <\/span><span id=\"gts_text_62\" class=\"gts_text\">Chocia\u017c tuataras nie b\u0119bna ucha i nie otw\u00f3r ucha, one nadal mo\u017cna us\u0142ysze\u0107.<\/span><\/p>\n<h3><span id=\"gts_text_63\" class=\"gts_text\">Nazwy Scientfiic z Tuataras<\/span><\/h3>\n<p><span id=\"gts_text_64\" class=\"gts_text\">Istniej\u0105 dwa gatunki tuataras. <\/span><span id=\"gts_text_65\" class=\"gts_text\">Po pierwsze jest Hatteria Cook Strait (naukowcy wywo\u0142a\u0107 j\u0105 <em>Sphenodon punctatus<\/em>). <\/span><span id=\"gts_text_66\" class=\"gts_text\">Te \u017cyj\u0105 na Stephens Island. <\/span><span id=\"gts_text_67\" class=\"gts_text\">Ich zakres kolor\u00f3w z zielonych oliwek poprzez szary ciemny kolor r\u00f3\u017cowy lub czerwonej ceg\u0142y. <\/span><span id=\"gts_text_68\" class=\"gts_text\">One s\u0105 nakropione, cz\u0119sto z bia\u0142ych plam, kt\u00f3ry jest, gdy otrzyma ich nazwa <em>Punctatus<\/em>, kt\u00f3ry jest \u0141aci\u0144skiej dla &#8220;plamkami&#8221;. <\/span><span id=\"gts_text_69\" class=\"gts_text\">Po drugie jest brat Hatteria Island, nazywane <em>Sphenodon po\u0142\u00f3w<\/em>. <\/span><span id=\"gts_text_70\" class=\"gts_text\">S\u0105 one znacznie rzadszych. <\/span><span id=\"gts_text_71\" class=\"gts_text\">Wyst\u0119puj\u0105 na wyspie Brothers w cie\u015bninie Cooka. <\/span><span id=\"gts_text_72\" class=\"gts_text\">Cie\u015bnina Cooka jest odst\u0119p mi\u0119dzy North Island i Wyspy Po\u0142udniowej Nowej Zelandii. <\/span><span id=\"gts_text_73\" class=\"gts_text\">S\u0105 one mniej i s\u0105 one mniejsze ni\u017c Hatteria Cook Strait. <\/span><span id=\"gts_text_74\" class=\"gts_text\">Tuataras Island brat maj\u0105 oliwek sk\u00f3ry br\u0105zowe z \u017c\u00f3\u0142taw\u0105 poprawki.<\/span><\/p>\n<p><span id=\"gts_text_75\" class=\"gts_text\">Mapa poni\u017cej pokazuje Cie\u015bniny Cooka, z kt\u00f3rych najwi\u0119kszy na \u015bwiecie Hatteria pobiera jego nazw\u0119.<\/span><\/p>\n<p style=\"text-align: center;\"><span id=\"gts_text_76\" class=\"gts_text\">[map:http:\/\/maps.google.com.au\/maps?sll=-40.900557,174.885971 &amp; sspn = 12.151905, 28.54248 &amp; = ll-41.319076,174.671631 &amp; spn = 6.039254, 14.27124 &amp; t = h]<\/span><\/p>\n<p><span id=\"gts_text_77\" class=\"gts_text\">Hatteria oliwek zielonych i kolorowanie oliwek br\u0105zowy pomaga je do bardzo dobrze dopasowa\u0107 ich otoczeniu. <\/span><span id=\"gts_text_78\" class=\"gts_text\">S\u0105 mogli Ukryj przed drapie\u017cnikami. <\/span><span id=\"gts_text_79\" class=\"gts_text\">Mo\u017cna zmieni\u0107 kolor nad ich istnienia &#8211; one rozsiewany sk\u00f3ry co najmniej raz do roku jako 3 do 4 razy do roku kiedy s\u0105 one m\u0142odych i doros\u0142ych.<\/span><\/p>\n<p><span id=\"gts_text_80\" class=\"gts_text\">Tuataras raz mieszka\u0142 na kontynencie Nowej Zelandii, ale poszli tam wymar\u0142y, poniewa\u017c po utracie ich siedliska i wiele jedli g\u00f3r\u0119 szczur\u00f3w. <\/span><span id=\"gts_text_81\" class=\"gts_text\">Do Nowej Zelandii te Pacific szczur\u00f3w (Kiore) zosta\u0142y wniesione przez cz\u0142owieka, kt\u00f3ry przyby\u0142 w Nowej Zelandii z o 1250-1300AD. <\/span><span id=\"gts_text_82\" class=\"gts_text\">Teraz tuataras tylko znajduj\u0105 si\u0119 na 32 przybrze\u017cnych Wysp, kt\u00f3re maj\u0105 nie szczur\u00f3w, w cie\u015bninie Cooka i wy\u0142\u0105czy\u0107 p\u00f3\u0142nocno-wschodniej wybrze\u017cu Wyspy P\u00f3\u0142nocnej. <\/span><span id=\"gts_text_83\" class=\"gts_text\">Ca\u0142kowit\u0105 populacj\u0119 gatunk\u00f3w Hatteria i podgatunek jest mi\u0119dzy 60 000 do 100 000.<\/span><\/p>\n<p><span id=\"gts_text_84\" class=\"gts_text\">W 2005 70 doros\u0142ych tuataras zosta\u0142y przeniesione do silnie ogrodzonych Santuary Wildlife Wellington w Wellington za zranione. <\/span><span id=\"gts_text_85\" class=\"gts_text\">Istnieje kilka Hatteria hodowlanych program\u00f3w w Nowej Zelandii. <\/span><span id=\"gts_text_86\" class=\"gts_text\">Na przyk\u0142ad Southland Muzeum i Galeria sztuki w Invercargill by\u0142 pierwszym, kt\u00f3ry program hodowli Hatteria. <\/span><span id=\"gts_text_87\" class=\"gts_text\">One rasy Sphenodon Punctatus. <\/span><span id=\"gts_text_88\" class=\"gts_text\">Hamilton Zoo i Wellington Zoo r\u00f3wnie\u017c rasy Hatteria i nast\u0119pnie zwolnij je do \u015brodowiska naturalnego, gdy s\u0105 one zdolne do wychowuj\u0105ce sami.<\/span><\/p>\n","protected":false},"excerpt":{"rendered":"<p>Hatteria jest gad\u00f3w , kt\u00f3ry jest rodzimy na Nowej Zelandii. Wygl\u0105da jak jaszczurki, ale nie jest jaszczurki. S\u0105 one unikatowe, poniewa\u017c s\u0105 one tylko renty staro\u017cytnej grupy gad\u00f3w, kt\u00f3ry by\u0142 na ziemi w tym samym czasie jako dinozaur\u00f3w. Wi\u0119kszo\u015b\u0107 z nich boni\u0144ski long long ago, pozostawiaj\u0105c tylko kilka na Nowej Zelandii. Tuataras nosi\u0142o nazw\u0119 skamienia\u0142o\u015bci &hellip; <a href=\"https:\/\/www.big-animals.com\/pl\/hatteria\/\" class=\"more-link\">Continue reading <span class=\"screen-reader-text\">Hatteria<\/span><\/a><\/p>\n","protected":false},"author":1,"featured_media":0,"parent":0,"menu_order":0,"comment_status":"closed","ping_status":"open","template":"","meta":{"_acf_changed":false,"footnotes":""},"acf":[],"_links":{"self":[{"href":"https:\/\/www.big-animals.com\/pl\/wp-json\/wp\/v2\/pages\/567"}],"collection":[{"href":"https:\/\/www.big-animals.com\/pl\/wp-json\/wp\/v2\/pages"}],"about":[{"href":"https:\/\/www.big-animals.com\/pl\/wp-json\/wp\/v2\/types\/page"}],"author":[{"embeddable":true,"href":"https:\/\/www.big-animals.com\/pl\/wp-json\/wp\/v2\/users\/1"}],"replies":[{"embeddable":true,"href":"https:\/\/www.big-animals.com\/pl\/wp-json\/wp\/v2\/comments?post=567"}],"version-history":[{"count":0,"href":"https:\/\/www.big-animals.com\/pl\/wp-json\/wp\/v2\/pages\/567\/revisions"}],"wp:attachment":[{"href":"https:\/\/www.big-animals.com\/pl\/wp-json\/wp\/v2\/media?parent=567"}],"curies":[{"name":"wp","href":"https:\/\/api.w.org\/{rel}","templated":true}]}}