{"id":569,"date":"2011-05-09T09:04:40","date_gmt":"2011-05-09T09:04:40","guid":{"rendered":""},"modified":"2015-03-03T14:55:17","modified_gmt":"2015-03-03T14:55:17","slug":"404-2","status":"publish","type":"page","link":"https:\/\/www.big-animals.com\/pl\/404-2\/","title":{"rendered":"404"},"content":{"rendered":"<h1><span id=\"gts_text_1\" class=\"gts_text\">O nie!<\/span><\/h1>\n<h4><span id=\"gts_text_2\" class=\"gts_text\">Przepraszamy ale strona, kt\u00f3rej szuka\u0142e\u015b\u00a0nie istnieje.<\/span><\/h4>\n<p><span id=\"gts_text_3\" class=\"gts_text\">U\u017cyj menu lub pola wyszukiwania. Mamy nadziej\u0119, \u017ce znajdziesz to, czego szuka\u0142e\u015b.<\/span><\/p>\n","protected":false},"excerpt":{"rendered":"<p>O nie! Przepraszamy ale strona, kt\u00f3rej szuka\u0142e\u015b\u00a0nie istnieje. U\u017cyj menu lub pola wyszukiwania. Mamy nadziej\u0119, \u017ce znajdziesz to, czego szuka\u0142e\u015b.<\/p>\n","protected":false},"author":1,"featured_media":0,"parent":0,"menu_order":0,"comment_status":"closed","ping_status":"open","template":"","meta":{"_acf_changed":false,"footnotes":""},"acf":[],"_links":{"self":[{"href":"https:\/\/www.big-animals.com\/pl\/wp-json\/wp\/v2\/pages\/569"}],"collection":[{"href":"https:\/\/www.big-animals.com\/pl\/wp-json\/wp\/v2\/pages"}],"about":[{"href":"https:\/\/www.big-animals.com\/pl\/wp-json\/wp\/v2\/types\/page"}],"author":[{"embeddable":true,"href":"https:\/\/www.big-animals.com\/pl\/wp-json\/wp\/v2\/users\/1"}],"replies":[{"embeddable":true,"href":"https:\/\/www.big-animals.com\/pl\/wp-json\/wp\/v2\/comments?post=569"}],"version-history":[{"count":5,"href":"https:\/\/www.big-animals.com\/pl\/wp-json\/wp\/v2\/pages\/569\/revisions"}],"predecessor-version":[{"id":881,"href":"https:\/\/www.big-animals.com\/pl\/wp-json\/wp\/v2\/pages\/569\/revisions\/881"}],"wp:attachment":[{"href":"https:\/\/www.big-animals.com\/pl\/wp-json\/wp\/v2\/media?parent=569"}],"curies":[{"name":"wp","href":"https:\/\/api.w.org\/{rel}","templated":true}]}}