{"id":573,"date":"2011-05-09T09:08:47","date_gmt":"2011-05-09T09:08:47","guid":{"rendered":""},"modified":"2011-05-09T09:08:47","modified_gmt":"2011-05-09T09:08:47","slug":"morze-sk%c3%b3rzasty","status":"publish","type":"page","link":"https:\/\/www.big-animals.com\/pl\/morze-sk%c3%b3rzasty\/","title":{"rendered":"\u017b\u00f3\u0142w morski leatherback"},"content":{"rendered":"<p><span id=\"gts_text_1\" class=\"gts_text\">\u017b\u00f3\u0142w sk\u00f3rzasty morza jest najwi\u0119ksz\u0105 z wszystkich \u017cywych <a href=\"http:\/\/www.big-animals.com\/turtles-and-tortoises\/\">\u017c\u00f3\u0142wi morskich<\/a> i czwartym najwi\u0119kszym \u017cycia <a href=\"http:\/\/www.big-animals.com\/the-worlds-biggest-reptiles\/\">gad\u00f3w<\/a> po niekt\u00f3rych crocodiles i alligators. <\/span><span id=\"gts_text_2\" class=\"gts_text\">Ogromne \u017b\u00f3\u0142w sk\u00f3rzasty Morza posiada \u015brednia d\u0142ugo\u015b\u0107 1-2 metr\u00f3w (6-12) i wa\u017cy 250-700 kg (550-1500 lb). <\/span><span id=\"gts_text_3\" class=\"gts_text\">Doros\u0142ych \u017b\u00f3\u0142w sk\u00f3rzasty morza jest d\u0142u\u017cszy ni\u017c cz\u0142owiek \u015bredni rozmiar.\u00a0The <\/span><span id=\"gts_text_4\" class=\"gts_text\">najwi\u0119kszy kiedykolwiek stwierdzono ponad 3 metr\u00f3w (18 metr\u00f3w) z g\u0142owy ogona i wytarowany kilogram\u00f3w 916 (2019 lb). <\/span><span id=\"gts_text_5\" class=\"gts_text\">Ustalono na pla\u017cy na zachodnim wybrze\u017cu Walii.<\/span><\/p>\n<h3><span id=\"gts_text_6\" class=\"gts_text\">Fakty \u017c\u00f3\u0142w morski leatherback<\/span><\/h3>\n<p><span id=\"gts_text_7\" class=\"gts_text\">To gigantyczne \u017b\u00f3\u0142w nazywa \u017b\u00f3\u0142w sk\u00f3rzasty morza, poniewa\u017c jego pow\u0142oki przypomina grubo\u015bci sk\u00f3ry sk\u00f3rzaste. <\/span><span id=\"gts_text_8\" class=\"gts_text\">It feels like gumy twardej. <\/span><span id=\"gts_text_9\" class=\"gts_text\">To karnacji sk\u00f3rzaste sprawia, \u017ce morza sk\u00f3rzasty r\u00f3\u017cni si\u0119 od innych \u017c\u00f3\u0142wi morskich, kt\u00f3re maj\u0105 bony skorup. <\/span><span id=\"gts_text_10\" class=\"gts_text\">Posiada siedem grzbiety odr\u0119bne na g\u00f3rnej cz\u0119\u015bci kopulaste pow\u0142oki. <\/span><span id=\"gts_text_11\" class=\"gts_text\">Grzbiety Krzy\u017c od przodu do ty\u0142u szyi \u017c\u00f3\u0142wi. <\/span><span id=\"gts_text_12\" class=\"gts_text\">Te grzbiety i du\u017cych oliwnej w kszta\u0142cie cia\u0142a pomocy \u017c\u00f3\u0142wie Aby konwertery glide p\u0142ynnie na wodzie. <\/span><span id=\"gts_text_13\" class=\"gts_text\">\u017b\u00f3\u0142w wstecz jest ciemne szarego do czarnego z partii bia\u0142ych plam na nim.<\/span><\/p>\n<figure id=\"attachment_342\" aria-describedby=\"caption-attachment-342\" style=\"width: 300px\" class=\"wp-caption alignleft\"><a href=\"http:\/\/www.big-animals.com\/wp-content\/uploads\/2011\/02\/Letherback-Laying-Eggs.jpg\"><img loading=\"lazy\" decoding=\"async\" class=\"size-medium wp-image-342 \" title=\"Leatherback Turtle Laying Eggs - The Leatherback Sea Turtle is the world's largest turtle\" src=\"http:\/\/www.big-animals.com\/wp-content\/uploads\/2011\/02\/Letherback-Laying-Eggs-300x204.jpg\" alt=\"Leatherback Turtle Laying Eggs - The Leatherback Sea Turtle is the world's largest turtle\" width=\"300\" height=\"204\" \/><\/a><figcaption id=\"caption-attachment-342\" class=\"wp-caption-text\">Leatherback Turtle Laying Eggs - The Leatherback Sea Turtle is the world&#038;#39;s largest turtle - Picture by Steve Garvie, Scotland<\/figcaption><\/figure>\n<p><span id=\"gts_text_14\" class=\"gts_text\">Sk\u00f3rzasty s\u0105 najwy\u017cszej podzia\u0142owej nurkowania zwierz\u0105t morskich. <\/span><span id=\"gts_text_15\" class=\"gts_text\">Mog\u0105 one dive do oko\u0142o 1.28 kilometr\u00f3w (0.8 mil) pod powierzchni\u0105. <\/span><span id=\"gts_text_16\" class=\"gts_text\">W g\u00f3rnej cz\u0119\u015bci, mog\u0105 one pozosta\u0107 pod wody przez do\u015b\u0107 d\u0142ugi czas. <\/span><span id=\"gts_text_17\" class=\"gts_text\">Pokazuje on, \u017ce maj\u0105 oni silne p\u0142uca! <\/span><span id=\"gts_text_18\" class=\"gts_text\">S\u0105 one r\u00f3wnie\u017c najszybciej zbywalne gad\u00f3w. <\/span><span id=\"gts_text_19\" class=\"gts_text\">One mog\u0105 p\u0142ywa\u0107 na oko\u0142o 35 kilometr\u00f3w na godzin\u0119 (22 kilometry na godzin\u0119) w wodzie.<\/span><\/p>\n<h3><span id=\"gts_text_20\" class=\"gts_text\">Leatherback Turtle siedliska<\/span><\/h3>\n<p><span id=\"gts_text_21\" class=\"gts_text\">\u017b\u00f3\u0142w sk\u00f3rzasty morza jest jednakowo wszystkiego najlepszego w zimnej i ciep\u0142ej wody. <\/span><span id=\"gts_text_22\" class=\"gts_text\">Mo\u017cna je znale\u017a\u0107 p\u00f3\u0142noc w Norwegii i Po\u0142udniowej wybrze\u017cy Chile i Nowej Zelandii. <\/span><span id=\"gts_text_23\" class=\"gts_text\">Leatherbacks s\u0105 zatem s\u0105 na ziemi ni\u017c inne gady szerzej rozprzestrzenia\u0107 gatunki. <\/span><span id=\"gts_text_24\" class=\"gts_text\">Znajduj\u0105 si\u0119 one w wszystkich ocean\u00f3w tropikalne i subtropikalne, nawet w icy zimnych m\u00f3rz Arktyki. <\/span><span id=\"gts_text_25\" class=\"gts_text\">Maj\u0105 unikatowe organu, kt\u00f3ry pozwala na \u017cywo w Oceanie zimnej. <\/span><span id=\"gts_text_26\" class=\"gts_text\">S\u0105 one zdolne do utrzymania temperatury cia\u0142a wysoki w zimnej wodzie, poniewa\u017c s\u0105 one du\u017ce, maj\u0105 grubo\u015b\u0107 warstwy t\u0142uszczu tu\u017c pod sk\u00f3r\u0105, gdy one p\u0142ywa\u0107 i one mo\u017cna odci\u0105\u0107 dop\u0142yw krwi od ich zimnej ramionami uzyska\u0107 one du\u017co ciep\u0142a z ich mi\u0119\u015bni. <\/span><span id=\"gts_text_27\" class=\"gts_text\">Wszystkie inne \u017c\u00f3\u0142wie morskie s\u0105 ograniczone do cieplej region\u00f3w \u015bwiata oceanu. <\/span><span id=\"gts_text_28\" class=\"gts_text\">Doros\u0142ych leatherback \u017c\u00f3\u0142wie maj\u0105 okaza\u0142o si\u0119 z cia\u0142a temperaturze 18 \u00b0 C (20F), powy\u017cej otaczaj\u0105cej wody.<\/span><\/p>\n<p><span id=\"gts_text_29\" class=\"gts_text\">Sk\u00f3rzasty maj\u0105 du\u017ce para przednich ramionami. <\/span><span id=\"gts_text_30\" class=\"gts_text\">Te ramionami przednie s\u0105 p\u0142askie co pom\u00f3c leatherbacks p\u0142ywa\u0107 na otwartym morzu. <\/span><span id=\"gts_text_31\" class=\"gts_text\">Nie istniej\u0105 \u017cadne pazury lub skale na przednich ramionami, kt\u00f3re s\u0105 znacznie d\u0142u\u017cej ni\u017c inne \u017c\u00f3\u0142wie morskie ramionami. <\/span><span id=\"gts_text_32\" class=\"gts_text\">Wstecz ramionami leatherbacks maj\u0105 kszta\u0142t Wios\u0142o. <\/span><span id=\"gts_text_33\" class=\"gts_text\">Letherbacks przednich ramionami mo\u017ce urosn\u0105\u0107 do oko\u0142o 2,7 metr\u00f3w (3 stoczni) w wi\u0119kszych leatherbacks. <\/span><span id=\"gts_text_34\" class=\"gts_text\">Z pow\u0142oki pr\u0105\u017ckowane i ogromne ramionami \u017b\u00f3\u0142w sk\u00f3rzasty Morza mo\u017cna podr\u00f3\u017cowa\u0107 ogromne odleg\u0142o\u015bci. <\/span><span id=\"gts_text_35\" class=\"gts_text\">Podr\u00f3\u017cuj\u0105 \u015bredni\u0105 6000 kilometr\u00f3w (3700 mil) ka\u017cdy spos\u00f3b mi\u0119dzy miejscem one okre\u015bli\u0107 ich jaja i ich \u017cywienia obszar\u00f3w.<\/span><\/p>\n<p><span id=\"gts_text_36\" class=\"gts_text\">Matka leatherbacks lay oko\u0142o 100-150 jaja na pla\u017cach tropikalnych. <\/span><span id=\"gts_text_37\" class=\"gts_text\">Ich jaja te stanowi\u0105 kilka razy podczas sezonu zagnie\u017cd\u017cenia. <\/span><span id=\"gts_text_38\" class=\"gts_text\">Po oko\u0142o 2 miesi\u0119cy leatherback piskl\u0119tami z white stripes wzd\u0142u\u017c grzbiety odchylane oraz na ramionami, dig ich spos\u00f3b do powierzchni z piasku. <\/span><span id=\"gts_text_39\" class=\"gts_text\">Leatherback piskl\u0119tami s\u0105 oko\u0142o 50-77 centymetr\u00f3w (20-30 cali) d\u0142ugie. <\/span><span id=\"gts_text_40\" class=\"gts_text\">Maj\u0105 one przednie ramionami, kt\u00f3re s\u0105 tak d\u0142ugo, jak ich organ\u00f3w. <\/span><span id=\"gts_text_41\" class=\"gts_text\">One odwa\u017cy\u0107 oko\u0142o 40-50 gram\u00f3w (1.4-1.7 oz). <\/span><span id=\"gts_text_42\" class=\"gts_text\">Leatherback matka zwr\u00f3ci si\u0119 do jej jaj na samym pla\u017cy gdzie ona wyklutych.<\/span><\/p>\n<h3><span id=\"gts_text_43\" class=\"gts_text\">Co je\u015b\u0107 \u017c\u00f3\u0142wi morskich Leatherback?<\/span><\/h3>\n<p><span id=\"gts_text_44\" class=\"gts_text\">Dieta g\u0142\u00f3wnym Morza sk\u00f3rzasty jellyfish. <\/span><span id=\"gts_text_45\" class=\"gts_text\">Ryby, ka\u0142amarnica i innych stwor\u00f3w Morza z nie ko\u015bci one r\u00f3wnie\u017c doda\u0107 do ich diety. <\/span><span id=\"gts_text_46\" class=\"gts_text\">P\u0142ywa\u0107 leatherbacks Pacyfiku w miar\u0119 ca\u0142ej Oceanu Spokojnego z Indonezji do Kalifornii, je\u015b\u0107 jellyfish. <\/span><span id=\"gts_text_47\" class=\"gts_text\">Jakie p\u0142ywak Wielki Maraton s\u0105! <\/span><span id=\"gts_text_48\" class=\"gts_text\">Jedn\u0105 z przyczyn do spadku liczby leatherbacks jest p\u0142ywaj\u0105ce z tworzywa sztucznego torby na Oceanie. <\/span><span id=\"gts_text_49\" class=\"gts_text\">Te leatherbacks Pacific mylnie przyj\u0105\u0107 te z tworzywa sztucznego torby na jellyfish i pr\u00f3by je\u015b\u0107 je. <\/span><span id=\"gts_text_50\" class=\"gts_text\">W zwi\u0105zku z tym jedn\u0105 trzeci\u0105 doros\u0142ych leatherbacks maj\u0105 spo\u017cywane plastikowej torbie. <\/span><span id=\"gts_text_51\" class=\"gts_text\">Tak mo\u017cemy naprawd\u0119 nale\u017cy zaprzesta\u0107 korzystania z tworzywa sztucznego torby i rozpocz\u0119\u0142a si\u0119 \u017ce przyzwyczajenia do u\u017cywania wielokrotnego u\u017cytku torby na zakupy. <\/span><span id=\"gts_text_52\" class=\"gts_text\">Nawet niewielka tworzywa sztucznego mog\u0105 zabi\u0107 leatherback przez blokowanie jego uk\u0142ad pokarmowy.<\/span><\/p>\n<h3><span id=\"gts_text_53\" class=\"gts_text\">\u017b\u00f3\u0142w morski Leatherback jest zagro\u017cone<\/span><\/h3>\n<p><span id=\"gts_text_54\" class=\"gts_text\">Z wyj\u0105tkiem plastikowe torby spotykaj\u0105 r\u00f3wnie\u017c wiele innych zagro\u017ce\u0144. <\/span><span id=\"gts_text_55\" class=\"gts_text\">Ludzie w niekt\u00f3rych krajach love jedzenia jaj leatherbacks. <\/span><span id=\"gts_text_56\" class=\"gts_text\">Tak wiele \u017b\u00f3\u0142w jaja maj\u0105 zosta\u0142y wykopany w krajach azjatyckich, kt\u00f3re gwa\u0142townie ma liczb\u0119 sk\u00f3rzasty. <\/span><span id=\"gts_text_57\" class=\"gts_text\">Na przyk\u0142ad Rantau Abang beach w Terengganu, Malezji by\u0142 po najwi\u0119kszym zagnie\u017cd\u017canie naziemnej na \u015bwiecie. <\/span><span id=\"gts_text_58\" class=\"gts_text\">Mia\u0142 on 10 000 gniazd \u017b\u00f3\u0142w leatherback ka\u017cdego roku. <\/span><span id=\"gts_text_59\" class=\"gts_text\">Jednak\u017ce w 2008, tylko 2 gniazda miserable znaleziono na Rantau Abang &#8211; i aby sprawach gorsze jaja by\u0142y nieurodzajne, z nie szans\u0119 wyl\u0119gowych baby \u017c\u00f3\u0142wi. <\/span><span id=\"gts_text_60\" class=\"gts_text\">G\u0142\u00f3wn\u0105 przyczyn\u0105 spadku jest, \u017ce jaja zosta\u0142y agresywnie zbierane dla \u017cywno\u015bci do sprzeda\u017cy na rynku.<\/span><\/p>\n<figure id=\"attachment_343\" aria-describedby=\"caption-attachment-343\" style=\"width: 300px\" class=\"wp-caption alignright\"><a href=\"http:\/\/www.big-animals.com\/wp-content\/uploads\/2011\/02\/Baby-Leatherback.jpg\"><img loading=\"lazy\" decoding=\"async\" class=\"size-medium wp-image-343\" title=\"A Baby Leatherback Sea Turtle - Only 1% Of These Cute Creatures Grow To Adult Size\" src=\"http:\/\/www.big-animals.com\/wp-content\/uploads\/2011\/02\/Baby-Leatherback-300x198.jpg\" alt=\"A Baby Leatherback Sea Turtle - Only 1% Of These Cute Creatures Grow To Adult Size\" width=\"300\" height=\"198\" \/><\/a><figcaption id=\"caption-attachment-343\" class=\"wp-caption-text\">A Baby Leatherback Sea Turtle - Only 1% Of These Cute Creatures Grow To Adult Size - Picture by Alejandro Linares Garcia<\/figcaption><\/figure>\n<p><span id=\"gts_text_61\" class=\"gts_text\">Nie jest po prostu ludzi, kt\u00f3rzy love jedzenia jaj lub piskl\u0119tami sk\u00f3rzasty &#8211; baby sk\u00f3rzasty morza ma wiele drapie\u017cnik\u00f3w. <\/span><span id=\"gts_text_62\" class=\"gts_text\">Ptaki morskie i rozw\u00f3j rolnictwa love je r\u00f3wnie\u017c. <\/span><span id=\"gts_text_63\" class=\"gts_text\">Tak przed piskl\u0119tami mo\u017cna osi\u0105gn\u0105\u0107 Morza to b\u0119dzie wielu z nich spo\u017cywane przez te drapie\u017cnik\u00f3w. <\/span><span id=\"gts_text_64\" class=\"gts_text\">B\u0119d\u0105 u\u017cywane do zarz\u0105dzania do wprowadzania do w\u00f3d spo\u017cywane przez rekiny i du\u017ce ryby. <\/span><span id=\"gts_text_65\" class=\"gts_text\">Tylko 1% prze\u017cycia do doros\u0142o\u015bci.<\/span><\/p>\n<p><span id=\"gts_text_66\" class=\"gts_text\">W Indonezji mo\u017cna znale\u017a\u0107 sklepy, kt\u00f3re sprzedaj\u0105 wszystkich rodzaj\u00f3w \u017b\u00f3\u0142w pami\u0105tki jak torby \u017b\u00f3\u0142w sk\u00f3ry, bi\u017cuteria wykonana z skorup \u017c\u00f3\u0142wi i nadziewane \u017c\u00f3\u0142wi. <\/span><span id=\"gts_text_67\" class=\"gts_text\">W Europie istnieje rosn\u0105cy popyt na \u017c\u00f3\u0142wie morskie, poniewa\u017c coraz wi\u0119cej os\u00f3b jest uruchamiany na podobne zupa \u017b\u00f3\u0142w.<\/span><\/p>\n<p><span id=\"gts_text_68\" class=\"gts_text\">Pla\u017ce, kt\u00f3re s\u0105 u\u017cywane przez leatherbacks do ich jaja by\u0142y u\u017cywane do tworzenia Hotele i restauracje. <\/span><span id=\"gts_text_69\" class=\"gts_text\">Z powodu tych dzia\u0142a\u0144, leatherbacks wiele utraci\u0142y swoje siedlisk przyrodniczych, matka leatherbacks boj\u0105 si\u0119 ustanowienie ich jaj na pla\u017cy i jaja zgniecenia os\u00f3b podczas s\u0142o\u0144ca w k\u0105pieliskach, odtwarzanie i jazdy na pla\u017cach.<\/span><\/p>\n<p><span id=\"gts_text_70\" class=\"gts_text\">Wiele leatherbacks ofiar\u0105 ogromne \u0142owcze jak p\u0142awnic. <\/span><span id=\"gts_text_71\" class=\"gts_text\">Je\u015bli \u017c\u00f3\u0142wi morskich z\u0142owionych s\u0105 w sieci i stanie powierzchni do oddychania, one mo\u017cna zalany.<\/span><\/p>\n<p><span id=\"gts_text_72\" class=\"gts_text\">Leatherbacks podr\u00f3\u017cy daleko i szeroko w Oceanie, one wej\u015b\u0107 w kontakt z ludzi na ca\u0142ym \u015bwiecie. <\/span><span id=\"gts_text_73\" class=\"gts_text\">Dlatego maj\u0105ce pom\u00f3c leatherbacks w jednym kraju mo\u017ce by\u0107 zrujnowana przez dzia\u0142alno\u015b\u0107 w innym Pa\u0144stwie Cz\u0142onkowskim. <\/span><span id=\"gts_text_74\" class=\"gts_text\">Na przyk\u0142ad chroni\u0105c sk\u00f3rzasty na U.S. zagnie\u017cd\u017cenia pla\u017ce i w U.S.waters samodzielnie nie jest wystarczaj\u0105ca do zapewnienia bezpiecze\u0144stwa i populacji leatherbacks. <\/span><span id=\"gts_text_75\" class=\"gts_text\">Z\u0142a jest chocia\u017c partii nak\u0142adu zosta\u0142y wprowadzone zapisa\u0107 te pi\u0119kne stworze\u0144 morskich, one wci\u0105\u017c silnie eksploatowane przez ludzi zw\u0142aszcza na czarnym rynku na pla\u017cach zagnie\u017cd\u017cenia.<\/span><\/p>\n","protected":false},"excerpt":{"rendered":"<p>\u017b\u00f3\u0142w sk\u00f3rzasty morza jest najwi\u0119ksz\u0105 z wszystkich \u017cywych \u017c\u00f3\u0142wi morskich i czwartym najwi\u0119kszym \u017cycia gad\u00f3w po niekt\u00f3rych crocodiles i alligators. Ogromne \u017b\u00f3\u0142w sk\u00f3rzasty Morza posiada \u015brednia d\u0142ugo\u015b\u0107 1-2 metr\u00f3w (6-12) i wa\u017cy 250-700 kg (550-1500 lb). Doros\u0142ych \u017b\u00f3\u0142w sk\u00f3rzasty morza jest d\u0142u\u017cszy ni\u017c cz\u0142owiek \u015bredni rozmiar.\u00a0The najwi\u0119kszy kiedykolwiek stwierdzono ponad 3 metr\u00f3w (18 metr\u00f3w) z &hellip; <a href=\"https:\/\/www.big-animals.com\/pl\/morze-sk%c3%b3rzasty\/\" class=\"more-link\">Continue reading <span class=\"screen-reader-text\">\u017b\u00f3\u0142w morski leatherback<\/span><\/a><\/p>\n","protected":false},"author":1,"featured_media":0,"parent":0,"menu_order":0,"comment_status":"closed","ping_status":"open","template":"","meta":{"_acf_changed":false,"footnotes":""},"acf":[],"_links":{"self":[{"href":"https:\/\/www.big-animals.com\/pl\/wp-json\/wp\/v2\/pages\/573"}],"collection":[{"href":"https:\/\/www.big-animals.com\/pl\/wp-json\/wp\/v2\/pages"}],"about":[{"href":"https:\/\/www.big-animals.com\/pl\/wp-json\/wp\/v2\/types\/page"}],"author":[{"embeddable":true,"href":"https:\/\/www.big-animals.com\/pl\/wp-json\/wp\/v2\/users\/1"}],"replies":[{"embeddable":true,"href":"https:\/\/www.big-animals.com\/pl\/wp-json\/wp\/v2\/comments?post=573"}],"version-history":[{"count":1,"href":"https:\/\/www.big-animals.com\/pl\/wp-json\/wp\/v2\/pages\/573\/revisions"}],"predecessor-version":[{"id":774,"href":"https:\/\/www.big-animals.com\/pl\/wp-json\/wp\/v2\/pages\/573\/revisions\/774"}],"wp:attachment":[{"href":"https:\/\/www.big-animals.com\/pl\/wp-json\/wp\/v2\/media?parent=573"}],"curies":[{"name":"wp","href":"https:\/\/api.w.org\/{rel}","templated":true}]}}