{"id":575,"date":"2011-05-09T09:09:00","date_gmt":"2011-05-09T09:09:00","guid":{"rendered":""},"modified":"2013-12-26T23:17:06","modified_gmt":"2013-12-26T23:17:06","slug":"najwieksze-strunowce-na-swiecie","status":"publish","type":"page","link":"https:\/\/www.big-animals.com\/pl\/najwieksze-strunowce-na-swiecie\/","title":{"rendered":"Najwi\u0119ksze strunowce na \u015bwiecie!"},"content":{"rendered":"<p><span class=\"gts_text\" id=\"gts_text_1\"><strong>Co to jest strunowiec?<\/strong><\/span><\/p>\n<p><span class=\"gts_text\" id=\"gts_text_2\">Chordates s\u0105 grupy (faktycznie, typ) <a href=\"\/Animals.html\">zwierz\u0105t<\/a>. <\/span><span class=\"gts_text\" id=\"gts_text_3\">S\u0105 one odr\u00f3\u017cni\u0107 od innych zwierz\u0105t, w tym maj\u0105 one co\u015b &#8220;szkieletem&#8221; &#8211; rurce d\u00f3\u0142 ich wstecz, zawieraj\u0105ce wa\u017cne nerw\u00f3w. <\/span><span class=\"gts_text\" id=\"gts_text_4\">Wi\u0119kszo\u015b\u0107 chordates s\u0105 <a href=\"\/Vertebrates.html\">kr\u0119gowc\u00f3w<\/a>. <\/span><span class=\"gts_text\" id=\"gts_text_5\">U kr\u0119gowc\u00f3w rura jest zwykle wykonywana kr\u0119g, specjalny rodzaj ko\u015bci, z elastyczn\u0105 p\u0142ytki mi\u0119dzy ka\u017cdego kr\u0119g umo\u017cliwiaj\u0105ce zwierz\u0119cia do zginania jego plecy do pewnego stopnia. <\/span><span class=\"gts_text\" id=\"gts_text_6\">Strunowce najwi\u0119kszy na \u015bwiecie jest zwierz\u0105t kr\u0119gowych i zwierz\u0105t najwi\u0119kszy na \u015bwiecie &#8211; jest w rzeczywisto\u015bci, <a href=\"\/Blue-Whale.html\">p\u0142etwal b\u0142\u0119kitny<\/a>. <\/span><span class=\"gts_text\" id=\"gts_text_7\">Inne funkcje udost\u0119pniania wi\u0119kszo\u015b\u0107 chordates s\u0105:<\/span><\/p>\n<ul>\n<li><span class=\"gts_text\" id=\"gts_text_8\">Ogon, kt\u00f3ry przenosi go przy u\u017cyciu mi\u0119\u015bnie,<\/span><\/li>\n<li><span class=\"gts_text\" id=\"gts_text_9\">Usta pusty lub slitted,<\/span><\/li>\n<li><span class=\"gts_text\" id=\"gts_text_10\">Jest obszarem w tylnej cz\u0119\u015bci jamy gard\u0142owej dokonywania b\u0142ona \u015bluzowa (o prawo, prawie wszystkie chordates uczyni\u0107 snot!).<\/span><\/li>\n<\/ul>\n<p><span class=\"gts_text\" id=\"gts_text_11\"><strong>Jakiego rodzaju chordates istniej\u0105?<\/strong><\/span><\/p>\n<p><span class=\"gts_text\" id=\"gts_text_12\">Typ chordates, nazywany <em>Chordata<\/em>, dzieli si\u0119 trzech g\u0142\u00f3wnych grup (o nazwie subphyla). <\/span><span class=\"gts_text\" id=\"gts_text_13\">Te z kolei s\u0105 podzielone na du\u017cej liczby <em><strong>klas<\/strong><\/em>.<\/span><\/p>\n<ul>\n<li><span class=\"gts_text\" id=\"gts_text_14\"><a href=\"\/Vertebrates.html\">Kr\u0119gowce<\/a> : u tych zwierz\u0105t, przew\u00f3d jest zazwyczaj wykonane z ko\u015bci. <\/span><span class=\"gts_text\" id=\"gts_text_15\">Obejmuje to nas i tak\u017ce p\u0142etwal b\u0142\u0119kitny, jak r\u00f3wnie\u017c ryb, ptaki, gad\u00f3w i p\u0142az\u00f3w. <\/span><span class=\"gts_text\" id=\"gts_text_16\">Ponad 57000 63000 gatunk\u00f3w Strunowce s\u0105 faktycznie kr\u0119gowc\u00f3w.<\/span>\n<ul>\n<li><span class=\"gts_text\" id=\"gts_text_17\"><a href=\"\/Fish.html\">Ryby<\/a> &#8211; faktycznie, istnieje kilka ca\u0142kiem r\u00f3\u017cnych klas zwierz\u0105t, nazywane wszystkich ryb. <\/span><span class=\"gts_text\" id=\"gts_text_18\">Najbardziej znane s\u0105 ryby Cartiligenous (Condrichthyes) i ryby Bony (lub &#8220;normalnych&#8221; ryb!) kt\u00f3ra obejmuje dwie klasy Promieniop\u0142etwe i Mi\u0119\u015bniop\u0142etwe. <\/span><span class=\"gts_text\" id=\"gts_text_19\">Nast\u0119puj\u0105cy wykaz wszystkich znanych klas ryb.<\/span>\n<ul>\n<li><span class=\"gts_text\" id=\"gts_text_20\">Fa\u0142dop\u0142etwe, czasami nazywane to rekiny, s\u0105 grupa wymar\u0142ych ryb, kt\u00f3re mia\u0142y niekt\u00f3re cechy Cartiliginous ryb i innych ryb.<\/span><\/li>\n<li><span class=\"gts_text\" id=\"gts_text_21\">Promieniop\u0142etwe s\u0105 najwi\u0119kszym klasy ryb, w rzeczywisto\u015bci, najwi\u0119kszy klasy kr\u0119gowc\u00f3w! <\/span><span class=\"gts_text\" id=\"gts_text_22\">Istniej\u0105 27000 gatunki te, &#8220;Promieniop\u0142etwe&#8221; ryb, \u017cyj\u0105cych w morskich i s\u0142odkowodnych.<\/span><\/li>\n<li><span class=\"gts_text\" id=\"gts_text_23\">Cephalaspidomorphs s\u0105 grupy wymar\u0142ych jawless ryby. <\/span><span class=\"gts_text\" id=\"gts_text_24\">W rzeczywisto\u015bci naukowcy s\u0105 podzielone na jakie zwierz\u0105t dok\u0142adnie powinny nale\u017ce\u0107 do tej grupy &#8211; niekt\u00f3re powiedzie\u0107 minogowatych i powinny by\u0107 uwzgl\u0119dnione, inni nie zgadzaj\u0105 si\u0119.<\/span><\/li>\n<li><span class=\"gts_text\" id=\"gts_text_25\">Condrichthyes s\u0105 ryby cartiligenous, w\u0142\u0105czaj\u0105c rekiny i promieni. <\/span><span class=\"gts_text\" id=\"gts_text_26\">Ryby te nie maj\u0105 warto\u015b\u0107 true ko\u015bci, zamiast ich szkielet sk\u0142ada si\u0119 z cartilige.<\/span><\/li>\n<li><span class=\"gts_text\" id=\"gts_text_27\">Conodonts: Grupa Wymar\u0142e zwierz\u0119ta jak robak, znany g\u0142\u00f3wnie z ich skamienia\u0142ych z\u0119b\u00f3w.<\/span><\/li>\n<li><span class=\"gts_text\" id=\"gts_text_28\">Hyperoartia jest klas\u0105 minogowatych I, grupy zwierz\u0105t morskich w kszta\u0142cie w\u0119gorza, kt\u00f3re r\u00f3\u017cni\u0105 si\u0119 od ryb, \u017ce naukowcy umie\u015bci\u0107 je w innej grupy ca\u0142kowicie.<\/span><\/li>\n<li><span class=\"gts_text\" id=\"gts_text_29\">Myxini: s\u0105 to \u015bluzice &#8211; one wygl\u0105da\u0107 nieco w\u0119gorzy i mo\u017cna powi\u0105za\u0107 ze sob\u0105 do w\u0119z\u0142\u00f3w.<\/span><\/li>\n<li><span class=\"gts_text\" id=\"gts_text_30\">Placoderms: innej grupy wymar\u0142ych ryb, kt\u00f3ry mia\u0142 twarde p\u0142yty do ochrony g\u0142owy.<\/span><\/li>\n<li><span class=\"gts_text\" id=\"gts_text_31\">Pteraspidomorphs: Grupa wymar\u0142y ryb, kt\u00f3re nie posiadaj\u0105 szcz\u0119ki.<\/span><\/li>\n<li><span class=\"gts_text\" id=\"gts_text_32\">Mi\u0119\u015bniop\u0142etwe, lub listk\u00f3w ryby, obejmuj\u0105 Dwudyszne i coelacanths raz my\u015bli wymar\u0142y.<\/span><\/li>\n<\/ul>\n<\/li>\n<li><span class=\"gts_text\" id=\"gts_text_33\">Innych grup zwierz\u0105t kr\u0119gowych s\u0105<\/span>\n<ul>\n<li><span class=\"gts_text\" id=\"gts_text_34\">P\u0142azy (p\u0142azy). <\/span><span class=\"gts_text\" id=\"gts_text_35\">S\u0105 one \u017cab, traszek, toads, ogoniastych, axolotls. <\/span><span class=\"gts_text\" id=\"gts_text_36\">S\u0105 one kr\u0119gowce, kt\u00f3re mo\u017cna oddycha\u0107 powietrza i wody.<\/span><\/li>\n<li><span class=\"gts_text\" id=\"gts_text_37\"><a href=\"http:\/\/www.big-animals.com\/the-worlds-biggest-reptiles\/\">Gad\u00f3w<\/a> (Zauropsydy). <\/span><span class=\"gts_text\" id=\"gts_text_38\">S\u0105 one \u017c\u00f3\u0142wi, jaszczurek, w\u0119\u017ce i innych kr\u0119gowc\u00f3w l\u0105dowych z skale.<\/span><\/li>\n<li><span class=\"gts_text\" id=\"gts_text_39\">Synapsida jest grup\u0105 stworze\u0144 wi\u0119kszo\u015b\u0107 z nas mog\u0142oby wywo\u0142a\u0107 dinozaur\u00f3w, ale kt\u00f3re r\u00f3\u017cni\u0142y si\u0119 od innych dinozaur\u00f3w, tak du\u017co one zosta\u0142y podane w\u0142asne klasy.<\/span><\/li>\n<li><span class=\"gts_text\" id=\"gts_text_40\"><a href=\"\/Birds.html\">Ptaki<\/a> (Aves). <\/span><span class=\"gts_text\" id=\"gts_text_41\">G\u0142\u00f3wnie ptactwa i g\u0142\u00f3wnie stanie p\u0142ywa\u0107.<\/span><\/li>\n<li><span class=\"gts_text\" id=\"gts_text_42\"><a href=\"\/Mammals.html\">Ssak\u00f3w<\/a> (Mammalia). <\/span><span class=\"gts_text\" id=\"gts_text_43\">Ciep\u0142okrwistych g\u0142\u00f3wnie maj\u0105 w\u0142os\u00f3w, i wszystkie nadania mleka swoje young.<\/span><\/li>\n<\/ul>\n<\/li>\n<\/ul>\n<\/li>\n<li><span class=\"gts_text\" id=\"gts_text_44\">Cephalocordata jest grup\u0105 zwierz\u0105t kt\u00f3rych back &#8211; &#8220;ko\u015b\u0107&#8221; faktycznie nie jest dokonane ko\u015bci, ale poprzez rurk\u0119 sk\u00f3rzaste trudne.<\/span><\/li>\n<li><span class=\"gts_text\" id=\"gts_text_45\">Wreszcie Uprawa plantacji zalewowych s\u0105 zwierz\u0119ta, kt\u00f3re maj\u0105 przew\u00f3d Nerw wzd\u0142u\u017c ich wstecz, ale jedynie jako m\u0142ody. <\/span><span class=\"gts_text\" id=\"gts_text_46\">Gdy one grow up, przew\u00f3d znika. <\/span><span class=\"gts_text\" id=\"gts_text_47\">Istniej\u0105 trzy rodzaje Uprawa plantacji zalewowych.<\/span>\n<ul>\n<li><span class=\"gts_text\" id=\"gts_text_48\">Baby Morza strzykawki (\u017bachwy) Wygl\u0105d kijanki ma\u0142y i p\u0142ywa\u0107 o. <\/span><span class=\"gts_text\" id=\"gts_text_49\">Dla doros\u0142ych, jednak do\u0142\u0105cza si\u0119 do ska\u0142y, traci jego ogona (i przew\u00f3d Nerw) i filtry jego \u017cywno\u015bci z wody, kt\u00f3ra przechodzi przez.<\/span><\/li>\n<li><span class=\"gts_text\" id=\"gts_text_50\">Sprz\u0105gle s\u0105 jak strzykawki morza na wiele sposob\u00f3w, ale po prostu p\u0142ywaka dla ich ca\u0142ego \u017cycia zamiast do\u0142\u0105czania do ska\u0142y.<\/span><\/li>\n<li><span class=\"gts_text\" id=\"gts_text_51\">Ogonice tworzenia p\u0119cherzyk\u00f3w celulozy wok\u00f3\u0142 same \u017ce u\u017cywaj\u0105 takich jak filtr skoncentrowanie ich \u017cywno\u015bci.<\/span><\/li>\n<\/ul>\n<\/li>\n<\/ul>\n<p><span class=\"gts_text\" id=\"gts_text_52\"><strong>Co to jest Strunowce najwi\u0119kszy na \u015bwiecie?<\/strong><\/span><\/p>\n<p><span class=\"gts_text\" id=\"gts_text_53\">Strunowce najwi\u0119kszy na \u015bwiecie w ka\u017cdy spos\u00f3b jest <a href=\"\/Blue-Whale.html\">p\u0142etwal b\u0142\u0119kitny<\/a>. <\/span><span class=\"gts_text\" id=\"gts_text_54\">Mo\u017ce dorasta\u0107 do 30 metr\u00f3w (100 st\u00f3p), long lub wi\u0119cej, i zwa\u017cy\u0107 oko\u0142o 140 ton &#8211; kt\u00f3re 140000 kg, lub 300 000 funt\u00f3w! <\/span><span class=\"gts_text\" id=\"gts_text_55\">Jest on nawet wi\u0119kszy ni\u017c kiedykolwiek by\u0142y najwi\u0119kszym dinozaur\u00f3w. <\/span><span class=\"gts_text\" id=\"gts_text_56\">Niestety jej prawie spadek spos\u00f3b dinozaur\u00f3w w XX wieku, z powodu do po\u0142owu wieloryb\u00f3w. <\/span><span class=\"gts_text\" id=\"gts_text_57\">Polowanie Blue wieloryby zosta\u0142 zakazany w latach sze\u015b\u0107dziesi\u0105tych i ostatecznie zako\u0144czy\u0142a si\u0119 w latach siedemdziesi\u0105tych. <\/span><span class=\"gts_text\" id=\"gts_text_58\">Nawet teraz populacji wieloryb\u00f3w blue jest nadal mniej ni\u017c 1% tego, co by\u0142o zanim zacz\u0105\u0142 po\u0142owu wieloryb\u00f3w, a Niekt\u00f3rzy naukowcy obawiaj\u0105 si\u0119 nigdy nie mo\u017ce odzyska\u0107 ich numery by\u0142y.<\/span><\/p>\n","protected":false},"excerpt":{"rendered":"<p>Co to jest strunowiec? Chordates s\u0105 grupy (faktycznie, typ) zwierz\u0105t. S\u0105 one odr\u00f3\u017cni\u0107 od innych zwierz\u0105t, w tym maj\u0105 one co\u015b &#8220;szkieletem&#8221; &#8211; rurce d\u00f3\u0142 ich wstecz, zawieraj\u0105ce wa\u017cne nerw\u00f3w. Wi\u0119kszo\u015b\u0107 chordates s\u0105 kr\u0119gowc\u00f3w. U kr\u0119gowc\u00f3w rura jest zwykle wykonywana kr\u0119g, specjalny rodzaj ko\u015bci, z elastyczn\u0105 p\u0142ytki mi\u0119dzy ka\u017cdego kr\u0119g umo\u017cliwiaj\u0105ce zwierz\u0119cia do zginania jego &hellip; <a href=\"https:\/\/www.big-animals.com\/pl\/najwieksze-strunowce-na-swiecie\/\" class=\"more-link\">Continue reading <span class=\"screen-reader-text\">Najwi\u0119ksze strunowce na \u015bwiecie!<\/span><\/a><\/p>\n","protected":false},"author":1,"featured_media":0,"parent":0,"menu_order":0,"comment_status":"closed","ping_status":"open","template":"","meta":{"_acf_changed":false,"footnotes":""},"acf":[],"_links":{"self":[{"href":"https:\/\/www.big-animals.com\/pl\/wp-json\/wp\/v2\/pages\/575"}],"collection":[{"href":"https:\/\/www.big-animals.com\/pl\/wp-json\/wp\/v2\/pages"}],"about":[{"href":"https:\/\/www.big-animals.com\/pl\/wp-json\/wp\/v2\/types\/page"}],"author":[{"embeddable":true,"href":"https:\/\/www.big-animals.com\/pl\/wp-json\/wp\/v2\/users\/1"}],"replies":[{"embeddable":true,"href":"https:\/\/www.big-animals.com\/pl\/wp-json\/wp\/v2\/comments?post=575"}],"version-history":[{"count":2,"href":"https:\/\/www.big-animals.com\/pl\/wp-json\/wp\/v2\/pages\/575\/revisions"}],"predecessor-version":[{"id":832,"href":"https:\/\/www.big-animals.com\/pl\/wp-json\/wp\/v2\/pages\/575\/revisions\/832"}],"wp:attachment":[{"href":"https:\/\/www.big-animals.com\/pl\/wp-json\/wp\/v2\/media?parent=575"}],"curies":[{"name":"wp","href":"https:\/\/api.w.org\/{rel}","templated":true}]}}