{"id":577,"date":"2011-05-09T09:09:13","date_gmt":"2011-05-09T09:09:13","guid":{"rendered":""},"modified":"2011-05-09T09:09:13","modified_gmt":"2011-05-09T09:09:13","slug":"najwi%c4%99ksze-rekiny-%c5%9bwiata","status":"publish","type":"page","link":"https:\/\/www.big-animals.com\/pl\/najwi%c4%99ksze-rekiny-%c5%9bwiata\/","title":{"rendered":"Najwi\u0119ksze rekiny \u015bwiata!"},"content":{"rendered":"<p><span id=\"gts_text_1\" class=\"gts_text\"><strong>Czym jest rekin ?<\/strong><\/span><\/p>\n<p><span id=\"gts_text_2\" class=\"gts_text\">Rekin to rodzaj <a href=\"\/Cartilaginous-Fish.html\"> ryby<\/a> <a href=\"\/Fish.html\">chrz\u0119stnoszkieletowej<\/a>.<\/span><span id=\"gts_text_3\" class=\"gts_text\">Oznacza to, \u017ce zamiast ko\u015bci, posiada bardziej mi\u0119kkie tkanki zwane chrz\u0105stk\u0105.<\/span><span id=\"gts_text_4\" class=\"gts_text\">Na \u015bwiecie wyst\u0119puj\u0105 r\u00f3wnie\u017c inne rodzaje ryb chrz\u0119stnoszkieletowych, na przyk\u0142ad p\u0142aszczki i raje.<\/span><span id=\"gts_text_5\" class=\"gts_text\">Najcz\u0119\u015bciej spotykanymi s\u0105 rekiny i raje.<\/span><span id=\"gts_text_6\" class=\"gts_text\">Podobnie jak inne, ryby chrz\u0119stnoszkieletowe posiadaj\u0105 skrzela w miejscu p\u0142uc, oddychaj\u0105c w wodzie zamiast zamiast na l\u0105dzie.<\/span><\/p>\n<p><span id=\"gts_text_7\" class=\"gts_text\">Z\u0119by rekina s\u0105 wymienialne i w ci\u0105gu \u017cycia rekin mo\u017ce ich mie\u0107 tysi\u0105ce.<\/span><span id=\"gts_text_8\" class=\"gts_text\">Niekt\u00f3re wymar\u0142e gatunku rekin\u00f3w s\u0105 znane tylko dzi\u0119ki swoim z\u0119bom.<\/span><span id=\"gts_text_9\" class=\"gts_text\">Przyk\u0142adem najwi\u0119kszego rekina wszech czas\u00f3w \u2013 a w istocie najwi\u0119kszej ryby chrz\u0119stnoszkieletowej wszech czas\u00f3w jest <a href=\"\/Megalodon-Shark.html\">Megalodon<\/a>.<\/span><\/p>\n<p><span id=\"gts_text_10\" class=\"gts_text\"><strong>Jakie wyr\u00f3\u017cniamy rekiny ?<\/strong><\/span><\/p>\n<p><span id=\"gts_text_11\" class=\"gts_text\">Naukowym okre\u015blenie rekina jest <em>Selachimorphs<\/em>.<\/span><span id=\"gts_text_12\" class=\"gts_text\">Wyr\u00f3\u017cniamy 8 grup rekin\u00f3w zwanych \u201erz\u0119dami\u201d.<\/span><\/p>\n<ul>\n<li><span id=\"gts_text_13\" class=\"gts_text\"><em>Sze\u015bcioszparokszta\u0142tne<\/em> maj\u0105 po sze\u015b\u0107 lub siedem skrzeli po ka\u017cdej stronie.<\/span><span id=\"gts_text_14\" class=\"gts_text\">Wi\u0119kszo\u015b\u0107 rekin\u00f3w ma tylko pi\u0119\u0107.<\/span><\/li>\n<li><span id=\"gts_text_15\" class=\"gts_text\"><em>Koleniokszta\u0142tne<\/em> posiadaj\u0105 dodatkow\u0105 p\u0142etw\u0119 na grzbiecie jak r\u00f3wnie\u017c tn\u0105ce z\u0119by z przodu i z boku.<\/span><\/li>\n<li><span id=\"gts_text_16\" class=\"gts_text\"><em>Pristiophoriformes<\/em> to pi\u0142onosokszta\u0142tne \u2013 nie nale\u017cy myli\u0107 ich z ryb\u0105 pi\u0142\u0105 wymienion\u0105 wcze\u015bniej!<\/span><span id=\"gts_text_17\" class=\"gts_text\">Ryby z tego rz\u0119du u\u017cywaj\u0105 swoich z\u0119batych pysk\u00f3w \u017ceby rozci\u0105\u0107 upolowan\u0105 ryb\u0119 przed zjedzeniem.<\/span><span id=\"gts_text_18\" class=\"gts_text\">Wszystkie gatunki pi\u0142onosokszta\u0142tnych s\u0105 zagro\u017cone wygini\u0119ciem.<\/span><\/li>\n<li><span id=\"gts_text_19\" class=\"gts_text\"><em>Squatiniformes<\/em> wygl\u0105daj\u0105 jak raje.<\/span><span id=\"gts_text_20\" class=\"gts_text\">Jednak ich skrzela znajduj\u0105 si\u0119 po bokach ich g\u0142\u00f3w, jak u wszystkich rekin\u00f3w.<\/span><span id=\"gts_text_21\" class=\"gts_text\">U\u017cywa si\u0119 r\u00f3wnie\u017c nazwy raszplowate.<\/span><\/li>\n<li><span id=\"gts_text_22\" class=\"gts_text\"><em>Heterodontiformes<\/em> oznacza \u201ez\u0119by r\u00f3\u017cnych rodzaj\u00f3w\u201d, w rzeczy samej, te rekiny maj\u0105 wiele rodzaj\u00f3w z\u0119b\u00f3w, dzi\u0119ki czemu mog\u0105 pochwyci\u0107 i zmia\u017cd\u017cy\u0107 skorupiaka.<\/span><\/li>\n<li><span id=\"gts_text_23\" class=\"gts_text\"><em>Orectolobiformes<\/em> potocznie zwane \u201edywanokszta\u0142tne\u201d poniewa\u017c ich sk\u00f3ra ma ciekawy wz\u00f3r.<\/span><span id=\"gts_text_24\" class=\"gts_text\">Najwi\u0119ksza ryba \u015bwiata,<a href=\"\/Whale-Shark.html\">Rekin wielorybi<\/a>, r\u00f3wnie\u017c nale\u017cy do tej grupy.<\/span><\/li>\n<li><span id=\"gts_text_25\" class=\"gts_text\"><em>\u017bar\u0142aczokszta\u0142tne<\/em> s\u0105 najbardziej zr\u00f3\u017cnicowan\u0105 grup\u0105 rekin\u00f3w licz\u0105c\u0105 ponad 270 gatunk\u00f3w.<\/span><span id=\"gts_text_26\" class=\"gts_text\">Maj\u0105 dodatkowe powieki chroni\u0105ce ich oczy.<\/span><\/li>\n<li><span id=\"gts_text_27\" class=\"gts_text\"><em>Lamnokszta\u0142tne<\/em>, zwane r\u00f3wnie\u017c lamnowate, do kt\u00f3rych zalicza si\u0119 najwi\u0119ksz\u0105 ryb\u0119 chrz\u0119stnoszkieletow\u0105 wszech czas\u00f3w <a href=\"\/Megalodon-Shark.html\">Megalodona<\/a>, jak r\u00f3wnie\u017c najbardziej znanego rekina,jakim jest \u017car\u0142acz bia\u0142y.<\/span><span id=\"gts_text_28\" class=\"gts_text\">Zalicza si\u0119 do nich r\u00f3wnie\u017c niegro\u017an\u0105 i bardzo rzadk\u0105 ryb\u0119 Megachasma pelagios.<\/span><\/li>\n<\/ul>\n<p><span id=\"gts_text_29\" class=\"gts_text\"><strong>Czy rekiny s\u0105 rzeczywi\u015bcie gro\u017ane ?<\/strong><\/span><\/p>\n<p><span id=\"gts_text_30\" class=\"gts_text\">Tak naprawd\u0119 to my jeste\u015bmy wi\u0119kszym zagro\u017ceniem dla rekin\u00f3w ni\u017c one dla nas.<\/span><span id=\"gts_text_31\" class=\"gts_text\">Czy wiesz, \u017ce co roku wi\u0119cej ludzie ginie zagryzionych przez psy ni\u017c przez rekiny ?<\/span><span id=\"gts_text_32\" class=\"gts_text\">Oto kilka powod\u00f3w, dla kt\u00f3rych rekiny nie s\u0105 tak gro\u017ane jak niekt\u00f3rzy uwa\u017caj\u0105.<\/span><\/p>\n<ul>\n<li><span id=\"gts_text_33\" class=\"gts_text\">Wiele rodzaj\u00f3w rekin\u00f3w nie zje pokarmu o wielko\u015bci cz\u0142owieka.<\/span><span id=\"gts_text_34\" class=\"gts_text\">Najwi\u0119kszy rekin \u015bwiata <a href=\"\/Whale-Shark.html\">Rekin wielorybi<\/a>, \u017cywi si\u0119 planktonem i ma\u0142ymi krewetkami.<\/span><\/li>\n<li><span id=\"gts_text_35\" class=\"gts_text\">Nawet rekiny maj\u0105ce reputacj\u0119 niebezpiecznych s\u0105 mniej gro\u017ane ni\u017c s\u0105dzimy.<\/span><span id=\"gts_text_36\" class=\"gts_text\">Na przyk\u0142ad \u017bar\u0142acz Bia\u0142y, pomimo tego, \u017ce jest najwi\u0119ksz\u0105 drapie\u017cn\u0105 ryb\u0105 \u015bwiata, w ci\u0105gu ostatnich 200 lat zabi\u0142 jedynie 31 os\u00f3b na obszarze Morza \u015ar\u00f3dziemnego.<\/span><span id=\"gts_text_37\" class=\"gts_text\">Tak naprawd\u0119 nie jeste\u015bmy nawet prawid\u0142owym po\u017cywieniem dla \u017car\u0142acza bia\u0142ego &#8211; \u017ale wp\u0142ywamy na jego trawienie.<\/span><\/li>\n<li><span id=\"gts_text_38\" class=\"gts_text\">Nawet je\u015bli kto\u015b zostanie zaatakowany, to druga osoba mo\u017ce pom\u00f3c w ucieczce.<\/span><\/li>\n<li><span id=\"gts_text_39\" class=\"gts_text\">Jeste\u015bmy w stanie ostrzec si\u0119 nawzajem przed nadci\u0105gaj\u0105cym rekinem, a poza tym stworzyli\u015bmy siatki, specjalne klatki i \u015brodki odstraszaj\u0105ce rekiny umo\u017cliwiaj\u0105ce nam obron\u0119 przed nimi.<\/span><\/li>\n<\/ul>\n<p><span id=\"gts_text_40\" class=\"gts_text\">Z drugiej strony ludzie stanowi\u0105 du\u017ce zagro\u017cenie dla rekin\u00f3w.<\/span><span id=\"gts_text_41\" class=\"gts_text\">Po\u0142\u00f3w rekin\u00f3w to dziedzina rozwijaj\u0105ca si\u0119, a rz\u0105dy wielu pa\u0144stw nie przywi\u0105zuje wagi do tego ile \u0142owi si\u0119 rekin\u00f3w.<\/span><\/p>\n<ul>\n<li><span id=\"gts_text_42\" class=\"gts_text\">Zupa z p\u0142etwy rekina w niekt\u00f3rych kulturach uchodzi za przysmak.<\/span><span id=\"gts_text_43\" class=\"gts_text\">Rybak \u0142owi \u017cywego rekina, odcina mu p\u0142etw\u0119 i wypuszcza \u017cywego z powrotem do wody, gdzie ten umiera z braku tlenu lub pada ofiar\u0105 innych drapie\u017cnik\u00f3w.<\/span><\/li>\n<li><span id=\"gts_text_44\" class=\"gts_text\">Niekt\u00f3rzy uwa\u017caj\u0105, \u017ce chrz\u0105stka rekina ma w\u0142a\u015bciwo\u015bci lecznicze, jednak nie ma \u017cadnego dowodu na to, \u017ce jest to prawda.<\/span><\/li>\n<\/ul>\n<p><span id=\"gts_text_45\" class=\"gts_text\">Z tego powodu liczebno\u015b\u0107 rekin\u00f3w na niekt\u00f3rych obszarach znacznie si\u0119 zmniejszy\u0142a.<\/span><span id=\"gts_text_46\" class=\"gts_text\">\u0141owimy zbyt du\u017co rekin\u00f3w.<\/span><span id=\"gts_text_47\" class=\"gts_text\">One zbyt d\u0142ugo nie wytrzymaj\u0105.<\/span><\/p>\n<p><span id=\"gts_text_48\" class=\"gts_text\"><strong>Jaki jest najwi\u0119kszy rekin na \u015bwiecie ?<\/strong><\/span><\/p>\n<p><span id=\"gts_text_49\" class=\"gts_text\">Najwi\u0119kszym rekinem \u015bwiata, b\u0119d\u0105cym r\u00f3wnie\u017c najwi\u0119ksz\u0105 ryb\u0105 \u015bwiata jest <a href=\"\/Whale-Shark.html\">rekin wielorybi<\/a>.<\/span><span id=\"gts_text_50\" class=\"gts_text\">Pomimo swoich ogromnych rozmiar\u00f3w, jest niegro\u017any \u2013 pod warunkiem, \u017ce nie jest si\u0119 malutkim planktonem lub mini kalmarem!<\/span><span id=\"gts_text_51\" class=\"gts_text\">Zwierz\u0119 to \u017cywi si\u0119 wy\u0142\u0105cznie bardzo ma\u0142ymi stworzeniami, ale dorasta do 12 metr\u00f3w ( oko\u0142o 40 st\u00f3p ) d\u0142ugo\u015bci, i wa\u017cy oko\u0142o 12000 kg lub 26000 funt\u00f3w!<\/span><\/p>\n<p><span id=\"gts_text_52\" class=\"gts_text\">Najwi\u0119kszym rekinem <em>wszech czas\u00f3w <\/em> jest wymar\u0142y <a href=\"\/Megalodon-Shark.html\">Megalodon<\/a> zwany r\u00f3wnie\u017c <a href=\"\/Megalodon-Shark.html\">Carcharodon <\/a>.<\/span><span id=\"gts_text_53\" class=\"gts_text\">Jest podobny do s\u0142awnego \u017car\u0142acza bia\u0142ego ale trzy krotnie wi\u0119kszy!<\/span><span id=\"gts_text_54\" class=\"gts_text\">Maj\u0105c 18 metr\u00f3w(60 st\u00f3p) d\u0142ugo\u015bci, \u017cywi\u0142by si\u0119 g\u0142\u00f3wnie r\u00f3\u017cnymi gatunkami wieloryb\u00f3w.<\/span><\/p>\n","protected":false},"excerpt":{"rendered":"<p>Czym jest rekin ? Rekin to rodzaj ryby chrz\u0119stnoszkieletowej.Oznacza to, \u017ce zamiast ko\u015bci, posiada bardziej mi\u0119kkie tkanki zwane chrz\u0105stk\u0105.Na \u015bwiecie wyst\u0119puj\u0105 r\u00f3wnie\u017c inne rodzaje ryb chrz\u0119stnoszkieletowych, na przyk\u0142ad p\u0142aszczki i raje.Najcz\u0119\u015bciej spotykanymi s\u0105 rekiny i raje.Podobnie jak inne, ryby chrz\u0119stnoszkieletowe posiadaj\u0105 skrzela w miejscu p\u0142uc, oddychaj\u0105c w wodzie zamiast zamiast na l\u0105dzie. Z\u0119by rekina s\u0105 &hellip; <a href=\"https:\/\/www.big-animals.com\/pl\/najwi%c4%99ksze-rekiny-%c5%9bwiata\/\" class=\"more-link\">Continue reading <span class=\"screen-reader-text\">Najwi\u0119ksze rekiny \u015bwiata!<\/span><\/a><\/p>\n","protected":false},"author":1,"featured_media":0,"parent":0,"menu_order":0,"comment_status":"closed","ping_status":"open","template":"","meta":{"_acf_changed":false,"footnotes":""},"acf":[],"_links":{"self":[{"href":"https:\/\/www.big-animals.com\/pl\/wp-json\/wp\/v2\/pages\/577"}],"collection":[{"href":"https:\/\/www.big-animals.com\/pl\/wp-json\/wp\/v2\/pages"}],"about":[{"href":"https:\/\/www.big-animals.com\/pl\/wp-json\/wp\/v2\/types\/page"}],"author":[{"embeddable":true,"href":"https:\/\/www.big-animals.com\/pl\/wp-json\/wp\/v2\/users\/1"}],"replies":[{"embeddable":true,"href":"https:\/\/www.big-animals.com\/pl\/wp-json\/wp\/v2\/comments?post=577"}],"version-history":[{"count":1,"href":"https:\/\/www.big-animals.com\/pl\/wp-json\/wp\/v2\/pages\/577\/revisions"}],"predecessor-version":[{"id":775,"href":"https:\/\/www.big-animals.com\/pl\/wp-json\/wp\/v2\/pages\/577\/revisions\/775"}],"wp:attachment":[{"href":"https:\/\/www.big-animals.com\/pl\/wp-json\/wp\/v2\/media?parent=577"}],"curies":[{"name":"wp","href":"https:\/\/api.w.org\/{rel}","templated":true}]}}