{"id":578,"date":"2011-05-09T09:09:21","date_gmt":"2011-05-09T09:09:21","guid":{"rendered":""},"modified":"2011-05-09T09:09:21","modified_gmt":"2011-05-09T09:09:21","slug":"%c5%9bwiat%c3%b3w-najwi%c4%99kszy-owady","status":"publish","type":"page","link":"https:\/\/www.big-animals.com\/pl\/%c5%9bwiat%c3%b3w-najwi%c4%99kszy-owady\/","title":{"rendered":"Owady najwi\u0119kszy na \u015bwiecie!"},"content":{"rendered":"<h3><span id=\"gts_text_1\" class=\"gts_text\">Co to s\u0105 owady?<\/span><\/h3>\n<p><span id=\"gts_text_2\" class=\"gts_text\">Owady s\u0105 najwi\u0119ksz\u0105 grup\u0105 <a href=\"\/Arthropods.html\">stawonog\u00f3w<\/a>. <\/span><span id=\"gts_text_3\" class=\"gts_text\">Ponad 90% r\u00f3\u017cnych rodzaj\u00f3w animail na ziemi s\u0105 owady. <\/span><span id=\"gts_text_4\" class=\"gts_text\">Mo\u017cesz<\/span><br \/>\n<span id=\"gts_text_5\" class=\"gts_text\">mo\u017cna znale\u017a\u0107 niemal wsz\u0119dzie owad\u00f3w. <\/span><span id=\"gts_text_6\" class=\"gts_text\">Maj\u0105 one twarde szkielet zewn\u0119trznych, kt\u00f3ry chroni ich cia\u0142a i jednostka trzech cz\u0119\u015bci, kt\u00f3ra sk\u0142ada si\u0119 z g\u0142owy, klatki piersiowej i brzucha.<span style=\"width: 365px; float: right;\"><\/span> <img loading=\"lazy\" decoding=\"async\" src=\"http:\/\/ba.dr-mikes-maths.com\/\/wp-content\/themes\/twentyten\/images\/ba\/atlas-moth.jpg\" alt=\"the world's biggest moth, the Atlas Moth\" width=\"355\" height=\"177\"><br \/>\n<span id=\"gts_text_7\" class=\"gts_text\"><strong>The Atlas Moth jest nie na \u015bwiecie najwi\u0119kszych owady, ale jest moth najwi\u0119kszy na \u015bwiecie<\/strong> <\/span>Maj\u0105 trzy pary Spoinowanie nogi, dw\u00f3ch Antena i para oczu zwi\u0105zek. <\/span><span id=\"gts_text_8\" class=\"gts_text\">Zwi\u0105zek oczy s\u0105 r\u00f3\u017cni\u0107 ludzkie oczy, kt\u00f3re maj\u0105 pojedyncze soczewek dla ka\u017cdego oka. <\/span><span id=\"gts_text_9\" class=\"gts_text\">Zwi\u0105zek oczy maj\u0105 wiele soczewek dla ka\u017cdego oka. <\/span><span id=\"gts_text_10\" class=\"gts_text\">Na przyk\u0142ad locie ma oko\u0142o 4000 soczewki jednego oka. <\/span><span id=\"gts_text_11\" class=\"gts_text\">W\u0142a\u015bnie dlatego mog\u0105 widzie\u0107 bardzo dobrze. <\/span><span id=\"gts_text_12\" class=\"gts_text\">Zwi\u0105zek eyes posiadaj\u0105 k\u0105t bardzo du\u017cy widok i mo\u017ce wykrywa\u0107 szybki ruch.Mieszanki <\/span><span id=\"gts_text_13\" class=\"gts_text\">oczy s\u0105 wsp\u00f3lne w stawonog\u00f3w.<\/span><\/p>\n<h3><span id=\"gts_text_14\" class=\"gts_text\">Jak wiele typ\u00f3w owady s\u0105 tam?<\/span><\/h3>\n<p><span id=\"gts_text_15\" class=\"gts_text\">Owady s\u0105 najbardziej zr\u00f3\u017cnicowan\u0105 grup\u0119 zwierz\u0105t na planecie. <\/span><span id=\"gts_text_16\" class=\"gts_text\">Na przyk\u0142ad istniej\u0105 gatunki oko\u0142o 2200 praying mantis, 5000 rodzaj\u00f3w wa\u017cki, 20,000 rodzaj\u00f3w grasshopper, 82,000 gatunk\u00f3w Bug, 120.000 gatunki, 110000 gatunk\u00f3w pszczo\u0142a, OSA, ant i Ro\u015bliniarki, 170,000 rodzaj\u00f3w Motyl i moth i 360,000 r\u00f3\u017cnych chrz\u0105szczami. <\/span><span id=\"gts_text_17\" class=\"gts_text\">Owady maj\u0105 dwa lub cztery skrzyd\u0142a zale\u017cnie od ich gatunku. <\/span><span id=\"gts_text_18\" class=\"gts_text\">R\u00f3\u017cne rodzaje owad\u00f3w \u017cyje dzi\u015b obejmuj\u0105<\/span><\/p>\n<ul>\n<li><span id=\"gts_text_19\" class=\"gts_text\">Bristltails &#8211; te wingless owady nie zosta\u0142y zbadane w dobrze. <\/span><span id=\"gts_text_20\" class=\"gts_text\">Istniej\u0105 oko\u0142o 350 r\u00f3\u017cnych gatunk\u00f3w, niekt\u00f3re nawet \u017cycia na zimno Arktyki!<\/span><\/li>\n<li><span id=\"gts_text_21\" class=\"gts_text\">Rybik cukrowy s\u0105 p\u0142askie owady, kt\u00f3re je\u015b\u0107 \u017cywno\u015bci zawieraj\u0105ce skrobi\u0119 takich jak zb\u00f3\u017c lub papieru. <\/span><span id=\"gts_text_22\" class=\"gts_text\">Istnieje ponad 200 gatunk\u00f3w.<\/span><\/li>\n<li><span id=\"gts_text_23\" class=\"gts_text\">Mayflies s\u0105 znani za bardzo kr\u00f3tkim lifespans &#8211; niekt\u00f3rych \u017cywych tylko p\u00f3\u0142 godziny jako doros\u0142ych! <\/span><span id=\"gts_text_24\" class=\"gts_text\">Mayflies s\u0105 bardzo wra\u017cliwe na zanieczyszczenia. <\/span><span id=\"gts_text_25\" class=\"gts_text\">Istniej\u0105 oko\u0142o 2500 gatunk\u00f3w.<\/span><\/li>\n<li><span id=\"gts_text_26\" class=\"gts_text\">Wa\u017cki r\u00f3\u017cnoskrzyd\u0142e i Damselflies s\u0105 grupy stosunkowo du\u017cych owad\u00f3w. <\/span><span id=\"gts_text_27\" class=\"gts_text\">Wa\u017cki larw na \u017cywo w wodzie i s\u0105 drapie\u017cnik\u00f3w. <\/span><span id=\"gts_text_28\" class=\"gts_text\">Ich prey zawiera mosquito larw.<\/span><\/li>\n<li><span id=\"gts_text_29\" class=\"gts_text\">Stoneflies s\u0105 raczej d\u0142ugie, prostych owad\u00f3w. <\/span><span id=\"gts_text_30\" class=\"gts_text\">Istnieje ponad 1700 gatunk\u00f3w, z wi\u0119cej s\u0105 odkryte regularnie.<\/span><\/li>\n<li><span id=\"gts_text_31\" class=\"gts_text\">Webspinners na \u017cywo w tunelach rurki w kszta\u0142cie one linii z jedwabiu. <\/span><span id=\"gts_text_32\" class=\"gts_text\">Wi\u0119kszo\u015b\u0107 300 rodzaj\u00f3w webspinner na \u017cywo w tropikalnych krajobraz\u00f3w.<\/span><\/li>\n<li><span id=\"gts_text_33\" class=\"gts_text\">34 Rodzaj\u00f3w Angel owad\u00f3w \u017cywych w ma\u0142e kolonie pod gnicia drewna, jedzenie zarodnik\u00f3w ple\u015b\u0144 i roztoczy.<\/span><\/li>\n<li><span id=\"gts_text_34\" class=\"gts_text\">Earwigs dysponowa\u0107 jednostk\u0119 longish z pary szczypce ogon. <\/span><span id=\"gts_text_35\" class=\"gts_text\">Istnieje oko\u0142o 1800 rodzaj\u00f3w Skorki. <\/span><span id=\"gts_text_36\" class=\"gts_text\">Wszystkie s\u0105 nieszkodliwe &#8211; szczypce nie s\u0105 truj\u0105ce, i earwigs nie zawieraj\u0105 wszelkie choroby.<\/span><\/li>\n<li><span id=\"gts_text_37\" class=\"gts_text\">Gdzie, Mariehem SK i Locusts obejmuj\u0105 oko\u0142o 12000 gatunk\u00f3w owady. <\/span><span id=\"gts_text_38\" class=\"gts_text\"><a href=\"\/Wetapunga.html\">Little bariery wyspa Giant Weta<\/a> z Nowej Zelandii, prawdopodobnie<\/span><br \/>\n<span id=\"gts_text_39\" class=\"gts_text\">Owad najwi\u0119kszy na \u015bwiecie, nale\u017cy do tej grupy.<\/span><\/li>\n<li><span id=\"gts_text_40\" class=\"gts_text\">Stick owad\u00f3w ukrycia same jako ga\u0142\u0105zki lub deskami do ukrycia od swoich wrog\u00f3w. <\/span><span id=\"gts_text_41\" class=\"gts_text\">Istnieje ponad 3000 r\u00f3\u017cnych gatunk\u00f3w. <\/span><span id=\"gts_text_42\" class=\"gts_text\">Owad najd\u0142u\u017cszy na \u015bwiecie jest jedn\u0105 z nich.<\/span><\/li>\n<li><span id=\"gts_text_43\" class=\"gts_text\">Istniej\u0105 oko\u0142o 30 r\u00f3\u017cnych gatunk\u00f3w <span style=\"font-style: italic;\">Notoptera<\/span>, nazywany lodu przeszukiwarki lub Detachment.<\/span><\/li>\n<li><span id=\"gts_text_44\" class=\"gts_text\">4000 Rodzaj\u00f3w Przybyszka tylko 30 na \u017cywo w domach. <\/span><span id=\"gts_text_45\" class=\"gts_text\">Co wi\u0119cej 4000 rodzaj\u00f3w Termite teraz s\u0105 uznane przez naukowc\u00f3w si\u0119 specjalny rodzaj Przybyszka, \u017ce ca\u0142kowita 8000 r\u00f3\u017cnych gatunk\u00f3w z tej grupy.<\/span><\/li>\n<li><span id=\"gts_text_46\" class=\"gts_text\">Mantises obejmuj\u0105 innego 2200 gatunk\u00f3w owad\u00f3w dobrze camouflaged, grabie\u017cczych.<\/span><\/li>\n<li><span id=\"gts_text_47\" class=\"gts_text\">Booklice i Barklice zawieraj\u0105 ponad 5500 gatunk\u00f3w owad\u00f3w winged, kt\u00f3re je\u015b\u0107 porosty lub wklej w ksi\u0105\u017cce wi\u0105zania. <\/span><span id=\"gts_text_48\" class=\"gts_text\">Dodatkowo, 3500 gatunk\u00f3w sp\u0142ywu, w\u0142\u0105czaj\u0105c w to gatunki 3,<\/span><br \/>\n<span id=\"gts_text_49\" class=\"gts_text\">s\u0105 paso\u017cyt\u00f3w na ludzi, nale\u017c\u0105 do tej grupy.<\/span><\/li>\n<li><span id=\"gts_text_50\" class=\"gts_text\">Przyl\u017ce\u0144ce s\u0105 tiny owady, kt\u00f3re je\u015b\u0107 roztoczy lub zasysania sap od ro\u015blin. <\/span><span id=\"gts_text_51\" class=\"gts_text\">Istnieje ponad 5000 r\u00f3\u017cnych typ\u00f3w.<\/span><\/li>\n<li><span id=\"gts_text_52\" class=\"gts_text\">True b\u0142\u0119d\u00f3w, Aphids i karaczanami s\u0105 zgrupowane razem do innej grupy, z gatunk\u00f3w 80000, nazywane <span style=\"font-style: italic;\">Hemiptera<\/span>. <\/span><span id=\"gts_text_53\" class=\"gts_text\">Najwi\u0119kszy wzrost w d\u0142ugo\u015bci do 15 cm (6 cali)<\/span><\/li>\n<li><span id=\"gts_text_54\" class=\"gts_text\">Mr\u00f3wki, pszcz\u00f3\u0142, osy i Hornets s\u0105 zgrupowane razem w drugim najbardziej zr\u00f3\u017cnicowan\u0105 grup\u0119 owad\u00f3w. <\/span><span id=\"gts_text_55\" class=\"gts_text\">O nazwie ponad 120.000 r\u00f3\u017cnych typ\u00f3w, i mo\u017ce by\u0107 jak najwi\u0119cej 300 000.<\/span><\/li>\n<li><span id=\"gts_text_56\" class=\"gts_text\">Chrz\u0105szcze s\u0105 najbardziej zr\u00f3\u017cnicowan\u0105 grup\u0119 zwierz\u0105t na planecie, z ponad 350 000 Chrz\u0105szcze znane i miliony jeszcze do zosta\u0107 odnalezione. <\/span><span id=\"gts_text_57\" class=\"gts_text\">Jeden w co cztery znane typu zwierz\u0105t jest ulowego. <\/span><span id=\"gts_text_58\" class=\"gts_text\">Larwa <a href=\"\/Goliath-Beetle.html\">Goliath ulowy<\/a> jest najci\u0119\u017cszej owady wszystkich.<\/span><\/li>\n<li><span id=\"gts_text_59\" class=\"gts_text\">&#8220;Twisted-Wing paso\u017cyt\u00f3w&#8221; s\u0105 ma\u0142o znane owad\u00f3w paso\u017cytnicze, kt\u00f3re atakuj\u0105 g\u0142\u00f3wnie, inne owady.<\/span><\/li>\n<li><span id=\"gts_text_60\" class=\"gts_text\">Snakeflies s\u0105 wsp\u00f3lne w Europie i Azji z du\u017ce oczy zwi\u0105zek. <\/span><span id=\"gts_text_61\" class=\"gts_text\">Jaja wyl\u0119gaj\u0105 si\u0119 w drzewie korze lub gnicia drewna. <\/span><span id=\"gts_text_62\" class=\"gts_text\">Istniej\u0105 oko\u0142o 150 r\u00f3\u017cnych gatunk\u00f3w.<\/span><\/li>\n<li><span id=\"gts_text_63\" class=\"gts_text\">300 Lub tak gatunki Alderflies, Dobsonflies i Fishflies nale\u017c\u0105 do grupy owad\u00f3w o nazwie <span style=\"font-style: italic;\">Wielkoskrzyd\u0142e<\/span>, wi\u0119c o nazwie poniewa\u017c ich skrzyde\u0142 s\u0105 du\u017ce. <\/span><span id=\"gts_text_64\" class=\"gts_text\">Nie s\u0105 dobrze znane, poniewa\u017c doros\u0142ych i don&#8217;t live bardzo d\u0142ugo.<\/span><\/li>\n<li><span id=\"gts_text_65\" class=\"gts_text\">Lacewings, Antlions i tak dalej uzupe\u0142ni\u0107 innego 4000 gatunk\u00f3w owady.<\/span><\/li>\n<li><span id=\"gts_text_66\" class=\"gts_text\">Scorpionflies mie\u0107, na ich ogony, co\u015b, co wygl\u0105da jak ogona Skorpion, ale jest nieszkodliwa. <\/span><span id=\"gts_text_67\" class=\"gts_text\">Istnieje oko\u0142o 550 r\u00f3\u017cnych typ\u00f3w.<\/span><\/li>\n<li><span id=\"gts_text_68\" class=\"gts_text\">Pch\u0142y maj\u0105 nie skrzyd\u0142a i potrzebuj\u0105 do zasysania krwi do przetrwania. <\/span><span id=\"gts_text_69\" class=\"gts_text\">W przesz\u0142o\u015bci niekt\u00f3rych chor\u00f3b straszne zosta\u0142y przekazane z cz\u0142owieka na cz\u0142owieka przez odgryzaniem pch\u0142y. <\/span><span id=\"gts_text_70\" class=\"gts_text\">Istniej\u0105 oko\u0142o 2000 znanych gatunk\u00f3w z flea.<\/span><\/li>\n<li><span id=\"gts_text_71\" class=\"gts_text\">Muchy, Mosquitoes i Midges s\u0105 zgrupowane razem do du\u017cej grupy wyp\u0142ywu lub tak r\u00f3\u017cnych typ\u00f3w. <\/span><span id=\"gts_text_72\" class=\"gts_text\">Muchy PRAWDA maj\u0105 tylko jednej pary skrzyd\u0142a. <\/span><span id=\"gts_text_73\" class=\"gts_text\">Niekt\u00f3rzy cz\u0142onkowie tej grupy, szczeg\u00f3lnie niekt\u00f3rych mosquitoes, s\u0105 odpowiedzialne za przekazywanie niekt\u00f3rych chor\u00f3b straszne. <\/span><span id=\"gts_text_74\" class=\"gts_text\">Na przyk\u0142ad Malaria czyni 350 milion\u00f3w os\u00f3b chorych ka\u017cdego roku, zabijania 1,5 miliona z nich.<\/span><\/li>\n<li><span id=\"gts_text_75\" class=\"gts_text\">Caddisflies maj\u0105 skrzyd\u0142a Kret<\/span><\/li>\n<li><span id=\"gts_text_76\" class=\"gts_text\"><span style=\"font-style: italic;\">Motyle<\/span> zawiera 180000 lub tak gatunk\u00f3w moth i motyla. <\/span><span id=\"gts_text_77\" class=\"gts_text\">Najwi\u0119kszy owad\u00f3w latania nale\u017c\u0105 do tej grupy.<\/span><\/li>\n<\/ul>\n<h3><span id=\"gts_text_78\" class=\"gts_text\">Owad organ struktury<\/span><\/h3>\n<p><span id=\"gts_text_79\" class=\"gts_text\">Klatka piersiowa zawiera nogi dla kr\u00f3tkiego spaceru, p\u0142ywanie, skoki lub kopania. <\/span><span id=\"gts_text_80\" class=\"gts_text\">Wi\u0119kszo\u015b\u0107 owad\u00f3w u\u017cyj sze\u015bciu nogi do chodzenia i mo\u017ce wst\u0105pi\u0107 szybko i stale. <\/span><span id=\"gts_text_81\" class=\"gts_text\">Na przyk\u0142ad cockroaches &#8211; cockroaches s\u0105 w\u015br\u00f3d najszybsze biegacze owad\u00f3w. <\/span><span id=\"gts_text_82\" class=\"gts_text\">Chrz\u0105szcze wody i wody b\u0142\u0119dy maj\u0105 nogi jak wios\u0142a pomocne p\u0142ywa\u0107. <\/span><span id=\"gts_text_83\" class=\"gts_text\">W rzeczywisto\u015bci nawet mo\u017ce niekt\u00f3re walk na powierzchni wody, takie jak paj\u0105k\u00f3w wody. <\/span><span id=\"gts_text_84\" class=\"gts_text\">Owady s\u0105 jedyn\u0105 grup\u0105 bezkr\u0119gowc\u00f3w, kt\u00f3re mog\u0105 p\u0142ywa\u0107. <\/span><span id=\"gts_text_85\" class=\"gts_text\">Ich brzucha ma wszystkie ich narz\u0105dach &#8211; ich serce, uk\u0142ad pokarmowy, uk\u0142adu oddechowego, jak r\u00f3wnie\u017c organ\u00f3w do eliminacji odpad\u00f3w produkt\u00f3w i wi\u0119cej. <\/span><span id=\"gts_text_86\" class=\"gts_text\">Wi\u0119kszo\u015b\u0107 owad\u00f3w musi moult w celu uprawy. <\/span><span id=\"gts_text_87\" class=\"gts_text\">Podczas moulting, owady zostanie oddanych poza zewn\u0119trzn\u0105 warstw\u0105 z jego cia\u0142a. <\/span><span id=\"gts_text_88\" class=\"gts_text\">To albo w okre\u015blonych porach roku, lub w niekt\u00f3rych punktach w jego cyklu \u017cycia.<\/span><br \/>\n<span style=\"width: 310px; float: left;\"> <img loading=\"lazy\" decoding=\"async\" src=\"http:\/\/ba.dr-mikes-maths.com\/\/wp-content\/themes\/twentyten\/images\/ba\/giant-weta1.png\" alt=\"A Giant Weta - one of the world's heaviest insects.\" width=\"300\" height=\"152\" \/><br \/>\n<span id=\"gts_text_89\" class=\"gts_text\"><strong>Wetapunga, lub Little bariery wyspa Giant Weta, jest na \u015bwiecie najci\u0119\u017cszej owady<\/strong><\/span><\/span><\/p>\n<h3><span id=\"gts_text_90\" class=\"gts_text\">Owady i os\u00f3b<\/span><\/h3>\n<p><span id=\"gts_text_91\" class=\"gts_text\">Wiele owad\u00f3w s\u0105 szkodnik\u00f3w do nas. <\/span><span id=\"gts_text_92\" class=\"gts_text\">Na przyk\u0142ad mosquitoes, prostej i cockroaches rozprzestrzeniania si\u0119 chor\u00f3b, termit\u00f3w uszkodzenia dom\u00f3w, niekt\u00f3re aphids, chrz\u0105szcze i g\u0105sienic niszczenia upraw naszej \u017cywno\u015bci. <\/span><span id=\"gts_text_93\" class=\"gts_text\">Strony istniej\u0105 r\u00f3wnie\u017c owady, kt\u00f3re pomagaj\u0105 nam &#8211; zapylaj\u0105cych kwitnienia ro\u015blin (pszcz\u00f3\u0142, muchy, motyle i mosquitoes), produkcji miodu (pszcz\u00f3\u0142) lub jedwabiu (moth jedwabnik\u00f3w), jedzenie innych owad\u00f3w szkodnik\u00f3w (ladybirds) lub czyszczenie (mr\u00f3wek). <\/span><span id=\"gts_text_94\" class=\"gts_text\">Ro\u015bliny nie mo\u017cna odtworzy\u0107 bez zapylania, i wielu rodzaj\u00f3w ro\u015blin zale\u017c\u0105 od owad\u00f3w do wykonania tego zadania. <\/span><span id=\"gts_text_95\" class=\"gts_text\">Dokonuj\u0105 kwiat\u00f3w na przyci\u0105gni\u0119cie owad\u00f3w. <\/span><span id=\"gts_text_96\" class=\"gts_text\">Jak pszcz\u00f3\u0142 uzyska\u0107 nektaru z kwiat\u00f3w, one uzyska\u0107 py\u0142ki kwiat\u00f3w ca\u0142ego ich organ\u00f3w i prowadzi\u0107 do innych kwiat\u00f3w.<\/span><\/p>\n<h3><span id=\"gts_text_97\" class=\"gts_text\">Co to jest owady najwi\u0119kszy na \u015bwiecie?<\/span><\/h3>\n<p><span id=\"gts_text_98\" class=\"gts_text\">Istnieje kilka pretendent\u00f3w dla tytu\u0142u owady najwi\u0119kszy na \u015bwiecie. <\/span><span id=\"gts_text_99\" class=\"gts_text\">Najci\u0119\u017cszej kiedykolwiek wa\u017cy by\u0142 <a href=\"\/Wetapunga.html\">Little bariery wyspa Giant Weta<\/a> z Nowej Zelandii &#8211; kt\u00f3re wygl\u0105da jak big ugly krykieta. <\/span><span id=\"gts_text_100\" class=\"gts_text\">Zamknij Ukryta prawda jest <a href=\"\/Goliath-Beetle.html\">Goliath ulowego<\/a>, kt\u00f3ra jest z pewno\u015bci\u0105 ci\u0119\u017csze jako Larwa. <\/span><span id=\"gts_text_101\" class=\"gts_text\">Naukowcy nie s\u0105 jeszcze dok\u0142adnie upewnij si\u0119, \u017ce kt\u00f3re tych ro\u015bnie w og\u00f3lno\u015bci. <\/span><span id=\"gts_text_102\" class=\"gts_text\">Najd\u0142u\u017cszy owady kiedykolwiek mierzona jest rodzajem stick owady z Borneo, o kt\u00f3rym bardzo niewiele wiadomo &#8211; stwierdzono tylko trzech pr\u00f3bek, najd\u0142u\u017cszy kt\u00f3rego by\u0142 56 cm d\u0142ugo\u015bci (22 cale) i jest obecnie na wystawie w Muzeum Brytyjskiego.<\/span><\/p>\n","protected":false},"excerpt":{"rendered":"<p>Co to s\u0105 owady? Owady s\u0105 najwi\u0119ksz\u0105 grup\u0105 stawonog\u00f3w. Ponad 90% r\u00f3\u017cnych rodzaj\u00f3w animail na ziemi s\u0105 owady. Mo\u017cesz mo\u017cna znale\u017a\u0107 niemal wsz\u0119dzie owad\u00f3w. Maj\u0105 one twarde szkielet zewn\u0119trznych, kt\u00f3ry chroni ich cia\u0142a i jednostka trzech cz\u0119\u015bci, kt\u00f3ra sk\u0142ada si\u0119 z g\u0142owy, klatki piersiowej i brzucha. The Atlas Moth jest nie na \u015bwiecie najwi\u0119kszych owady, &hellip; <a href=\"https:\/\/www.big-animals.com\/pl\/%c5%9bwiat%c3%b3w-najwi%c4%99kszy-owady\/\" class=\"more-link\">Continue reading <span class=\"screen-reader-text\">Owady najwi\u0119kszy na \u015bwiecie!<\/span><\/a><\/p>\n","protected":false},"author":1,"featured_media":0,"parent":0,"menu_order":0,"comment_status":"closed","ping_status":"open","template":"","meta":{"_acf_changed":false,"footnotes":""},"acf":[],"_links":{"self":[{"href":"https:\/\/www.big-animals.com\/pl\/wp-json\/wp\/v2\/pages\/578"}],"collection":[{"href":"https:\/\/www.big-animals.com\/pl\/wp-json\/wp\/v2\/pages"}],"about":[{"href":"https:\/\/www.big-animals.com\/pl\/wp-json\/wp\/v2\/types\/page"}],"author":[{"embeddable":true,"href":"https:\/\/www.big-animals.com\/pl\/wp-json\/wp\/v2\/users\/1"}],"replies":[{"embeddable":true,"href":"https:\/\/www.big-animals.com\/pl\/wp-json\/wp\/v2\/comments?post=578"}],"version-history":[{"count":1,"href":"https:\/\/www.big-animals.com\/pl\/wp-json\/wp\/v2\/pages\/578\/revisions"}],"predecessor-version":[{"id":848,"href":"https:\/\/www.big-animals.com\/pl\/wp-json\/wp\/v2\/pages\/578\/revisions\/848"}],"wp:attachment":[{"href":"https:\/\/www.big-animals.com\/pl\/wp-json\/wp\/v2\/media?parent=578"}],"curies":[{"name":"wp","href":"https:\/\/api.w.org\/{rel}","templated":true}]}}