{"id":581,"date":"2011-05-09T09:10:37","date_gmt":"2011-05-09T09:10:37","guid":{"rendered":""},"modified":"2011-05-09T09:10:37","modified_gmt":"2011-05-09T09:10:37","slug":"polityka-prywatno%c5%9bci","status":"publish","type":"page","link":"https:\/\/www.big-animals.com\/pl\/polityka-prywatno%c5%9bci\/","title":{"rendered":"Polityka prywatno\u015bci"},"content":{"rendered":"<p><span id=\"gts_text_1\" class=\"gts_text\">Ta strona opisuje polityki prywatno\u015bci dla Big-Animals.com.<\/span><\/p>\n<p>\n<span id=\"gts_text_2\" class=\"gts_text\">Zasadniczo tej witryny nie gromadzi \u017cadnych informacji osobistych o Tobie. <\/span><span id=\"gts_text_3\" class=\"gts_text\">Twoja prywatno\u015b\u0107 jest bezpieczne. <\/span><span id=\"gts_text_4\" class=\"gts_text\">Okre\u015blonych szczeg\u00f3lnych cz\u0119\u015bci witryny mo\u017ce przechowywa\u0107 informacje, kt\u00f3re nale\u017cy dostarczy\u0107 (jak wyja\u015bniono poni\u017cej), ale \u017cadna cz\u0119\u015b\u0107 witryny pr\u00f3buje uzyska\u0107 informacje bez wiedzy u\u017cytkownika.<\/span> <\/p>\n<p><span id=\"gts_text_5\" class=\"gts_text\">Z drugiej strony, te witryny <i>jest<\/i> magazynu <i>\u015brednia i ca\u0142kowitej<\/i> informacji o <i>wszystkie<\/i> osoby odwiedzaj\u0105ce t\u0119 witryn\u0119. <\/span><span id=\"gts_text_6\" class=\"gts_text\">Odbywa si\u0119 to poprzez<\/span><\/p>\n<ul>\n<li> <span id=\"gts_text_7\" class=\"gts_text\">G\u0142\u00f3wnie, <a href=\"http:\/\/www.google.com\/analytics\">google Analytics<\/a><\/span>\n<\/li>\n<li> <span id=\"gts_text_8\" class=\"gts_text\">Dzienniki serwera sieci Web.<\/span>\n<\/li>\n<li> <span id=\"gts_text_9\" class=\"gts_text\">Ca\u0142kowita liczba odwiedzin ka\u017cdej strony jest przechowywany.<\/span>\n<\/li>\n<\/ul>\n<p><span id=\"gts_text_10\" class=\"gts_text\">Te statystyki agregacji nie zawieraj\u0105 \u017cadnych informacji, kt\u00f3re mo\u017ce identyfikowa\u0107 ci\u0119 osobi\u015bcie. <\/span><span id=\"gts_text_11\" class=\"gts_text\">Informacje wykorzystywane jest dzi\u0119ki lepszej dla wszystkich witryny.<\/span><\/p>\n<p><span id=\"gts_text_12\" class=\"gts_text\">Niekt\u00f3re cz\u0119\u015bci niekt\u00f3rych witryn <i>czy<\/i> zbieranie i zapisywanie bardziej osobiste informacje, ale tylko je\u015bli go. <\/span><span id=\"gts_text_13\" class=\"gts_text\">W szczeg\u00f3lno\u015bci sonda\u017ce przechowywa\u0107 swoje odpowiedzi, ale ta informacja nie identifikovat osobi\u015bcie, oczywi\u015bcie.<\/span>\n<\/p>\n<p><span id=\"gts_text_14\" class=\"gts_text\">Niekt\u00f3re elementy z tej witryny sieci Web nale\u017cy u\u017cy\u0107 zawarto\u015bci z innych witryn. <\/span><span id=\"gts_text_15\" class=\"gts_text\">Elementy te zazwyczaj b\u0119dzie przechowywa\u0142 pliki cookie na komputerze. <\/span><span id=\"gts_text_16\" class=\"gts_text\">W szczeg\u00f3lno\u015bci<\/span>\n<\/p>\n<ul>\n<li> <span id=\"gts_text_17\" class=\"gts_text\">Wi\u0119kszo\u015b\u0107 reklamy s\u0105 dostarczane przez program Google Adsense. <\/span><span id=\"gts_text_18\" class=\"gts_text\">Uwaga:<\/span>\n<ul>\n<li> <span id=\"gts_text_19\" class=\"gts_text\">Google u\u017cywa plik\u00f3w cookie w celu wsparcia zdecydowa\u0107, jakie reklam do pokaza\u0107.<\/span>\n     <\/li>\n<li> <span id=\"gts_text_20\" class=\"gts_text\">Google wykorzystanie ciasteczko PARALI\u017bUJ\u0104CA oznacza, \u017ce reklamy wy\u015bwietlane mo\u017ce zale\u017ce\u0107 od witryn sieci Web przegl\u0105danych w przesz\u0142o\u015bci.<\/span>\n     <\/li>\n<li> <span id=\"gts_text_21\" class=\"gts_text\">Je\u015bli chcesz zatrzyma\u0107 Google za pomoc\u0105 ciasteczko PARALI\u017bUJ\u0104CA na danym komputerze, lub chcesz uzyska\u0107 wi\u0119cej informacji na temat reklamy google i zagadnie\u0144 prywatno\u015bci, <a href=\"http:\/\/www.google.com\/privacy_ads.html\" target=\"new\">mo\u017cna tego dokona\u0107 tutaj<\/a>.<\/span>\n<\/li>\n<\/ul>\n<\/li>\n<li> <span id=\"gts_text_22\" class=\"gts_text\">Ca\u0142kowita (nie osobistych) informacje s\u0105 gromadzone za pomoc\u0105 Google Analytics.<\/span>\n<\/li>\n<li> <span id=\"gts_text_23\" class=\"gts_text\">Wyszukiwanie na stronie jest r\u00f3wnie\u017c \u015bwiadczone przez Google.<\/span>\n<\/li>\n<li> <span id=\"gts_text_24\" class=\"gts_text\">\u0141\u0105cza do Amazon.com s\u0105 pod\u0142\u0105czone do Amazona Associates programu.<\/span>\n<\/li>\n<li> <span id=\"gts_text_25\" class=\"gts_text\">Reklamy produkt\u00f3w Zazzle, je\u015bli istniej\u0105, s\u0105 dostarczane przez Zazzle.<\/span>\n<\/li>\n<li> <span id=\"gts_text_26\" class=\"gts_text\">&#8220;Zwierz\u0105t wra\u017ce\u0144 gry&#8221; s\u0105 \u015bwiadczone przez Hooked Media.<\/span>\n<\/li>\n<p><\/uL><br \/>\n<span id=\"gts_text_27\" class=\"gts_text\">Je\u015bli chodzi o to, nale\u017cy skonsultowa\u0107 si\u0119 polityki prywatno\u015bci <a href=\"http:\/\/www.google.com\/privacy.html\" target=\"new\">Google<\/a>, <a href=\"http:\/\/www.amazon.com\/gp\/help\/customer\/display.html?nodeId=468496\" target=\"new\">Amazon.com<\/a>, <a href=\"http:\/\/www.hookedmediagroup.com\/Global\/Privacy.aspx\">Hooked Media Group<\/a> i <a href=\"http:\/\/www.zazzle.com\/mk\/policy\/privacy_policy\">Zazzle<\/a>.<\/span><\/p>\n<p><span id=\"gts_text_28\" class=\"gts_text\">Hope, kt\u00f3ry pomaga!<\/span><\/p>\n","protected":false},"excerpt":{"rendered":"<p>Ta strona opisuje polityki prywatno\u015bci dla Big-Animals.com. Zasadniczo tej witryny nie gromadzi \u017cadnych informacji osobistych o Tobie. Twoja prywatno\u015b\u0107 jest bezpieczne. Okre\u015blonych szczeg\u00f3lnych cz\u0119\u015bci witryny mo\u017ce przechowywa\u0107 informacje, kt\u00f3re nale\u017cy dostarczy\u0107 (jak wyja\u015bniono poni\u017cej), ale \u017cadna cz\u0119\u015b\u0107 witryny pr\u00f3buje uzyska\u0107 informacje bez wiedzy u\u017cytkownika. Z drugiej strony, te witryny jest magazynu \u015brednia i ca\u0142kowitej informacji &hellip; <a href=\"https:\/\/www.big-animals.com\/pl\/polityka-prywatno%c5%9bci\/\" class=\"more-link\">Continue reading <span class=\"screen-reader-text\">Polityka prywatno\u015bci<\/span><\/a><\/p>\n","protected":false},"author":1,"featured_media":0,"parent":0,"menu_order":0,"comment_status":"closed","ping_status":"open","template":"","meta":{"_acf_changed":false,"footnotes":""},"acf":[],"_links":{"self":[{"href":"https:\/\/www.big-animals.com\/pl\/wp-json\/wp\/v2\/pages\/581"}],"collection":[{"href":"https:\/\/www.big-animals.com\/pl\/wp-json\/wp\/v2\/pages"}],"about":[{"href":"https:\/\/www.big-animals.com\/pl\/wp-json\/wp\/v2\/types\/page"}],"author":[{"embeddable":true,"href":"https:\/\/www.big-animals.com\/pl\/wp-json\/wp\/v2\/users\/1"}],"replies":[{"embeddable":true,"href":"https:\/\/www.big-animals.com\/pl\/wp-json\/wp\/v2\/comments?post=581"}],"version-history":[{"count":0,"href":"https:\/\/www.big-animals.com\/pl\/wp-json\/wp\/v2\/pages\/581\/revisions"}],"wp:attachment":[{"href":"https:\/\/www.big-animals.com\/pl\/wp-json\/wp\/v2\/media?parent=581"}],"curies":[{"name":"wp","href":"https:\/\/api.w.org\/{rel}","templated":true}]}}