{"id":582,"date":"2011-05-09T09:20:08","date_gmt":"2011-05-09T09:20:08","guid":{"rendered":""},"modified":"2011-05-09T09:20:08","modified_gmt":"2011-05-09T09:20:08","slug":"p%c5%82azy","status":"publish","type":"page","link":"https:\/\/www.big-animals.com\/pl\/p%c5%82azy\/","title":{"rendered":"P\u0142azy"},"content":{"rendered":"<p><span id=\"gts_text_1\" class=\"gts_text\">P\u0142azy s\u0105 zwierz\u0119ta, kt\u00f3re mo\u017cna \u017cywych w wodzie, gdy s\u0105 m\u0142ode i nast\u0119pnie \u017cywych na ziemi, gdy s\u0105 one doros\u0142ych. <\/span><span id=\"gts_text_2\" class=\"gts_text\">Maj\u0105 one <a title=\"The World\u2019s Biggest Vertebrates!\" href=\"http:\/\/www.big-animals.com\/the-worlds-biggest-vertebrates\/\">dok\u0142adnie trzony<\/a>. <\/span><span id=\"gts_text_3\" class=\"gts_text\">S\u0105 r\u00f3\u017cne typy p\u0142az\u00f3w <a title=\"Frog\" href=\"http:\/\/www.big-animals.com\/frog\/\">bezogonowych<\/a>i <a title=\"Salamanders\" href=\"http:\/\/www.big-animals.com\/salamanders\/\">ogoniastych<\/a> <a title=\"Caecilian\" href=\"http:\/\/www.big-animals.com\/caecilian\/\">Caecilians<\/a>. <\/span><span id=\"gts_text_4\" class=\"gts_text\">Caecilians maj\u0105 nie nogi i wygl\u0105daj\u0105 jak robaki! <\/span><span id=\"gts_text_5\" class=\"gts_text\">Toad jest faktycznie tylko specjalny typ \u017baba. <\/span><span id=\"gts_text_6\" class=\"gts_text\">P\u0142azy s\u0105 cold blooded stworze\u0144. <\/span><span id=\"gts_text_7\" class=\"gts_text\">Istniej\u0105 oko\u0142o 6500 gatunk\u00f3w p\u0142az\u00f3w.<\/span><\/p>\n<figure id=\"attachment_850\" aria-describedby=\"caption-attachment-850\" style=\"width: 300px\" class=\"wp-caption alignleft\"><a href=\"http:\/\/www.big-animals.com\/wp-content\/uploads\/2011\/04\/Frog.jpg\"><img loading=\"lazy\" decoding=\"async\" class=\"size-medium wp-image-850\" title=\"Frogs are the Amphibians people know best\" src=\"http:\/\/www.big-animals.com\/wp-content\/uploads\/2011\/04\/Frog-300x196.jpg\" alt=\"Frogs are the Amphibians people know best\" width=\"300\" height=\"196\" \/><\/a><figcaption id=\"caption-attachment-850\" class=\"wp-caption-text\">Frogs are the Amphibians people know best<\/figcaption><\/figure>\n<p><span id=\"gts_text_8\" class=\"gts_text\">Niestety w ci\u0105gu ostatnich kilku dekad, numer p\u0142az\u00f3w na \u015bwiecie ma zosta\u0142y going down. <\/span><span id=\"gts_text_9\" class=\"gts_text\">Wiele gatunk\u00f3w jest teraz siedliska zagro\u017conych lub wygas\u0142y z powodu zniszczenia, nielegalne polowania, zanieczyszczenia, zmiany klimatyczne i chor\u00f3b.<\/span><\/p>\n<p><span id=\"gts_text_10\" class=\"gts_text\">P\u0142azy na \u017cywo w r\u00f3\u017cnych \u015brodowiskach, ale wi\u0119kszo\u015bci gatunk\u00f3w, trzeba mie\u0107 siedliska s\u0142odkowodne takich jak bagna, staw\u00f3w, rzek, strumieni lub innych na mokro miejsc w przypadku zniesienia jaj. <\/span><span id=\"gts_text_11\" class=\"gts_text\">P\u0142azy s\u0105 stosunkowo \u0142atwo drapie\u017cne odszukiwa\u0107. <\/span><span id=\"gts_text_12\" class=\"gts_text\">Nie maj\u0105 one bites truj\u0105ce jak pazury cobra lub ostrych jak Or\u0142y. <\/span><span id=\"gts_text_13\" class=\"gts_text\">Gdy pasz na owady, paj\u0105k\u00f3w, robaki, ma\u0142e ryby, gady ma\u0142ych i nawet na mniejsze zwierz\u0119ta ziemnowodne.<\/span><\/p>\n<p><span id=\"gts_text_14\" class=\"gts_text\">Temperatura cia\u0142a Amphibian zmienia si\u0119 zgodnie z otaczaj\u0105cymi temperatury. <\/span><span id=\"gts_text_15\" class=\"gts_text\">One zmiany ich barwy dostosowanie ich temperatury cia\u0142a. <\/span><span id=\"gts_text_16\" class=\"gts_text\">Na przyk\u0142ad s\u0105 one prze\u0142\u0105cza\u0107 si\u0119 ciemniejszy kolor, gdy s\u0105 one wymagane do wch\u0142oni\u0119cia wi\u0119cej ciep\u0142a. <\/span><span id=\"gts_text_17\" class=\"gts_text\">Nie jest to niesamowite? <\/span><span id=\"gts_text_18\" class=\"gts_text\">One s\u0105 bardziej aktywni w ciep\u0142e dni i s\u0105 w stanie lepiej hunt w lecie nast\u0119pnie w zimy. <\/span><span id=\"gts_text_19\" class=\"gts_text\">Zimn\u0105 pogod\u0119, czyni je nieaktywny. <\/span><span id=\"gts_text_20\" class=\"gts_text\">Zmieniaj\u0105c ich barwy, s\u0105 one mo\u017cliwo\u015b\u0107 camouflage same i ewakuacji z ich drapie\u017cnik\u00f3w.<\/span><\/p>\n<figure id=\"attachment_851\" aria-describedby=\"caption-attachment-851\" style=\"width: 251px\" class=\"wp-caption alignright\"><a href=\"http:\/\/www.big-animals.com\/wp-content\/uploads\/2011\/04\/Axolotl.jpg\"><img loading=\"lazy\" decoding=\"async\" class=\"size-full wp-image-851\" title=\"The Axolotl looks very cute!\" src=\"http:\/\/www.big-animals.com\/wp-content\/uploads\/2011\/04\/Axolotl.jpg\" alt=\"The Axolotl looks very cute!\" width=\"251\" height=\"202\" \/><\/a><figcaption id=\"caption-attachment-851\" class=\"wp-caption-text\">The Axolotl looks very cute!<\/figcaption><\/figure>\n<p><span id=\"gts_text_21\" class=\"gts_text\">Pochodz\u0105 one w r\u00f3\u017cnych rozmiarach. <\/span><span id=\"gts_text_22\" class=\"gts_text\">Najwi\u0119ksze amfibii wszystkich jest <a title=\"Chinese Giant Salamander\" href=\"http:\/\/www.big-animals.com\/chinese-giant-salamander\/\">Salamandra olbrzymia chi\u0144ska<\/a> , kt\u00f3ry jest d\u0142ugo\u015bci 180 cm (6 metr\u00f3w). <\/span><span id=\"gts_text_23\" class=\"gts_text\">Niekt\u00f3re z najmniejsz\u0105 s\u0105 brazylijska z\u0142ota \u017caby, kt\u00f3re s\u0105 tylko 9.8 mm d\u0142ugo\u015bci (0.4 cali). <\/span><span id=\"gts_text_24\" class=\"gts_text\">\u017baby z zakresu od oko\u0142o 1 cm do 33 cm d\u0142ugo\u015bci (0,4 do 13 cm) podczas gdy ogoniastych s\u0105 d\u0142u\u017csze, od oko\u0142o 2,7 do 180 cm d\u0142ugo\u015bci (1 cal do 6 metr\u00f3w). <\/span><span id=\"gts_text_25\" class=\"gts_text\">Caecilians s\u0105 oko\u0142o 7 do 150 cm w d\u0142ugo\u015bci (3 cali do 5 metr\u00f3w). <\/span><span id=\"gts_text_26\" class=\"gts_text\">\u017baba najwi\u0119kszych jest <a title=\"Goliath Frog\" href=\"http:\/\/www.big-animals.com\/goliath-frog\/\">Goliat p\u0142ochliwy<\/a> , kt\u00f3ry jest 33 cm d\u0142ugo\u015bci (13 cm), a najwi\u0119ksze p\u0142azy beznogie <a title=\"Caecilian Thompsoni\" href=\"http:\/\/www.big-animals.com\/caecilian-thompsoni\/\"><em>Cecylia Thompsoni<\/em><\/a> , czyli oko\u0142o 150 cm d\u0142ugo\u015bci (5 metr\u00f3w).<\/span><\/p>\n<p><span id=\"gts_text_27\" class=\"gts_text\">P\u0142azy s\u0105 mi\u0119kkie, g\u0142adkie \u015bliskie sk\u00f3ry. <\/span><span id=\"gts_text_28\" class=\"gts_text\">Ich karnacji umo\u017cliwiaj\u0105 gaz\u00f3w i cieczy do przejazdu. <\/span><span id=\"gts_text_29\" class=\"gts_text\">Dlatego mog\u0105 one faktycznie wdycha\u0107 poprzez ich sk\u00f3r\u0119! <\/span><span id=\"gts_text_30\" class=\"gts_text\">Nie jest to interesuj\u0105ce! <\/span><span id=\"gts_text_31\" class=\"gts_text\">Na przyk\u0142ad ogoniastych maj\u0105 porowatych sk\u00f3ry, umo\u017cliwiaj\u0105cy ich absorpcji tlenu i wody poprzez ich sk\u00f3r\u0119. <\/span><span id=\"gts_text_32\" class=\"gts_text\">Chocia\u017c niekt\u00f3re p\u0142az\u00f3w, takich jak baby kijanki, oddychania ze skrzeli, jak uprawiaj\u0105 starszych one rozwija\u0107 p\u0142uca do oddychania. <\/span><span id=\"gts_text_33\" class=\"gts_text\">Zale\u017c\u0105 one nadal ich karnacji dla dodatkowych tlenu. <\/span><span id=\"gts_text_34\" class=\"gts_text\">One nie pije wod\u0119 &#8211; mo\u017cna uzyska\u0107 wszystkie wody potrzebuj\u0105 przez namoczenie w g\u00f3r\u0119 poprzez ich sk\u00f3r\u0119.<\/span><\/p>\n<p><span id=\"gts_text_35\" class=\"gts_text\">Wi\u0119kszo\u015b\u0107 p\u0142azy maj\u0105 gruczo\u0142y w sk\u00f3r\u0119, kt\u00f3re wytwarzaj\u0105 truj\u0105ce toksyn umo\u017cliwiaj\u0105cych obron\u0119 przed ich drapie\u017cnik\u00f3w. <\/span><span id=\"gts_text_36\" class=\"gts_text\">Jednym znanym przyk\u0142adem jest Frog strza\u0142k\u0119 Poison. <\/span><span id=\"gts_text_37\" class=\"gts_text\">Maj\u0105 one d\u0142ugo Sticky Notes ozory do po\u0142owu owad\u00f3w. <\/span><span id=\"gts_text_38\" class=\"gts_text\">Caecilians zabijaj\u0105 szybko z ich ostry z\u0119b\u00f3w.<\/span><\/p>\n<figure id=\"attachment_854\" aria-describedby=\"caption-attachment-854\" style=\"width: 300px\" class=\"wp-caption alignleft\"><a href=\"http:\/\/www.big-animals.com\/wp-content\/uploads\/2011\/04\/Caecilian1.jpg\"><img loading=\"lazy\" decoding=\"async\" class=\"size-medium wp-image-854 \" title=\"Caecilians look just like worms or snakes!\" src=\"http:\/\/www.big-animals.com\/wp-content\/uploads\/2011\/04\/Caecilian1-300x191.jpg\" alt=\"Caecilians look just like worms or snakes!\" width=\"300\" height=\"191\" \/><\/a><figcaption id=\"caption-attachment-854\" class=\"wp-caption-text\">Caecilians look just like worms or snakes!<\/figcaption><\/figure>\n<p><span id=\"gts_text_39\" class=\"gts_text\">P\u0142azy najbardziej doros\u0142ych ma z\u0119b\u00f3w jak caecilians. <\/span><span id=\"gts_text_40\" class=\"gts_text\">\u017baby maj\u0105 tylko z\u0119b\u00f3w na g\u00f3rnej szcz\u0119ki &#8211; nie maj\u0105 z\u0119b\u00f3w na ich dolnej szcz\u0119ki &#8211; dzi\u0119ki one zwykle swallow ich ca\u0142o\u015b\u0107 \u017cywno\u015bci do w\u0119\u017ca.\u00a0One <\/span><span id=\"gts_text_41\" class=\"gts_text\">u\u017cy\u0107 ich z\u0119by do utrzymywania na ich drapie\u017cne oraz nie do \u017cucia.\u00a0Jednak\u017ce niekt\u00f3re gatunki nie maj\u0105 \u017cadnych z\u0119b\u00f3w, na przyk\u0142ad afryka\u0144skiego odzyskanych \u017baba.<\/span><\/p>\n<p><span id=\"gts_text_42\" class=\"gts_text\">Prawie wszystkie zwierz\u0119ta ziemnowodne okre\u015bli\u0107 ich jaj w wodzie. <\/span><span id=\"gts_text_43\" class=\"gts_text\">Jednak\u017ce niekt\u00f3re \u017cab, ogoniastych i caecilians okre\u015bla\u0107 ich jaj w miejscach wilgotnych takie jak p\u0119kni\u0119cia lub Burrows \u2013 w ziemi. <\/span><span id=\"gts_text_44\" class=\"gts_text\">Prawie wszystkie \u017cab okre\u015bli\u0107 ich jaj w wodzie i jaja wyl\u0119gaj\u0105 do kijanki, kt\u00f3re \u017cyj\u0105 w wodzie. <\/span><span id=\"gts_text_45\" class=\"gts_text\">Jaja p\u0142azy s\u0105 chronione przez specjalny rodzaj galaretki. <\/span><span id=\"gts_text_46\" class=\"gts_text\">Breathe z ich skrzela i p\u0142ywa\u0107 przy u\u017cyciu ich ogon. <\/span><span id=\"gts_text_47\" class=\"gts_text\">Jak one si\u0119 wraz z wiekiem, trac\u0105 ich ogon, u\u017cywaj\u0105 p\u0142uca do oddychania zamiast z skrzela i uprawiaj\u0105 4 silne nogi do skok\u00f3w.<\/span><\/p>\n<p><span id=\"gts_text_48\" class=\"gts_text\">Caecilians maj\u0105 ma\u0142e oczy, kt\u00f3re s\u0105 obj\u0119te karnacj\u0119 dla ochrony. <\/span><span id=\"gts_text_49\" class=\"gts_text\">To jest dlaczego wielu ludzi Pomy\u015bl \u017ce s\u0105 one niewidomych &#8211; ich wzrok jest ograniczona, ale one nie s\u0105 niewidome. <\/span><span id=\"gts_text_50\" class=\"gts_text\">Maj\u0105 one par\u0119 tentacles, kt\u00f3ra znajduje si\u0119 pomi\u0119dzy ich oczy i nozdrzy. <\/span><span id=\"gts_text_51\" class=\"gts_text\">Te tentacles pom\u00f3c im w zapachu lepsze.<\/span><\/p>\n<p><span id=\"gts_text_52\" class=\"gts_text\"><\/span><\/p>\n","protected":false},"excerpt":{"rendered":"<p>P\u0142azy s\u0105 zwierz\u0119ta, kt\u00f3re mo\u017cna \u017cywych w wodzie, gdy s\u0105 m\u0142ode i nast\u0119pnie \u017cywych na ziemi, gdy s\u0105 one doros\u0142ych. Maj\u0105 one dok\u0142adnie trzony. S\u0105 r\u00f3\u017cne typy p\u0142az\u00f3w bezogonowychi ogoniastych Caecilians. Caecilians maj\u0105 nie nogi i wygl\u0105daj\u0105 jak robaki! Toad jest faktycznie tylko specjalny typ \u017baba. P\u0142azy s\u0105 cold blooded stworze\u0144. Istniej\u0105 oko\u0142o 6500 gatunk\u00f3w &hellip; <a href=\"https:\/\/www.big-animals.com\/pl\/p%c5%82azy\/\" class=\"more-link\">Continue reading <span class=\"screen-reader-text\">P\u0142azy<\/span><\/a><\/p>\n","protected":false},"author":1,"featured_media":0,"parent":0,"menu_order":0,"comment_status":"closed","ping_status":"open","template":"","meta":{"_acf_changed":false,"footnotes":""},"acf":[],"_links":{"self":[{"href":"https:\/\/www.big-animals.com\/pl\/wp-json\/wp\/v2\/pages\/582"}],"collection":[{"href":"https:\/\/www.big-animals.com\/pl\/wp-json\/wp\/v2\/pages"}],"about":[{"href":"https:\/\/www.big-animals.com\/pl\/wp-json\/wp\/v2\/types\/page"}],"author":[{"embeddable":true,"href":"https:\/\/www.big-animals.com\/pl\/wp-json\/wp\/v2\/users\/1"}],"replies":[{"embeddable":true,"href":"https:\/\/www.big-animals.com\/pl\/wp-json\/wp\/v2\/comments?post=582"}],"version-history":[{"count":0,"href":"https:\/\/www.big-animals.com\/pl\/wp-json\/wp\/v2\/pages\/582\/revisions"}],"wp:attachment":[{"href":"https:\/\/www.big-animals.com\/pl\/wp-json\/wp\/v2\/media?parent=582"}],"curies":[{"name":"wp","href":"https:\/\/api.w.org\/{rel}","templated":true}]}}