{"id":583,"date":"2011-05-09T09:20:14","date_gmt":"2011-05-09T09:20:14","guid":{"rendered":""},"modified":"2011-05-09T09:20:14","modified_gmt":"2011-05-09T09:20:14","slug":"p%c5%82azy-beznogie-thompsoni","status":"publish","type":"page","link":"https:\/\/www.big-animals.com\/pl\/p%c5%82azy-beznogie-thompsoni\/","title":{"rendered":"P\u0142azy beznogie Thompsoni"},"content":{"rendered":"<figure id=\"attachment_989\" aria-describedby=\"caption-attachment-989\" style=\"width: 300px\" class=\"wp-caption alignright\"><a href=\"http:\/\/www.big-animals.com\/wp-content\/uploads\/2011\/05\/Caecilia_Thompsoni_and_Human.png\"><img loading=\"lazy\" decoding=\"async\" class=\"size-medium wp-image-989\" title=\"Caecilia Thompsoni and Human\" src=\"http:\/\/www.big-animals.com\/wp-content\/uploads\/2011\/05\/Caecilia_Thompsoni_and_Human-300x266.png\" alt=\"Caecilia Thompsoni and Human\" width=\"300\" height=\"266\" \/><\/a><figcaption id=\"caption-attachment-989\" class=\"wp-caption-text\">Caecilia Thompsoni and Human<\/figcaption><\/figure>\n<p><span id=\"gts_text_1\" class=\"gts_text\"><em>P\u0142azy beznogie Thompsoni<\/em>, nazywane r\u00f3wnie\u017c p\u0142azami beznogimi Thompsona, nale\u017c\u0105 do <a title=\"Amphibians\" href=\"http:\/\/www.big-animals.com\/amphibian\/\">p\u0142az\u00f3w<\/a>.<\/span><span id=\"gts_text_2\" class=\"gts_text\">S\u0105 najwi\u0119kszymi z przypominaj\u0105cych do robaka <a title=\"Caecilian\" href=\"http:\/\/www.big-animals.com\/caecilian\/\">p\u0142azami beznogimi<\/a>.<\/span><span id=\"gts_text_3\" class=\"gts_text\">Mog\u0105 osi\u0105ga\u0107 d\u0142ugo\u015b\u0107 do 1,5 m (5 st\u00f3p) i wag\u0119 do oko\u0142o 1 kg (2.2 lb).<\/span><span id=\"gts_text_4\" class=\"gts_text\">Ich macierzystym krajem jest Kolumbia.<\/span><span id=\"gts_text_5\" class=\"gts_text\">Wyst\u0119puj\u0105 w tropikalnych lub subtropikalnych, wilgotnych lasach nizinnych, subtropikalnych lub tropikalnych wilgotnych g\u00f3rach, plantacjach a nawet ogrodach.<\/span><span id=\"gts_text_6\" class=\"gts_text\">Niestety populacja <em>caecilain thompsoni<\/em> jest zagro\u017cona z powodu wylesiania.<\/span><\/p>\n<p><span id=\"gts_text_7\" class=\"gts_text\"><\/span><\/p>\n","protected":false},"excerpt":{"rendered":"<p>P\u0142azy beznogie Thompsoni, nazywane r\u00f3wnie\u017c p\u0142azami beznogimi Thompsona, nale\u017c\u0105 do p\u0142az\u00f3w.S\u0105 najwi\u0119kszymi z przypominaj\u0105cych do robaka p\u0142azami beznogimi.Mog\u0105 osi\u0105ga\u0107 d\u0142ugo\u015b\u0107 do 1,5 m (5 st\u00f3p) i wag\u0119 do oko\u0142o 1 kg (2.2 lb).Ich macierzystym krajem jest Kolumbia.Wyst\u0119puj\u0105 w tropikalnych lub subtropikalnych, wilgotnych lasach nizinnych, subtropikalnych lub tropikalnych wilgotnych g\u00f3rach, plantacjach a nawet ogrodach.Niestety populacja caecilain &hellip; <a href=\"https:\/\/www.big-animals.com\/pl\/p%c5%82azy-beznogie-thompsoni\/\" class=\"more-link\">Continue reading <span class=\"screen-reader-text\">P\u0142azy beznogie Thompsoni<\/span><\/a><\/p>\n","protected":false},"author":1,"featured_media":0,"parent":0,"menu_order":0,"comment_status":"closed","ping_status":"open","template":"","meta":{"_acf_changed":false,"footnotes":""},"acf":[],"_links":{"self":[{"href":"https:\/\/www.big-animals.com\/pl\/wp-json\/wp\/v2\/pages\/583"}],"collection":[{"href":"https:\/\/www.big-animals.com\/pl\/wp-json\/wp\/v2\/pages"}],"about":[{"href":"https:\/\/www.big-animals.com\/pl\/wp-json\/wp\/v2\/types\/page"}],"author":[{"embeddable":true,"href":"https:\/\/www.big-animals.com\/pl\/wp-json\/wp\/v2\/users\/1"}],"replies":[{"embeddable":true,"href":"https:\/\/www.big-animals.com\/pl\/wp-json\/wp\/v2\/comments?post=583"}],"version-history":[{"count":0,"href":"https:\/\/www.big-animals.com\/pl\/wp-json\/wp\/v2\/pages\/583\/revisions"}],"wp:attachment":[{"href":"https:\/\/www.big-animals.com\/pl\/wp-json\/wp\/v2\/media?parent=583"}],"curies":[{"name":"wp","href":"https:\/\/api.w.org\/{rel}","templated":true}]}}