{"id":584,"date":"2011-05-09T09:21:30","date_gmt":"2011-05-09T09:21:30","guid":{"rendered":""},"modified":"2013-07-24T20:48:12","modified_gmt":"2013-07-24T20:48:12","slug":"p%c5%82azy-beznogie","status":"publish","type":"page","link":"https:\/\/www.big-animals.com\/pl\/p%c5%82azy-beznogie\/","title":{"rendered":"Marszczelcowate"},"content":{"rendered":"<p><span class=\"gts_text\" id=\"gts_text_1\">Marszczelcowate to\u00a0<a title=\"P\u0142azy\" href=\"http:\/\/www.big-animals.com\/pl\/p%c5%82azy\/\">p\u0142azy<\/a>\u00a0, kt\u00f3re wygl\u0105daj\u0105 jak d\u017cd\u017cownice lub w\u0119\u017ce. <\/span><span class=\"gts_text\" id=\"gts_text_2\">Ukrywaj\u0105 si\u0119 g\u0142\u00f3wnie w ziemi i to dlatego s\u0105 najs\u0142abiej poznanymi p\u0142azami.\u00a0<\/span><span class=\"gts_text\" id=\"gts_text_3\">\u017byj\u0105 w tropikach w Ameryce Po\u0142udniowej, Afryce i Azji Po\u0142udniowej. <\/span><span class=\"gts_text\" id=\"gts_text_4\">Nie wiemy dok\u0142adnie co jedz\u0105, ale zdaje si\u0119, \u017ce\u00a0<\/span>mi\u0119so\u017cerne doros\u0142e marszczelcowate \u017cywi\u0105 si\u0119 larwami owad\u00f3w, termit\u00f3w i d\u017cd\u017cownic. Marszczelcowate w niewoli karmione s\u0105 d\u017cd\u017cownicami i to w\u0142a\u015bnie te robaki mo\u017cna cz\u0119sto spotka\u0107 w ich naturalnym \u015brodowisku.<\/p>\n<figure id=\"attachment_984\" aria-describedby=\"caption-attachment-984\" style=\"width: 300px\" class=\"wp-caption alignright\"><a href=\"http:\/\/www.big-animals.com\/wp-content\/uploads\/2011\/05\/Caecilian.jpg\"><img loading=\"lazy\" decoding=\"async\" class=\"size-medium wp-image-984\" title=\"A typical Caecilian - Photograph by Shyamal\" alt=\"A typical Caecilian - Photograph by Shyamal\" src=\"http:\/\/www.big-animals.com\/wp-content\/uploads\/2011\/05\/Caecilian-300x153.jpg\" width=\"300\" height=\"153\" \/><\/a><figcaption id=\"caption-attachment-984\" class=\"wp-caption-text\">Typowy przedstawiciel Marszczelowatych &#8211; Autor zdj\u0119cia- Shyamal<\/figcaption><\/figure>\n<p><span class=\"gts_text\" id=\"gts_text_5\">Nie maj\u0105 n\u00f3g. <\/span><span class=\"gts_text\" id=\"gts_text_6\">Wi\u0119kszo\u015b\u0107 z nich osi\u0105ga mi\u0119dzy 5 do 14 cali (13 do 36 cm) d\u0142ugo\u015bci i 1\/4 do 1 cala (0,6 do 2,5 cm) \u015brednicy. <\/span><span class=\"gts_text\" id=\"gts_text_7\">Najwi\u0119kszy gatunek marszczelcowatych, <a title=\"P\u0142azy beznogie Thompsoni\" href=\"http:\/\/www.big-animals.com\/pl\/p%c5%82azy-beznogie-thompsoni\/\"><em>Caecilia thompsoni<\/em><\/a>\u00a0ro\u015bnie maksymalnie do 1,5 m (5 st\u00f3p). Nie m<\/span><span class=\"gts_text\" id=\"gts_text_8\">aj\u0105 ogona, lub jest on bardzo kr\u00f3tki.Pokryte s\u0105<\/span><span class=\"gts_text\" id=\"gts_text_9\">\u00a0g\u0142adk\u0105 sk\u00f3rk\u0105 i s\u0105 zwykle ciemnego koloru. <\/span><span class=\"gts_text\" id=\"gts_text_10\">Niekt\u00f3re gatunki maj\u0105 kolorowe ubarwienie: pomara\u0144czowo-szare z \u017c\u00f3\u0142tymi paskami lub w wielu innych kolorach. Ich sk\u00f3ra sk\u0142ada si\u0119 z wielu pier\u015bcieniowatych fa\u0142d, jak u d\u017cd\u017cownicy.\u00a0<\/span><span class=\"gts_text\" id=\"gts_text_11\">Na sk\u00f3rze maj\u0105 gruczo\u0142y jadowe, s\u0142u\u017c\u0105ce do obrony przed drapie\u017cnikami. \u00a0<\/span><span class=\"gts_text\" id=\"gts_text_12\">Karnacji zawiera truj\u0105ce gruczo\u0142y umo\u017cliwiaj\u0105cych obron\u0119 przed drapie\u017cnikami. <\/span><span class=\"gts_text\" id=\"gts_text_13\">W ich sk\u00f3rze wyst\u0119puj\u0105 ma\u0142e \u0142uski.<\/span><\/p>\n<p><span class=\"gts_text\" id=\"gts_text_14\">Ich cia\u0142a s\u0105 zbudowane tak, by umo\u017cliwi\u0107 \u0142atwe poruszanie si\u0119 pod ziemi\u0105. <\/span><span class=\"gts_text\" id=\"gts_text_15\">Maj\u0105 silne czaszki i klinowaty pysk, kt\u00f3rego u\u017cywaj\u0105 by torowa\u0107 sobie drog\u0119 w glebie. R\u00f3wnie\u017c i<\/span><span class=\"gts_text\" id=\"gts_text_16\">ch mi\u0119\u015bnie s\u0105 dostosowane do przepychania si\u0119 przez pod\u0142o\u017ce.\u00a0<\/span><span class=\"gts_text\" id=\"gts_text_17\">W wodzie lub p\u0142ynnym b\u0142ocie potrafi\u0105 p\u0142ywa\u0107 jak w\u0119gorze. W tylnej cz\u0119\u015bci cia\u0142a maj\u0105 mi\u0119sist\u0105 p\u0142etw\u0119, kt\u00f3ra w razie potrzeby pozwala im p\u0142ywa\u0107.\u00a0<\/span><span class=\"gts_text\" id=\"gts_text_18\"><br \/>\n<\/span><\/p>\n<p><span class=\"gts_text\" id=\"gts_text_19\">Poniewa\u017c \u017cyj\u0105 pod ziemi\u0105, ich oczy s\u0105 ma\u0142e i pokryte warstw\u0105 sk\u00f3ry dla ochrony. <\/span><span class=\"gts_text\" id=\"gts_text_20\">Dlatego w\u0142a\u015bnie uwa\u017ca\u0142o si\u0119 je za \u015blepe. W rzeczywisto\u015bci nie s\u0105 \u015blepe, ale ich wzrok jest s\u0142aby. Nie potrafi\u0105 rozr\u00f3\u017cnia\u0107 kszta\u0142t\u00f3w.\u00a0<\/span><span class=\"gts_text\" id=\"gts_text_21\"><\/span><span class=\"gts_text\" id=\"gts_text_23\">Wszystkie marszczelcowate \u00a0maj\u0105 par\u0119 czu\u0142k\u00f3w, znajduj\u0105cych si\u0119 mi\u0119dzy ich oczami a nozdrzami. S\u0105 narz\u0105dem w\u0119chu<\/span><span class=\"gts_text\" id=\"gts_text_24\">. <\/span><span class=\"gts_text\" id=\"gts_text_25\">Wi\u0119kszo\u015b\u0107 marszczelcowatych posiada p\u0142uca, ale do oddychania u\u017cywaj\u0105 te\u017c sk\u00f3ry. <\/span><span class=\"gts_text\" id=\"gts_text_26\">Istniej\u0105 dwa gatunki, kt\u00f3re maj\u0105 nie p\u0142uc. <\/span><span class=\"gts_text\" id=\"gts_text_27\">S\u0105 to\u00a0<em>atretochoana eiselti<\/em> i <em>caecilita iwokramae<\/em>.<\/span><\/p>\n<p><span class=\"gts_text\" id=\"gts_text_28\">Oko\u0142o 25% gatunk\u00f3w marszczelcowatych sk\u0142ada jaja, kt\u00f3re s\u0105 chronione przez samice. <\/span><span class=\"gts_text\" id=\"gts_text_29\">Niekt\u00f3re gatunki rodz\u0105 si\u0119 w pe\u0142ni ukszta\u0142towane, inne najpierw wyl\u0119gaj\u0105 si\u0119 jako larwy. przechodz\u0105 \u00a0maj\u0105 ju\u017c doros\u0142ych w kszta\u0142cie organ\u00f3w podczas ich wyklucia, ale inni kreskowania do larw. <\/span><span class=\"gts_text\" id=\"gts_text_30\">Larwy nie \u017cyj\u0105 wy\u0142\u0105cznie w wodzie. W ci\u0105gu dnia przebywaj\u0105<\/span><span class=\"gts_text\" id=\"gts_text_31\">\u00a0w glebie w pobli\u017cu zbiornik\u00f3w wodnych.<\/span><\/p>\n<p><span class=\"gts_text\" id=\"gts_text_32\">Pozosta\u0142e 75% gatunk\u00f3w rodzi si\u0119 z ju\u017c ukszta\u0142towanym cia\u0142em. <\/span><span class=\"gts_text\" id=\"gts_text_33\">Embriony dojrzewaj\u0105 w brzuchu samicy. <\/span><span class=\"gts_text\" id=\"gts_text_34\">Marszczelcowate mog\u0105 \u017cy\u0107 od 5 do 20 lat.<\/span><\/p>\n<p>&nbsp;<\/p>\n","protected":false},"excerpt":{"rendered":"<p>Marszczelcowate to\u00a0p\u0142azy\u00a0, kt\u00f3re wygl\u0105daj\u0105 jak d\u017cd\u017cownice lub w\u0119\u017ce. Ukrywaj\u0105 si\u0119 g\u0142\u00f3wnie w ziemi i to dlatego s\u0105 najs\u0142abiej poznanymi p\u0142azami.\u00a0\u017byj\u0105 w tropikach w Ameryce Po\u0142udniowej, Afryce i Azji Po\u0142udniowej. Nie wiemy dok\u0142adnie co jedz\u0105, ale zdaje si\u0119, \u017ce\u00a0mi\u0119so\u017cerne doros\u0142e marszczelcowate \u017cywi\u0105 si\u0119 larwami owad\u00f3w, termit\u00f3w i d\u017cd\u017cownic. Marszczelcowate w niewoli karmione s\u0105 d\u017cd\u017cownicami i to &hellip; <a href=\"https:\/\/www.big-animals.com\/pl\/p%c5%82azy-beznogie\/\" class=\"more-link\">Continue reading <span class=\"screen-reader-text\">Marszczelcowate<\/span><\/a><\/p>\n","protected":false},"author":1,"featured_media":0,"parent":0,"menu_order":0,"comment_status":"closed","ping_status":"open","template":"","meta":{"_acf_changed":false,"footnotes":""},"acf":[],"_links":{"self":[{"href":"https:\/\/www.big-animals.com\/pl\/wp-json\/wp\/v2\/pages\/584"}],"collection":[{"href":"https:\/\/www.big-animals.com\/pl\/wp-json\/wp\/v2\/pages"}],"about":[{"href":"https:\/\/www.big-animals.com\/pl\/wp-json\/wp\/v2\/types\/page"}],"author":[{"embeddable":true,"href":"https:\/\/www.big-animals.com\/pl\/wp-json\/wp\/v2\/users\/1"}],"replies":[{"embeddable":true,"href":"https:\/\/www.big-animals.com\/pl\/wp-json\/wp\/v2\/comments?post=584"}],"version-history":[{"count":3,"href":"https:\/\/www.big-animals.com\/pl\/wp-json\/wp\/v2\/pages\/584\/revisions"}],"predecessor-version":[{"id":716,"href":"https:\/\/www.big-animals.com\/pl\/wp-json\/wp\/v2\/pages\/584\/revisions\/716"}],"wp:attachment":[{"href":"https:\/\/www.big-animals.com\/pl\/wp-json\/wp\/v2\/media?parent=584"}],"curies":[{"name":"wp","href":"https:\/\/api.w.org\/{rel}","templated":true}]}}