{"id":586,"date":"2011-05-09T09:21:50","date_gmt":"2011-05-09T09:21:50","guid":{"rendered":""},"modified":"2014-12-18T17:16:25","modified_gmt":"2014-12-18T17:16:25","slug":"drapiezne","status":"publish","type":"page","link":"https:\/\/www.big-animals.com\/pl\/drapiezne\/","title":{"rendered":"Mi\u0119so\u017cercy"},"content":{"rendered":"<p><span id=\"gts_text_1\" class=\"gts_text\">Istnieje 260 rodzaj\u00f3w <a title=\"The World\u2019s Biggest Mammals!\" href=\"http:\/\/www.big-animals.com\/the-worlds-biggest-mammals\/\">ssak\u00f3w<\/a> w grupie mi\u0119so\u017cerc\u00f3w. Mi\u0119so\u017cercy<\/span><span id=\"gts_text_4\" class=\"gts_text\">\u00a0mog\u0105 by\u0107 ma\u0142ych rozmiar\u00f3w, jak np.\u00a0\u0142asica, kt\u00f3ra wa\u017cy zaledwie 25 gram\u00f3w (\u0107wier\u0107 kilograma)\u00a0 i mierzy 11 cm d\u0142ugo\u015bci. <\/span><span id=\"gts_text_5\" class=\"gts_text\">Najwi\u0119kszym drapie\u017cnikiem jest <a title=\"Southern Elephant Seal\" href=\"http:\/\/www.big-animals.com\/southern-elephant-seal\/\">s\u0142o\u0144 morski po\u0142udniowy<\/a> , kt\u00f3re mo\u017ce wa\u017cy\u0107 nawet 5000 kg (p\u00f3\u0142 tony) i mierzy\u0107 do 6.85 metr\u00f3w d\u0142ugo\u015bci. <\/span><span id=\"gts_text_6\" class=\"gts_text\">Najwi\u0119ksze l\u0105dowym mi\u0119so\u017cerc\u0105 jest\u00a0<a title=\"Polar Bear\" href=\"http:\/\/www.big-animals.com\/polar-bear\/\">nied\u017awied\u017a polarny<\/a>.<\/span><\/p>\n<p><span id=\"gts_text_7\" class=\"gts_text\">Prawie wszyscy wsp\u00f3\u0142cze\u015bni mi\u0119so\u017cercy jedz\u0105 g\u0142\u00f3wnie mi\u0119so.\u00a0<\/span><span id=\"gts_text_8\" class=\"gts_text\">Niekt\u00f3re musz\u0105 je\u015b\u0107 tylko mi\u0119so, poniewa\u017c nie mog\u0105 trawi\u0107 ro\u015blin. Przyk\u0142adem s\u0105 koty, foki i \u0142asice<\/span><span id=\"gts_text_9\" class=\"gts_text\">. <\/span><span id=\"gts_text_10\" class=\"gts_text\">Inni mi\u0119so\u017cercy, w zale\u017cno\u015bci od tego, gdzie \u017cyj\u0105, mog\u0105 je\u015b\u0107 zar\u00f3wno ro\u015bliny jak i mi\u0119so, na przyk\u0142ad szopy i nied\u017awiedzie.\u00a0Panda wielka je g\u0142\u00f3wnie ro\u015bliny<\/span><span id=\"gts_text_11\" class=\"gts_text\">, ale mo\u017ce si\u0119 od\u017cywia\u0107 tak\u017ce rybami, jajami i owadami.\u00a0<\/span><span id=\"gts_text_12\" class=\"gts_text\">Nied\u017awied\u017a polarny, kt\u00f3ry \u017cyje w\u015br\u00f3d mro\u017anych arktycznych \u015bnieg\u00f3w je jedynie mi\u0119so.<\/span><\/p>\n<figure id=\"attachment_740\" aria-describedby=\"caption-attachment-740\" style=\"width: 300px\" class=\"wp-caption alignleft\"><a href=\"http:\/\/www.big-animals.com\/wp-content\/uploads\/2011\/03\/Cat_Face.jpg\"><img loading=\"lazy\" decoding=\"async\" class=\"size-medium wp-image-740\" title=\"Carnivorans have eyes facing forward to help them hunt\" src=\"http:\/\/www.big-animals.com\/wp-content\/uploads\/2011\/03\/Cat_Face-300x266.jpg\" alt=\"Carnivorans have eyes facing forward to help them hunt\" width=\"300\" height=\"266\" \/><\/a><figcaption id=\"caption-attachment-740\" class=\"wp-caption-text\">Carnivorans have eyes facing forward to help them hunt<\/figcaption><\/figure>\n<p><span id=\"gts_text_13\" class=\"gts_text\">Mi\u0119so\u017cercy maj\u0105 ostre z\u0119by. U\u017cywaj\u0105 obojga oczu do okre\u015blania odleg\u0142o\u015bci, potrafi\u0105 wi\u0119c dobrze polowa\u0107.<\/span><span id=\"gts_text_14\" class=\"gts_text\">\u00a0<\/span><span id=\"gts_text_15\" class=\"gts_text\">Wi\u0119kszo\u015b\u0107 mi\u0119so\u017cerc\u00f3w jest zwierz\u0119tami stadnymi i poluje w grupach. Pozwala im to na atakowanie zwierz\u0105t wi\u0119kszych\u00a0od siebie. Mi\u0119co\u017cercy s\u0105 g\u0142\u00f3wnie zwierz\u0119tami l\u0105dowymi, jednak istnieje kilka gatunk\u00f3w (jak szopy), kt\u00f3re \u017cyj\u0105 na drzewach<\/span><span id=\"gts_text_17\" class=\"gts_text\">. <\/span><span id=\"gts_text_18\" class=\"gts_text\">Maj\u0105 one bardzo ostre i silne pazury. Posiadaj\u0105 co najmniej\u00a0<\/span><span id=\"gts_text_19\" class=\"gts_text\">4 palce na ka\u017cdej \u0142apie. Maj\u0105 dobrze rozwini\u0119te k\u0142y i siekacze o bardzo ostrych kraw\u0119dziach<\/span><span id=\"gts_text_20\" class=\"gts_text\">. <\/span><span id=\"gts_text_21\" class=\"gts_text\">Ostatni z\u0105b przedtrzonowy szcz\u0119ki\u00a0i pierwszy\u00a0z\u0105b trzonowy \u017cuchwy s\u0105 u\u017cywane jak no\u017cyce do oddzielania mi\u0119sa od ko\u015bci.\u00a0Te oddzielaj\u0105ce z\u0119by s\u0105 bardzo dobrze rozwini\u0119te w rodzinie kot\u00f3w, ale nied\u017awiedziowate praktycznie ich nie maj\u0105,<\/span><\/p>\n<p><span id=\"gts_text_23\" class=\"gts_text\">Wi\u0119kszo\u015b\u0107 mi\u0119so\u017cerc\u00f3w ma 6 siekaczy i dwa k\u0142y w kszta\u0142cie sto\u017cka w\u00a0szcz\u0119ce i \u017cuchwie. Jednak wydra morksa ma tylko 4 siekacze w \u017cuchwie, a wargacz ma 4 siekacze w szcz\u0119ce<\/span><span id=\"gts_text_24\" class=\"gts_text\">. Ilo\u015b\u0107 z\u0119b\u00f3w trzonowych i przedtrzonowych r\u00f3\u017cni si\u0119 pomi\u0119dzy gatunkami<\/span><span id=\"gts_text_25\" class=\"gts_text\">. <\/span><span id=\"gts_text_26\" class=\"gts_text\">Wszystkie\u00a0z\u0119by s\u0105 g\u0142\u0119boko zakorzenione\u00a0i drapie\u017cniki, podobnie jak ludzie, otrzymuj\u0105 jedynie dwa zestawy z\u0119b\u00f3w w ci\u0105gu \u017cycia.\u00a0<\/span><span id=\"gts_text_27\" class=\"gts_text\">Ich z\u0119by nie s\u0105 stale zast\u0119powane nowymi\u00a0jak u\u00a0<a title=\"Crocodilians\" href=\"http:\/\/www.big-animals.com\/crocodilians\/\">krokodyli<\/a>\u00a0z\u0119b\u00f3w, ani nie rosn\u0105 przez ca\u0142e \u017cycie tak jak z\u0119by\u00a0<a title=\"Rodents\" href=\"http:\/\/www.big-animals.com\/rodents\/\">gryzoni<\/a>. Mi\u0119so\u017cercy maj\u0105 4 lub 5 palc\u00f3w na ka\u017cdej stopie. Pierwszy palec na przednich \u0142apach jest bardzo ma\u0142y u wi\u0119kszo\u015bci mi\u0119so\u017cerc\u00f3w, a u niekt\u00f3rych nie wyst\u0119puje w og\u00f3le.<\/span><\/p>\n<p><span id=\"gts_text_30\" class=\"gts_text\">Mi\u0119so\u017cercy tacy jak psy, lisy, skunksy, \u0142asice, szopy, nied\u017awiedzie i morsy maj\u0105 pazury, kt\u00f3rych nie mog\u0105 schowa\u0107. Sier\u015b\u0107 w<\/span><span id=\"gts_text_31\" class=\"gts_text\">i\u0119kszo\u015bci\u00a0mi\u0119so\u017cerc\u00f3w ma jeden kolor. Nie maj\u0105 na futrze krzykliwych c\u0119tek<\/span><span id=\"gts_text_32\" class=\"gts_text\">\u00a0jak koty. <\/span><span id=\"gts_text_33\" class=\"gts_text\">Koty, hieny i wiwerowate maj\u0105 futra c\u0119tkowane albo pasiaste i maj\u0105 \u017cywe ubarwienie w por\u00f3wnaniu do ps\u00f3w i lis\u00f3w.\u00a0Poza tym, mog\u0105 schowa\u0107 pazury gdy ich<\/span><span id=\"gts_text_34\" class=\"gts_text\">\u00a0nie u\u017cywaj\u0105.<\/span><\/p>\n<figure id=\"attachment_742\" aria-describedby=\"caption-attachment-742\" style=\"width: 300px\" class=\"wp-caption alignright\"><a href=\"http:\/\/www.big-animals.com\/wp-content\/uploads\/2011\/03\/A_Bear_Cub1.jpg\"><img loading=\"lazy\" decoding=\"async\" class=\"size-medium wp-image-742\" title=\"Most bears eat both meat and plants\" src=\"http:\/\/www.big-animals.com\/wp-content\/uploads\/2011\/03\/A_Bear_Cub1-300x240.jpg\" alt=\"Most bears eat both meat and plants\" width=\"300\" height=\"240\" \/><\/a><figcaption id=\"caption-attachment-742\" class=\"wp-caption-text\">Most bears eat both meat and plants<\/figcaption><\/figure>\n<p><span id=\"gts_text_35\" class=\"gts_text\">Morsy, uszczelnienia i lions Morza s\u0105 ciep\u0142okrwistych grupy Miacoidea. <\/span><span id=\"gts_text_36\" class=\"gts_text\">Ich cia\u0142a s\u0105 dobrze izolowane z grub\u0105 warstw\u0105 t\u0142uszczu i pokryte w\u0142os\u00f3w do chroni\u0107 je przed zimnem. <\/span><span id=\"gts_text_37\" class=\"gts_text\">Ich cyfr nie s\u0105 oddzielnych, ale po\u0142\u0105czonych sieci web grubo\u015bci. <\/span><span id=\"gts_text_38\" class=\"gts_text\">Formularze ramionami do udzielenia im pomocy w dobrze p\u0142ywa\u0107. <\/span><span id=\"gts_text_39\" class=\"gts_text\">Ich ko\u0144czyny przednie i tylne ko\u0144czyny dzia\u0142a podobnie jak \u0142opatki. <\/span><span id=\"gts_text_40\" class=\"gts_text\">O tych rodzaj\u00f3w ko\u0144czyn pomaga im dive na g\u0142\u0119boko\u015b\u0107 ekstremalnych. <\/span><span id=\"gts_text_41\" class=\"gts_text\">Na przyk\u0142ad Foka Weddella mo\u017cna dive do 600 metr\u00f3w (2000 st\u00f3p) g\u0142\u0119bokie i pobyt zanurzonych dla ponad 1 godzin\u0119.\u00a0The <\/span><span id=\"gts_text_42\" class=\"gts_text\">zewn\u0119trzna cz\u0119\u015b\u0107 ich ucha jest bardzo ma\u0142a lub brak dla niekt\u00f3rych gatunk\u00f3w, ale dobrze rozwin\u0119\u0142y w\u0142\u00f3kienek, kt\u00f3re ro\u015bnie wok\u00f3\u0142 Nasturcja wi\u0119ksza, powy\u017cej wargach i na innych cz\u0119\u015bciach twarzy najwi\u0119cej grupy Miacoidea. <\/span><span id=\"gts_text_43\" class=\"gts_text\">One maj\u0105 si\u0119 bardzo kr\u00f3tki ogon lub nie ogona wcale.<\/span><\/p>\n<p><span id=\"gts_text_44\" class=\"gts_text\">Grupy Miacoidea maj\u0105 raczej du\u017ce m\u00f3zgi z ich ci\u0119\u017ckich czaszki. <\/span><span id=\"gts_text_45\" class=\"gts_text\">Poniewa\u017c jedz\u0105 g\u0142\u00f3wnie mi\u0119sa, maj\u0105 one prosty system przewodu do trawienia mi\u0119sa. <\/span><span id=\"gts_text_46\" class=\"gts_text\">W odr\u00f3\u017cnieniu od ro\u015blin eaters, kt\u00f3rych potrzeby bardziej skomplikowany uk\u0142ad pokarmowy, poniewa\u017c maj\u0105 one do trawienia w\u0142\u00f3kien ro\u015blinnych trudne. <\/span><span id=\"gts_text_47\" class=\"gts_text\">Wi\u0119kszo\u015b\u0107 z grupy Miacoidea opracowa\u0142y wysoce zmys\u0142y. <\/span><span id=\"gts_text_48\" class=\"gts_text\">Maj\u0105 one bardzo dobrej widoczno\u015bci i s\u0142uchu. <\/span><span id=\"gts_text_49\" class=\"gts_text\">Wiele z nich ma wielki poczucie zapachu, podobnie jak psy i lis\u00f3w. <\/span><span id=\"gts_text_50\" class=\"gts_text\">S\u0105 one znakomit\u0105 biegacze. <\/span><span id=\"gts_text_51\" class=\"gts_text\">Niekt\u00f3re s\u0105 biegacze zamiejscowych, ale bardziej powszechnie s\u0105 artyku\u0142\u00f3w. <\/span><span id=\"gts_text_52\" class=\"gts_text\">Nied\u017awiedzie i rozw\u00f3j rolnictwa mog\u0105 wydaje powolne i niezdarny, ale s\u0105 one mo\u017cliwo\u015b\u0107 uruchomienia na pr\u0119dko\u015b\u0107 na kr\u00f3tkich dystansach.<\/span><\/p>\n<p>&nbsp;<\/p>\n","protected":false},"excerpt":{"rendered":"<p>Istnieje 260 rodzaj\u00f3w ssak\u00f3w w grupie mi\u0119so\u017cerc\u00f3w. Mi\u0119so\u017cercy\u00a0mog\u0105 by\u0107 ma\u0142ych rozmiar\u00f3w, jak np.\u00a0\u0142asica, kt\u00f3ra wa\u017cy zaledwie 25 gram\u00f3w (\u0107wier\u0107 kilograma)\u00a0 i mierzy 11 cm d\u0142ugo\u015bci. Najwi\u0119kszym drapie\u017cnikiem jest s\u0142o\u0144 morski po\u0142udniowy , kt\u00f3re mo\u017ce wa\u017cy\u0107 nawet 5000 kg (p\u00f3\u0142 tony) i mierzy\u0107 do 6.85 metr\u00f3w d\u0142ugo\u015bci. Najwi\u0119ksze l\u0105dowym mi\u0119so\u017cerc\u0105 jest\u00a0nied\u017awied\u017a polarny. Prawie wszyscy wsp\u00f3\u0142cze\u015bni mi\u0119so\u017cercy &hellip; <a href=\"https:\/\/www.big-animals.com\/pl\/drapiezne\/\" class=\"more-link\">Continue reading <span class=\"screen-reader-text\">Mi\u0119so\u017cercy<\/span><\/a><\/p>\n","protected":false},"author":1,"featured_media":0,"parent":0,"menu_order":0,"comment_status":"closed","ping_status":"open","template":"","meta":{"_acf_changed":false,"footnotes":""},"acf":[],"_links":{"self":[{"href":"https:\/\/www.big-animals.com\/pl\/wp-json\/wp\/v2\/pages\/586"}],"collection":[{"href":"https:\/\/www.big-animals.com\/pl\/wp-json\/wp\/v2\/pages"}],"about":[{"href":"https:\/\/www.big-animals.com\/pl\/wp-json\/wp\/v2\/types\/page"}],"author":[{"embeddable":true,"href":"https:\/\/www.big-animals.com\/pl\/wp-json\/wp\/v2\/users\/1"}],"replies":[{"embeddable":true,"href":"https:\/\/www.big-animals.com\/pl\/wp-json\/wp\/v2\/comments?post=586"}],"version-history":[{"count":6,"href":"https:\/\/www.big-animals.com\/pl\/wp-json\/wp\/v2\/pages\/586\/revisions"}],"predecessor-version":[{"id":879,"href":"https:\/\/www.big-animals.com\/pl\/wp-json\/wp\/v2\/pages\/586\/revisions\/879"}],"wp:attachment":[{"href":"https:\/\/www.big-animals.com\/pl\/wp-json\/wp\/v2\/media?parent=586"}],"curies":[{"name":"wp","href":"https:\/\/api.w.org\/{rel}","templated":true}]}}