{"id":587,"date":"2011-05-09T09:22:05","date_gmt":"2011-05-09T09:22:05","guid":{"rendered":""},"modified":"2013-08-04T16:42:46","modified_gmt":"2013-08-04T16:42:46","slug":"chi%c5%84ski-giant-salamandra","status":"publish","type":"page","link":"https:\/\/www.big-animals.com\/pl\/chi%c5%84ski-giant-salamandra\/","title":{"rendered":"Salamandra olbrzymia chi\u0144ska"},"content":{"rendered":"<figure id=\"attachment_907\" aria-describedby=\"caption-attachment-907\" style=\"width: 300px\" class=\"wp-caption alignright\"><a href=\"http:\/\/www.big-animals.com\/wp-content\/uploads\/2011\/04\/Chinese_Giant_Salamander.jpeg\"><img loading=\"lazy\" decoding=\"async\" class=\"size-medium wp-image-907\" title=\"The Chinese Giant Salamander - Photograph by H. Zell\" alt=\"The Chinese Giant Salamander - Photograph by H. Zell\" src=\"http:\/\/www.big-animals.com\/wp-content\/uploads\/2011\/04\/Chinese_Giant_Salamander-300x225.jpg\" width=\"300\" height=\"225\" \/><\/a><figcaption id=\"caption-attachment-907\" class=\"wp-caption-text\">Salamandra Olbrzymia Chi\u0144ska &#8211; zdjecie: H. Zell<\/figcaption><\/figure>\n<p><span class=\"gts_text\" id=\"gts_text_1\">Salamandra olbrzymia chi\u0144ska jest najwi\u0119kszym\u00a0<a title=\"P\u0142azy\" href=\"http:\/\/www.big-animals.com\/pl\/p%c5%82azy\/\">p\u0142azem<\/a>\u00a0i najwi\u0119ksz\u0105 <a title=\"Salamanders\" href=\"http:\/\/www.big-animals.com\/salamanders\/\">salamandr\u0105<\/a>\u00a0na \u015bwiecie! <\/span><span class=\"gts_text\" id=\"gts_text_2\">Przeci\u0119tna doros\u0142a salamandra olbrzymia wa\u017cy oko\u0142o 25 do 30 kg (55 do 65 funt\u00f3w) i ma 11,5 metra d\u0142ugo\u015bci (45 cali), ale mo\u017ce osi\u0105gn\u0105\u0107 d\u0142ugo\u015b\u0107 nawet 180 cm (6 st\u00f3p) i wa\u017cy\u0107 do 65 kg (144 funty).\u00a0<\/span><span class=\"gts_text\" id=\"gts_text_3\">\u017byje w kamienistych g\u00f3rskich strumieniach i jeziorach w Chinach. Jest gatunkiem krytycznie zagro\u017conym wygini\u0119ciem<\/span><span class=\"gts_text\" id=\"gts_text_4\">\u00a0i zosta\u0142a zaklasyfikowana jako zagro\u017cona z powodu utraty siedlisk, zanieczyszczenia i nadmiernych po\u0142ow\u00f3w. <\/span><span class=\"gts_text\" id=\"gts_text_5\">Salamandra ta uznawana jest za przysmak i u\u017cywa si\u0119 jej w tradycyjnej medycynie chi\u0144skiej.<\/span><\/p>\n<p><span class=\"gts_text\" id=\"gts_text_6\">Jest mocno zbudowana. <\/span><span class=\"gts_text\" id=\"gts_text_7\">Posiada wielk\u0105, sp\u0142aszczon\u0105 g\u0142ow\u0119, ma\u0142e oczy i \u00a0pofa\u0142dowan\u0105, porowat\u0105, ciemn\u0105 sk\u00f3r\u0119. \u00a0<\/span><span class=\"gts_text\" id=\"gts_text_8\">Ma z\u0119by i ma\u0142e nozdrza. <\/span><span class=\"gts_text\" id=\"gts_text_9\"><\/span><span class=\"gts_text\" id=\"gts_text_10\">Jej nogi s\u0105 kr\u00f3tkie i p\u0142askie. Przednie ko\u0144czyny maj\u0105 po 4 palce, tylne maj\u0105 ich pi\u0119\u0107. \u017bywi\u0105 si\u0119 owadami, \u017cabami i rybami. Poluj\u0105 g\u0142\u00f3wnie w nocy. Maj\u0105 bardzo s\u0142aby wzrok i nie posiadaj\u0105 powiek. W\u0142a\u015bnie dlatego s\u0105 zale\u017cne od cia\u0142ek czuciowych umieszczonych po bokach cia\u0142a, od g\u0142owy do ogona. Za ich pomoc\u0105 s\u0105 w stanie wykry\u0107 nawet najmniejsze drgania w wodzie. Dzi\u0119ki temu mog\u0105 zlokalizowa\u0107 ofiar\u0119, a tak\u017ce szybko uciec przed drapie\u017cnikami.<\/span><span class=\"gts_text\" id=\"gts_text_15\"><br \/>\n<\/span><\/p>\n<p><span class=\"gts_text\" id=\"gts_text_18\">Samica sk\u0142ada oko\u0142o 500 jaj w podwodnej jamie. <\/span><span class=\"gts_text\" id=\"gts_text_19\">Samiec b\u0119dzie strzeg\u0142 ich a\u017c do czasu wyl\u0119gu. Potrwa to od 50 do 60 dni. M\u0142ode osobniki zaczynaj\u0105 je\u015b\u0107 po oko\u0142o 30 dniach. <\/span><span class=\"gts_text\" id=\"gts_text_21\">\u00a0<\/span><span class=\"gts_text\" id=\"gts_text_22\">Ich skrzela zmniejsz\u0105 si\u0119, gdy larwy osi\u0105gn\u0105 oko\u0142o 20-25 cm (8-10 cali) d\u0142ugo\u015bci. <\/span><span class=\"gts_text\" id=\"gts_text_23\">Larwy maj\u0105 podobny kszta\u0142t do doros\u0142ych salamander\u00a0<\/span><span class=\"gts_text\" id=\"gts_text_24\">D<\/span><span class=\"gts_text\">oros\u0142e oddychaj\u0105 za pomoc\u0105 skrzeli i p\u0142uc. <\/span><span class=\"gts_text\" id=\"gts_text_25\">Salamandra olbrzymia chi\u0144ska w niewoli mo\u017ce do\u017cy\u0107 nawet 75lat.<\/span><\/p>\n<figure id=\"attachment_908\" aria-describedby=\"caption-attachment-908\" style=\"width: 300px\" class=\"wp-caption aligncenter\"><a href=\"http:\/\/www.big-animals.com\/wp-content\/uploads\/2011\/04\/Chinese_Giant_Salamander_And_Human.png\"><img loading=\"lazy\" decoding=\"async\" class=\"size-medium wp-image-908\" title=\"Chinese Giant Salamander And Human\" alt=\"Chinese Giant Salamander And Human\" src=\"http:\/\/www.big-animals.com\/wp-content\/uploads\/2011\/04\/Chinese_Giant_Salamander_And_Human-300x176.png\" width=\"300\" height=\"176\" \/><\/a><figcaption id=\"caption-attachment-908\" class=\"wp-caption-text\">Salamandra olbrzymia chi\u0144ska i cz\u0142owiek<\/figcaption><\/figure>\n<p>&nbsp;<\/p>\n","protected":false},"excerpt":{"rendered":"<p>Salamandra olbrzymia chi\u0144ska jest najwi\u0119kszym\u00a0p\u0142azem\u00a0i najwi\u0119ksz\u0105 salamandr\u0105\u00a0na \u015bwiecie! Przeci\u0119tna doros\u0142a salamandra olbrzymia wa\u017cy oko\u0142o 25 do 30 kg (55 do 65 funt\u00f3w) i ma 11,5 metra d\u0142ugo\u015bci (45 cali), ale mo\u017ce osi\u0105gn\u0105\u0107 d\u0142ugo\u015b\u0107 nawet 180 cm (6 st\u00f3p) i wa\u017cy\u0107 do 65 kg (144 funty).\u00a0\u017byje w kamienistych g\u00f3rskich strumieniach i jeziorach w Chinach. Jest gatunkiem &hellip; <a href=\"https:\/\/www.big-animals.com\/pl\/chi%c5%84ski-giant-salamandra\/\" class=\"more-link\">Continue reading <span class=\"screen-reader-text\">Salamandra olbrzymia chi\u0144ska<\/span><\/a><\/p>\n","protected":false},"author":1,"featured_media":0,"parent":0,"menu_order":0,"comment_status":"closed","ping_status":"open","template":"","meta":{"_acf_changed":false,"footnotes":""},"acf":[],"_links":{"self":[{"href":"https:\/\/www.big-animals.com\/pl\/wp-json\/wp\/v2\/pages\/587"}],"collection":[{"href":"https:\/\/www.big-animals.com\/pl\/wp-json\/wp\/v2\/pages"}],"about":[{"href":"https:\/\/www.big-animals.com\/pl\/wp-json\/wp\/v2\/types\/page"}],"author":[{"embeddable":true,"href":"https:\/\/www.big-animals.com\/pl\/wp-json\/wp\/v2\/users\/1"}],"replies":[{"embeddable":true,"href":"https:\/\/www.big-animals.com\/pl\/wp-json\/wp\/v2\/comments?post=587"}],"version-history":[{"count":2,"href":"https:\/\/www.big-animals.com\/pl\/wp-json\/wp\/v2\/pages\/587\/revisions"}],"predecessor-version":[{"id":720,"href":"https:\/\/www.big-animals.com\/pl\/wp-json\/wp\/v2\/pages\/587\/revisions\/720"}],"wp:attachment":[{"href":"https:\/\/www.big-animals.com\/pl\/wp-json\/wp\/v2\/media?parent=587"}],"curies":[{"name":"wp","href":"https:\/\/api.w.org\/{rel}","templated":true}]}}