{"id":588,"date":"2011-05-09T09:22:56","date_gmt":"2011-05-09T09:22:56","guid":{"rendered":""},"modified":"2015-03-03T18:30:46","modified_gmt":"2015-03-03T18:30:46","slug":"gigantopitek","status":"publish","type":"page","link":"https:\/\/www.big-animals.com\/pl\/gigantopitek\/","title":{"rendered":"Gigantopitek"},"content":{"rendered":"<p><span id=\"gts_text_1\" class=\"gts_text\">Gigantopitek jest najwi\u0119kszym <a title=\"Primates\" href=\"http:\/\/www.big-animals.com\/primates\/\">naczelnym<\/a>, kt\u00f3ry kiedykolwiek chodzi\u0142 po ziemi. <\/span><span id=\"gts_text_2\" class=\"gts_text\">\u017by\u0142 300 000 lat temu. <\/span><span id=\"gts_text_3\" class=\"gts_text\">Jego szcz\u0105tki znaleziono w Chinach, Indiach i Wietnamie. <\/span><span id=\"gts_text_4\" class=\"gts_text\">Jest on blisko spokrewniony z ma\u0142pami. <\/span><span id=\"gts_text_5\" class=\"gts_text\">Gigantopitek p\u0142ci m\u0119skiej mia\u0142 oko\u0142o 3 metr\u00f3w wzrostu i wa\u017cy\u0142 oko\u0142o 540 kg (do 1200 funt\u00f3w).<\/span><\/p>\n<figure id=\"attachment_706\" aria-describedby=\"caption-attachment-706\" style=\"width: 216px\" class=\"wp-caption alignright\"><a href=\"http:\/\/www.big-animals.com\/wp-content\/uploads\/2011\/03\/Gigantopithecus_and_human.png\"><img loading=\"lazy\" decoding=\"async\" class=\"size-medium wp-image-706\" title=\"The Gigantopithecus is the Biggest Ever Primate\" src=\"http:\/\/www.big-animals.com\/wp-content\/uploads\/2011\/03\/Gigantopithecus_and_human-216x300.png\" alt=\"The Gigantopithecus is the Biggest Ever Primate\" width=\"216\" height=\"300\" \/><\/a><figcaption id=\"caption-attachment-706\" class=\"wp-caption-text\">Gigantopitek jest najwi\u0119kszym naczelnym jaki kiedykolwiek \u017cy\u0142\u00a0<\/figcaption><\/figure>\n<p><span id=\"gts_text_6\" class=\"gts_text\">Niekt\u00f3rzy ludzie ci\u0105gle wierz\u0105, \u017ce Gigantopitek \u017cyje w odleg\u0142ych cz\u0119\u015bciach Azji po dzie\u0144 dzisiejszy. <\/span><span id=\"gts_text_7\" class=\"gts_text\">Ci ludzie nazywaj\u0105 go Yeti, Yeren lub Mande Barung. <\/span><span id=\"gts_text_8\" class=\"gts_text\">Jednak\u017ce wi\u0119kszo\u015b\u0107 naukowc\u00f3w jest do\u015b\u0107 zgodna w tym, \u017ce Gigantopithecus wymar\u0142 dawno temu. <\/span><span id=\"gts_text_9\" class=\"gts_text\">Jedyne znalezione pozosta\u0142o\u015bci Gigantopiteka to skamienia\u0142e z\u0119by i \u017cuchwy. <\/span><span id=\"gts_text_10\" class=\"gts_text\">Jego skamienia\u0142e z\u0119by i \u017cuchwy s\u0105 cz\u0119sto \u015bcierane na proszek i u\u017cywane w tradycyjnej medycynie chi\u0144skiej.<\/span><\/p>\n<p><span id=\"gts_text_11\" class=\"gts_text\">Niestety, nie mo\u017cemy zdoby\u0107 pewnej wiedzy o tym, jak Gigantopitek si\u0119 porusza\u0142, poniewa\u017c nie zosta\u0142y znalezione ani ko\u015bci biodrowe, ani ko\u015bci ko\u0144czyn. <\/span><span id=\"gts_text_12\" class=\"gts_text\">Naukowcy przypuszczaj\u0105, \u017ce by\u0142 od 2 do 3 razy ci\u0119\u017cszy ni\u017c wsp\u00f3\u0142czesne goryle i prawie 5 razy ci\u0119\u017cszy ni\u017c orangutan, najbardziej podobny do niego obecnie \u017cyj\u0105cy naczelny.<\/span><span id=\"gts_text_13\" class=\"gts_text\"> Doros\u0142e samice Gigantopiteka osi\u0105ga\u0142y po\u0142ow\u0119 wagi samc\u00f3w.<\/span><\/p>\n<p><span id=\"gts_text_14\" class=\"gts_text\">Gigantopitek \u017cy\u0142 w lesie bambusowym. <\/span><span id=\"gts_text_15\" class=\"gts_text\">Jego skamienia\u0142e szcz\u0105tki zosta\u0142y znalezione wraz z szcz\u0105tkami wymar\u0142ych ju\u017c gatunk\u00f3w pandy. <\/span><span id=\"gts_text_16\" class=\"gts_text\">Dlatego te\u017c stwierdzono, \u017ce te olbrzymie Gigantopiteki by\u0142y ro\u015blino\u017cerne. <\/span><span id=\"gts_text_17\" class=\"gts_text\">Ich szcz\u0119ki by\u0142y bardzo grube i g\u0142\u0119bokie. <\/span><span id=\"gts_text_18\" class=\"gts_text\">Jego uz\u0119bienie i szcz\u0119ki by\u0142y przystosowane do d\u0142ugiego mielenia i do \u017cucia ro\u015blin w\u0142\u00f3knistych, takich jak bambus. <\/span><span id=\"gts_text_19\" class=\"gts_text\">Ubytki w jego z\u0119bach s\u0105 podobne do tych, kt\u00f3re zosta\u0142y znalezione u pandy wielkiej. <\/span><span id=\"gts_text_20\" class=\"gts_text\">Opr\u00f3cz bambusa prawdopodobnie \u017cywi\u0142 si\u0119 r\u00f3wnie\u017c nasionami i owocami.<\/span><\/p>\n<p>&nbsp;<\/p>\n","protected":false},"excerpt":{"rendered":"<p>Gigantopitek jest najwi\u0119kszym naczelnym, kt\u00f3ry kiedykolwiek chodzi\u0142 po ziemi. \u017by\u0142 300 000 lat temu. Jego szcz\u0105tki znaleziono w Chinach, Indiach i Wietnamie. Jest on blisko spokrewniony z ma\u0142pami. Gigantopitek p\u0142ci m\u0119skiej mia\u0142 oko\u0142o 3 metr\u00f3w wzrostu i wa\u017cy\u0142 oko\u0142o 540 kg (do 1200 funt\u00f3w). Niekt\u00f3rzy ludzie ci\u0105gle wierz\u0105, \u017ce Gigantopitek \u017cyje w odleg\u0142ych cz\u0119\u015bciach Azji &hellip; <a href=\"https:\/\/www.big-animals.com\/pl\/gigantopitek\/\" class=\"more-link\">Continue reading <span class=\"screen-reader-text\">Gigantopitek<\/span><\/a><\/p>\n","protected":false},"author":1,"featured_media":0,"parent":0,"menu_order":0,"comment_status":"closed","ping_status":"open","template":"","meta":{"_acf_changed":false,"footnotes":""},"acf":[],"_links":{"self":[{"href":"https:\/\/www.big-animals.com\/pl\/wp-json\/wp\/v2\/pages\/588"}],"collection":[{"href":"https:\/\/www.big-animals.com\/pl\/wp-json\/wp\/v2\/pages"}],"about":[{"href":"https:\/\/www.big-animals.com\/pl\/wp-json\/wp\/v2\/types\/page"}],"author":[{"embeddable":true,"href":"https:\/\/www.big-animals.com\/pl\/wp-json\/wp\/v2\/users\/1"}],"replies":[{"embeddable":true,"href":"https:\/\/www.big-animals.com\/pl\/wp-json\/wp\/v2\/comments?post=588"}],"version-history":[{"count":5,"href":"https:\/\/www.big-animals.com\/pl\/wp-json\/wp\/v2\/pages\/588\/revisions"}],"predecessor-version":[{"id":900,"href":"https:\/\/www.big-animals.com\/pl\/wp-json\/wp\/v2\/pages\/588\/revisions\/900"}],"wp:attachment":[{"href":"https:\/\/www.big-animals.com\/pl\/wp-json\/wp\/v2\/media?parent=588"}],"curies":[{"name":"wp","href":"https:\/\/api.w.org\/{rel}","templated":true}]}}