{"id":589,"date":"2011-05-09T09:23:04","date_gmt":"2011-05-09T09:23:04","guid":{"rendered":""},"modified":"2013-09-09T13:15:36","modified_gmt":"2013-09-09T13:15:36","slug":"zolw-sloniowy","status":"publish","type":"page","link":"https:\/\/www.big-animals.com\/pl\/zolw-sloniowy\/","title":{"rendered":"\u017b\u00f3\u0142w s\u0142oniowy"},"content":{"rendered":"<p>\u017b\u00f3\u0142w s\u0142oniowy jest najwi\u0119kszym <a href=\"http:\/\/www.big-animals.com\/pl\/zolwie\/\" title=\"\u017b\u00f3\u0142wie\">\u017c\u00f3\u0142wiem l\u0105dowym<\/a> na \u015bwiecie. Mo\u017ce osiagn\u0105\u0107 do  400 kg wagi  i 1,8 m d\u0142ugo\u015bci. Niekt\u00f3re \u017c\u00f3\u0142wie s\u0142oniowe \u017cyj\u0105 oko\u0142o 100 lat. Ten gigantyczny \u017c\u00f3\u0142w mo\u017ce na swoim pancerzu unie\u015b\u0107 cz\u0142owieka.  Niewiarygonie silne stworzenie! Najstarszy \u017c\u00f3\u0142w s\u0142oniowy \u017cy\u0142 170 lat.<br \/>\n\u017b\u00f3\u0142w ten to gatunek wyst\u0119puj\u0105cy na siedmiu wulkanicznych wyspach Galapagos, znajduj\u0105cych si\u0119 na zach\u00f3d od Ekwadoru. Zosta\u0142y one odkryte w 1535 roku przez hiszpa\u0144skich marynarzy, kt\u00f3rzy nadali im nazw\u0119 Galapagos, poniewa\u017c pancerz spotkanego tam \u017c\u00f3\u0142wia przypomina\u0142 im rodzaj siod\u0142a, zwanego po hiszpa\u0144sku \u201egalapago\u201d.<br \/>\nW zale\u017cno\u015bci od zamieszkiwanego rejonu wysp \u017c\u00f3\u0142wie te r\u00f3\u017cni\u0105 si\u0119 zar\u00f3wno rozmiarem , jak i kolorem pancerza. \u017b\u00f3\u0142w s\u0142oniowy jest gatunkiem zagro\u017conym, ich liczba zmniejszy\u0142a si\u0119 z 250.000 w XVI wieku do 20.000 w chwili obecnej, a to na skutek dzia\u0142alno\u015bci cz\u0142owieka, takiej jak polowanie czy wylesianie teren\u00f3w pod upraw\u0119.<br \/>\nSamotny George.<br \/>\nZ 10 podgatunk\u00f3w 7 wci\u0105\u017c mo\u017cna znale\u017a\u0107 w ich naturalnym \u015brodowisku. Istnieje r\u00f3wnie\u017c inny podgatunek, reprezentowany przez jedynego \u017cyj\u0105cego samca, zwanego Samotnym Georgem. Samotny George jest najrzadszym  \u017cyj\u0105cym  stworzeniem na \u015bwiecie, a nazwano go &#8220;samotnym&#8221;, poniewa\u017c jest on ostatnim przedstawicielem tego podgatunku. <\/p>\n<p>Prawdopodobnie wszystkie podgatunki \u017c\u00f3\u0142wia rozwin\u0119\u0142y si\u0119 na Galapagos od wsp\u00f3lnego przodka, kt\u00f3ry zosta\u0142 przyniesiony ze sta\u0142ego l\u0105du Ameryki Po\u0142udniowej wraz z po\u0142udniowo- zachodnim pr\u0105dem morskim. Wystarczy\u0142oby, \u017ce jedna zap\u0142odniona samica przeby\u0142aby t\u0119 drog\u0119 np. na jakiej\u015b p\u0142ywaj\u0105cej wyspie z konar\u00f3w drzew wyniesionej przez pr\u0105d rzeki po silnej ulewie na pe\u0142ne morze by skolonizowa\u0107 wyspy . Te \u017c\u00f3\u0142wie mog\u0105 przetrwa\u0107 tak\u0105 podr\u00f3\u017c, mimo \u017ce oznacza\u0142aby ona kilka miesi\u0119cy bez \u017cywno\u015bci i wody. Najbli\u017cszym \u017cyj\u0105cym krewnym \u017c\u00f3\u0142wia s\u0142oniowego jest znacznie mniejszy \u017c\u00f3\u0142w argenty\u0144ski.<\/p>\n<p>\u017b\u00f3\u0142wie z Galapagos maj\u0105 du\u017cy ko\u015bcisty pancerz o zmatowia\u0142ym br\u0105zowym kolorze. Ko\u015b\u0107 ogonowa, mostek oraz \u017cebra s\u0105 cz\u0119\u015bci\u0105 pancerza, dlatego \u017c\u00f3\u0142w nigdy nie mo\u017ce z niego wyj\u015b\u0107. Pancerz \u017c\u00f3\u0142wi jest czasami poro\u015bni\u0119ty szarym i \u017c\u00f3\u0142tym mchem, a ich sucha sk\u00f3ra jest pokryta  twardymi \u0142uskami. \u017b\u00f3\u0142w jest w stanie chroni\u0107 wystaj\u0105ce cz\u0119\u015bci cia\u0142a, takie jak szyja, g\u0142owa i przednie nogi wsuwaj\u0105c je pod pancerz. Jego du\u017ce i klocaste nogi s\u0105 uposa\u017cone w pazury, przednie maj\u0105 5 a tylnie 4.<br \/>\nZ\u00f3\u0142wie r\u00f3\u017cni\u0105 si\u0119 mi\u0119dzy sob\u0105 kszta\u0142tem pancerza. I tak wyr\u00f3\u017cniamy \u017c\u00f3\u0142wie o pancerzu w kszta\u0142cie siod\u0142a lub w kszta\u0142cie kopu\u0142y oraz takie, kt\u00f3re wygl\u0105dem pancerza przypominaj\u0105 co\u015b po\u015bredniego pomi\u0119dzy kopu\u0142\u0105 a siod\u0142em. <\/p>\n<p>Przystosowanie do \u017cycia.<br \/>\nZ 15 znanych nam podgatunk\u00f3w \u017c\u00f3\u0142wia s\u0142oniowego pozosta\u0142o jedynie 11, z czego najmniejszymi przedstawicielami s\u0105 te o pancerzu w kszta\u0142cie siod\u0142a, najwi\u0119kszymi za\u015b te w kszta\u0142cie kopu\u0142y.<br \/>\nR\u00f3\u017cne podgatunki zamieszkuj\u0105 r\u00f3\u017cne wyspy, co oznacza r\u00f3\u017cne \u015brodowiska \u017cycia. Rozmiar i kszta\u0142t pancerza zale\u017cy od tego gdzie \u017cyj\u0105 i czym si\u0119 \u017cywi\u0105. \u017b\u00f3\u0142wie,  kt\u00f3re zamieszkuj\u0105 wyspy bogate w nisko po\u0142o\u017con\u0105 ro\u015blinno\u015b\u0107 s\u0105 zazwyczaj wi\u0119ksze, ich pancerz ma kszta\u0142t kopu\u0142y a nogi i szyja s\u0105 kr\u00f3tsze, poniewa\u017c \u2013 w przeciwie\u0144stwie do \u017c\u00f3\u0142wi o pancerzu w kszta\u0142cie siod\u0142a- nie musz\u0105 one wysoko si\u0119ga\u0107 po \u017cywno\u015b\u0107. \u017b\u00f3\u0142wie z kopulastym pancerzem zamieszkuj\u0105 wy\u017cej po\u0142o\u017cone &#8211; ch\u0142odniejsze i wilgotniejsze-  tereny wysp, gdy\u017c s\u0105 one bardziej odporne na niskie temperatury.<br \/>\n\u017b\u00f3\u0142w o pancerzu w kszta\u0142cie siod\u0142a ma d\u0142u\u017csz\u0105 szyje i nogi, kt\u00f3re umo\u017cliwiaj\u0105 mu si\u0119gni\u0119cie do wy\u017cszych partii uwielbianego przez niego kaktusa. Charakteryzuje si\u0119 rozszerzonym na przodzie pancerzem, kt\u00f3ry umo\u017cliwia ruch szyi ku g\u00f3rze . Jest on znacznie mniejszy ni\u017c \u017c\u00f3\u0142wie z kopulastym pancerzem i zamieszkuje cieplejsze oraz suchsze wyspy z archipelagu Galapagos.<br \/>\nJak wszystkie gady \u017c\u00f3\u0142wie s\u0105 stworzeniami zimnokrwistymi. O \u015bwicie przez godzin\u0119 lub dwie wygrzewaj\u0105 si\u0119 na s\u0142o\u0144cu, w ten spos\u00f3b przez ciemne pancerze przyswajaj\u0105 niezb\u0119dn\u0105 energi\u0119 s\u0142oneczn\u0105, po czym udaj\u0105 si\u0119 na 9 godzinne wyprawy w poszukiwaniu po\u017cywienia. Przemieszczaj\u0105 si\u0119 z pr\u0119dko\u015bci\u0105 0.3 km na godzin\u0119,  g\u0142\u00f3wnie we wczesnych godzinach porannych lub p\u00f3\u017anym popo\u0142udniem. \u017b\u00f3\u0142w z Galapagos jest stworzeniem cichym, o \u0142agodnym usposobieniu. Potrafi przespa\u0107 nawet do 16 godzin na dob\u0119. Ale\u017c z niego \u015bpioch!<br \/>\n\u015brodowisko i tryb \u017cycia.<br \/>\n\u017b\u00f3\u0142wie zamieszkuj\u0105ce wi\u0119ksze i bardziej wilgotne wyspy migruj\u0105 sezonowo. W porze deszczowej przenosz\u0105 si\u0119 na ni\u017csze, pokryte traw\u0105 tereny, a w suchej \u2013 na wy\u017cej po\u0142o\u017cone \u0142\u0105ki. Dzieje si\u0119 tak od pokole\u0144, czego rezultatem s\u0105 \u201ewydeptane\u201d w lesie \u015bcie\u017cki , zwane \u201eautostradami \u017c\u00f3\u0142wi&#8221;.<\/p>\n<p>Na wyspach o wilgotniejszym klimacie znale\u017a\u0107 mo\u017cna przede wszystkim stada \u017c\u00f3\u0142wi z pancerzem w kszta\u0142cie kopu\u0142y, kt\u00f3re  w odr\u00f3\u017cnieniu od lubuj\u0105cych si\u0119 w samotno\u015bci \u017c\u00f3\u0142wi z pancerzem w kszta\u0142cie siod\u0142a, uwielbiaj\u0105 towarzystwo.<br \/>\nCz\u0119sto, aby ogrza\u0107 si\u0119 podczas ch\u0142odnych nocy,  \u017c\u00f3\u0142wie te brodz\u0105 w p\u0142ytkiej wodzie lub taplaj\u0105 si\u0119 w b\u0142ocie. W ten spos\u00f3b rownie\u017c pozbywaj\u0105 si\u0119 kleszczy i komar\u00f3w. Innym na to sposobem s\u0105 r\u00f3wnie\u017c k\u0105piele w piasku. W nocy odpoczywaj\u0105  pod wisz\u0105cymi ska\u0142ami.<br \/>\nDieta.<br \/>\n\u017b\u00f3\u0142wie z Galapagos s\u0105 g\u0142\u00f3wnie ro\u015blino\u017cerne, \u017cywi\u0105 si\u0119 kaktusami, li\u015b\u0107mi, bananami, jab\u0142kami, traw\u0105 oraz winoro\u015bl\u0105. Zr\u00f3d\u0142em wody jest dla nich rosa oraz zawarte w ro\u015blinach soki. Na wyspach o suchym klimacie \u017c\u00f3\u0142wie te zlizuj\u0105 z g\u0142az\u00f3w porann\u0105 ros\u0119. W wyniku tego procesu, kt\u00f3ry trwa od wielu lat na powierzchni ska\u0142 pojawi\u0142y si\u0119 zg\u0142\u0119bienia w kszta\u0142cie p\u00f3\u0142kuli.  \u017b\u00f3\u0142wie z Galapagos mog\u0105 przetrwa\u0107 bez po\u017cywienia do 18 miesi\u0119cy. Do produkcji wody wykorzystuj\u0105 w\u00f3wczas nagromadzone zasoby t\u0142uszczu. Spragnione, potrafi\u0105 w bardzo krotkim okresie czasu wypi\u0107 spor\u0105 ilo\u015b\u0107 wody, kt\u00f3r\u0105 nast\u0119pnie magazynuj\u0105 w p\u0119cherzu oraz szyi. Ta wyj\u0105tkowa cecha uczyni\u0142a je u\u017cytecznym \u017ar\u00f3d\u0142em wody na statkach.<br \/>\n\u017b\u00f3\u0142wie z Galapagos cho\u0107 nie s\u0105 g\u0142uche, to jednak \u2013 w \u017cyciu codziennym- polegaj\u0105 bardziej  na zmy\u015ble w\u0119chu oraz wzroku.<br \/>\nUtrzymuj\u0105 przyjazne stosunki z zi\u0119bami. Wyciagaj\u0105 one szyj\u0119 tak, aby zi\u0119ba mog\u0142a wyd\u0142uba\u0107 kleszcze nie tylko z szyi w\u0142a\u015bnie, ale tak\u017ce tylnich n\u00f3g i umieszczonej blisko pancerza sk\u00f3ry. Poniewa\u017c zi\u0119by lubi\u0105 wyd\u0142ubywa\u0107 kleszcze, nie jest to zaj\u0119cie dla nich nieprzyjemne.  Mo\u017ce si\u0119 jednak zdarzy\u0107 \u017ce \u017c\u00f3\u0142w splata im figla i po tym jak zi\u0119ba wejdzie pod jego pancerz, natychmiast siada, zgniataj\u0105c biednego ptaszka! A potem go zjada \u2013 mo\u017ce dlatego, \u017ce potrzebuje wi\u0119cej bia\u0142ka.<br \/>\nRozmna\u017canie.<br \/>\n\u017b\u00f3\u0142wica niejednokrotnie musi -w okresie od lipca do listopada- przew\u0119drowa\u0107 kilkuna\u015bcie kilometr\u00f3w w poszukiwaniu dogodnego, tzn. suchego i piaszczystego miejsca na z\u0142o\u017cenie jaj. Wykopanie do\u0142u zajmuje jej kilka godzin, a nawet i dni. Jest to zadanie niezwykle m\u0119cz\u0105ce dla samicy, kt\u00f3ra &#8211; przy u\u017cyciu tylnych n\u00f3g- wykopuje otw\u00f3r do g\u0142\u0119boko\u015bci 30 cm. Sk\u0142ada maksymalnie 16 jaj, o wadze od 80 do 160 gram, kt\u00f3re wygl\u0105dem przypominaj\u0105 kule bilardowe.<br \/>\nPiskl\u0119ta po up\u0142ywie od 4 do 8 miesi\u0119cy, w okresie od grudnia do lipca, wygrzebuj\u0105 si\u0119 na powierzchni\u0119. Wa\u017c\u0105 wtedy zaledwie 50 gram przy 6 cm d\u0142ugo\u015bci. Biedactwa, wydostanie si\u0119 na powierzchni\u0119 zajmuje im kilka tygodni!<br \/>\nZdarza si\u0119, \u017ce na bardzo suchych obszarach w przypadku stwardni\u0119cia ziemi \u017c\u00f3\u0142wi\u0105tka umieraj\u0105 zanim wydostan\u0105 si\u0119 na powierzchni\u0119, lub ton\u0105 w wypadku zalania wod\u0105 obszaru, gdzie znajduj\u0105 si\u0119 gniazda. W poczatkowym etapie rozwoju bardzo trudno okre\u015bli\u0107 jakim rodzajem \u017c\u00f3\u0142wia jest piskl\u0119, wszystkie bowiem rodz\u0105 si\u0119 z pancerzami w kszta\u0142cie kopu\u0142y. M\u0142ode \u017c\u00f3\u0142wie przez okres od 10 do 15 lat pozostaj\u0105 na cieplejszych, ni\u017cej po\u0142o\u017conych terenach. S\u0105 nara\u017cone na r\u00f3\u017cnego rodzaju niebezpieczenstwa, takie jak p\u0119kniecia mi\u0119dzy ska\u0142ami, spadaj\u0105ce kamienie a tak\u017ce ekstremalny upa\u0142.<br \/>\nCzy \u017c\u00f3\u0142w s\u0142oniowy jest gatunkiem zagro\u017conym?<br \/>\nJedynym drapie\u017cnikiem zagra\u017caj\u0105cym tym \u017c\u00f3\u0142wiom jest rodzimy dla wysp Galapagos jastrz\u0105b. Poluje on zar\u00f3wno na \u017c\u00f3\u0142wie jaja , jak i piskl\u0119ta. G\u0142\u00f3wnych zagro\u017ceniem dla doros\u0142ych \u017c\u00f3\u0142wi jest niszczenie ich naturalnego \u015brodowiska oraz nielegalne polowania. w XVI wieku, gdy je po raz pierwszy odkryto, by\u0142o ich oko\u0142o 250 000. Po kilku dekadach polowa\u0144 pozosta\u0142o zaledwie 20.000 przedstawicieli tego gatunku. Te powolne, olbrzymie stworzenia by\u0142y \u0142apane przez marynarzy a nast\u0119pnie zabierane na pok\u0142ad statk\u00f3w, jako \u017ar\u00f3d\u0142o \u015bwie\u017cego mi\u0119sa. Dostarcza\u0142y bia\u0142ka, a ich rozcie\u0144czony mocz mo\u017cna by\u0142o pi\u0107 jak wod\u0119, chocia\u017c kto chcia\u0142by to pi\u0107!!? Dzia\u0142o si\u0119 tak dlatego, \u017ce same \u017c\u00f3\u0142wie mog\u0142y bez wody i jedzenia przetrwa\u0107 ponad rok. Nie trzeba by\u0142o si\u0119 nimi ani opiekowa\u0107, ani karmi\u0107, wi\u0119c trzymanie ich na pok\u0142adzie nie wi\u0105za\u0142o si\u0119 z \u017cadnymi kosztami. Dlatego te\u017c by\u0142y tak popularne w\u015br\u00f3d \u017ceglarzy, pirat\u00f3w i \u0142owc\u00f3w wieloryb\u00f3w, kt\u00f3rzy zatrzymywali si\u0119 na wyspach Galapagos aby uzupe\u0142ni\u0107 zapasy wody i \u017cywno\u015bci. <\/p>\n<p>Przywozili oni te\u017c \u015bwinie, kozy, konie i krowy, kt\u00f3re sta\u0142y si\u0119 kolejnym zagro\u017ceniem dla \u017c\u00f3\u0142wi. Z jednej strony wyjada\u0142y i tak ju\u017c sk\u0105p\u0105 ro\u015blinno\u015b\u0107 wysp Galapagos, pozostawiaj\u0105c niewiele \u017c\u00f3\u0142wiom,a z drugiej kopytami niszczyly \u017c\u00f3\u0142wie jaja, a te kt\u00f3re pozosta\u0142y, podobnie jak piskl\u0119ta sta\u0142y si\u0119 ofiarami ps\u00f3w, kot\u00f3w, szczur\u00f3w i \u015bwi\u0144.<br \/>\nOd ko\u0144ca IXX wieku polowano na te \u017c\u00f3\u0142wie r\u00f3wnie\u017c ze wzgl\u0119du na wysokiej jako\u015bci olej, przypominaj\u0105cy olej z w\u0105troby dorsza. Ponadto skupiska \u017c\u00f3\u0142wi s\u0142oniowych zosta\u0142y zniszczone w wyniku rozpowszechnienia rolnictwa, plantacji owoc\u00f3w, o\u015brodk\u00f3w turystycznych oraz urbanizacji. Tak wi\u0119c zar\u00f3wno wyniszczenie \u015brodowiska naturalnego, jak i polowania spowodowa\u0142y, \u017ce liczba \u017c\u00f3\u0142wi s\u0142oniowych spad\u0142a gwa\u0142townie.<br \/>\nJe\u017celi nie do\u0142o\u017cymy cho\u0107 troch\u0119 stara\u0144 do ochrony tych stworze\u0144, istnieje niebezpiecze\u0144stwo, \u017ce przysz\u0142e pokolenia nie bed\u0105 ju\u017c mia\u0142y szans na zobaczenie \u017c\u00f3\u0142wia s\u0142oniowego w jego naturalnym \u015brodowisku \u017cycia.<br \/>\nOchrona.<br \/>\nObecnie \u017c\u00f3\u0142w s\u0142oniowy jest pod \u015bcis\u0142\u0105 ochron\u0105. W 1959 na wszystkich niezamieszkanych terenach archipelagu Galapagos ustanowiono parki narodowe i stacje bada\u0144. W tamtym okresie wszystkie 11 gatunki\u0142 \u017c\u00f3\u0142wi by\u0142y ju\u017c zagro\u017cone. W 1970  wprowadzono zakaz polowania na \u017c\u00f3\u0142wie i ich jaja, a wyw\u00f3z \u017c\u00f3\u0142wia z wysp Galapagos zosta\u0142 uznany za nielegalny. Moca dekretu ustanowionego przez rz\u0105d Ekwadoru w 1971 niszczenie i usuwanie jakiegokolwiek organizmu, ska\u0142y czy innego obiektu fizycznego stanowi\u0105cego cz\u0119\u015b\u0107 Parku Narodowego  Wysp Galapagos uznano za nielegalne. <\/p>\n<p>Stacja Bada\u0144 Biologicznych im. Karola Darwina na  Galapagos rozpocz\u0119\u0142a projekt hodowli \u017c\u00f3\u0142wi s\u0142oniowych. Z zagro\u017conych obszar\u00f3w zbierano jaja, kt\u00f3re nast\u0119pnie przywieziono na teren stacji, gdzie poddano je procesowi inkubacji. \u017b\u00f3\u0142wi\u0105tka przebywa\u0142y na terenie stacji od 4 do 5 lat, po czym wypuszczano je na rodzime im wyspy.<br \/>\nProjekt hodowli \u017c\u00f3\u0142wi okaza\u0142 si\u0119 wielkim sukcesem. Z 11 zagro\u017conych gatunk\u00f3w, 10  uda\u0142o si\u0119 przywroci\u0107 do poziomu mniejszego zagro\u017cenia .Najbardziej udanym przedsi\u0119wzi\u0119ciem by\u0142o uratowanie \u017c\u00f3\u0142wia z wyspy Espa\u00f1ola, kt\u00f3ry by\u0142 skazany na wygini\u0119cie. W momencie rozpocz\u0119cia projektu istnia\u0142y tylko 3 samce i 12 samic. W ci\u0105gu 33 lat rozmno\u017cy\u0142y si\u0119 one do 1200 osobnik\u00f3w, kt\u00f3re ostatecznie wypuszczono do \u017cycia w naturalnym \u015brodowisku. C\u00f3\u017c za niezwyk\u0142a historia. <\/p>\n","protected":false},"excerpt":{"rendered":"<p>\u017b\u00f3\u0142w s\u0142oniowy jest najwi\u0119kszym \u017c\u00f3\u0142wiem l\u0105dowym na \u015bwiecie. Mo\u017ce osiagn\u0105\u0107 do 400 kg wagi i 1,8 m d\u0142ugo\u015bci. Niekt\u00f3re \u017c\u00f3\u0142wie s\u0142oniowe \u017cyj\u0105 oko\u0142o 100 lat. Ten gigantyczny \u017c\u00f3\u0142w mo\u017ce na swoim pancerzu unie\u015b\u0107 cz\u0142owieka. Niewiarygonie silne stworzenie! Najstarszy \u017c\u00f3\u0142w s\u0142oniowy \u017cy\u0142 170 lat. \u017b\u00f3\u0142w ten to gatunek wyst\u0119puj\u0105cy na siedmiu wulkanicznych wyspach Galapagos, znajduj\u0105cych si\u0119 &hellip; <a href=\"https:\/\/www.big-animals.com\/pl\/zolw-sloniowy\/\" class=\"more-link\">Continue reading <span class=\"screen-reader-text\">\u017b\u00f3\u0142w s\u0142oniowy<\/span><\/a><\/p>\n","protected":false},"author":1,"featured_media":0,"parent":0,"menu_order":0,"comment_status":"closed","ping_status":"open","template":"","meta":{"_acf_changed":false,"footnotes":""},"acf":[],"_links":{"self":[{"href":"https:\/\/www.big-animals.com\/pl\/wp-json\/wp\/v2\/pages\/589"}],"collection":[{"href":"https:\/\/www.big-animals.com\/pl\/wp-json\/wp\/v2\/pages"}],"about":[{"href":"https:\/\/www.big-animals.com\/pl\/wp-json\/wp\/v2\/types\/page"}],"author":[{"embeddable":true,"href":"https:\/\/www.big-animals.com\/pl\/wp-json\/wp\/v2\/users\/1"}],"replies":[{"embeddable":true,"href":"https:\/\/www.big-animals.com\/pl\/wp-json\/wp\/v2\/comments?post=589"}],"version-history":[{"count":2,"href":"https:\/\/www.big-animals.com\/pl\/wp-json\/wp\/v2\/pages\/589\/revisions"}],"predecessor-version":[{"id":773,"href":"https:\/\/www.big-animals.com\/pl\/wp-json\/wp\/v2\/pages\/589\/revisions\/773"}],"wp:attachment":[{"href":"https:\/\/www.big-animals.com\/pl\/wp-json\/wp\/v2\/media?parent=589"}],"curies":[{"name":"wp","href":"https:\/\/api.w.org\/{rel}","templated":true}]}}