{"id":591,"date":"2011-05-09T09:23:33","date_gmt":"2011-05-09T09:23:33","guid":{"rendered":""},"modified":"2015-03-04T06:19:53","modified_gmt":"2015-03-04T06:19:53","slug":"goliat-p%c5%82ochliwy","status":"publish","type":"page","link":"https:\/\/www.big-animals.com\/pl\/goliat-p%c5%82ochliwy\/","title":{"rendered":"Goliat p\u0142ochliwy"},"content":{"rendered":"<p><span id=\"gts_text_1\" class=\"gts_text\">\u017baby goliat\u00a0to najwi\u0119ksze\u00a0<a title=\"Frog\" href=\"http:\/\/www.big-animals.com\/frog\/\">\u017cab<\/a>y na \u015bwiecie. S\u0105 tak du\u017ce jak kot domowy<\/span><span id=\"gts_text_2\" class=\"gts_text\">! <\/span><span id=\"gts_text_3\" class=\"gts_text\">W niekt\u00f3rych krajach afryka\u0144skich, dzieci traktuj\u0105 te \u017caby jak domowego kota lub psa. <\/span><span id=\"gts_text_4\" class=\"gts_text\">Osi\u0105gaj\u0105 one do 33\u00a0cm. <\/span><span id=\"gts_text_5\" class=\"gts_text\">Kiedy rozci\u0105gn\u0105 swoje nogi, maj\u0105 ok.\u00a090 cm d\u0142ugo\u015bci i wa\u017c\u0105 tyle co noworodek, czyli<\/span><span id=\"gts_text_6\" class=\"gts_text\">\u00a0oko\u0142o 3 kg.<\/span><\/p>\n<figure id=\"attachment_973\" aria-describedby=\"caption-attachment-973\" style=\"width: 204px\" class=\"wp-caption alignright\"><a href=\"http:\/\/www.big-animals.com\/wp-content\/uploads\/2011\/05\/goliath-frog-and-human.png\"><img loading=\"lazy\" decoding=\"async\" class=\"size-medium wp-image-973\" title=\"Goliath Frog and Human\" src=\"http:\/\/www.big-animals.com\/wp-content\/uploads\/2011\/05\/goliath-frog-and-human-204x300.png\" alt=\"Goliath Frog and Human\" width=\"204\" height=\"300\" \/><\/a><figcaption id=\"caption-attachment-973\" class=\"wp-caption-text\">\u017baba goliat i cz\u0142owiek<\/figcaption><\/figure>\n<p><span id=\"gts_text_7\" class=\"gts_text\">Niestety populacja tych \u017cab zmniejsza si\u0119 poniewa\u017c poluje si\u0119 na nie dla mi\u0119sa i sprzedaje jako zwierz\u0119ta domowe, a ich naturalne \u015brodowisko jest niszczone.\u00a0Podj\u0119to \u015brodki ochronne poprzez umieszczenie tych \u017cab w zoo, ale w niewoli nie rozmna\u017caj\u0105 si\u0119 one za dobrze<\/span><span id=\"gts_text_8\" class=\"gts_text\">. Jedyn\u0105 nadziej\u0105 na ich przetrwanie jest upewnienie si\u0119, \u017ce ludzie chroni\u0105 je na wolno\u015bci i nie wykorzystuj\u0105 ich.\u00a0<\/span><span id=\"gts_text_10\" class=\"gts_text\">\u00a0<\/span><span id=\"gts_text_11\" class=\"gts_text\">Poniewa\u017c s\u0105 one sklasyfikowane jako zagro\u017cone, rz\u0105d Gwinei R\u00f3wnikowej o\u015bwiadczy\u0142, \u017ce nie mo\u017cna wywozi\u0107 z kraju wi\u0119cej ni\u017c 300 \u017cab goliat\u00a0rocznie.<\/span><\/p>\n<p><span id=\"gts_text_12\" class=\"gts_text\">\u017baby goliat mo\u017cna znale\u017a\u0107 w rzekach o szybkim nurcie i piaszczystym dnie w krajach Afryki Zachodniej &#8211; Kamerunie i Gwinei R\u00f3wnikowej. Takie rzeki znajduj\u0105 si\u0119 w lasach tropikalnych i s\u0105 przejrzyste.\u00a0<\/span><span id=\"gts_text_14\" class=\"gts_text\">Woda ma du\u017co tlenu. <\/span><span id=\"gts_text_15\" class=\"gts_text\">Obszar wok\u00f3\u0142 tych rzek jest\u00a0zwykle bardzo wilgotny i gor\u0105cy.<\/span><\/p>\n<p><span id=\"gts_text_16\" class=\"gts_text\">Grzbiet \u017caby jest w kolorze zielonkawo-br\u0105zowym, a jej podbrzusze w kolorze \u017c\u00f3\u0142tawo-pomara\u0144czowym. Ma szorstk\u0105 sk\u00f3r\u0119.<\/span><span id=\"gts_text_18\" class=\"gts_text\">Z powodu swojego\u00a0du\u017cego rozmiaru, potrzebuje du\u017co po\u017cywienia. <\/span><span id=\"gts_text_19\" class=\"gts_text\">Jest mi\u0119so\u017cerna i \u017cywi si\u0119 g\u0142\u00f3wnie owadami, krabami, rybami i mniejszymi \u017cabami. Kijanki, z kolei, jedz\u0105 tylko ro\u015bliny.\u00a0\u00a0<\/span><span id=\"gts_text_21\" class=\"gts_text\">Mog\u0105 \u017cy\u0107 do 15 lat. S\u0105 pot\u0119\u017cnymi skoczkami<\/span><span id=\"gts_text_22\" class=\"gts_text\">. Potrafi\u0105 wyskoczy\u0107 a\u017c na\u00a03 metry za jednym razem<\/span><span id=\"gts_text_23\" class=\"gts_text\">. Nie jest \u0142atwo je z\u0142apa\u0107<\/span><span id=\"gts_text_24\" class=\"gts_text\">! Palce \u017caby s\u0105 ca\u0142kowicie pokryte b\u0142on\u0105 co czyni j\u0105 \u015bwietnym p\u0142ywakiem w szybkim nurcie rzeki.<\/span><\/p>\n<p><span id=\"gts_text_26\" class=\"gts_text\">\u017baby goliat s\u0105 nieme. Nie wydaj\u0105 \u017cadnych d\u017awi\u0119k\u00f3w, ale potrafi\u0105 \u015bwitetnie s\u0142ucha\u0107<\/span><span id=\"gts_text_27\" class=\"gts_text\">. <\/span><span id=\"gts_text_28\" class=\"gts_text\">Samice \u017cab goliat sk\u0142adaj\u0105 kilkaset jaj, kt\u00f3re przyczepiaj\u0105 do ro\u015blin rosn\u0105cych w rzekach, w kt\u00f3rych \u017cyj\u0105. Gdy jajo si\u0119 wyl\u0119gnie, kijanka potrzebuje oko\u0142o 85-95 dni aby si\u0119 rozwin\u0105\u0107. <\/span><span id=\"gts_text_29\" class=\"gts_text\">Chocia\u017c s\u0105 ogromne jako doros\u0142e osobniki, ich jaja i kijanki s\u0105 tej samej wielko\u015bci co\u00a0inne \u017caby.<\/span><\/p>\n<p>&nbsp;<\/p>\n","protected":false},"excerpt":{"rendered":"<p>\u017baby goliat\u00a0to najwi\u0119ksze\u00a0\u017caby na \u015bwiecie. S\u0105 tak du\u017ce jak kot domowy! W niekt\u00f3rych krajach afryka\u0144skich, dzieci traktuj\u0105 te \u017caby jak domowego kota lub psa. Osi\u0105gaj\u0105 one do 33\u00a0cm. Kiedy rozci\u0105gn\u0105 swoje nogi, maj\u0105 ok.\u00a090 cm d\u0142ugo\u015bci i wa\u017c\u0105 tyle co noworodek, czyli\u00a0oko\u0142o 3 kg. Niestety populacja tych \u017cab zmniejsza si\u0119 poniewa\u017c poluje si\u0119 na nie &hellip; <a href=\"https:\/\/www.big-animals.com\/pl\/goliat-p%c5%82ochliwy\/\" class=\"more-link\">Continue reading <span class=\"screen-reader-text\">Goliat p\u0142ochliwy<\/span><\/a><\/p>\n","protected":false},"author":1,"featured_media":0,"parent":0,"menu_order":0,"comment_status":"closed","ping_status":"open","template":"","meta":{"_acf_changed":false,"footnotes":""},"acf":[],"_links":{"self":[{"href":"https:\/\/www.big-animals.com\/pl\/wp-json\/wp\/v2\/pages\/591"}],"collection":[{"href":"https:\/\/www.big-animals.com\/pl\/wp-json\/wp\/v2\/pages"}],"about":[{"href":"https:\/\/www.big-animals.com\/pl\/wp-json\/wp\/v2\/types\/page"}],"author":[{"embeddable":true,"href":"https:\/\/www.big-animals.com\/pl\/wp-json\/wp\/v2\/users\/1"}],"replies":[{"embeddable":true,"href":"https:\/\/www.big-animals.com\/pl\/wp-json\/wp\/v2\/comments?post=591"}],"version-history":[{"count":4,"href":"https:\/\/www.big-animals.com\/pl\/wp-json\/wp\/v2\/pages\/591\/revisions"}],"predecessor-version":[{"id":903,"href":"https:\/\/www.big-animals.com\/pl\/wp-json\/wp\/v2\/pages\/591\/revisions\/903"}],"wp:attachment":[{"href":"https:\/\/www.big-animals.com\/pl\/wp-json\/wp\/v2\/media?parent=591"}],"curies":[{"name":"wp","href":"https:\/\/api.w.org\/{rel}","templated":true}]}}