{"id":592,"date":"2011-05-09T09:23:51","date_gmt":"2011-05-09T09:23:51","guid":{"rendered":""},"modified":"2015-03-03T18:29:20","modified_gmt":"2015-03-03T18:29:20","slug":"giant-z%c5%82oty-koronowany-lataj%c4%85cy-lis","status":"publish","type":"page","link":"https:\/\/www.big-animals.com\/pl\/giant-z%c5%82oty-koronowany-lataj%c4%85cy-lis\/","title":{"rendered":"Acerodon Grzywiasty"},"content":{"rendered":"<figure id=\"attachment_787\" aria-describedby=\"caption-attachment-787\" style=\"width: 200px\" class=\"wp-caption alignleft\"><a href=\"http:\/\/www.big-animals.com\/wp-content\/uploads\/2011\/03\/Golden_Crowned_Fruit_Bat.jpg\"><img loading=\"lazy\" decoding=\"async\" class=\"size-full wp-image-787\" title=\"The Giant Golden-Crowned Flying Fox - Picture by Elpidio Latorilla\" src=\"http:\/\/www.big-animals.com\/wp-content\/uploads\/2011\/03\/Golden_Crowned_Fruit_Bat.jpg\" alt=\"The Giant Golden-Crowned Flying Fox - Picture by Elpidio Latorilla\" width=\"200\" height=\"319\" \/><\/a><figcaption id=\"caption-attachment-787\" class=\"wp-caption-text\">Acerodon grzywiasty\u00a0&#8211; zdj\u0119cie zrobione przez\u00a0Elpidio Latorilla<\/figcaption><\/figure>\n<p><span id=\"gts_text_1\" class=\"gts_text\">Acerodon grzywiasty\u00a0jest r\u00f3wnie\u017c znany jako owocowy nietoperz. Jest rzadkim owoco\u017cernym nietoperzem <\/span><span id=\"gts_text_2\" class=\"gts_text\">\u00a0i jest <a title=\"Nietoperze\" href=\"http:\/\/www.big-animals.com\/bats\/\">najwi\u0119kszy<\/a>m nietoperzem na \u015bwiecie. Rozpi\u0119to\u015b\u0107 jego skrzyde\u0142 wynosi<\/span><span id=\"gts_text_3\" class=\"gts_text\">\u00a0oko\u0142o 1,5 m a sam nietoperz potrafi wa\u017cy\u0107 do 1,2 kg. Cz\u0119sto mo\u017cna go zobaczy\u0107 jak owija si\u0119 swoimi du\u017cymi skrzyd\u0142ami jak czarnym p\u0142aszczem. <\/span><span id=\"gts_text_4\" class=\"gts_text\">\u00a0<\/span><span id=\"gts_text_5\" class=\"gts_text\">Niestety, ten nietoperz jest zagro\u017cony z powodu nielegalnych polowa\u0144 i niszczenia las\u00f3w.\u00a0<\/span><\/p>\n<p><span id=\"gts_text_6\" class=\"gts_text\">Zamieszkuje lasy deszczowe\u00a0Filipin. Swoj\u0105 nazw\u0119 zawdzi\u0119cza z\u0142otemu futru wok\u00f3\u0142 g\u0142owy. \u00a0Nie jest spokrewniony z lisem, chocia\u017c jego pysk wygl\u0105da troch\u0119 jak pysk lisa.\u00a0<\/span><span id=\"gts_text_9\" class=\"gts_text\">Nale\u017cy do rodziny rudawkowatych. Ma czarne cia\u0142o i nie ma ogona, podobnie jak inne owoco\u017cerne nietoperze.\u00a0<\/span><span id=\"gts_text_11\" class=\"gts_text\">Jest aktywny w nocy i potrafi przelecie\u017c przynajmniej 40 kilometr\u00f3w jednej nocy w poszukiwaniu \u017cywno\u015bci. Uwielbia figi<\/span><span id=\"gts_text_12\" class=\"gts_text\">, ale je\u015bli nie uda mu si\u0119 znale\u017a\u0107\u00a0fig, poszukuje innych owoc\u00f3w do zjedzenia, takich jak puhutan, lamino i bankal.<\/span><\/p>\n<p><span id=\"gts_text_13\" class=\"gts_text\">Acerodon grzywiasty\u00a0jest r\u00f3wnie\u017c znany jako cichy sadownik\u00a0poniewa\u017c z nasion w jego\u00a0odchodach i nasion, kt\u00f3re wypluwa na ziemi\u0119\u00a0podczas jedzenia wyrastaj\u0105 potem nowe drzewa owocowe. <\/span><span id=\"gts_text_14\" class=\"gts_text\">Pomaga to\u00a0utrzyma\u0107 lasy deszczowe na Filipinach. Acerodon grzywiasty pomaga r\u00f3wnie\u017c zapyla\u0107 drzewa owocowe<\/span><span id=\"gts_text_15\" class=\"gts_text\">. <\/span><span id=\"gts_text_16\" class=\"gts_text\">Istnieje wiele drzew owocowych, kt\u00f3re s\u0105 zale\u017cne od acerodona je\u017celi chodzi o zapylanie i roznoszenie nasion. <\/span><span id=\"gts_text_17\" class=\"gts_text\">Nawet jego odchody s\u0105\u00a0dobrym nawozem dla ro\u015blin.<\/span><\/p>\n<figure id=\"attachment_789\" aria-describedby=\"caption-attachment-789\" style=\"width: 176px\" class=\"wp-caption alignright\"><a href=\"http:\/\/www.big-animals.com\/wp-content\/uploads\/2011\/03\/Giant_Golden_Crowned_Flying_Fox_And_Human1.png\"><img loading=\"lazy\" decoding=\"async\" class=\"size-medium wp-image-789\" title=\"The Giant Golden Crowned Flying Fox is the World's Biggest Bat\" src=\"http:\/\/www.big-animals.com\/wp-content\/uploads\/2011\/03\/Giant_Golden_Crowned_Flying_Fox_And_Human1-176x300.png\" alt=\"The Giant Golden Crowned Flying Fox is the World's Biggest Bat\" width=\"176\" height=\"300\" \/><\/a><figcaption id=\"caption-attachment-789\" class=\"wp-caption-text\">Acerodon grzywiasty jest najwi\u0119kszym nietoperzem na \u015bwiecie\u00a0<\/figcaption><\/figure>\n<p><span id=\"gts_text_18\" class=\"gts_text\">Acerodon grzywiasty ma dwa okresy godowe. Samica zachodzi w ci\u0105\u017c\u0119 tylko podczas jednego z tych okres\u00f3w<\/span><span id=\"gts_text_19\" class=\"gts_text\">. <\/span><span id=\"gts_text_20\" class=\"gts_text\">Matka p\u0142odzi tylko jedno m\u0142ode.<\/span><\/p>\n<p><span id=\"gts_text_21\" class=\"gts_text\">Ten nietoperz lubi si\u0119 cz\u0119sto my\u0107. U\u017cywa swoich czarnych skrzyde\u0142 do oblewania si\u0119 wod\u0105.<\/span><span id=\"gts_text_22\" class=\"gts_text\">\u00a0Na og\u00f3\u0142 odpoczywaj\u0105 w du\u017cych koloniach aby mog\u0142y si\u0119 nawzajem ogrzewa\u0107 i chroni\u0107 przed drapie\u017cnikami. Problem z du\u017cymi koloniami jest taki, \u017ce s\u0105 one \u0142atwym celem dla \u0142owc\u00f3w. \u0141owcy najcz\u0119\u015bciej poluj\u0105 na nie w ci\u0105gu dnia, gdy \u015bpi\u0105.\u00a0<\/span><\/p>\n<p><span id=\"gts_text_26\" class=\"gts_text\">W chwili obecnej, ten nietoperz jest zagro\u017cony i jest na granicy wymarcia. \u00a0<\/span><span id=\"gts_text_27\" class=\"gts_text\">Znikn\u0105\u0142 z wielu mniejszych wysp i niekt\u00f3rych wi\u0119kszych wysp na Filipinach, takich\u00a0jak Panay i Cebu.\u00a0W niekt\u00f3rych obszarach poluje si\u0119 na niego dla mi\u0119sa<\/span><span id=\"gts_text_28\" class=\"gts_text\">. Je\u017celi ludzie odbior\u0105 im owoce, te nietoperze nie b\u0119d\u0105 mia\u0142y co je\u015b\u0107 i mog\u0105 nawet wygin\u0105\u0107 z g\u0142odu.\u00a0<\/span><\/p>\n<p><span id=\"gts_text_30\" class=\"gts_text\">Istniej\u0105, kt\u00f3rzy ci\u0119\u017cko pracuj\u0105 aby uchroni\u0107 te nietoperze przed wymarciem. <\/span><span id=\"gts_text_31\" class=\"gts_text\">Region Filipin Subic Bay zosta\u0142 ustanowiony jako miejsce do bada\u0144 tych\u00a0nietoperzy i ich ochrony.<\/span><\/p>\n<p>&nbsp;<\/p>\n","protected":false},"excerpt":{"rendered":"<p>Acerodon grzywiasty\u00a0jest r\u00f3wnie\u017c znany jako owocowy nietoperz. Jest rzadkim owoco\u017cernym nietoperzem \u00a0i jest najwi\u0119kszym nietoperzem na \u015bwiecie. Rozpi\u0119to\u015b\u0107 jego skrzyde\u0142 wynosi\u00a0oko\u0142o 1,5 m a sam nietoperz potrafi wa\u017cy\u0107 do 1,2 kg. Cz\u0119sto mo\u017cna go zobaczy\u0107 jak owija si\u0119 swoimi du\u017cymi skrzyd\u0142ami jak czarnym p\u0142aszczem. \u00a0Niestety, ten nietoperz jest zagro\u017cony z powodu nielegalnych polowa\u0144 i niszczenia &hellip; <a href=\"https:\/\/www.big-animals.com\/pl\/giant-z%c5%82oty-koronowany-lataj%c4%85cy-lis\/\" class=\"more-link\">Continue reading <span class=\"screen-reader-text\">Acerodon Grzywiasty<\/span><\/a><\/p>\n","protected":false},"author":1,"featured_media":0,"parent":0,"menu_order":0,"comment_status":"closed","ping_status":"open","template":"","meta":{"_acf_changed":false,"footnotes":""},"acf":[],"_links":{"self":[{"href":"https:\/\/www.big-animals.com\/pl\/wp-json\/wp\/v2\/pages\/592"}],"collection":[{"href":"https:\/\/www.big-animals.com\/pl\/wp-json\/wp\/v2\/pages"}],"about":[{"href":"https:\/\/www.big-animals.com\/pl\/wp-json\/wp\/v2\/types\/page"}],"author":[{"embeddable":true,"href":"https:\/\/www.big-animals.com\/pl\/wp-json\/wp\/v2\/users\/1"}],"replies":[{"embeddable":true,"href":"https:\/\/www.big-animals.com\/pl\/wp-json\/wp\/v2\/comments?post=592"}],"version-history":[{"count":2,"href":"https:\/\/www.big-animals.com\/pl\/wp-json\/wp\/v2\/pages\/592\/revisions"}],"predecessor-version":[{"id":898,"href":"https:\/\/www.big-animals.com\/pl\/wp-json\/wp\/v2\/pages\/592\/revisions\/898"}],"wp:attachment":[{"href":"https:\/\/www.big-animals.com\/pl\/wp-json\/wp\/v2\/media?parent=592"}],"curies":[{"name":"wp","href":"https:\/\/api.w.org\/{rel}","templated":true}]}}