{"id":593,"date":"2011-05-09T09:23:59","date_gmt":"2011-05-09T09:23:59","guid":{"rendered":""},"modified":"2015-03-03T15:24:24","modified_gmt":"2015-03-03T15:24:24","slug":"anakonda-zielona","status":"publish","type":"page","link":"https:\/\/www.big-animals.com\/pl\/anakonda-zielona\/","title":{"rendered":"Anakonda zielona"},"content":{"rendered":"<p><span id=\"gts_text_1\" class=\"gts_text\">Anakonda zielona jest niejadowitym \u00a0<a title=\"W\u0119\u017ce\" href=\"http:\/\/www.big-animals.com\/pl\/w%c4%99%c5%bce\/\">najci\u0119\u017cszym w\u0119\u017cem <\/a> \u015bwiata.\u00a0<\/span><span id=\"gts_text_2\" class=\"gts_text\">Wyst\u0119puje w Ameryce Po\u0142udniowej. <\/span><span id=\"gts_text_3\" class=\"gts_text\">Nale\u017cy ona r\u00f3wnie\u017c do najwi\u0119kszych w\u0119\u017cy \u015bwiata.\u00a0<\/span><span id=\"gts_text_4\" class=\"gts_text\">Pomimo tego, \u017ce <a title=\"Pyton siatkowy\" href=\"http:\/\/www.big-animals.com\/pl\/the-reticulated-python\/\">pyton siatkowy<\/a>\u00a0jest najd\u0142u\u017cszym w\u0119\u017cem \u015bwiata, osi\u0105gaj\u0105cym 8,7 metra d\u0142ugo\u015bci, nijak nie mo\u017ce si\u0119 swoj\u0105 wag\u0105 r\u00f3wna\u0107 z anakond\u0105 zielon\u0105.<\/span><span id=\"gts_text_5\" class=\"gts_text\"> Anakonda zielona mo\u017ce mie\u0107 ponad 5 metr\u00f3w d\u0142ugo\u015bci i wa\u017cy\u0107 ponad 227 kilogram\u00f3w oraz mierzy\u0107 ponad 30 centymetr\u00f3w \u015brednicy tu\u0142owia. <\/span><span id=\"gts_text_6\" class=\"gts_text\">Najwi\u0119ksz\u0105 i najci\u0119\u017csz\u0105 naukowo zbadan\u0105 anakond\u0105 by\u0142a\u00a0samica anakondy zielonej, kt\u00f3ra mierzy\u0142a 5,21 metra d\u0142ugo\u015bci ale wa\u017cy\u0142a tylko 97,5 kilogram\u00f3w.<\/span><\/p>\n<p><span id=\"gts_text_7\" class=\"gts_text\">Anakondy zielone maj\u0105 aj\u0105 oliwkowo zielon\u0105 sk\u00f3r\u0119 z czarnymi planami wzd\u0142u\u017c ca\u0142ego cia\u0142a. <\/span><span id=\"gts_text_8\" class=\"gts_text\">Te plamki pomagaj\u0105 bardzo skutecznie ukrywa\u0107 si\u0119 w g\u0119stych lasach. <\/span><span id=\"gts_text_9\" class=\"gts_text\">Ich g\u0142owa jest stosunkowo ma\u0142a w por\u00f3wnaniu z reszt\u0105 cia\u0142a. Ich oczy i nozdrza s\u0105 umieszczone wysoko na szczycie g\u0142owy. <\/span><span id=\"gts_text_10\" class=\"gts_text\"><\/span><span id=\"gts_text_11\" class=\"gts_text\">Umo\u017cliwia im to obserwacj\u0119 pozostaj\u0105c zupe\u0142nie zanurzonymi w wodzie,\u00a0aby zaatakowa\u0107 swoj\u0105 ofiar\u0119.<\/span><\/p>\n<figure id=\"attachment_480\" aria-describedby=\"caption-attachment-480\" style=\"width: 300px\" class=\"wp-caption alignleft\"><a href=\"http:\/\/www.big-animals.com\/wp-content\/uploads\/2011\/02\/Green_Anaconda.png\"><img loading=\"lazy\" decoding=\"async\" class=\"size-medium wp-image-480\" title=\"Brazilian Soldiers Tacking A Green Anaconda\" src=\"http:\/\/www.big-animals.com\/wp-content\/uploads\/2011\/02\/Green_Anaconda-300x225.png\" alt=\"Brazilian Soldiers Tacking A Green Anaconda\" width=\"300\" height=\"225\" \/><\/a><figcaption id=\"caption-attachment-480\" class=\"wp-caption-text\">Brazilian Soldiers Tackling A Green Anaconda<\/figcaption><\/figure>\n<p><span id=\"gts_text_12\" class=\"gts_text\">Anakonda zielona wyst\u0119puje w Ameryce \u0141aci\u0144skiej w pa\u0144stwach po\u0142o\u017conych na wsch\u00f3d od And\u00f3w, w miejscach takich jak Kolumbia, Wenezuela, Ekwador, Peru, Boliwia, Brazylia, wyspa Trynidad a na po\u0142udniu w\u00a0p\u00f3\u0142nocnym Paragwaju. <\/span><span id=\"gts_text_13\" class=\"gts_text\">Zamieszkuj\u0105 bagna, niziny na kt\u00f3rych wyst\u0119puj\u0105 powodzie w czasie deszczu oraz wolno p\u0142yn\u0105ce rzeczki. <\/span><span id=\"gts_text_14\" class=\"gts_text\">Uwielbiaj\u0105 wi\u0119kszo\u015b\u0107 tropikalnych las\u00f3w deszczowych Amazonki. <\/span><span id=\"gts_text_15\" class=\"gts_text\">S\u0105 dosy\u0107 powolne i niezgrabne na l\u0105dzie, ale w wodzie s\u0105 nies\u0142ychanie szybkie. <\/span><span id=\"gts_text_16\" class=\"gts_text\">Oto dlaczego anakonda zielona (kt\u00f3ra jest aktywna noc\u0105) woli \u017cy\u0107 w wodzie lub chocia\u017c w jej pobli\u017cu. <\/span><span id=\"gts_text_17\" class=\"gts_text\">R\u00f3wnie\u017c z tego powodu anakonda jest czasem nazywana <em>wodnym boa<\/em>. <\/span><span id=\"gts_text_18\" class=\"gts_text\">Sp\u0119dzaj\u0105 wi\u0119cej czasu w wodzie ni\u017c jakikolwiek inny w\u0105\u017c z podrodziny boa.<\/span><\/p>\n<p><span id=\"gts_text_19\" class=\"gts_text\">Anakondy zielone lubi\u0105 p\u0142ywa\u0107 po powierzchni wody z nosem lekko wystaj\u0105cym ponad tafl\u0119. <\/span><span id=\"gts_text_20\" class=\"gts_text\">Nie chc\u0105 by\u0107 dostrze\u017cone przez sw\u00f3j obiad! <\/span><span id=\"gts_text_21\" class=\"gts_text\">Kiedy ich posi\u0142ek zbli\u017ca si\u0119 chc\u0105c napi\u0107 si\u0119 wody ze strumienia, g\u0142odna anakonda \u0142apie zwierz\u0119 swoimi szcz\u0119kami. <\/span><span id=\"gts_text_22\" class=\"gts_text\">Potem owija si\u0119 ciasno wok\u00f3\u0142 ofiary swoim masywnym cia\u0142em. <\/span><span id=\"gts_text_23\" class=\"gts_text\">W ko\u0144cu zwierz\u0119 przestaje oddycha\u0107 a anakonda po\u0142yka sw\u00f3j obiad w ca\u0142o\u015bci.<\/span><\/p>\n<p><span id=\"gts_text_24\" class=\"gts_text\">Ich szcz\u0119ki s\u0105 sczepione razem elastycznym wi\u0119zad\u0142em, kt\u00f3re pozwala na znacznie szersze otwarcie pyska ni\u017c pozwala na to rozmiar ich g\u0142owy. Ich\u00a0<\/span><span id=\"gts_text_25\" class=\"gts_text\">system trawienny jest bardzo powolny. <\/span><span id=\"gts_text_26\" class=\"gts_text\">Po po\u0142kni\u0119ciu zwierz\u0119cia mo\u017ce up\u0142yn\u0105\u0107 par\u0119 tygodni do jego ca\u0142kowitego strawienia. <\/span><span id=\"gts_text_27\" class=\"gts_text\">Zwykle, po obfitym posi\u0142ku <\/span><span id=\"gts_text_28\" class=\"gts_text\">w\u0105\u017c mo\u017ce przez kilka tygodni \u2013 a czasem miesi\u0119cy \u2013 oby\u0107 si\u0119 bez jedzenia.<\/span><\/p>\n<p><span id=\"gts_text_29\" class=\"gts_text\">Anakonda zielona zjada wszelkie zwierz\u0119ta takie jak ryby, szczury, w\u0119\u017ce i inne stworzenia zimnokrwiste. <\/span><span id=\"gts_text_30\" class=\"gts_text\">Du\u017ca anakonda poluje na wi\u0119ksze ofiary takie jak tapiry, jelenie, kapibary oraz kajmany. <\/span><span id=\"gts_text_31\" class=\"gts_text\">By\u0142y r\u00f3wnie\u017c przypadki kiedy wi\u0119ksza samica anakondy zielonej zjad\u0142a mniejszego samca ze swojego gatunku. <\/span><span id=\"gts_text_32\" class=\"gts_text\">Jednak\u017ce, nie ma dowodu na to, \u017ce anakondy zielone atakuj\u0105 i po\u017ceraj\u0105 ludzi.<\/span><\/p>\n<figure id=\"attachment_479\" aria-describedby=\"caption-attachment-479\" style=\"width: 300px\" class=\"wp-caption alignright\"><a href=\"http:\/\/www.big-animals.com\/wp-content\/uploads\/2011\/02\/Green_Anaconda_And_Human.png\"><img loading=\"lazy\" decoding=\"async\" class=\"size-medium wp-image-479\" title=\"Green Anaconda And Human\" src=\"http:\/\/www.big-animals.com\/wp-content\/uploads\/2011\/02\/Green_Anaconda_And_Human-300x282.png\" alt=\"Green Anaconda And Human\" width=\"300\" height=\"282\" \/><\/a><figcaption id=\"caption-attachment-479\" class=\"wp-caption-text\">Green Anaconda And Human<\/figcaption><\/figure>\n<p><span id=\"gts_text_33\" class=\"gts_text\">Matka trzyma jaja w swoim ciele do momentu wyklucia si\u0119, kt\u00f3re odbywa si\u0119 w jej wn\u0119trzu. <\/span><span id=\"gts_text_34\" class=\"gts_text\">Wtedy rodzi swoje potomstwo. <\/span><span id=\"gts_text_35\" class=\"gts_text\">Mo\u017ce urodzi\u0107 od 20 do 40 m\u0142odych w\u0119\u017cy w jednym miocie. <\/span><span id=\"gts_text_36\" class=\"gts_text\">Czasem, nawet 100! <\/span><span id=\"gts_text_37\" class=\"gts_text\">Czy wyobra\u017cacie sobie \u2013 100 ma\u0142ych, zielonych anakond wij\u0105cych si\u0119 wsz\u0119dzie wok\u00f3\u0142!?\u00a0<\/span><span id=\"gts_text_38\" class=\"gts_text\">Te m\u0142ode mierz\u0105 oko\u0142o 70 \u2013 80 centymetr\u00f3w d\u0142ugo\u015bci (27-30 cali) po urodzeniu. <\/span><span id=\"gts_text_39\" class=\"gts_text\">Kiedy tylko si\u0119 urodz\u0105, s\u0105 gotowe do p\u0142ywania i polowa\u0144. <\/span><span id=\"gts_text_40\" class=\"gts_text\">Poniewa\u017c rodz\u0105 si\u0119 samodzielne, nie maj\u0105 \u017cadnej opieki rodzicielskiej. <\/span><span id=\"gts_text_41\" class=\"gts_text\">Po narodzinach matka mo\u017ce straci\u0107 po\u0142ow\u0119 swojej wagi.<\/span><\/p>\n<p><span id=\"gts_text_42\" class=\"gts_text\">Kiedy s\u0105 dzie\u0107mi, cz\u0119sto zostaj\u0105 po\u017carte przez inne zwierz\u0119ta. <\/span><span id=\"gts_text_43\" class=\"gts_text\">Je\u015bli przetrwaj\u0105, ich \u017cywotno\u015b\u0107 wynosi oko\u0142o 10 lat w\u00a0\u015brodowisku naturalnym. <\/span><span id=\"gts_text_44\" class=\"gts_text\">Poniewa\u017c s\u0105 zimnokrwiste, zmiany w temperaturze otoczenia maj\u0105 na nie bardzo du\u017cy wp\u0142yw. <\/span><span id=\"gts_text_45\" class=\"gts_text\">Je\u017celi temperatura otoczenia podnosi si\u0119, anakondy zrobi\u0105 wszystko, aby zapobiec przegrzaniu ich cia\u0142. <\/span><span id=\"gts_text_46\" class=\"gts_text\">Kiedy temperatura spada, anakonda k\u0142adzie si\u0119 w nagrzanych miejscach, \u00a0aby utrzyma\u0107 prawid\u0142ow\u0105 temperatur\u0119.<\/span><\/p>\n<p><span id=\"gts_text_47\" class=\"gts_text\">Poza tym zielone anakondy reguluj\u0105 temperatur\u0119 cia\u0142a wystawiaj\u0105c lub chowaj\u0105c swoje cia\u0142o przed \u015bwiat\u0142em s\u0142onecznym. <\/span><span id=\"gts_text_48\" class=\"gts_text\">Je\u017celi w\u0105\u017c znajduje si\u0119 w terrarium, kt\u00f3re jest jednakowo ogrzane a temperatura zacznie wzrasta\u0107, w\u0105\u017c mo\u017ce umrze\u0107 w wyniku przegrzania. <\/span><span id=\"gts_text_49\" class=\"gts_text\">Nawet je\u015bli nie umrze, przegrzanie spowoduje zaburzenia procesu linienia, co mo\u017ce prowadzi\u0107 do <em>zastania cz\u0119\u015bci sk\u00f3ry okrywaj\u0105cej oczy<\/em>. <\/span><span id=\"gts_text_50\" class=\"gts_text\">To mo\u017ce si\u0119 przyczyni\u0107 do utraty wzroku. <\/span><span id=\"gts_text_51\" class=\"gts_text\">Nadmiernie nagrzane otoczenie mo\u017ce r\u00f3wnie\u017c zmieni\u0107 w\u0119\u017ca we w\u015bciek\u0142\u0105 besti\u0119.<\/span><\/p>\n<p><span id=\"gts_text_52\" class=\"gts_text\">Hodowca anakondy zielonej powinien u\u017cywa\u0107 prostego grzejnika i \u015bwiat\u0142a podczerwonego w celu utrzymania optymalnej temperatury w pojemniku wykonanym przez cz\u0142owieka.\u00a0<\/span><span id=\"gts_text_53\" class=\"gts_text\">A nakonda zielona powinna r\u00f3wnie\u017c mie\u0107 zapewnione promieniowanie ultrafioletowe, \u00a0poniewa\u017c to jej pomaga w wytwarzaniu witaminy D, ktr\u00f3ra jest potrzebna jej ko\u015bciom.<\/span><\/p>\n","protected":false},"excerpt":{"rendered":"<p>Anakonda zielona jest niejadowitym \u00a0najci\u0119\u017cszym w\u0119\u017cem \u015bwiata.\u00a0Wyst\u0119puje w Ameryce Po\u0142udniowej. Nale\u017cy ona r\u00f3wnie\u017c do najwi\u0119kszych w\u0119\u017cy \u015bwiata.\u00a0Pomimo tego, \u017ce pyton siatkowy\u00a0jest najd\u0142u\u017cszym w\u0119\u017cem \u015bwiata, osi\u0105gaj\u0105cym 8,7 metra d\u0142ugo\u015bci, nijak nie mo\u017ce si\u0119 swoj\u0105 wag\u0105 r\u00f3wna\u0107 z anakond\u0105 zielon\u0105. Anakonda zielona mo\u017ce mie\u0107 ponad 5 metr\u00f3w d\u0142ugo\u015bci i wa\u017cy\u0107 ponad 227 kilogram\u00f3w oraz mierzy\u0107 ponad 30 &hellip; <a href=\"https:\/\/www.big-animals.com\/pl\/anakonda-zielona\/\" class=\"more-link\">Continue reading <span class=\"screen-reader-text\">Anakonda zielona<\/span><\/a><\/p>\n","protected":false},"author":1,"featured_media":0,"parent":0,"menu_order":0,"comment_status":"closed","ping_status":"open","template":"","meta":{"_acf_changed":false,"footnotes":""},"acf":[],"_links":{"self":[{"href":"https:\/\/www.big-animals.com\/pl\/wp-json\/wp\/v2\/pages\/593"}],"collection":[{"href":"https:\/\/www.big-animals.com\/pl\/wp-json\/wp\/v2\/pages"}],"about":[{"href":"https:\/\/www.big-animals.com\/pl\/wp-json\/wp\/v2\/types\/page"}],"author":[{"embeddable":true,"href":"https:\/\/www.big-animals.com\/pl\/wp-json\/wp\/v2\/users\/1"}],"replies":[{"embeddable":true,"href":"https:\/\/www.big-animals.com\/pl\/wp-json\/wp\/v2\/comments?post=593"}],"version-history":[{"count":10,"href":"https:\/\/www.big-animals.com\/pl\/wp-json\/wp\/v2\/pages\/593\/revisions"}],"predecessor-version":[{"id":888,"href":"https:\/\/www.big-animals.com\/pl\/wp-json\/wp\/v2\/pages\/593\/revisions\/888"}],"wp:attachment":[{"href":"https:\/\/www.big-animals.com\/pl\/wp-json\/wp\/v2\/media?parent=593"}],"curies":[{"name":"wp","href":"https:\/\/api.w.org\/{rel}","templated":true}]}}