{"id":596,"date":"2011-05-09T09:25:32","date_gmt":"2011-05-09T09:25:32","guid":{"rendered":""},"modified":"2015-03-05T09:52:03","modified_gmt":"2015-03-05T09:52:03","slug":"goryl-g%c3%b3rski","status":"publish","type":"page","link":"https:\/\/www.big-animals.com\/pl\/goryl-g%c3%b3rski\/","title":{"rendered":"Goryl g\u00f3rski"},"content":{"rendered":"<p><span id=\"gts_text_1\" class=\"gts_text\">Goryl g\u00f3rski jest najwi\u0119kszym <a title=\"Primates\" href=\"http:\/\/www.big-animals.com\/primates\/\">naczelnym<\/a> na \u015bwiecie. <\/span><span id=\"gts_text_2\" class=\"gts_text\">Goryl g\u00f3rski p\u0142ci m\u0119skiej mo\u017ce osi\u0105gn\u0105\u0107 do 1,9 metra wzrostu.<\/span><span id=\"gts_text_3\" class=\"gts_text\">Zasi\u0119g jego ramienia wynosi oko\u0142o 2,3 metra i osi\u0105ga on wag\u0119 oko\u0142o 220 kilogram\u00f3w. <\/span><span id=\"gts_text_4\" class=\"gts_text\">Doros\u0142y samiec goryla g\u00f3rskiego jest dwa razy wi\u0119kszy od samicy tego samego gatunku. <\/span><span id=\"gts_text_5\" class=\"gts_text\">Samice goryla g\u00f3rskiego wa\u017c\u0105 oko\u0142o 98 kilogram\u00f3w i osi\u0105gaj\u0105 wzrost oko\u0142o 1,5 metra. <\/span><span id=\"gts_text_6\" class=\"gts_text\">Ich ramiona s\u0105 d\u0142u\u017csze ni\u017c ich nogi.<\/span><\/p>\n<figure id=\"attachment_677\" aria-describedby=\"caption-attachment-677\" style=\"width: 300px\" class=\"wp-caption alignright\"><a href=\"http:\/\/www.big-animals.com\/wp-content\/uploads\/2011\/03\/Mountain_Gorilla.jpg\"><img loading=\"lazy\" decoding=\"async\" class=\"size-medium wp-image-677\" title=\"A Female Mountain Gorilla\" src=\"http:\/\/www.big-animals.com\/wp-content\/uploads\/2011\/03\/Mountain_Gorilla-300x297.jpg\" alt=\"A Female Mountain Gorilla\" width=\"300\" height=\"297\" \/><\/a><figcaption id=\"caption-attachment-677\" class=\"wp-caption-text\">Samica goryla g\u00f3rskiego<\/figcaption><\/figure>\n<h3><span id=\"gts_text_7\" class=\"gts_text\">Populacja goryla g\u00f3rskiego<\/span><\/h3>\n<p><span id=\"gts_text_8\" class=\"gts_text\">Goryl g\u00f3rski jest jednym z 2 podgatunk\u00f3w goryla wschodniego. <\/span><span id=\"gts_text_9\" class=\"gts_text\">Istniej\u0105 2 populacje tego gatunku.<\/span><span id=\"gts_text_10\" class=\"gts_text\">Jedna \u017cyje w g\u00f3rach Wirunga w Afryce \u015arodkowej.<\/span><span id=\"gts_text_11\" class=\"gts_text\">Drug\u0105 mo\u017cna spotka\u0107 w Ugandzie w Parku Narodowym Nieprzenikniony Las Bwindi.<\/span><span id=\"gts_text_12\" class=\"gts_text\">W 2010 by\u0142o oko\u0142o 790 goryli g\u00f3rskich na \u015bwiecie. <\/span><span id=\"gts_text_13\" class=\"gts_text\">Zaliczaj\u0105 si\u0119 one do ssak\u00f3w krytycznie zagro\u017conych.<\/span><\/p>\n<h3><span id=\"gts_text_14\" class=\"gts_text\">Siedliska goryli g\u00f3rskich<\/span><\/h3>\n<p><span id=\"gts_text_15\" class=\"gts_text\">Goryle g\u00f3rskie posiadaj\u0105 futra d\u0142u\u017csze i grubsze ni\u017c inne goryle poniewa\u017c \u017cyj\u0105 na du\u017cych wysoko\u015bciach (2500-4000 m) w lasach mglistych i bambusowych, gdzie \u015brednia temperatura wynosi od 8C do 20C (45-70F).<\/span><\/p>\n<h3><span id=\"gts_text_16\" class=\"gts_text\">Interesuj\u0105ce fakty o gorylach g\u00f3rskich<\/span><\/h3>\n<p><span id=\"gts_text_17\" class=\"gts_text\">Odbicia na nosie ka\u017cdego goryla g\u00f3rskiego s\u0105 unikatowe.<\/span><span id=\"gts_text_18\" class=\"gts_text\">Doros\u0142e samce maj\u0105 bardziej wyraziste wypuk\u0142o\u015bci na g\u00f3rze czaszki i u jej podstawy. <\/span><span id=\"gts_text_19\" class=\"gts_text\">Nadaje to ich g\u0142owie kszta\u0142t sto\u017cka. <\/span><span id=\"gts_text_20\" class=\"gts_text\">Doros\u0142e samice maj\u0105 tak\u017ce te wypuk\u0142o\u015bci, ale nie s\u0105 one tak widoczne. <\/span><span id=\"gts_text_21\" class=\"gts_text\">Maj\u0105 one d\u0142u\u017csze z\u0119by i szcz\u0119ki. <\/span><span id=\"gts_text_22\" class=\"gts_text\">Doros\u0142e samce maj\u0105 pasek srebrnej sier\u015bci na plecach i biodrach. <\/span><span id=\"gts_text_23\" class=\"gts_text\">Dlatego w\u0142a\u015bnie doros\u0142e samce s\u0105 r\u00f3wnie\u017c nazywane <em>Silverbacks<\/em>. <\/span><span id=\"gts_text_24\" class=\"gts_text\">Ich oczy i uszy wygl\u0105daj\u0105 na ma\u0142e w por\u00f3wnaniu do ich du\u017cej g\u0142owy i g\u0142adkiego, b\u0142yszcz\u0105cego czarnego nosa.<\/span><\/p>\n<p><span id=\"gts_text_25\" class=\"gts_text\">Goryl g\u00f3rski \u017cyje g\u0142\u00f3wnie na ziemi. <\/span><span id=\"gts_text_26\" class=\"gts_text\">W pewnych okresach czasu ma tendencj\u0119 do walk przy u\u017cyciu wszystkich 4 ko\u0144czyn. <\/span><span id=\"gts_text_27\" class=\"gts_text\">Goryle wspinaja si\u0119 tylko na te drzewa owocowe, kt\u00f3re mog\u0105 utrzyma\u0107 ich olbrzymi ci\u0119\u017car. <\/span><span id=\"gts_text_28\" class=\"gts_text\">Mog\u0105 one biega\u0107 na 2 ko\u0144czynach tylko na kr\u00f3tkie dystanse.<\/span><\/p>\n<p><span id=\"gts_text_29\" class=\"gts_text\">S\u0105 one aktywne w ci\u0105gu dnia. <\/span><span id=\"gts_text_30\" class=\"gts_text\">Sp\u0119dzaj\u0105 wi\u0119kszo\u015b\u0107 tego czasu na jedzeniu. <\/span><span id=\"gts_text_31\" class=\"gts_text\">Musz\u0105 je\u015b\u0107 bardzo du\u017co, \u017ceby dostarczy\u0107 energi\u0119 do swojego ogromnego cia\u0142a. <\/span><span id=\"gts_text_32\" class=\"gts_text\">Szukaj\u0105 jedzenia wczesnym rankiem i nast\u0119pnie odpoczywaj\u0105 p\u00f3\u017anym rankiem i oko\u0142o po\u0142udnia. <\/span><span id=\"gts_text_33\" class=\"gts_text\">Po po\u0142udniu b\u0119d\u0105 ponownie poszukiwa\u0107 po\u017cywienia przed nocnym odpoczynkiem.<\/span><\/p>\n<p><span id=\"gts_text_34\" class=\"gts_text\">Ka\u017cdy goryl g\u00f3rski buduje gniazdo z li\u015bci i ro\u015blin, kt\u00f3re znajduj\u0105 si\u0119 wok\u00f3\u0142 niego. <\/span><span id=\"gts_text_35\" class=\"gts_text\">Sypiaj\u0105 one w swoich gniazdach. <\/span><span id=\"gts_text_36\" class=\"gts_text\">Matki zazwyczaj dziel\u0105 si\u0119 swoim gniazdem z karmionym potomstwem. <\/span><span id=\"gts_text_37\" class=\"gts_text\">Opuszczaj\u0105 one swoje gniazda gdy s\u0142o\u0144ce wschodzi, oko\u0142o 6 rano, z wyj\u0105tkiem przypadk\u00f3w gdy pogoda jest pochmurna i jest zimno.<\/span><\/p>\n<h3><span id=\"gts_text_38\" class=\"gts_text\">Po\u017cywienie i dieta goryli g\u00f3rskich<\/span><\/h3>\n<p><span id=\"gts_text_39\" class=\"gts_text\">Goryl g\u00f3rski jest g\u0142\u00f3wnie ro\u015blino\u017cerc\u0105. <\/span><span id=\"gts_text_40\" class=\"gts_text\">Podstaw\u0105 ich diety s\u0105 li\u015bcie, p\u0119dy i \u0142odygi. <\/span><span id=\"gts_text_41\" class=\"gts_text\">Opr\u00f3cz tego r\u00f3wnie\u017c zjada kory, korzenie, kwiaty, owoce i ma\u0142e bezkr\u0119gowce. <\/span><span id=\"gts_text_42\" class=\"gts_text\">Doros\u0142e samce mog\u0105 zje\u015b\u0107 do 35 kg ro\u015blin dziennie. <\/span><span id=\"gts_text_43\" class=\"gts_text\">Jednak samice jedz\u0105 tylko oko\u0142o 18 kg ro\u015blin dziennie.<\/span><\/p>\n<h3><span id=\"gts_text_44\" class=\"gts_text\">Potomstwo goryla g\u00f3rskiego<\/span><\/h3>\n<p><span id=\"gts_text_45\" class=\"gts_text\">Nowonarodzony goryl g\u00f3rski wa\u017cy oko\u0142o 1,8 kg i sp\u0119dza kilka pierwszych miesi\u0119cy swojego \u017cycia pod opiek\u0105 matki. <\/span><span id=\"gts_text_46\" class=\"gts_text\">Matka nosi je na plecach. <\/span><span id=\"gts_text_47\" class=\"gts_text\">Na pocz\u0105tku matka b\u0119dzie stale nosi\u0107 niemowl\u0119. <\/span><span id=\"gts_text_48\" class=\"gts_text\">M\u0142ode zaczyna chodzi\u0107 oko\u0142o czwartego lub pi\u0105tego miesi\u0105ca. <\/span><span id=\"gts_text_49\" class=\"gts_text\">Pomi\u0119dzy 4 i 6 miesi\u0105cem zaczyna je\u015b\u0107 rosliny. <\/span><span id=\"gts_text_50\" class=\"gts_text\">Od 8 miesi\u0105ca mo\u017ce je\u015b\u0107 sta\u0142y pokarm.<\/span><span id=\"gts_text_51\" class=\"gts_text\">Matka przestaje karmi\u0107 m\u0142ode mlekiem, gdy ma ono oko\u0142o 3 lat, ale m\u0142ody goryl g\u00f3rski b\u0119dzie nadal trzyma\u0107 si\u0119 w pobli\u017cu matki. <\/span><span id=\"gts_text_52\" class=\"gts_text\">Samice goryla g\u00f3rskiego rodz\u0105 jedno m\u0142ode co 6-8 lat.<\/span><\/p>\n<p><span id=\"gts_text_53\" class=\"gts_text\">Wi\u0119kszo\u015b\u0107 goryli g\u00f3rskich p\u0142ci m\u0119skiej i oko\u0142o 3 na 5 samic opuszcza grup\u0119 swoich rodzic\u00f3w. <\/span><span id=\"gts_text_54\" class=\"gts_text\">Samce odchodz\u0105 oko\u0142o 11 roku \u017cycia. <\/span><span id=\"gts_text_55\" class=\"gts_text\">Proces separacji jest powolny. <\/span><span id=\"gts_text_56\" class=\"gts_text\">Na pocz\u0105tku zaczynaj\u0105 sp\u0119dza\u0107 coraz wi\u0119cej czasu na uboczu grupy, by w ko\u0144cu opu\u015bci\u0107 j\u0105 na dobre.<\/span><\/p>\n<figure id=\"attachment_678\" aria-describedby=\"caption-attachment-678\" style=\"width: 300px\" class=\"wp-caption alignleft\"><a href=\"http:\/\/www.big-animals.com\/wp-content\/uploads\/2011\/03\/Gorilla_and_human.png\"><img loading=\"lazy\" decoding=\"async\" class=\"size-medium wp-image-678\" title=\"Humans might be big, but the Mountain Gorilla is the world's biggest primate\" src=\"http:\/\/www.big-animals.com\/wp-content\/uploads\/2011\/03\/Gorilla_and_human-300x243.png\" alt=\"Humans might be big, but the Mountain Gorilla is the world's biggest primate\" width=\"300\" height=\"243\" \/><\/a><figcaption id=\"caption-attachment-678\" class=\"wp-caption-text\">Ludzie by\u0107 mo\u017ce s\u0105 duzi, ale goryl g\u00f3rski jest najwi\u0119kszym naczelnym na \u015bwiecie\u00a0<\/figcaption><\/figure>\n<p><span id=\"gts_text_57\" class=\"gts_text\">Goryl g\u00f3rski \u017cyje w grupach licz\u0105cych od 6 do 12 osobnik\u00f3w. <\/span><span id=\"gts_text_58\" class=\"gts_text\">Zazwyczaj najstarszy i najwi\u0119kszy silverback p\u0142ci m\u0119skiej b\u0119dzie przewodzi\u0142 rodzinie 3 samic i od 4 lub 5 m\u0142odych. <\/span><span id=\"gts_text_59\" class=\"gts_text\">Przyw\u00f3dca prowadzi grup\u0119 do skupisk po\u017cywienia przez ca\u0142y rok. <\/span><span id=\"gts_text_60\" class=\"gts_text\">B\u0119dzie r\u00f3wnie\u017c rozwi\u0105zywa\u0142 konflikty w obr\u0119bie grupy i chroni\u0142 j\u0105 przed drapie\u017cnikami. <\/span><span id=\"gts_text_61\" class=\"gts_text\">Przyw\u00f3dca stada jest w centrum uwagi podczas czasu odpoczynku i m\u0142ode goryle g\u00f3rskie cz\u0119sto podchodz\u0105 blisko niego i wzywaj\u0105 go do zabawy z nimi. <\/span><span id=\"gts_text_62\" class=\"gts_text\">Je\u015bli matka goryla g\u00f3rskiego umrze lub opu\u015bci grup\u0119, zazwyczaj przyw\u00f3dca stada zajmuje si\u0119 m\u0142odym, nawet mo\u017ce umie\u015bci\u0107 je w swoim gnie\u017adzie. <\/span><span id=\"gts_text_63\" class=\"gts_text\">Do\u015bwiadczeni przyw\u00f3dcy stada s\u0105 w stanie usun\u0105\u0107 druty lub pr\u0119ty k\u0142usownik\u00f3w z r\u0105k i n\u00f3g cz\u0142onk\u00f3w swojej grupy. <\/span><span id=\"gts_text_64\" class=\"gts_text\">Kiedy przyw\u00f3dca umiera w wyniku choroby, wypadku lub zostaje zabity przez k\u0142usownik\u00f3w, grupa mo\u017ce si\u0119 powa\u017cnie podzieli\u0107, je\u015bli nie pozostawi\u0142 on nast\u0119pcy, kt\u00f3ry jest w stanie przej\u0105\u0107 jego rol\u0119.<\/span><\/p>\n<p><span id=\"gts_text_65\" class=\"gts_text\">Goryl g\u00f3rski nawi\u0105zuje i wzmacnia relacje w grupie podczas odpoczynku w po\u0142udnie. <\/span><span id=\"gts_text_66\" class=\"gts_text\">Samice czyszcz\u0105 swoje potomstwo regularnie, upewniaj\u0105c si\u0119, \u017ce w ich w\u0142osach nie ma brudu lub pche\u0142. <\/span><span id=\"gts_text_67\" class=\"gts_text\">M\u0142ode ucz\u0105 si\u0119 komunikowa\u0107 i zachowywa\u0107 si\u0119 w obr\u0119bie grupy poprzez zabaw\u0119. <\/span><span id=\"gts_text_68\" class=\"gts_text\">Przyw\u00f3dca stada i doros\u0142e samice te\u017c mog\u0105 uczestniczy\u0107 w zabawie.<\/span><\/p>\n<h3><span id=\"gts_text_69\" class=\"gts_text\">Wi\u0119cej fakt\u00f3w o gorylach g\u00f3rskich<\/span><\/h3>\n<p><span id=\"gts_text_70\" class=\"gts_text\">Istnieje co najmniej 25 r\u00f3\u017cnych rodzaj\u00f3w d\u017awi\u0119k\u00f3w, kt\u00f3re mog\u0105 wydawa\u0107 goryle g\u00f3rskie. <\/span><span id=\"gts_text_71\" class=\"gts_text\">S\u0105 one wykorzystywane do komunikacji w g\u0119stym lesie. <\/span><span id=\"gts_text_72\" class=\"gts_text\">D\u017awi\u0119ki klasyfikowane jako \u015bpiew i szczekanie s\u0105 u\u017cywane najcz\u0119\u015bciej podczas podr\u00f3\u017cy. <\/span><span id=\"gts_text_73\" class=\"gts_text\">D\u017awi\u0119ki te wskazuj\u0105 lokalizacj\u0119 poszczeg\u00f3lnych cz\u0142onk\u00f3w grupy. <\/span><span id=\"gts_text_74\" class=\"gts_text\">Krzyki i wrzaski jako sygna\u0142 alarmu lub ostrze\u017cenia s\u0105 wykorzystywane przez przyw\u00f3dc\u00f3w stada. <\/span><span id=\"gts_text_75\" class=\"gts_text\">G\u0142\u0119bokie, dudni\u0105ce d\u017awi\u0119ki wskazuj\u0105, \u017ce goryle g\u00f3rskie s\u0105 zadowolone i ten d\u017awi\u0119k cz\u0119sto jest s\u0142yszany podczas karmienia i odpoczynku. <\/span><\/p>\n<p><span id=\"gts_text_76\" class=\"gts_text\">Z jakiego\u015b nieznanego powodu goryle g\u00f3rskie boj\u0105 si\u0119 niekt\u00f3rych zimnokrwistych zwierz\u0105t. <\/span><span id=\"gts_text_77\" class=\"gts_text\">Na przyk\u0142ad m\u0142ode goryle g\u00f3rskie boj\u0105 si\u0119 kameleon\u00f3w i g\u0105sienic. <\/span><span id=\"gts_text_78\" class=\"gts_text\">Boj\u0105 si\u0119 r\u00f3wnie\u017c wody. <\/span><span id=\"gts_text_79\" class=\"gts_text\">B\u0119d\u0105 one przekracza\u0107 strumie\u0144, tylko je\u015bli b\u0119d\u0105 tam znajdowa\u0107 si\u0119 kamienie, po kt\u00f3rych mog\u0105 przej\u015b\u0107, tak aby si\u0119 nie zamoczy\u0107.<\/span><\/p>\n<h3><span id=\"gts_text_80\" class=\"gts_text\">Krytycznie zagro\u017cone goryle g\u00f3rskie<\/span><\/h3>\n<p><span id=\"gts_text_81\" class=\"gts_text\">Goryle g\u00f3rskie s\u0105 zagro\u017cone przez nielegalne polowania, wojny, choroby, wylesianie i nielegalny handel. <\/span><span id=\"gts_text_82\" class=\"gts_text\">Cz\u0119sto s\u0105 zabijane przez sid\u0142a przeznaczone dla innych zwierz\u0105t. S\u0105 zabijane dla swoich g\u0142\u00f3w, r\u0105k i n\u00f3g. <\/span><span id=\"gts_text_83\" class=\"gts_text\">Cz\u0119\u015bci ich cia\u0142a s\u0105 sprzedawane kolekcjonerom.<\/span><span id=\"gts_text_84\" class=\"gts_text\"> M\u0142ode goryle g\u00f3rskie s\u0105 sprzedawane do ogrod\u00f3w zoologicznych, naukowcom i do sklep\u00f3w ze zwierz\u0119tami. <\/span><span id=\"gts_text_85\" class=\"gts_text\">Gdy m\u0142ode goryla g\u00f3rskiego jest odbierane, co najmniej jeden doros\u0142y w grupie zginie, poniewa\u017c b\u0119dzie walczy\u0107 na \u015bmier\u0107, aby powstrzyma\u0107 jego zabranie. <\/span><span id=\"gts_text_86\" class=\"gts_text\">Wszystkie te czynno\u015bci spowodowa\u0142y spadek populacji goryli g\u00f3rskich. <\/span><span id=\"gts_text_87\" class=\"gts_text\">Rozpocz\u0119to dzia\u0142ania maj\u0105ce na celu ocalenie tych powa\u017cnie zagro\u017conych zwierz\u0105t.<\/span><\/p>\n<p>&nbsp;<\/p>\n","protected":false},"excerpt":{"rendered":"<p>Goryl g\u00f3rski jest najwi\u0119kszym naczelnym na \u015bwiecie. Goryl g\u00f3rski p\u0142ci m\u0119skiej mo\u017ce osi\u0105gn\u0105\u0107 do 1,9 metra wzrostu.Zasi\u0119g jego ramienia wynosi oko\u0142o 2,3 metra i osi\u0105ga on wag\u0119 oko\u0142o 220 kilogram\u00f3w. Doros\u0142y samiec goryla g\u00f3rskiego jest dwa razy wi\u0119kszy od samicy tego samego gatunku. Samice goryla g\u00f3rskiego wa\u017c\u0105 oko\u0142o 98 kilogram\u00f3w i osi\u0105gaj\u0105 wzrost oko\u0142o 1,5 &hellip; <a href=\"https:\/\/www.big-animals.com\/pl\/goryl-g%c3%b3rski\/\" class=\"more-link\">Continue reading <span class=\"screen-reader-text\">Goryl g\u00f3rski<\/span><\/a><\/p>\n","protected":false},"author":1,"featured_media":0,"parent":0,"menu_order":0,"comment_status":"closed","ping_status":"open","template":"","meta":{"_acf_changed":false,"footnotes":""},"acf":[],"_links":{"self":[{"href":"https:\/\/www.big-animals.com\/pl\/wp-json\/wp\/v2\/pages\/596"}],"collection":[{"href":"https:\/\/www.big-animals.com\/pl\/wp-json\/wp\/v2\/pages"}],"about":[{"href":"https:\/\/www.big-animals.com\/pl\/wp-json\/wp\/v2\/types\/page"}],"author":[{"embeddable":true,"href":"https:\/\/www.big-animals.com\/pl\/wp-json\/wp\/v2\/users\/1"}],"replies":[{"embeddable":true,"href":"https:\/\/www.big-animals.com\/pl\/wp-json\/wp\/v2\/comments?post=596"}],"version-history":[{"count":6,"href":"https:\/\/www.big-animals.com\/pl\/wp-json\/wp\/v2\/pages\/596\/revisions"}],"predecessor-version":[{"id":905,"href":"https:\/\/www.big-animals.com\/pl\/wp-json\/wp\/v2\/pages\/596\/revisions\/905"}],"wp:attachment":[{"href":"https:\/\/www.big-animals.com\/pl\/wp-json\/wp\/v2\/media?parent=596"}],"curies":[{"name":"wp","href":"https:\/\/api.w.org\/{rel}","templated":true}]}}