{"id":603,"date":"2011-05-09T09:27:37","date_gmt":"2011-05-09T09:27:37","guid":{"rendered":""},"modified":"2013-08-14T22:22:10","modified_gmt":"2013-08-14T22:22:10","slug":"the-giant-moa-the-tallest-bird-there-ever-was","status":"publish","type":"page","link":"https:\/\/www.big-animals.com\/pl\/the-giant-moa-the-tallest-bird-there-ever-was\/","title":{"rendered":"Moa olbrzymi &#8211; najwi\u0119kszy ptak jaki kiedykolwiek \u017cy\u0142 na ziemi!"},"content":{"rendered":"<h3><span class=\"gts_text\" id=\"gts_text_1\">Wymar\u0142y Moa Olbrzymi<\/span><\/h3>\n<p><span class=\"gts_text\" id=\"gts_text_2\">Najwy\u017cszym ptakiem, jaki kiedykolwiek \u017cy\u0142 na ziemi by\u0142 moa olbrzymi, zamieszkuj\u0105cy Now\u0105 Zelandi\u0119. <\/span><span class=\"gts_text\" id=\"gts_text_3\">Niekt\u00f3rzy naukowcy uwa\u017caj\u0105, \u017ce moa by\u0142y podobne do strusia, inni twierdz\u0105, \u017ce nie porusza\u0142y si\u0119 z szyj\u0105 podniesion\u0105 jak strusie. Je\u017celiby jednak porusza\u0142y si\u0119 jak strusie, samica moa mierzy\u0142aby oko\u0142o trzech metr\u00f3w (10 st\u00f3p), samce natomiast by\u0142y od nich nieco mniejsze.<\/span><span class=\"gts_text\" id=\"gts_text_4\"><img loading=\"lazy\" decoding=\"async\" title=\"a typical human next to a typical giant moa\" alt=\"a picture showing the relative sizes of a human and a giant moa\" src=\"http:\/\/ba.dr-mikes-maths.com\/\/wp-content\/themes\/twentyten\/images\/ba\/giant-moa-and-human.png\" width=\"243\" height=\"283\" \/> <span class=\"gts_text\" id=\"gts_text_5\"><\/span>Niestety, nikt nie wie tego na pewno &#8211; ostatni moa olbrzymi zmar\u0142 oko\u0142o 500 lat temu.<\/span><\/p>\n<h3><span class=\"gts_text\" id=\"gts_text_6\">Moa z Nowej Zelandii<\/span><\/h3>\n<p><span class=\"gts_text\" id=\"gts_text_7\">Moa to wsp\u00f3lna nazwa ca\u0142ej grupy ptak\u00f3w, kt\u00f3re zamieszkiwa\u0142y Now\u0105 Zelandi\u0119. Moa olbrzymi by\u0142 ich najwi\u0119kszym przedstawicielem, najmniejszy gatunek za\u015b by\u0142 mniej wi\u0119cej wielko\u015bci indyka. Moa olbrzymi \u017cy\u0142 w lasach. \u00a0<\/span><span class=\"gts_text\" id=\"gts_text_8\">Giant Moa by\u0142 najwi\u0119kszym Moa, by\u0142 najmniejszym o rozmiarze z Turcji. <\/span><span class=\"gts_text\" id=\"gts_text_9\">Giant Moas mieszka\u0142 w lasach. <\/span><span class=\"gts_text\" id=\"gts_text_10\">By\u0142y tak wielkie, \u017ce zanim pojawili si\u0119 ludzie, moa mia\u0142y tylko jednego wroga &#8211; gatunek olbrzymiego or\u0142a o nazwie Haasta. <\/span><span class=\"gts_text\" id=\"gts_text_11\">Niestety, tak du\u017cy ptak by\u0142by dobrym \u0142upem dla my\u015bliwego maj\u0105cego rodzin\u0119 do nakarmienia. Poza tym, pierwsi Nowozelandczycy rozpocz\u0119li wycinanie las\u00f3w, by pozyska\u0107 tereny do osiedlania si\u0119, wi\u0119c moa mia\u0142y coraz mniejsz\u0105 przestrze\u0144 do \u017cycia.<\/span><span class=\"gts_text\" id=\"gts_text_12\"><br \/>\n<\/span><\/p>\n<h3><span class=\"gts_text\" id=\"gts_text_13\">Informacje o moa<\/span><\/h3>\n<p><span class=\"gts_text\" id=\"gts_text_14\">Moa nale\u017ca\u0142y do grupy ptak\u00f3w nazywanych\u00a0<a title=\"Ptak\u00f3w bezgrzebieniowych\" href=\"http:\/\/www.big-animals.com\/pl\/ptak%c3%b3w-bezgrzebieniowych\/\"><span style=\"font-style: italic\">bezgrzebieniowce<\/span><\/a>, \u00a0do kt\u00f3rych nale\u017c\u0105 emu, strusie i kiwi. \u00a0obejmuj\u0105 niemieckich poci\u0105g\u00f3w, strusie i Kiwi. <\/span><span class=\"gts_text\" id=\"gts_text_15\">Ko\u015bci ich klatki piersiowej s\u0105 p\u0142askie i przypominaj\u0105 tratw\u0119 (termin\u00a0<span style=\"font-style: italic\">Ratite [bezgrzebieniowce]<\/span>\u00a0 pochodzi od \u0142aci\u0144skiego s\u0142owa oznaczaj\u0105cego tratw\u0119). Taka budowa sprawia, \u017ce mi\u0119\u015bnie ptak\u00f3w bezgrzebieniowych\u00a0<\/span><span class=\"gts_text\" id=\"gts_text_16\">nie by\u0142yby wystarczaj\u0105co silne, by mog\u0142y one lata\u0107, nawet gdyby posiada\u0142y du\u017ce skrzyd\u0142a, a same by\u0142y niewielkich rozmiar\u00f3w. <\/span><span class=\"gts_text\" id=\"gts_text_17\">W rzeczywisto\u015bci wydaje si\u0119, \u017ce moa olbrzymie w og\u00f3le nie posiada\u0142y skrzyde\u0142!\u00a0<\/span><\/p>\n<p><span class=\"gts_text\" id=\"gts_text_18\">Tak wi\u0119c moa olbrzymi, poniewa\u017c by\u0142 najwy\u017cszym ptakiem jaki kiedykolwiek istnia\u0142, by\u0142 oczywi\u015bcie r\u00f3wnie\u017c najwi\u0119kszym bezgrzebieniowcem i najwi\u0119kszym moa na \u015bwiecie! \u00a0zosta\u0142a r\u00f3wnie\u017c najwy\u017cszych kiedykolwiek bezgrzebieniowych i najwy\u017cszych kiedykolwiek Moa! Najci\u0119\u017cszy ptak w dziejach \u015bwiata (<a title=\"Elephant Bird\" href=\"http:\/\/www.big-animals.com\/elephant-bird-2\/\">Mamutak<\/a>) i najci\u0119\u017cszy ptak \u017cyj\u0105cy w dzisiejszych czasach (<a href=\"\/Ostrich.html\">stru\u015b<\/a>) to r\u00f3wnie\u017c bezgrzebieniowce &#8211; jak\u017ce niesamowita grupa ptak\u00f3w!\u00a0<\/span><\/p>\n<h3><span class=\"gts_text\" id=\"gts_text_19\">Obrazy przedstawiaj\u0105ce moa<\/span><\/h3>\n<p><span class=\"gts_text\" id=\"gts_text_20\">Niestety poniewa\u017c gatunek ten ju\u017c wygin\u0105\u0142, nikt nie wie dok\u0142adnie jak wygl\u0105da\u0142 moa olbrzymi. <\/span><span class=\"gts_text\" id=\"gts_text_21\">Mo\u017cna obejrze\u0107 ich szkielety w niekt\u00f3rych muzeach, a arty\u015bci pr\u00f3bowali tworzy\u0107 przedstawiaj\u0105ce moa rysunki. W\u00a0<\/span><span class=\"gts_text\" id=\"gts_text_22\"><a href=\"http:\/\/images.google.com.au\/images?q=Giant+Moa\" target=\"_blank\">wyszukiwarce obraz\u00f3w Google<\/a>\u00a0zobaczysz wiele przyk\u0142ad\u00f3w!<\/span><\/p>\n","protected":false},"excerpt":{"rendered":"<p>Wymar\u0142y Moa Olbrzymi Najwy\u017cszym ptakiem, jaki kiedykolwiek \u017cy\u0142 na ziemi by\u0142 moa olbrzymi, zamieszkuj\u0105cy Now\u0105 Zelandi\u0119. Niekt\u00f3rzy naukowcy uwa\u017caj\u0105, \u017ce moa by\u0142y podobne do strusia, inni twierdz\u0105, \u017ce nie porusza\u0142y si\u0119 z szyj\u0105 podniesion\u0105 jak strusie. Je\u017celiby jednak porusza\u0142y si\u0119 jak strusie, samica moa mierzy\u0142aby oko\u0142o trzech metr\u00f3w (10 st\u00f3p), samce natomiast by\u0142y od nich &hellip; <a href=\"https:\/\/www.big-animals.com\/pl\/the-giant-moa-the-tallest-bird-there-ever-was\/\" class=\"more-link\">Continue reading <span class=\"screen-reader-text\">Moa olbrzymi &#8211; najwi\u0119kszy ptak jaki kiedykolwiek \u017cy\u0142 na ziemi!<\/span><\/a><\/p>\n","protected":false},"author":1,"featured_media":0,"parent":0,"menu_order":0,"comment_status":"closed","ping_status":"open","template":"","meta":{"_acf_changed":false,"footnotes":""},"acf":[],"_links":{"self":[{"href":"https:\/\/www.big-animals.com\/pl\/wp-json\/wp\/v2\/pages\/603"}],"collection":[{"href":"https:\/\/www.big-animals.com\/pl\/wp-json\/wp\/v2\/pages"}],"about":[{"href":"https:\/\/www.big-animals.com\/pl\/wp-json\/wp\/v2\/types\/page"}],"author":[{"embeddable":true,"href":"https:\/\/www.big-animals.com\/pl\/wp-json\/wp\/v2\/users\/1"}],"replies":[{"embeddable":true,"href":"https:\/\/www.big-animals.com\/pl\/wp-json\/wp\/v2\/comments?post=603"}],"version-history":[{"count":2,"href":"https:\/\/www.big-animals.com\/pl\/wp-json\/wp\/v2\/pages\/603\/revisions"}],"predecessor-version":[{"id":744,"href":"https:\/\/www.big-animals.com\/pl\/wp-json\/wp\/v2\/pages\/603\/revisions\/744"}],"wp:attachment":[{"href":"https:\/\/www.big-animals.com\/pl\/wp-json\/wp\/v2\/media?parent=603"}],"curies":[{"name":"wp","href":"https:\/\/api.w.org\/{rel}","templated":true}]}}