{"id":604,"date":"2011-05-09T09:27:47","date_gmt":"2011-05-09T09:27:47","guid":{"rendered":""},"modified":"2013-07-22T09:46:39","modified_gmt":"2013-07-22T09:46:39","slug":"the-atlas-moth-the-worlds-biggest-moth","status":"publish","type":"page","link":"https:\/\/www.big-animals.com\/pl\/the-atlas-moth-the-worlds-biggest-moth\/","title":{"rendered":"Pawica atlas &#8211; najwi\u0119ksza \u0107ma na \u015bwiecie!"},"content":{"rendered":"<h3><span class=\"gts_text\">Informacje o\u00a0Pawicy Atlas <em>(Attacus Atlas)<\/em><\/span><\/h3>\n<p><span class=\"gts_text\" id=\"gts_text_2\">To najwi\u0119ksza \u0107ma jak\u0105 mo\u017cna spotka\u0107 w tropikalnych i subtropikalnych lasach Azji Po\u0142udniowej, po\u0142udniowych Chin oraz<\/span>\u00a0powszechnie w Archipelagu Malajskim, w Tajlandii, Singapurze i Indonezji.<\/p>\n<p><span class=\"gts_text\"> <img loading=\"lazy\" decoding=\"async\" title=\"Atlas moth - the largest moth in the world, and the insect with the biggest wings\" alt=\"Atlas moth - the largest moth in the world, and the insect with the biggest wings\" src=\"http:\/\/ba.dr-mikes-maths.com\/\/wp-content\/themes\/twentyten\/images\/ba\/atlas-moth.jpg\" width=\"355\" height=\"177\" \/><\/span><\/p>\n<p><span class=\"gts_text\"><span class=\"gts_text\" id=\"gts_text_3\"><strong>Pawica Atlas posiada skrzyd\u0142a wi\u0119ksze ni\u017c jakikolwiek \u00a0inny\u00a0<a title=\"Owady najwi\u0119kszy na \u015bwiecie!\" href=\"http:\/\/www.big-animals.com\/pl\/%c5%9bwiat%c3%b3w-najwi%c4%99kszy-owady\/\">owad<\/a>!<\/strong><\/span><\/span><\/p>\n<p><span class=\"gts_text\" id=\"gts_text_4\"><\/span><span class=\"gts_text\" id=\"gts_text_5\">Ich skrzyd\u0142a maj\u0105 najwi\u0119ksz\u0105 powierzchni\u0119 spo\u015br\u00f3d wszystkich\u00a0<a title=\"Owady najwi\u0119kszy na \u015bwiecie!\" href=\"http:\/\/www.big-animals.com\/pl\/%c5%9bwiat%c3%b3w-najwi%c4%99kszy-owady\/\">owad\u00f3w<\/a>\u00a0&#8211; oko\u0142o 400 cm kwadratowych (62 cali kwadratowych)! <\/span><span class=\"gts_text\" id=\"gts_text_6\">W Indiach \u0107my Atlas s\u0105 hodowane dla \u00a0jedwabiu pozyskiwanego z ich kokon\u00f3w &#8211; produkuj\u0105 one br\u0105zowy jedwab, kt\u00f3ry nieco przypomina we\u0142n\u0119. W Tajwanie i<\/span><span class=\"gts_text\" id=\"gts_text_7\">ch kokon\u00f3w u\u017cywa si\u0119 jako portmonetek!\u00a0Ten gatunek nazywany jest \u0107m\u0105 Atlas, poniewa\u017c wz\u00f3r na jego du\u017cych skrzyd\u0142ach przypomina map\u0119.<\/span><\/p>\n<p><span class=\"gts_text\" id=\"gts_text_8\">Samice ciem Atlas s\u0105 wi\u0119ksze i ci\u0119\u017csze ni\u017c samce. <\/span><span class=\"gts_text\" id=\"gts_text_9\">Ko\u0144c\u00f3wki ich skrzyde\u0142 s\u0105 zakrzywione i niekt\u00f3rzy uwa\u017caj\u0105, \u017ce wygl\u0105daj\u0105 jak g\u0142owa w\u0119\u017ca i maj\u0105 na celu odstraszanie drapie\u017cnik\u00f3w. W por\u00f3wnaniu z wielkimi skrzyd\u0142ami, ich cia\u0142a s\u0105 ma\u0142e i pokryte w\u0142oskami. \u0106my te r<\/span><span class=\"gts_text\" id=\"gts_text_10\"><\/span><span class=\"gts_text\" id=\"gts_text_11\">\u00f3\u017cni\u0105 si\u0119 kolorem, wyst\u0119puj\u0105 w wielu odcieniach br\u0105zu. <\/span><span class=\"gts_text\" id=\"gts_text_12\">Samice \u0107my Atlas sk\u0142adaj\u0105 jaja. <\/span><span class=\"gts_text\" id=\"gts_text_13\">Z jaj tych po 2 tygodniach wyl\u0119gn\u0105 si\u0119 \u00a0jasnozielone g\u0105sienice. <\/span><span class=\"gts_text\" id=\"gts_text_14\">\u017bywi\u0105 si\u0119 li\u015b\u0107mi drzew cytrusowych i innych wiecznie zielonych ro\u015blin. <\/span><span class=\"gts_text\" id=\"gts_text_15\">Po miesi\u0105cu przekszta\u0142c\u0105 si\u0119 w doros\u0142e \u0107my.<\/span><\/p>\n","protected":false},"excerpt":{"rendered":"<p>Informacje o\u00a0Pawicy Atlas (Attacus Atlas) To najwi\u0119ksza \u0107ma jak\u0105 mo\u017cna spotka\u0107 w tropikalnych i subtropikalnych lasach Azji Po\u0142udniowej, po\u0142udniowych Chin oraz\u00a0powszechnie w Archipelagu Malajskim, w Tajlandii, Singapurze i Indonezji. Pawica Atlas posiada skrzyd\u0142a wi\u0119ksze ni\u017c jakikolwiek \u00a0inny\u00a0owad! Ich skrzyd\u0142a maj\u0105 najwi\u0119ksz\u0105 powierzchni\u0119 spo\u015br\u00f3d wszystkich\u00a0owad\u00f3w\u00a0&#8211; oko\u0142o 400 cm kwadratowych (62 cali kwadratowych)! W Indiach \u0107my Atlas &hellip; <a href=\"https:\/\/www.big-animals.com\/pl\/the-atlas-moth-the-worlds-biggest-moth\/\" class=\"more-link\">Continue reading <span class=\"screen-reader-text\">Pawica atlas &#8211; najwi\u0119ksza \u0107ma na \u015bwiecie!<\/span><\/a><\/p>\n","protected":false},"author":1,"featured_media":0,"parent":0,"menu_order":0,"comment_status":"closed","ping_status":"open","template":"","meta":{"_acf_changed":false,"footnotes":""},"acf":[],"_links":{"self":[{"href":"https:\/\/www.big-animals.com\/pl\/wp-json\/wp\/v2\/pages\/604"}],"collection":[{"href":"https:\/\/www.big-animals.com\/pl\/wp-json\/wp\/v2\/pages"}],"about":[{"href":"https:\/\/www.big-animals.com\/pl\/wp-json\/wp\/v2\/types\/page"}],"author":[{"embeddable":true,"href":"https:\/\/www.big-animals.com\/pl\/wp-json\/wp\/v2\/users\/1"}],"replies":[{"embeddable":true,"href":"https:\/\/www.big-animals.com\/pl\/wp-json\/wp\/v2\/comments?post=604"}],"version-history":[{"count":2,"href":"https:\/\/www.big-animals.com\/pl\/wp-json\/wp\/v2\/pages\/604\/revisions"}],"predecessor-version":[{"id":712,"href":"https:\/\/www.big-animals.com\/pl\/wp-json\/wp\/v2\/pages\/604\/revisions\/712"}],"wp:attachment":[{"href":"https:\/\/www.big-animals.com\/pl\/wp-json\/wp\/v2\/media?parent=604"}],"curies":[{"name":"wp","href":"https:\/\/api.w.org\/{rel}","templated":true}]}}