{"id":606,"date":"2011-05-09T09:29:54","date_gmt":"2011-05-09T09:29:54","guid":{"rendered":""},"modified":"2013-07-20T16:52:06","modified_gmt":"2013-07-20T16:52:06","slug":"gryzonie","status":"publish","type":"page","link":"https:\/\/www.big-animals.com\/pl\/gryzonie\/","title":{"rendered":"Gryzonie"},"content":{"rendered":"<p><span class=\"gts_text\" id=\"gts_text_1\">Gryzonie s\u0105 <a title=\"The World\u2019s Biggest Mammals!\" href=\"http:\/\/www.big-animals.com\/the-worlds-biggest-mammals\/\">ssakami<\/a> posiadaj\u0105cymi stale rosn\u0105ce siekacze po dwa w g\u00f3rnej i dolnej szcz\u0119ce.<\/span><span class=\"gts_text\" id=\"gts_text_2\">Gryzonie musz\u0105 je \u015bciera\u0107 poprzez bezustanne gryzienie r\u00f3\u017cnych rzeczy.<\/span><span class=\"gts_text\" id=\"gts_text_3\">Z\u0119by przydaj\u0105 si\u0119 przy gryzieniu poniewa\u017c s\u0105 ostro \u015bci\u0119te.<\/span><span class=\"gts_text\" id=\"gts_text_4\">Gryzonie u\u017cywaj\u0105 ich do gryzienia drewna, rozdrabniania pokarmu i k\u0105sania atakuj\u0105cych je drapie\u017cnik\u00f3w.<\/span><span class=\"gts_text\" id=\"gts_text_5\">Z\u0119by posiadaj\u0105 szkliwo na cz\u0119\u015bci zewn\u0119trznej oraz nieos\u0142oni\u0119t\u0105 z\u0119bin\u0119 wewn\u0105trz.<\/span><span class=\"gts_text\" id=\"gts_text_6\">Ich z\u0119by s\u0105 wyj\u0105tkowe poniewa\u017c ostrz\u0105 si\u0119 samoczynnie w trakcie u\u017cywania.<\/span><span class=\"gts_text\" id=\"gts_text_7\">Gryzonie nie maj\u0105 k\u0142\u00f3w jak psy czy koty.<\/span><\/p>\n<p><span class=\"gts_text\" id=\"gts_text_8\">Gryzonie stanowi\u0105 jedn\u0105 czwart\u0105 gatunk\u00f3w ssak\u00f3w.<\/span><span class=\"gts_text\" id=\"gts_text_9\">Na \u015bwiecie \u017cyje oko\u0142o 2277 gatunk\u00f3w gryzoni.<\/span><span class=\"gts_text\" id=\"gts_text_10\">Wyst\u0119puj\u0105 w du\u017cych ilo\u015bciach na wszystkich kontynentach opr\u00f3cz Antarktydy.<\/span><span class=\"gts_text\" id=\"gts_text_11\">Mo\u017cna je spotka\u0107 we wszystkich \u015brodowiskach za wyj\u0105tkiem ocean\u00f3w.<\/span><span class=\"gts_text\" id=\"gts_text_12\">Najbardziej pospolitymi gryzoniami s\u0105 myszy i szczury.<\/span><span class=\"gts_text\" id=\"gts_text_13\">Opr\u00f3cz tego do gryzoni zaliczamy wiewi\u00f3rki, je\u017cozwierze, bobry, pr\u0119gowce ameryka\u0144skie, \u015bwinki morskie i norniki.<\/span><\/p>\n<figure id=\"attachment_712\" aria-describedby=\"caption-attachment-712\" style=\"width: 300px\" class=\"wp-caption alignleft\"><a href=\"http:\/\/www.big-animals.com\/wp-content\/uploads\/2011\/03\/Rat_in_the_snow.jpg\"><img loading=\"lazy\" decoding=\"async\" class=\"size-medium wp-image-712\" title=\"The rat is a typical rodent - photograph by John Fielding\" alt=\"The rat is a typical rodent - photograph by John Fielding\" src=\"http:\/\/www.big-animals.com\/wp-content\/uploads\/2011\/03\/Rat_in_the_snow-300x268.jpg\" width=\"300\" height=\"268\" \/><\/a><figcaption id=\"caption-attachment-712\" class=\"wp-caption-text\">Szczur jesy typowym gryzoniem &#8211; zdjecie Johna Fieldinga<\/figcaption><\/figure>\n<p><span class=\"gts_text\" id=\"gts_text_14\">Wi\u0119kszo\u015b\u0107 gryzoni \u017cywi si\u0119 nasionami i ro\u015blinami.<\/span><span class=\"gts_text\" id=\"gts_text_15\">Istniej\u0105 r\u00f3wnie\u017c takie, kt\u00f3re zjadaj\u0105 ryby i owady.<\/span><span class=\"gts_text\" id=\"gts_text_16\">Pewne wiewi\u00f3rki zjadaj\u0105 nawet ptaki takie jak kardyna\u0142y czy modros\u00f3jki b\u0142\u0119kitne.<\/span><span class=\"gts_text\" id=\"gts_text_17\">Niekt\u00f3re gryzonie s\u0105 szkodnikami poniewa\u017c zjadaj\u0105 ziarno, kt\u00f3re my zbieramy aby mie\u0107 po\u017cywienie i roznosz\u0105 choroby.<\/span><span class=\"gts_text\" id=\"gts_text_18\">Gryzonie to jedyne nielotne, nie wodne ssaki \u0142o\u017cyskowe, kt\u00f3re dotar\u0142y do Australii bez ingerencji cz\u0142owieka.<\/span><span class=\"gts_text\" id=\"gts_text_19\">Oko\u0142o 25 % gatunk\u00f3w ssak\u00f3w w Australii stanowi\u0105 gryzonie.<\/span><\/p>\n<p><span class=\"gts_text\" id=\"gts_text_20\">Gryzonie w wi\u0119kszo\u015bci s\u0105 ma\u0142e.<\/span><span class=\"gts_text\" id=\"gts_text_21\">Afryka\u0144ska mysz kar\u0142owata mierzy tylko 6 centymetr\u00f3w (2,4 cala) d\u0142ugo\u015bci i wa\u017cy tylko 7 gram (0,3 uncji ) kiedy osi\u0105ga wiek dojrza\u0142y!<\/span><span class=\"gts_text\" id=\"gts_text_22\">Z kolei <a title=\"Capybara\" href=\"http:\/\/www.big-animals.com\/capybara\/\">kapibara<\/a> jest naprawd\u0119 ci\u0119\u017cka.<\/span><span class=\"gts_text\" id=\"gts_text_23\">Wa\u017cy ona 80 kilogram\u00f3w (175 funt\u00f3w).<\/span><span class=\"gts_text\" id=\"gts_text_24\">Najwi\u0119kszym gryzoniem wszechczas\u00f3w by\u0142a <a title=\"Josephoartigasia Monesi\" href=\"http:\/\/www.big-animals.com\/josephoartigasia-monesi\/\"><em>Josephoartigasia Monesi<\/em><\/a> wa\u017c\u0105ca od 1 do 2,5 ton!<\/span><\/p>\n<p><span class=\"gts_text\" id=\"gts_text_25\">Gryzonie pe\u0142ni\u0105 wa\u017cn\u0105 rol\u0119 w wielu ekosystemach poniewa\u017c s\u0105 ma\u0142e i szybko si\u0119 rozmna\u017caj\u0105.<\/span><span class=\"gts_text\" id=\"gts_text_26\">Dlatego te\u017c s\u0105 wa\u017cnym \u017ar\u00f3d\u0142em pokarmu dla wielu drapie\u017cnik\u00f3w.<\/span><span class=\"gts_text\" id=\"gts_text_27\">Pomagaj\u0105 r\u00f3wnie\u017c w rozsiewaniu nasion, kt\u00f3rymi si\u0119 \u017cywi\u0105.<\/span><span class=\"gts_text\" id=\"gts_text_28\">Ludzie poluj\u0105 na nie dla futra i w celu pozbycia si\u0119 szkodnik\u00f3w.<\/span><span class=\"gts_text\" id=\"gts_text_29\">S\u0142u\u017c\u0105 r\u00f3wnie\u017c jako zwierz\u0119ta domowe, do bada\u0144 naukowych, testowania na zwierz\u0119tach, jako pokarm a nawet do wykrywania min!<\/span><\/p>\n","protected":false},"excerpt":{"rendered":"<p>Gryzonie s\u0105 ssakami posiadaj\u0105cymi stale rosn\u0105ce siekacze po dwa w g\u00f3rnej i dolnej szcz\u0119ce.Gryzonie musz\u0105 je \u015bciera\u0107 poprzez bezustanne gryzienie r\u00f3\u017cnych rzeczy.Z\u0119by przydaj\u0105 si\u0119 przy gryzieniu poniewa\u017c s\u0105 ostro \u015bci\u0119te.Gryzonie u\u017cywaj\u0105 ich do gryzienia drewna, rozdrabniania pokarmu i k\u0105sania atakuj\u0105cych je drapie\u017cnik\u00f3w.Z\u0119by posiadaj\u0105 szkliwo na cz\u0119\u015bci zewn\u0119trznej oraz nieos\u0142oni\u0119t\u0105 z\u0119bin\u0119 wewn\u0105trz.Ich z\u0119by s\u0105 wyj\u0105tkowe poniewa\u017c &hellip; <a href=\"https:\/\/www.big-animals.com\/pl\/gryzonie\/\" class=\"more-link\">Continue reading <span class=\"screen-reader-text\">Gryzonie<\/span><\/a><\/p>\n","protected":false},"author":1,"featured_media":0,"parent":0,"menu_order":0,"comment_status":"closed","ping_status":"open","template":"","meta":{"_acf_changed":false,"footnotes":""},"acf":[],"_links":{"self":[{"href":"https:\/\/www.big-animals.com\/pl\/wp-json\/wp\/v2\/pages\/606"}],"collection":[{"href":"https:\/\/www.big-animals.com\/pl\/wp-json\/wp\/v2\/pages"}],"about":[{"href":"https:\/\/www.big-animals.com\/pl\/wp-json\/wp\/v2\/types\/page"}],"author":[{"embeddable":true,"href":"https:\/\/www.big-animals.com\/pl\/wp-json\/wp\/v2\/users\/1"}],"replies":[{"embeddable":true,"href":"https:\/\/www.big-animals.com\/pl\/wp-json\/wp\/v2\/comments?post=606"}],"version-history":[{"count":3,"href":"https:\/\/www.big-animals.com\/pl\/wp-json\/wp\/v2\/pages\/606\/revisions"}],"predecessor-version":[{"id":697,"href":"https:\/\/www.big-animals.com\/pl\/wp-json\/wp\/v2\/pages\/606\/revisions\/697"}],"wp:attachment":[{"href":"https:\/\/www.big-animals.com\/pl\/wp-json\/wp\/v2\/media?parent=606"}],"curies":[{"name":"wp","href":"https:\/\/api.w.org\/{rel}","templated":true}]}}