{"id":609,"date":"2011-05-09T09:30:40","date_gmt":"2011-05-09T09:30:40","guid":{"rendered":""},"modified":"2011-05-09T09:30:40","modified_gmt":"2011-05-09T09:30:40","slug":"the-worlds-najwi%c4%99kszy-zwierz%c4%85t","status":"publish","type":"page","link":"https:\/\/www.big-animals.com\/pl\/the-worlds-najwi%c4%99kszy-zwierz%c4%85t\/","title":{"rendered":"Zwierz\u0119ta najwi\u0119kszy na \u015bwiecie!"},"content":{"rendered":"<p><span id=\"gts_text_1\" class=\"gts_text\"><strong>Co to jest zwierz\u0119?<\/strong><\/span><\/p>\n<p><span id=\"gts_text_2\" class=\"gts_text\">Zwierz\u0119ta s\u0105 \u017cywy. <\/span><span id=\"gts_text_3\" class=\"gts_text\">Rzeczy, kt\u00f3re odr\u00f3\u017cniaj\u0105 zwierz\u0119cia z innymi \u017cycia (takich jak ro\u015bliny, grzyby i tak dalej) s\u0105 nast\u0119puj\u0105ce:<\/span><\/p>\n<ul>\n<li> <span id=\"gts_text_4\" class=\"gts_text\">W przeciwie\u0144stwie do bakterii cia\u0142a zwierz\u0119cia jest zwykle wykonywana wielu kom\u00f3rkach.<\/span><\/li>\n<li> <span id=\"gts_text_5\" class=\"gts_text\">W przeciwie\u0144stwie do ro\u015blin zwierz\u0105t nie mo\u017cna wygenerowa\u0107 jego w\u0142asnego \u017cywno\u015bci\u0105 &#8211; musi je\u015b\u0107 przetrwa\u0107. <\/span><span id=\"gts_text_6\" class=\"gts_text\">To jest zwi\u0105zana z faktem, \u017ce wi\u0119kszo\u015b\u0107 zwierz\u0105t wdycha\u0107 tlenu. <\/span><span id=\"gts_text_7\" class=\"gts_text\">(Zak\u0142ady wdycha\u0107 dwutlenku w\u0119gla).<\/span><\/li>\n<li> <span id=\"gts_text_8\" class=\"gts_text\">W przeciwie\u0144stwie do ro\u015blin i grzyb\u00f3w zwierz\u0119ce kom\u00f3rki maj\u0105 elastyczne membranowy, zamiast sta\u0142ych \u015bciany.<\/span><\/li>\n<\/ul>\n<p><span id=\"gts_text_9\" class=\"gts_text\">Dodatkowo zwierz\u0119ta mo\u017cna zazwyczaj porusza\u0107 si\u0119 i odpowiedzie\u0107 na \u015brodowisko. <\/span><span id=\"gts_text_10\" class=\"gts_text\">Zwierz\u0119 najwi\u0119kszy na \u015bwiecie jest <a href=\"\/Blue-Whale.html\">p\u0142etwal b\u0142\u0119kitny<\/a>.<\/span><\/p>\n<p><span id=\"gts_text_11\" class=\"gts_text\"><strong>Jakiego rodzaju zwierz\u0105t s\u0105 tam?<\/strong><\/span><\/p>\n<p><span id=\"gts_text_12\" class=\"gts_text\">Kr\u00f3lestwo zwierz\u0105t jest podzielone na kilka grup, o nazwie <em><strong>phyla<\/strong><\/em>. <\/span><span id=\"gts_text_13\" class=\"gts_text\">Obejmuj\u0105 one:<\/span><\/p>\n<ul>\n<li> <span id=\"gts_text_14\" class=\"gts_text\">Kolcog\u0142owy, co oznacza &#8220;Moloch g\u0142owy&#8221;, zawiera 850 gatunk\u00f3w &#8220;robak\u00f3w Moloch zatytu\u0142owanej&#8221;. <\/span><span id=\"gts_text_15\" class=\"gts_text\">Tych paso\u017cyt\u00f3w maj\u0105 kolczasta ustnik z kt\u00f3rym posiada\u0107 na brzusznej ich ofiary.<\/span><\/li>\n<li> <span id=\"gts_text_16\" class=\"gts_text\">Wirki bezjelitowe, co oznacza &#8220;bez jelit&#8221;, maj\u0105 nie \u017co\u0142\u0105dka. <\/span><span id=\"gts_text_17\" class=\"gts_text\">Zamiast tego te tiny stworze\u0144 stanowi\u0107 powierzchni\u0119 galaretki podobne w kt\u00f3rym poch\u0142aniana jest ich \u017cywno\u015bci.<\/span><\/li>\n<li> <span id=\"gts_text_18\" class=\"gts_text\">To, co oznacza &#8220;Little ring&#8221;, zawieraj\u0105 15000 gatunk\u00f3w segmenty robak\u00f3w, w\u0142\u0105czaj\u0105c wsp\u00f3lne d\u017cd\u017cownic. <\/span><span id=\"gts_text_19\" class=\"gts_text\">Je\u015bli spojrzysz na te robaki jest jakby ich organ sk\u0142ada si\u0119 z ca\u0142ych ki\u015bci pier\u015bcieni cykliczne.<\/span><\/li>\n<li> <span id=\"gts_text_20\" class=\"gts_text\"><a href=\"\/Arthropods.html\">Arthropoda<\/a> oznacza &#8220;Spoinowanie pryszczycy&#8221;. <\/span><span id=\"gts_text_21\" class=\"gts_text\">Najwi\u0119ksze typ jest zdecydowanie, z ponad milion gatunk\u00f3w. <\/span><span id=\"gts_text_22\" class=\"gts_text\">Obejmuj\u0105 one owad\u00f3w, paj\u0105k\u00f3w, kraby &#8211; i wiele innych zwierz\u0105t z twardego &#8220;wczesne&#8221;.<\/span><\/li>\n<li> <span id=\"gts_text_23\" class=\"gts_text\">Brachiopoda, co oznacza &#8220;rami\u0119 pryszczycy&#8221;, jest typ ma\u0142ych zwierz\u0105t morskich. <\/span><span id=\"gts_text_24\" class=\"gts_text\">\u017byj\u0105 w pow\u0142oki, podobnie jak ma\u0142\u017cy i innych ma\u0142\u017ce, lecz wewn\u0119trznie s\u0105 one bardzo r\u00f3\u017cnych od ma\u0142\u017ce. <\/span><span id=\"gts_text_25\" class=\"gts_text\">Oni zazwyczaj maj\u0105 ki\u015b\u0107 tentacles wok\u00f3\u0142 ich uj\u015bciami i przy\u0142\u0105czaj\u0105 si\u0119 do ska\u0142.<\/span><\/li>\n<li> <span id=\"gts_text_26\" class=\"gts_text\">Mszywio\u0142y oznacza &#8220;Moss zwierz\u0105t&#8221;. <\/span><span id=\"gts_text_27\" class=\"gts_text\">Tych stworze\u0144 s\u0105 zwykle bardzo ma\u0142e i \u017cywe w Kolonii, tworz\u0105cych maty lub skaliste mas. <\/span><span id=\"gts_text_28\" class=\"gts_text\">Istniej\u0105 oko\u0142o 5000 gatunk\u00f3w bryozoans.<\/span><\/li>\n<li> <span id=\"gts_text_29\" class=\"gts_text\">Szczecioszcz\u0119kie (znaczenie &#8220;Longhair szcz\u0119ki&#8221;) zawiera 100 lub tak gatunk\u00f3w strza\u0142k\u0119 robak\u00f3w.  <\/span><span id=\"gts_text_30\" class=\"gts_text\">Chocia\u017c istnieje kilka rodzaj\u00f3w tych tiny planktonu, populacji niekt\u00f3rych gatunk\u00f3w jest ogromne!<\/span><\/li>\n<li> <span id=\"gts_text_31\" class=\"gts_text\"><a href=\"\/Chordates.html\">Chordata<\/a> oznacza &#8220;Przew\u00f3d&#8221;. <\/span><span id=\"gts_text_32\" class=\"gts_text\">Zwierz\u0119ta w ten typ mie\u0107 wydr\u0105\u017cony szkieletem (lub podobny) zawieraj\u0105ce wa\u017cne nerw\u00f3w. <\/span><span id=\"gts_text_33\" class=\"gts_text\">Tak, podobnie jak nas! <\/span><span id=\"gts_text_34\" class=\"gts_text\">A wszystkie zwierz\u0119ta jeste\u015bmy najbardziej znanych z &#8211; kot\u00f3w, ps\u00f3w, ptaki, ryb, \u017cab, \u017c\u00f3\u0142wie i tak dalej &#8211; \u0142\u0105cznie z <a href=\"\/Blue-Whale.html\">najwi\u0119kszych \u015bwiatowych<\/a>. <\/span><span id=\"gts_text_35\" class=\"gts_text\">Istniej\u0105 oko\u0142o 63000 gatunk\u00f3w z Chordata.<\/span><\/li>\n<li> <span id=\"gts_text_36\" class=\"gts_text\">Parzyde\u0142kowce oznacza &#8220;Pokrzywa zwyczajna&#8221;. <\/span><span id=\"gts_text_37\" class=\"gts_text\">Jest to bardzo w\u0142a\u015bciwe nazw\u0119 niniejszej typ, kt\u00f3ry obejmuje gatunki 10000 jellyfish, Morza anenomes, osy morza i r\u00f3\u017cnych innych mi\u0119kkich stworze\u0144 morskich z stinging tentacles.<\/span><\/li>\n<li> <span id=\"gts_text_38\" class=\"gts_text\">Ctenophora, co oznacza &#8220;Grzebie\u0144 okaziciela&#8221;, zawiera tylko oko\u0142o 100 gatunk\u00f3w zwierz\u0105t. <\/span><span id=\"gts_text_39\" class=\"gts_text\">Cz\u0119sto mylony z jellyfish, &#8220;galaretek grzebie\u0144&#8221; s\u0105 faktycznie inny typ ca\u0142kowicie.<\/span><\/li>\n<li> <span id=\"gts_text_40\" class=\"gts_text\">Cycliophora oznacza &#8220;Ko\u0142a przewo\u017c\u0105cych&#8221;. <\/span><span id=\"gts_text_41\" class=\"gts_text\">Ten typ ma tylko 3 znanych gatunk\u00f3w zwierz\u0105t bardzo rzadko zdarza si\u0119, kt\u00f3re podzielaj\u0105 symbiotyczne relacje z niekt\u00f3rych gatunk\u00f3w homarca.<\/span><\/li>\n<li> <span id=\"gts_text_42\" class=\"gts_text\"><a href=\"\/Echinoderms.html\">ECHINODERMATA<\/a> oznacza &#8220;Kolczasta sk\u00f3ry&#8221;. <\/span><span id=\"gts_text_43\" class=\"gts_text\">Obejmuj\u0105 one oko\u0142o 7000 gatunk\u00f3w \u017cywych rozgwiazdy, urchins, og\u00f3rki morza i podobne stworze\u0144. <\/span><span id=\"gts_text_44\" class=\"gts_text\">Wszystkie maj\u0105 mniej lub bardziej oczywisty, tego samego rodzaju symetrii rozgwiazda.<\/span><\/li>\n<li> <span id=\"gts_text_45\" class=\"gts_text\">Szczetnice oznacza &#8220;Grzbietu ogona&#8221;. <\/span><span id=\"gts_text_46\" class=\"gts_text\">Te robaki (140 r\u00f3\u017cnych typ\u00f3w) nie s\u0105 surowej jak Wieloszczety, ale maj\u0105 ko\u0142kami na ich ogony. <\/span><span id=\"gts_text_47\" class=\"gts_text\">Wi\u0119kszo\u015b\u0107 na \u017cywo w wodzie.<\/span><\/li>\n<li> <span id=\"gts_text_48\" class=\"gts_text\">Kielichowate maj\u0105 obszarach uj\u015b\u0107 rzek, kt\u00f3re wygl\u0105daj\u0105 podobnie do Brachiopods i Bryozoans. <\/span><span id=\"gts_text_49\" class=\"gts_text\">Jednak\u017ce one r\u00f3wnie\u017c wydalenia ich odpad\u00f3w w pobli\u017cu ich uj\u015bciami. <\/span><span id=\"gts_text_50\" class=\"gts_text\">Yuk!<\/span><\/li>\n<li> <span id=\"gts_text_51\" class=\"gts_text\">Gastrotricha oznacza &#8220;Kret \u017co\u0142\u0105dka&#8221;. <\/span><span id=\"gts_text_52\" class=\"gts_text\">Te mikroskopowe stworze\u0144 (oko\u0142o 450 r\u00f3\u017cnych gatunk\u00f3w) na \u017cywo w bardzo kr\u00f3tkim czasie (oko\u0142o 3 dni).<\/span><\/li>\n<li> <span id=\"gts_text_53\" class=\"gts_text\">Gnathostomulida s\u0105 inny typ ma\u0142ych zwierz\u0105t mikroskopu. <\/span><span id=\"gts_text_54\" class=\"gts_text\">Gnathostumulida s\u0105 tak\u017ce znane jako &#8220;Szcz\u0119ki robaki&#8221;.<\/span><\/li>\n<li> <span id=\"gts_text_55\" class=\"gts_text\">P\u00f3\u0142strunowce oznacza &#8220;P\u00f3\u0142 przew\u00f3d&#8221;. <\/span><span id=\"gts_text_56\" class=\"gts_text\">S\u0105 to typy 70 lub tak &#8216;Jelitodyszne&#8217; i niekt\u00f3rych innych podobnych stworze\u0144. <\/span><span id=\"gts_text_57\" class=\"gts_text\">Ich cech\u0105 wyr\u00f3\u017cniaj\u0105c\u0105 jest, \u017ce cz\u0119\u015b\u0107 ich jamy ustnej sztyfty z ich organ jak ko\u0142nierzyk du\u017cy.<\/span><\/li>\n<li> <span id=\"gts_text_58\" class=\"gts_text\">Ryjkog\u0142owy oznacza &#8220;Pyska ruchu&#8221;. <\/span><span id=\"gts_text_59\" class=\"gts_text\">S\u0105 one awatarem o nazwie &#8220;smoki Mud&#8221;. <\/span><span id=\"gts_text_60\" class=\"gts_text\">S\u0105 one bardzo ma\u0142e stworzenia, z podzielonych kolczasta organ\u00f3w i p\u0119czek ramion wok\u00f3\u0142 ich g\u0142owy, u\u017cywany do \u015bci\u0105gania same poprzez b\u0142ocie. <\/span><span id=\"gts_text_61\" class=\"gts_text\">Istniej\u0105 oko\u0142o 150 gatunk\u00f3w znane.<\/span><\/li>\n<li> <span id=\"gts_text_62\" class=\"gts_text\">Kolczugowce oznacza &#8220;Gorset okaziciela&#8221;. <\/span><span id=\"gts_text_63\" class=\"gts_text\">Istniej\u0105 tylko oko\u0142o 20 gatunk\u00f3w tych zwierz\u0105t tiny. <\/span><span id=\"gts_text_64\" class=\"gts_text\">\u017byj\u0105 w b\u0142ocie morza, i Przenie\u015b wok\u00f3\u0142 przy u\u017cyciu skaluje tego wygl\u0105daj\u0105 parasole.<\/span><\/li>\n<li> <span id=\"gts_text_65\" class=\"gts_text\">Micrognathozoa oznacza &#8220;Tiny szcz\u0119ki zwierz\u0105t&#8221;. <\/span><span id=\"gts_text_66\" class=\"gts_text\">W 2000 tylko znanych gatunk\u00f3w micrognathozoa zosta\u0142a odkryta. <\/span><span id=\"gts_text_67\" class=\"gts_text\">By\u0142 tak r\u00f3\u017cne od innych zwierz\u0105t, zosta\u0142o wydane jej w\u0142asnych typ. <\/span><span id=\"gts_text_68\" class=\"gts_text\">It&#8217;s szcz\u0119ki ma 32 cz\u0119\u015bci ruchomych, staj\u0105c si\u0119 jednym z najbardziej z\u0142o\u017cone w Kr\u00f3lestwie zwierz\u0105t.<\/span><\/li>\n<li> <span id=\"gts_text_69\" class=\"gts_text\"><a href=\"\/Mollusks.html\">Mollusca<\/a> oznacza &#8220;Cienkiej pow\u0142oki&#8221;. <\/span><span id=\"gts_text_70\" class=\"gts_text\">S\u0105 one mi\u0119czak\u00f3w. <\/span><span id=\"gts_text_71\" class=\"gts_text\">Z 112000 gatunk\u00f3w, w\u0142\u0105czaj\u0105c \u015blimaki, barnacles, ma\u0142\u017ce (ma\u0142\u017cy i tak dalej), a nawet ka\u0142amarnic i o\u015bmiornic jest typ drugim lub trzecim najbardziej zr\u00f3\u017cnicowan\u0105.<\/span><\/li>\n<li> <span id=\"gts_text_72\" class=\"gts_text\">Myxozoa oznacza &#8220;\u015aluzu zwierz\u0105t&#8221;. <\/span><span id=\"gts_text_73\" class=\"gts_text\">Wcze\u015bniej uwa\u017cano one w og\u00f3le nie by\u0107 zwierz\u0105t. <\/span><span id=\"gts_text_74\" class=\"gts_text\">S\u0105 one mikroskopowe paso\u017cytami atakuj\u0105cymi ryb i robak\u00f3w.<\/span><\/li>\n<li> <span id=\"gts_text_75\" class=\"gts_text\">Nematoda oznacza &#8220;Threadlike&#8221;. <\/span><span id=\"gts_text_76\" class=\"gts_text\">Istnieje wiele gatunk\u00f3w nicieni, kt\u00f3re wygl\u0105daj\u0105 jak mikroskopijne robaki. <\/span><span id=\"gts_text_77\" class=\"gts_text\">Wiele paso\u017cyt\u00f3w, a niekt\u00f3re z nich s\u0105 daleko od mikroskopowe, ale mo\u017cna grow up do kilku metr\u00f3w d\u0142ugo\u015bci! <\/span><span id=\"gts_text_78\" class=\"gts_text\">Nicienie s\u0105 powszechnie nazywane &#8220;Rundy robaki&#8221;.<\/span><\/li>\n<li> <span id=\"gts_text_79\" class=\"gts_text\">Nitnikowce oznacza &#8220;W\u0105tku formularza&#8221;. <\/span><span id=\"gts_text_80\" class=\"gts_text\">Te d\u0142ugie cienkie robak\u00f3w (zwanych robakami w\u0142osia) s\u0105 paso\u017cytami atakowanie niekt\u00f3rych owad\u00f3w i krab\u00f3w. <\/span><span id=\"gts_text_81\" class=\"gts_text\">Istniej\u0105 oko\u0142o 320 gatunk\u00f3w.<\/span><\/li>\n<li> <span id=\"gts_text_82\" class=\"gts_text\">Wst\u0119\u017cnice, co oznacza &#8220;Sea Nimfa&#8221;, jest typ gatunk\u00f3w 1200 robaka Wst\u0105\u017cki. <\/span><span id=\"gts_text_83\" class=\"gts_text\">Mo\u017cna w\u0142\u0105czy\u0107 ich uj\u015bciami inside out i je\u015b\u0107 przez spo\u017cycie ofiary ca\u0142e. <\/span><span id=\"gts_text_84\" class=\"gts_text\">Mo\u017cna rozwin\u0105\u0107 ich organ\u00f3w do swallow drapie\u017cne kilka razy szerszy ni\u017c one same. <\/span><span id=\"gts_text_85\" class=\"gts_text\">Jeden gatunek jest podejrzenie wzrasta nawet d\u0142u\u017cej ni\u017c p\u0142etwal b\u0142\u0119kitny!<\/span><\/li>\n<li> <span id=\"gts_text_86\" class=\"gts_text\">Pazurnice, co oznacza &#8220;Pazur okaziciela&#8221;, jest ma\u0142e typ stwor\u00f3w caterpiller podobne nazywane Velvet robak\u00f3w. <\/span><span id=\"gts_text_87\" class=\"gts_text\">Niekt\u00f3rzy naukowcy powiedzie\u0107 Velvet robaki nie powinny znajdowa\u0107 si\u0119 w ich w\u0142asnych typ, ale s\u0105 faktycznie stawonog\u00f3w.<\/span><\/li>\n<li> <span id=\"gts_text_88\" class=\"gts_text\">Prostop\u0142ywce oznacza &#8220;Prostych swim&#8221;. <\/span><span id=\"gts_text_89\" class=\"gts_text\">Tych stworze\u0144 proste (istniej\u0105 tylko o znanej 20 gatunk\u00f3w) dzia\u0142a jako paso\u017cyt\u00f3w w niekt\u00f3re robaki, mi\u0119czak\u00f3w i szkar\u0142upni.<\/span><\/li>\n<li> <span id=\"gts_text_90\" class=\"gts_text\">Phoronida jest ma\u0142ym typ stwor\u00f3w morza, kt\u00f3re rurki w kszta\u0142cie pow\u0142oki dla siebie. <\/span><span id=\"gts_text_91\" class=\"gts_text\">Maj\u0105 one ki\u015b\u0107 tentacles wok\u00f3\u0142 ich uj\u015bciami. <\/span><span id=\"gts_text_92\" class=\"gts_text\">One s\u0105 powszechnie nazywane &#8220;robaki Horseshoe&#8221;, po kszta\u0142t ich jelit.<\/span><\/li>\n<li><span id=\"gts_text_93\" class=\"gts_text\"><a href=\"\/Placozoans.html\"> P\u0142askowce<\/a> oznacza &#8220;Tubular zwierz\u0105t&#8221;. <\/span><span id=\"gts_text_94\" class=\"gts_text\">Istnieje tylko jeden znanych gatunk\u00f3w, i zasadniczo wygl\u0105da obiektu blob.<\/span><\/li>\n<li> <span id=\"gts_text_95\" class=\"gts_text\">Platyhelminthes oznacza &#8220;P\u0142aski robaki&#8221; i jest typ, basenika, p\u0142askiej robak\u00f3w. <\/span><span id=\"gts_text_96\" class=\"gts_text\">Wi\u0119kszo\u015b\u0107 gatunk\u00f3w 25000 s\u0105 mikroskopowe i rozmna\u017caj\u0105ce si\u0119 formy larwalne, a nieszkodliwe.  <\/span><span id=\"gts_text_97\" class=\"gts_text\">Jednak\u017ce istnieje kilka gatunk\u00f3w, kt\u00f3re s\u0105 paso\u017cyt\u00f3w, w\u0142\u0105czaj\u0105c nies\u0142awnej fluke w\u0105troby, kt\u00f3ra wp\u0142ywa na oko\u0142o 30 milion\u00f3w ludzi na ca\u0142ym \u015bwiecie.<\/span><\/li>\n<li> <span id=\"gts_text_98\" class=\"gts_text\">Porifera oznacza &#8220;Por\u00f3w okaziciela&#8221;. <\/span><span id=\"gts_text_99\" class=\"gts_text\">S\u0105 one G\u0105bki Morza &#8211; alove oko\u0142o 5000 gatunk\u00f3w dzisiaj. <\/span><span id=\"gts_text_100\" class=\"gts_text\">G\u0105bki s\u0105 unikatowe w\u015br\u00f3d zwierz\u0105t \u017ce nie posiadaj\u0105 organ\u00f3w jako takich, ale ich organ\u00f3w s\u0105 po prostu p\u0119czek kom\u00f3rek pracuj\u0105cych razem.<\/span><\/li>\n<li> <span id=\"gts_text_101\" class=\"gts_text\">Niezmogowce s\u0105 ma\u0142e typ (oko\u0142o 17 gatunk\u00f3w) robak\u00f3w Morza mieszkania. <\/span><span id=\"gts_text_102\" class=\"gts_text\">One weer odkryte w wieku temu, ale s\u0105 nadal nie znane.<\/span><\/li>\n<li> <span id=\"gts_text_103\" class=\"gts_text\">Rombowce oznacza &#8220;w kszta\u0142cie Loze zwierz\u0105t&#8221; jest typ tiny paso\u017cytami atakuj\u0105cymi o\u015bmiornic oraz ka\u0142amarnic. <\/span><span id=\"gts_text_104\" class=\"gts_text\">Co doro\u015bli (z danego gatunku) ma dok\u0142adnie tak\u0105 sam\u0105 liczb\u0119 kom\u00f3rek!<\/span><\/li>\n<li> <span id=\"gts_text_105\" class=\"gts_text\">Rotifera oznacza &#8220;Ko\u0142a okaziciela&#8221;. <\/span><span id=\"gts_text_106\" class=\"gts_text\">Zwierz\u0119ta te mikroskopowe maj\u0105 k\u0142aczki w\u0142os\u00f3w wok\u00f3\u0142 uj\u015bcia, kt\u00f3rego u\u017cywaj\u0105 do mycia \u017cywno\u015bci w. <\/span><span id=\"gts_text_107\" class=\"gts_text\">Jak one przenie\u015b\u0107 w\u0142os\u00f3w, wygl\u0105da jak ruch ko\u0142a. <\/span><span id=\"gts_text_108\" class=\"gts_text\">Istniej\u0105 oko\u0142o 2000 gatunk\u00f3w.<\/span><\/li>\n<li> <span id=\"gts_text_109\" class=\"gts_text\">Sikwiaki oznacza &#8220;Ma\u0142\u0105 rurk\u0119&#8221;. <\/span><span id=\"gts_text_110\" class=\"gts_text\">Nazywa si\u0119 &#8220;ziemne robaki&#8221;, z powodu kszta\u0142tu podczas przerazi\u0142. <\/span><span id=\"gts_text_111\" class=\"gts_text\">Usta ma mas\u0119 tentacles, kt\u00f3re mog\u0105 by\u0107 odwr\u00f3cony do jego cia\u0142a. <\/span><span id=\"gts_text_112\" class=\"gts_text\">S\u0105 one zwykle mniej ni\u017c 10 cm d\u0142ugo\u015bci.<\/span><\/li>\n<li> <span id=\"gts_text_113\" class=\"gts_text\">Tardigrada, znaczenie &#8220;krok powolne&#8221;, jest typ &#8220;bears wody&#8221;. <\/span><span id=\"gts_text_114\" class=\"gts_text\">S\u0105 one bardzo ma\u0142ych zwierz\u0105t, kt\u00f3re wygl\u0105da\u0107 nieco mola czerwononogi sze\u015bciu. <\/span><span id=\"gts_text_115\" class=\"gts_text\">Wyst\u0119puj\u0105 w ekstremalnych warunkach, od g\u00f3ry Himalaje bardzo g\u0142\u0119boko\u015bciach morza. <\/span><span id=\"gts_text_116\" class=\"gts_text\">Istniej\u0105 oko\u0142o 750 gatunk\u00f3w.<\/span><\/li>\n<li> <span id=\"gts_text_117\" class=\"gts_text\">Xenoturbellida oznacza &#8220;Strange P\u0142azi\u0144ce&#8221;. <\/span><span id=\"gts_text_118\" class=\"gts_text\">Tylko 2 gatunki s\u0105 znane. <\/span><span id=\"gts_text_119\" class=\"gts_text\">To zwierz\u0119 ma nie dobrze organ\u00f3w z wyj\u0105tkiem uk\u0142adu nerwowego. <\/span><span id=\"gts_text_120\" class=\"gts_text\">Zjada mi\u0119czak\u00f3w.<\/span><\/li>\n<\/ul>\n<p><span id=\"gts_text_121\" class=\"gts_text\"><strong>Co to jest najwi\u0119ksze zwierz\u0119 na \u015bwiecie?<\/strong><\/span><\/p>\n<p><span id=\"gts_text_122\" class=\"gts_text\">Najwi\u0119kszy na \u015bwiecie (chocia\u017c by\u0107 mo\u017ce nie world&#8217;s najd\u0142u\u017cszy) zwierz\u0105t jest <a href=\"\/Blue-Whale.html\">p\u0142etwal b\u0142\u0119kitny<\/a>. <\/span><span id=\"gts_text_123\" class=\"gts_text\">Mo\u017ce dorasta\u0107 do 30 metr\u00f3w (100 st\u00f3p), long lub wi\u0119cej, i zwa\u017cy\u0107 oko\u0142o 140 ton &#8211; kt\u00f3re 140000 kg, lub 300 000 funt\u00f3w! <\/span><span id=\"gts_text_124\" class=\"gts_text\">Jest on nawet wi\u0119kszy ni\u017c kiedykolwiek by\u0142y najwi\u0119kszym dinozaur\u00f3w. <\/span><span id=\"gts_text_125\" class=\"gts_text\">Niestety jej prawie spadek spos\u00f3b dinozaur\u00f3w w XX wieku, z powodu do po\u0142owu wieloryb\u00f3w. <\/span><span id=\"gts_text_126\" class=\"gts_text\">Polowanie Blue wieloryby zosta\u0142 zakazany w latach sze\u015b\u0107dziesi\u0105tych i ostatecznie zako\u0144czy\u0142a si\u0119 w latach siedemdziesi\u0105tych. <\/span><span id=\"gts_text_127\" class=\"gts_text\">Nawet teraz, populacji wieloryb\u00f3w blue jest nadal mniej ni\u017c 1% zosta\u0142 przed po\u0142owu wieloryb\u00f3w rozpocz\u0119\u0142a si\u0119.<\/span><\/p>\n","protected":false},"excerpt":{"rendered":"<p>Co to jest zwierz\u0119? Zwierz\u0119ta s\u0105 \u017cywy. Rzeczy, kt\u00f3re odr\u00f3\u017cniaj\u0105 zwierz\u0119cia z innymi \u017cycia (takich jak ro\u015bliny, grzyby i tak dalej) s\u0105 nast\u0119puj\u0105ce: W przeciwie\u0144stwie do bakterii cia\u0142a zwierz\u0119cia jest zwykle wykonywana wielu kom\u00f3rkach. W przeciwie\u0144stwie do ro\u015blin zwierz\u0105t nie mo\u017cna wygenerowa\u0107 jego w\u0142asnego \u017cywno\u015bci\u0105 &#8211; musi je\u015b\u0107 przetrwa\u0107. To jest zwi\u0105zana z faktem, \u017ce &hellip; <a href=\"https:\/\/www.big-animals.com\/pl\/the-worlds-najwi%c4%99kszy-zwierz%c4%85t\/\" class=\"more-link\">Continue reading <span class=\"screen-reader-text\">Zwierz\u0119ta najwi\u0119kszy na \u015bwiecie!<\/span><\/a><\/p>\n","protected":false},"author":1,"featured_media":0,"parent":0,"menu_order":0,"comment_status":"closed","ping_status":"open","template":"","meta":{"_acf_changed":false,"footnotes":""},"acf":[],"_links":{"self":[{"href":"https:\/\/www.big-animals.com\/pl\/wp-json\/wp\/v2\/pages\/609"}],"collection":[{"href":"https:\/\/www.big-animals.com\/pl\/wp-json\/wp\/v2\/pages"}],"about":[{"href":"https:\/\/www.big-animals.com\/pl\/wp-json\/wp\/v2\/types\/page"}],"author":[{"embeddable":true,"href":"https:\/\/www.big-animals.com\/pl\/wp-json\/wp\/v2\/users\/1"}],"replies":[{"embeddable":true,"href":"https:\/\/www.big-animals.com\/pl\/wp-json\/wp\/v2\/comments?post=609"}],"version-history":[{"count":1,"href":"https:\/\/www.big-animals.com\/pl\/wp-json\/wp\/v2\/pages\/609\/revisions"}],"predecessor-version":[{"id":855,"href":"https:\/\/www.big-animals.com\/pl\/wp-json\/wp\/v2\/pages\/609\/revisions\/855"}],"wp:attachment":[{"href":"https:\/\/www.big-animals.com\/pl\/wp-json\/wp\/v2\/media?parent=609"}],"curies":[{"name":"wp","href":"https:\/\/api.w.org\/{rel}","templated":true}]}}