{"id":613,"date":"2011-05-09T09:32:49","date_gmt":"2011-05-09T09:32:49","guid":{"rendered":""},"modified":"2014-12-17T16:57:36","modified_gmt":"2014-12-17T16:57:36","slug":"%c5%9bwiat%c3%b3w-najwi%c4%99kszy-gady","status":"publish","type":"page","link":"https:\/\/www.big-animals.com\/pl\/%c5%9bwiat%c3%b3w-najwi%c4%99kszy-gady\/","title":{"rendered":"Najwi\u0119ksze gady na \u015bwiecie!"},"content":{"rendered":"<p><span id=\"gts_text_1\" class=\"gts_text\"><strong>Najwi\u0119ksze gady \u015bwiata<\/strong><\/span><\/p>\n<p><span id=\"gts_text_2\" class=\"gts_text\">Gady s\u0105 <a href=\"\/Vertebrates.html\">kr\u0119gowcami<\/a>. Wdychaj\u0105 powietrze przez<\/span><span id=\"gts_text_3\" class=\"gts_text\">\u00a0p\u0142uca, wysiaduj\u0105 pokryte skorupk\u0105 jajka, a ich sk\u00f3ra jest pokryta \u0142uskami. <\/span><span id=\"gts_text_4\" class=\"gts_text\">S\u0105 zwierz\u0119tami zmiennocieplnymi, co\u00a0oznacza, \u017ce temperatura ich cia\u0142a zmienia si\u0119 wraz z pogod\u0105. <\/span><span id=\"gts_text_5\" class=\"gts_text\">Wi\u0119kszo\u015b\u0107 gad\u00f3w je mi\u0119so. <\/span><span id=\"gts_text_6\" class=\"gts_text\">Gady s\u0105 zwykle\u00a0mniej m\u0105dre ni\u017c ssaki i ptaki. <\/span><span id=\"gts_text_7\" class=\"gts_text\">Chroni\u0105 si\u0119 poprzez kamufla\u017c. Krokodyle<\/span><span id=\"gts_text_8\" class=\"gts_text\">, \u017c\u00f3\u0142wie wodne, niekt\u00f3re jaszczurki i w\u0119\u017ce sycz\u0105\u00a0g\u0142o\u015bno gdy zostaj\u0105 zaatakowane. Wszystkie, z wyj\u0105tkiem w\u0119\u017cy i niekt\u00f3rych jaszczurek, maj\u0105 4 nogi<\/span><span id=\"gts_text_9\" class=\"gts_text\">. R\u00f3\u017cni\u0105 si\u0119 od \u017cab brakiem stadium larwalnego.<\/span><span id=\"gts_text_10\" class=\"gts_text\">\u00a0Najwi\u0119kszym gadem \u015bwiata jest<\/span><span id=\"gts_text_11\" class=\"gts_text\">\u00a0<a href=\"http:\/\/www.big-animals.com\/the-saltwater-crocodile-the-words-biggest-reptile\/\">krokodyl r\u00f3\u017ca\u0144cowy<\/a>.<\/span><\/p>\n<p><span id=\"gts_text_12\" class=\"gts_text\">Istniej\u0105 4 grupy gad\u00f3w:<\/span><\/p>\n<p><span id=\"gts_text_13\" class=\"gts_text\">a) <a title=\"Crocodilians\" href=\"http:\/\/www.big-animals.com\/crocodilians\/\">Krokodyle i aligatory<\/a>.<\/span><\/p>\n<p><span id=\"gts_text_14\" class=\"gts_text\">b) <a href=\"http:\/\/www.big-animals.com\/tuatara\/\">Hatteriowate<\/a>\u00a0z Nowej Zelandii. <\/span><span id=\"gts_text_15\" class=\"gts_text\">Istniej\u0105 tylko 2 typy\u00a0hatteriowatych.<\/span><\/p>\n<p><span id=\"gts_text_16\" class=\"gts_text\">c) <a href=\"http:\/\/www.big-animals.com\/turtles-and-tortoises\/\">\u017b\u00f3\u0142wie morskie i l\u0105dowe<\/a>.<\/span><\/p>\n<p><span id=\"gts_text_17\" class=\"gts_text\">d) <a title=\"Lizards\" href=\"http:\/\/www.big-animals.com\/lizards\/\">Jaszczurki<\/a>\u00a0i <a href=\"http:\/\/www.big-animals.com\/snakes\/\">w\u0119\u017ce<\/a>.<\/span><\/p>\n","protected":false},"excerpt":{"rendered":"<p>Najwi\u0119ksze gady \u015bwiata Gady s\u0105 kr\u0119gowcami. Wdychaj\u0105 powietrze przez\u00a0p\u0142uca, wysiaduj\u0105 pokryte skorupk\u0105 jajka, a ich sk\u00f3ra jest pokryta \u0142uskami. S\u0105 zwierz\u0119tami zmiennocieplnymi, co\u00a0oznacza, \u017ce temperatura ich cia\u0142a zmienia si\u0119 wraz z pogod\u0105. Wi\u0119kszo\u015b\u0107 gad\u00f3w je mi\u0119so. Gady s\u0105 zwykle\u00a0mniej m\u0105dre ni\u017c ssaki i ptaki. Chroni\u0105 si\u0119 poprzez kamufla\u017c. Krokodyle, \u017c\u00f3\u0142wie wodne, niekt\u00f3re jaszczurki i w\u0119\u017ce &hellip; <a href=\"https:\/\/www.big-animals.com\/pl\/%c5%9bwiat%c3%b3w-najwi%c4%99kszy-gady\/\" class=\"more-link\">Continue reading <span class=\"screen-reader-text\">Najwi\u0119ksze gady na \u015bwiecie!<\/span><\/a><\/p>\n","protected":false},"author":1,"featured_media":0,"parent":0,"menu_order":0,"comment_status":"closed","ping_status":"open","template":"","meta":{"_acf_changed":false,"footnotes":""},"acf":[],"_links":{"self":[{"href":"https:\/\/www.big-animals.com\/pl\/wp-json\/wp\/v2\/pages\/613"}],"collection":[{"href":"https:\/\/www.big-animals.com\/pl\/wp-json\/wp\/v2\/pages"}],"about":[{"href":"https:\/\/www.big-animals.com\/pl\/wp-json\/wp\/v2\/types\/page"}],"author":[{"embeddable":true,"href":"https:\/\/www.big-animals.com\/pl\/wp-json\/wp\/v2\/users\/1"}],"replies":[{"embeddable":true,"href":"https:\/\/www.big-animals.com\/pl\/wp-json\/wp\/v2\/comments?post=613"}],"version-history":[{"count":4,"href":"https:\/\/www.big-animals.com\/pl\/wp-json\/wp\/v2\/pages\/613\/revisions"}],"predecessor-version":[{"id":872,"href":"https:\/\/www.big-animals.com\/pl\/wp-json\/wp\/v2\/pages\/613\/revisions\/872"}],"wp:attachment":[{"href":"https:\/\/www.big-animals.com\/pl\/wp-json\/wp\/v2\/media?parent=613"}],"curies":[{"name":"wp","href":"https:\/\/api.w.org\/{rel}","templated":true}]}}