{"id":616,"date":"2011-05-09T09:33:51","date_gmt":"2011-05-09T09:33:51","guid":{"rendered":"http:\/\/www.big-animals.com\/pl\/"},"modified":"2013-07-20T17:26:18","modified_gmt":"2013-07-20T17:26:18","slug":"najwieksze-zwierzeta-na-swiecie","status":"publish","type":"page","link":"https:\/\/www.big-animals.com\/pl\/","title":{"rendered":"Najwi\u0119ksze zwierz\u0119ta na \u015bwiecie"},"content":{"rendered":"<p><span class=\"gts_text\" id=\"gts_text_1\">Ta witryna ma na celu zbieranie informacji o najwi\u0119kszych zwierz\u0119tach na \u015bwiecie &#8211; o najwy\u017cszych, najci\u0119\u017cszych, najd\u0142u\u017cszych i najwi\u0119kszych z ka\u017cdego rodzaju zwierz\u0119cia i zawiera ona fascynuj\u0105ce fakty o ka\u017cdym z nich!<\/span><\/p>\n<p><span class=\"gts_text\" id=\"gts_text_2\">Chcesz wiedzie\u0107, kt\u00f3ry paj\u0105k jest najwi\u0119kszy na \u015bwiecie? Albo, kt\u00f3ry krab jest<\/span><span class=\"gts_text\" id=\"gts_text_3\">\u00a0najci\u0119\u017cszy ? A mo\u017ce, kt\u00f3ra ryba jest\u00a0<\/span><span class=\"gts_text\" id=\"gts_text_4\">\u00a0najwi\u0119ksza?<\/span><\/p>\n<p><span class=\"gts_text\" id=\"gts_text_5\">Istnieje kilka sposob\u00f3w na zbadanie tej witryny&#8230;<\/span><\/p>\n<ul>\n<li><span class=\"gts_text\" id=\"gts_text_6\">Zobacz <a title=\"Alfabetyczna lista zwierz\u0105t najwi\u0119kszy na \u015bwiecie\" href=\"http:\/\/www.big-animals.com\/pl\/an-alphabetical-list-of-the-worlds-largest-animals\/\">alfabetyczn\u0105 list\u0119<\/a> wszystkich zwierz\u0105t na tej stronie internetowej i po prostu kliknij na zwierz\u0119, kt\u00f3rym jeste\u015b zainteresowany.<\/span><\/li>\n<li><span class=\"gts_text\" id=\"gts_text_7\">Mo\u017cesz wy\u015bwietli\u0107 <a title=\"Lista zwierz\u0105t najwi\u0119kszy na \u015bwiecie, posortowane wed\u0142ug typu\" href=\"http:\/\/www.big-animals.com\/pl\/a-list-of-the-worlds-biggest-animals-sorted-by-type\/\">list\u0119 r\u00f3\u017cnych rodzaj\u00f3w\u00a0zwierz\u0105t<\/a>\u00a0poprzez przewini\u0119cie w d\u00f3\u0142 do rodzaju\u00a0(ssaki, kr\u0119gowce, paj\u0105ki, itp), kt\u00f3rym jeste\u015b zainteresowany.<\/span><\/li>\n<li><span class=\"gts_text\" id=\"gts_text_8\">Mo\u017cezsz \u00a0klikn\u0105\u0107 na\u00a0<a title=\"Zwierz\u0119ta najwi\u0119kszy na \u015bwiecie!\" href=\"http:\/\/www.big-animals.com\/pl\/the-worlds-najwi%c4%99kszy-zwierz%c4%85t\/\">g\u0142\u00f3wn\u0105 stron\u0119 o zwierz<\/a>\u0119tach i\u00a0przeczyta\u0107 co czyni je wyj\u0105tkowymi, jak r\u00f3wnie\u017c klikn\u0105\u0107 na linki, kt\u00f3re mo\u017cna tam znale\u017a\u0107.<\/span><\/li>\n<\/ul>\n<p><span class=\"gts_text\" id=\"gts_text_10\">Mam nadziej\u0119, \u017ce ta witryna b\u0119dzie fascynuj\u0105cym miejscem do zbadania wszystkich \u00a0najogromniejszych z kr\u00f3lestwa zwierz\u0105t!<\/span><\/p>\n","protected":false},"excerpt":{"rendered":"<p>Ta witryna ma na celu zbieranie informacji o najwi\u0119kszych zwierz\u0119tach na \u015bwiecie &#8211; o najwy\u017cszych, najci\u0119\u017cszych, najd\u0142u\u017cszych i najwi\u0119kszych z ka\u017cdego rodzaju zwierz\u0119cia i zawiera ona fascynuj\u0105ce fakty o ka\u017cdym z nich! Chcesz wiedzie\u0107, kt\u00f3ry paj\u0105k jest najwi\u0119kszy na \u015bwiecie? Albo, kt\u00f3ry krab jest\u00a0najci\u0119\u017cszy ? A mo\u017ce, kt\u00f3ra ryba jest\u00a0\u00a0najwi\u0119ksza? Istnieje kilka sposob\u00f3w na zbadanie &hellip; <a href=\"https:\/\/www.big-animals.com\/pl\/\" class=\"more-link\">Continue reading <span class=\"screen-reader-text\">Najwi\u0119ksze zwierz\u0119ta na \u015bwiecie<\/span><\/a><\/p>\n","protected":false},"author":1,"featured_media":0,"parent":0,"menu_order":0,"comment_status":"closed","ping_status":"open","template":"","meta":{"_acf_changed":false,"footnotes":""},"acf":[],"_links":{"self":[{"href":"https:\/\/www.big-animals.com\/pl\/wp-json\/wp\/v2\/pages\/616"}],"collection":[{"href":"https:\/\/www.big-animals.com\/pl\/wp-json\/wp\/v2\/pages"}],"about":[{"href":"https:\/\/www.big-animals.com\/pl\/wp-json\/wp\/v2\/types\/page"}],"author":[{"embeddable":true,"href":"https:\/\/www.big-animals.com\/pl\/wp-json\/wp\/v2\/users\/1"}],"replies":[{"embeddable":true,"href":"https:\/\/www.big-animals.com\/pl\/wp-json\/wp\/v2\/comments?post=616"}],"version-history":[{"count":7,"href":"https:\/\/www.big-animals.com\/pl\/wp-json\/wp\/v2\/pages\/616\/revisions"}],"predecessor-version":[{"id":721,"href":"https:\/\/www.big-animals.com\/pl\/wp-json\/wp\/v2\/pages\/616\/revisions\/721"}],"wp:attachment":[{"href":"https:\/\/www.big-animals.com\/pl\/wp-json\/wp\/v2\/media?parent=616"}],"curies":[{"name":"wp","href":"https:\/\/api.w.org\/{rel}","templated":true}]}}