{"id":621,"date":"2011-05-09T11:29:48","date_gmt":"2011-05-09T11:29:48","guid":{"rendered":""},"modified":"2014-12-17T16:33:52","modified_gmt":"2014-12-17T16:33:52","slug":"megalodon-the-biggest-shark-there-ever-was","status":"publish","type":"page","link":"https:\/\/www.big-animals.com\/pl\/megalodon-the-biggest-shark-there-ever-was\/","title":{"rendered":"Megalodon &#8211; najwi\u0119kszy rekin jaki kiedykolwiek istnia\u0142!"},"content":{"rendered":"<p><span id=\"gts_text_1\" class=\"gts_text\"><strong>Fakty na temat Megalodona:<\/strong> Megalodon lub &#8220;rekin wielkoz\u0119bny&#8221; (megatooth shark), znany jest g\u0142\u00f3wnie dzi\u0119ki\u00a0skamienia\u0142o\u015bciom z\u0119b\u00f3w i kr\u0119g\u00f3w &#8211; poniewa\u017c by\u0142 ryb\u0105 chrz\u0119stnoszkieletow\u0105, nie mia\u0142 w\u0142a\u015bciwych\u00a0ko\u015bci i dlatego nie zosta\u0142y one dobrze zachowane\u00a0jako skamienia\u0142o\u015bci. <\/span><span id=\"gts_text_2\" class=\"gts_text\">Naukowcy szacuj\u0105, \u017ce osi\u0105ga\u0142 od\u00a016 do 20 metr\u00f3w d\u0142ugo\u015bci (od 55 do 70 st\u00f3p), wa\u017c\u0105c prawdopodobnie\u00a055000 kg (120000 funt\u00f3w).<\/span><\/p>\n<p><span id=\"gts_text_3\" class=\"gts_text\"><strong>Co jad\u0142 megalodon?<\/strong> <img decoding=\"async\" src=\"http:\/\/ba.dr-mikes-maths.com\/\/wp-content\/themes\/twentyten\/images\/ba\/megalodon-tooth.jpg\" alt=\"\" \/><span id=\"gts_text_4\" class=\"gts_text\"><\/span>\u00a0Megalodon by\u0142 drapie\u017cnikiem. <\/span><span id=\"gts_text_5\" class=\"gts_text\">Z\u0105b megalodona mierzy\u0142\u00a0oko\u0142o 17 cm (7 cali)! Dzi\u0119ki temu<\/span><span id=\"gts_text_6\" class=\"gts_text\">\u00a0i jego du\u017cym rozmiarom jego ulubionym pokarmem by\u0142 najprawdopodobniej wieloryb.\u00a0Wygl\u0105da\u0142 prawdopodobnie jak \u017car\u0142acz bia\u0142y\u00a0&#8211; tylko cztery razy wi\u0119kszy!<\/span><\/p>\n<p><span id=\"gts_text_8\" class=\"gts_text\">Megalodon by\u0142 <a href=\"\/Sharks.html\">rekin<\/a>em. <\/span><span id=\"gts_text_9\" class=\"gts_text\">Nale\u017ca\u0142 do rodziny rekin\u00f3w zwanej bia\u0142ymi rekinami\u00a0(lamnowate). R<\/span><span id=\"gts_text_10\" class=\"gts_text\">ekiny te s\u0105 szybkimi p\u0142ywakami, kt\u00f3re uwielbiaj\u0105 mi\u0119so. Jednak pomimo swojej<\/span><span id=\"gts_text_11\" class=\"gts_text\">\u00a0reputacji, nawet najbardziej dzikie osobniki\u00a0rzadko atakuj\u0105 ludzi. Wol\u0105 ryby, foki i inne zwierz\u0119ta zamieszkuj\u0105ce oceany<\/span><span id=\"gts_text_12\" class=\"gts_text\">. <\/span><span id=\"gts_text_13\" class=\"gts_text\">Poniewa\u017c megalodon nale\u017ca\u0142 do rodziny lamnowatych, by\u0142 r\u00f3wnie\u017c\u00a0<a href=\"\/Cartilaginous-Fish.html\">najwi\u0119ksz\u0105 ryb\u0105 chrz\u0119stnoszkieletow\u0105 na \u015bwiecie<\/a> ,<\/span><\/p>\n<ul>\n<li><span id=\"gts_text_14\" class=\"gts_text\">Megalodon by\u0142 najwi\u0119ksz\u0105 na \u015bwiecie ryb\u0105 lamnokszta\u0142tn\u0105,<\/span><\/li>\n<li><span id=\"gts_text_15\" class=\"gts_text\">Megalodon by\u0142 najwi\u0119kszym na \u015bwiecie rekinem,<\/span><\/li>\n<\/ul>\n<p><span id=\"gts_text_16\" class=\"gts_text\">Jednak\u017ce po tym megalodon ust\u0119puje w ksi\u0119dze rekord\u00f3w. N<\/span><span id=\"gts_text_17\" class=\"gts_text\">ajwi\u0119ksz\u0105 na \u015bwiecie ryb\u0105 by\u0142\u00a0<a href=\"\/Leedsichthys.html\">Leedsichthys<\/a>, a\u00a0najwi\u0119kszym\u00a0<a href=\"\/Animals.html\">zwierz\u0119ciem<\/a>\u00a0i\u00a0<a href=\"\/Vertebrates.html\">kr\u0119gowcem<\/a>\u00a0jest <a href=\"\/Blue-Whale.html\">p\u0142etwal b\u0142\u0119kitny<\/a> (kt\u00f3ry <em>jest<\/em>\u00a0wielorybem!).<\/span><\/p>\n<p><span id=\"gts_text_18\" class=\"gts_text\"><em>Megalodon<\/em> oznacza &#8220;ogromne z\u0119by&#8221;. Naukowa n<\/span><span id=\"gts_text_19\" class=\"gts_text\">azwa megalodona wci\u0105\u017c\u00a0stanowi przedmiot dyskusji\u00a0naukowc\u00f3w. <\/span><span id=\"gts_text_20\" class=\"gts_text\">Niekt\u00f3rzy uwa\u017caj\u0105, \u017ce powinno si\u0119 go nazwa\u0107\u00a0<em>Carcharodon megalodon<\/em>, ze wzgl\u0119du na jego podobie\u0144stwo\u00a0do \u017car\u0142acza bia\u0142ego\u00a0(<em>Carcharodon carcharias<\/em>). <\/span><span id=\"gts_text_21\" class=\"gts_text\">Inni s\u0105dz\u0105, \u017ce megalodon wyr\u00f3\u017cnia si\u0119 na tyle, aby zas\u0142u\u017cy\u0107 na w\u0142asny\u00a0&#8220;rodzaj&#8221; i proponuj\u0105\u00a0nazw\u0119 <em>Carcharocles megalodon. <\/em><\/span><\/p>\n<p><span id=\"gts_text_22\" class=\"gts_text\"><strong>Wygl\u0105d megalodona:<\/strong> Poniewa\u017c megalodon jest gatunkiem wymar\u0142ym, mo\u017cemy jedynie wyobrazi\u0107 sobie jego wygl\u0105d. Za pomoc\u0105 wyszukiwarki\u00a0<\/span><span id=\"gts_text_23\" class=\"gts_text\"><a href=\"http:\/\/images.google.com\/images?q=megalodon\" target=\"new\">Google Grafika<\/a>\u00a0mo\u017cesz znale\u017a\u0107 kilka takich obraz\u00f3w, jak r\u00f3wnie\u017c wiele fotografii skamielin z\u0119b\u00f3w megalodona.<\/span><\/p>\n<p><span id=\"gts_text_24\" class=\"gts_text\"><strong>Megalodon w dzisiejszych czasach:<\/strong> Oczywi\u015bcie taki ogromny drapie\u017cnik inspiruje niekt\u00f3rych do dalszych fantazji\u00a0&#8211; istnieje wiele pog\u0142osek o pojawianiu si\u0119 megalodona. <\/span><span id=\"gts_text_25\" class=\"gts_text\">Jednak\u017ce \u015bledztwo zazwyczaj ujawnia, \u017ce \u015bwiadkowie widzieli jedynie bardzo du\u017cego \u017car\u0142acza bia\u0142ego.\u00a0Tymczasem,<\/span><span id=\"gts_text_26\" class=\"gts_text\">\u00a0oczywi\u015bcie, ten ogromny drapie\u017cnik przyczyni\u0142 si\u0119 do powstania\u00a0<a href=\"http:\/\/www.amazon.com\/gp\/redirect.html?link_code=ur2&amp;tag=michaelhartleysw&amp;camp=1789&amp;creative=9325&amp;location=\/gp\/search%3F%26index=blended%26keywords=megalodon%26_encoding=UTF8\">ksi\u0105\u017cek i film\u00f3w o megalodonie<\/a>. Uwaga<\/span><span id=\"gts_text_27\" class=\"gts_text\">! <\/span><span id=\"gts_text_28\" class=\"gts_text\">Nie dla os\u00f3b o s\u0142abych nerwach!<\/span><\/p>\n","protected":false},"excerpt":{"rendered":"<p>Fakty na temat Megalodona: Megalodon lub &#8220;rekin wielkoz\u0119bny&#8221; (megatooth shark), znany jest g\u0142\u00f3wnie dzi\u0119ki\u00a0skamienia\u0142o\u015bciom z\u0119b\u00f3w i kr\u0119g\u00f3w &#8211; poniewa\u017c by\u0142 ryb\u0105 chrz\u0119stnoszkieletow\u0105, nie mia\u0142 w\u0142a\u015bciwych\u00a0ko\u015bci i dlatego nie zosta\u0142y one dobrze zachowane\u00a0jako skamienia\u0142o\u015bci. Naukowcy szacuj\u0105, \u017ce osi\u0105ga\u0142 od\u00a016 do 20 metr\u00f3w d\u0142ugo\u015bci (od 55 do 70 st\u00f3p), wa\u017c\u0105c prawdopodobnie\u00a055000 kg (120000 funt\u00f3w). Co jad\u0142 megalodon? &hellip; <a href=\"https:\/\/www.big-animals.com\/pl\/megalodon-the-biggest-shark-there-ever-was\/\" class=\"more-link\">Continue reading <span class=\"screen-reader-text\">Megalodon &#8211; najwi\u0119kszy rekin jaki kiedykolwiek istnia\u0142!<\/span><\/a><\/p>\n","protected":false},"author":1,"featured_media":0,"parent":0,"menu_order":0,"comment_status":"closed","ping_status":"open","template":"","meta":{"_acf_changed":false,"footnotes":""},"acf":[],"_links":{"self":[{"href":"https:\/\/www.big-animals.com\/pl\/wp-json\/wp\/v2\/pages\/621"}],"collection":[{"href":"https:\/\/www.big-animals.com\/pl\/wp-json\/wp\/v2\/pages"}],"about":[{"href":"https:\/\/www.big-animals.com\/pl\/wp-json\/wp\/v2\/types\/page"}],"author":[{"embeddable":true,"href":"https:\/\/www.big-animals.com\/pl\/wp-json\/wp\/v2\/users\/1"}],"replies":[{"embeddable":true,"href":"https:\/\/www.big-animals.com\/pl\/wp-json\/wp\/v2\/comments?post=621"}],"version-history":[{"count":5,"href":"https:\/\/www.big-animals.com\/pl\/wp-json\/wp\/v2\/pages\/621\/revisions"}],"predecessor-version":[{"id":869,"href":"https:\/\/www.big-animals.com\/pl\/wp-json\/wp\/v2\/pages\/621\/revisions\/869"}],"wp:attachment":[{"href":"https:\/\/www.big-animals.com\/pl\/wp-json\/wp\/v2\/media?parent=621"}],"curies":[{"name":"wp","href":"https:\/\/api.w.org\/{rel}","templated":true}]}}