{"id":625,"date":"2011-05-09T11:34:20","date_gmt":"2011-05-09T11:34:20","guid":{"rendered":""},"modified":"2011-05-09T11:34:20","modified_gmt":"2011-05-09T11:34:20","slug":"the-reticulated-python","status":"publish","type":"page","link":"https:\/\/www.big-animals.com\/pl\/the-reticulated-python\/","title":{"rendered":"Reticulated Python"},"content":{"rendered":"<p><span id=\"gts_text_1\" class=\"gts_text\">Reticulated Python \u2013 najd\u0142u\u017cszy na \u015bwiecie <a href=\"http:\/\/www.big-animals.com\/snakes\/\">w\u0119\u017ca<\/a>i najd\u0142u\u017cszy <a href=\"http:\/\/www.big-animals.com\/the-worlds-biggest-reptiles\/\">gad\u00f3w<\/a>. <\/span><span id=\"gts_text_2\" class=\"gts_text\">Jednak jest ona nie snake najci\u0119\u017cszej na \u015bwiecie. <\/span><span id=\"gts_text_3\" class=\"gts_text\">W\u0105\u017c najci\u0119\u017cszej na \u015bwiecie jest Anaconda. <\/span><span id=\"gts_text_4\" class=\"gts_text\">Doros\u0142y pyton reticulated mo\u017ce urosn\u0105\u0107 do ponad 8.7 metr\u00f3w (29 st\u00f3p) d\u0142ugo\u015bci. <\/span><span id=\"gts_text_5\" class=\"gts_text\">\u015arednio uprawiaj\u0105 do oko\u0142o 3-6 metr\u00f3w (10-20 st\u00f3p). <\/span><span id=\"gts_text_6\" class=\"gts_text\">S\u0105 one do\u015b\u0107 slim i smuk\u0142y.<\/span><\/p>\n<figure id=\"attachment_466\" aria-describedby=\"caption-attachment-466\" style=\"width: 300px\" class=\"wp-caption alignleft\"><a href=\"http:\/\/www.big-animals.com\/wp-content\/uploads\/2011\/02\/ReticulatedPythonSingaporeZoo.jpg\"><img loading=\"lazy\" decoding=\"async\" class=\"size-medium wp-image-466\" title=\"Reticulated Python at Singapore Zoo\" src=\"http:\/\/www.big-animals.com\/wp-content\/uploads\/2011\/02\/ReticulatedPythonSingaporeZoo-300x217.jpg\" alt=\"Reticulated Python at Singapore Zoo\" width=\"300\" height=\"217\" \/><\/a><figcaption id=\"caption-attachment-466\" class=\"wp-caption-text\">Reticulated Python at Singapore Zoo<\/figcaption><\/figure>\n<p><span id=\"gts_text_7\" class=\"gts_text\">Program word <em>reticulated<\/em> oznacza <em>sie\u0107<\/em> i odnosi si\u0119 do kolory i desenie w jego skali. <\/span><span id=\"gts_text_8\" class=\"gts_text\">Te kolory i desenie pozwala reticulated python do si\u0119 bardzo dobrze camouflaged przez li\u015bci lasy deszczowe. <\/span><span id=\"gts_text_9\" class=\"gts_text\">Te wzorce na skale s\u0105 skomplikowane wzoru geometrycznego z r\u00f3\u017cnych kolorach. <\/span><span id=\"gts_text_10\" class=\"gts_text\">Kolory mog\u0105 zawiera\u0107 \u015bwiat\u0142a br\u0105zowe, \u015bmietany, \u017c\u00f3\u0142tym, ciemne br\u0105zowy lub nawet czarny. <\/span><span id=\"gts_text_11\" class=\"gts_text\">Szef reticulated python jest \u017c\u00f3\u0142taw\u0105 z lini\u0105 cienk\u0105, ciemne. <\/span><span id=\"gts_text_12\" class=\"gts_text\">Ich boczek s\u0105 \u017c\u00f3\u0142te lub bia\u0142y.<\/span><\/p>\n<p><span id=\"gts_text_13\" class=\"gts_text\">Nie s\u0105 one truj\u0105ce, ale s\u0105 one wielk\u0105 <em>constrictors<\/em>. <\/span><span id=\"gts_text_14\" class=\"gts_text\">Oznacza to one w nak\u0142adanie \u015bci\u015ble b\u0119dzie walcami wok\u00f3\u0142 ich drapie\u017cne i przymus a\u017c do prey jest do oddychania. <\/span><span id=\"gts_text_15\" class=\"gts_text\">W 21 stycznia 2009 Ch\u0142opiec 3 roku \u017cycia w Las Vegas by\u0142o \u017carnik\u00f3w a\u017c przez 5,5 metra (18,5 st\u00f3p) reticulated Pythona, momentu poor boy blue. <\/span><span id=\"gts_text_16\" class=\"gts_text\">Na szcz\u0119\u015bcie jego matka zarz\u0105dza\u0107 zapisa\u0107 go przez zranieniami python z n\u00f3\u017c. <\/span><span id=\"gts_text_17\" class=\"gts_text\">Jego matka by\u0142a faktycznie pomaga jej przyjaciel do babysit python! <\/span><span id=\"gts_text_18\" class=\"gts_text\">Nigdy nie babysit Pythona Znaj\u0105c spos\u00f3b obs\u0142ugi go poprawnie!\u00a0Zanimowa\u0142 zwykle nie ataku ludzi, ale oni b\u0119d\u0105 nadal constrict ludzkiej d\u0142oni je\u015bli je pomyli\u0107 dla \u017cywno\u015bci lub je\u015bli cz\u0142owieka grozi im.<\/span><\/p>\n<p><span id=\"gts_text_19\" class=\"gts_text\">Reticulated python mieszka w las\u00f3w deszczowych. <\/span><span id=\"gts_text_20\" class=\"gts_text\">One love rzek, strumieni i jezior. <\/span><span id=\"gts_text_21\" class=\"gts_text\">S\u0105 one wielk\u0105 swimmers. <\/span><span id=\"gts_text_22\" class=\"gts_text\">Znajdziesz je daleko okre\u015blonych na morzu lub nawet na ma\u0142ych wyspach. <\/span><span id=\"gts_text_23\" class=\"gts_text\">Mo\u017cna je znale\u017a\u0107 w po\u0142udniowo-wschodniej Azji od Nicobar Island (blisko Sri Lanki), Bangladeszu, Birmie, Tajlandii, Laosie, Kambod\u017cy, Wietnamu, Malezji, Singapuru i na wielu Wyspy Indonezji i Filipin.<\/span><\/p>\n<figure id=\"attachment_468\" aria-describedby=\"caption-attachment-468\" style=\"width: 300px\" class=\"wp-caption alignright\"><a href=\"http:\/\/www.big-animals.com\/wp-content\/uploads\/2011\/02\/Reticulated_Python_And_Human1.png\"><img loading=\"lazy\" decoding=\"async\" class=\"size-medium wp-image-468\" title=\"Reticulated Python And Human\" src=\"http:\/\/www.big-animals.com\/wp-content\/uploads\/2011\/02\/Reticulated_Python_And_Human1-300x224.png\" alt=\"Reticulated Python And Human\" width=\"300\" height=\"224\" \/><\/a><figcaption id=\"caption-attachment-468\" class=\"wp-caption-text\">Reticulated Python And Human<\/figcaption><\/figure>\n<p><span id=\"gts_text_24\" class=\"gts_text\">Gdy pasz na ssaki i czasami one Polowanie na ptaki. <\/span><span id=\"gts_text_25\" class=\"gts_text\">S\u0105 one mi\u0119sa eaters. <\/span><span id=\"gts_text_26\" class=\"gts_text\">Ma\u0142ych reticulated zanimowa\u0142 o d\u0142ugo\u015bci m 3-4 (10-13 st\u00f3p) b\u0119dzie je\u015b\u0107 szczur\u00f3w i wi\u0119kszych zanimowa\u0142 reticulated b\u0119dzie poluje na \u015bwinie, kaczek, jeleni i rzadko ludzi mo\u017ce by\u0107 udzia\u0142 ich menu. <\/span><span id=\"gts_text_27\" class=\"gts_text\">Je\u015bli s\u0105 one wi\u0119cej ni\u017c 5 licznika d\u0142ugo\u015bci, posiadaj\u0105 zdolno\u015b\u0107 do zabijania i jedzenia ludzkich. <\/span><span id=\"gts_text_28\" class=\"gts_text\">Reticulated python jest mo\u017cliwo\u015b\u0107 swallow zwierz\u0105t jest wi\u0119kszy ni\u017c ich w\u0142asne g\u0142owice poniewa\u017c ko\u015bci i ich czaszki i dolnej szcz\u0119ki lu\u017ano s\u0105 po\u0142\u0105czone razem przez ligaments. <\/span><span id=\"gts_text_29\" class=\"gts_text\">Pozwala to szcz\u0119ki i ko\u015bci do otwarcia szeroko jak prey jest po\u0142kni\u0119te. <\/span><span id=\"gts_text_30\" class=\"gts_text\">Ich sk\u00f3ry mo\u017cna r\u00f3wnie\u017c rozwin\u0105\u0107. <\/span><span id=\"gts_text_31\" class=\"gts_text\">Tak po reticulated Pythona swallows \u015bwini, mo\u017cna zobaczy\u0107 Wielki guz w jego cia\u0142a a\u017c \u015bwini poddaje si\u0119 rozk\u0142adowi. <\/span><span id=\"gts_text_32\" class=\"gts_text\">W skr\u00f3cie, te reticulated zanimowa\u0142 mo\u017cna swallow drapie\u017cne do 1\/4 ich w\u0142asnych d\u0142ugo\u015bci i pogrubiona s\u0105 one.<\/span><\/p>\n<p><span id=\"gts_text_33\" class=\"gts_text\">Samice Pythona reticulated ustanawia mi\u0119dzy 15 do 80 jaj. <\/span><span id=\"gts_text_34\" class=\"gts_text\">Temperatura inkubacji optymalne jest C 31-32 C (88F-89.5F). <\/span><span id=\"gts_text_35\" class=\"gts_text\">B\u0119dzie ona nak\u0142adanie walcami wok\u00f3\u0142 jej jaj i shiver, upewniaj\u0105c si\u0119, \u017ce doskona\u0142e temperatura jest utrzymana. <\/span><span id=\"gts_text_36\" class=\"gts_text\">Jaja nale\u017cy uwzgl\u0119dni\u0107 \u015bredni\u0105 88 dni do kreskowania. <\/span><span id=\"gts_text_37\" class=\"gts_text\">M\u0142odzi zanimowa\u0142 b\u0119dzie z\u0142amania jaj przez ci\u0119cie naci\u0119cie w ich os\u0142onki jaja z ich tooth jaj. <\/span><span id=\"gts_text_38\" class=\"gts_text\">Piskl\u0119tami s\u0105 co najmniej 60 centymetr\u00f3w (2 st\u00f3p) d\u0142ugo\u015bci.<\/span><\/p>\n<p><span id=\"gts_text_39\" class=\"gts_text\">Istnieje zwi\u0119kszone zapotrzebowanie na reticulated zanimowa\u0142, poniewa\u017c niekt\u00f3rzy ludzie chcesz przechowywa\u0107 je jako zwierz\u0119ta domowe, r\u00f3wnie\u017c, jego sk\u00f3ra jest bardzo popularny dla wyrob\u00f3w ze sk\u00f3r wyprawionych jak portfele, pasy i buty i jest r\u00f3wnie\u017c polowa\u0107 na jego mi\u0119sa. <\/span><span id=\"gts_text_40\" class=\"gts_text\">Hodowc\u00f3w reticulated Python powinny mie\u0107 wcze\u015bniejszych do\u015bwiadcze\u0144 obs\u0142ugi du\u017cych w\u0105\u017c. <\/span><span id=\"gts_text_41\" class=\"gts_text\">Je\u015bli nie s\u0105 one zachowa\u0107 ostro\u017cno\u015b\u0107, python mo\u017ce wydosta\u0107 si\u0119 z jego klatek i przyniesie to niebezpiecze\u0144stwo hodowcy, s\u0105siad\u00f3w i inne zwierz\u0119ta domowe.<\/span><\/p>\n","protected":false},"excerpt":{"rendered":"<p>Reticulated Python \u2013 najd\u0142u\u017cszy na \u015bwiecie w\u0119\u017cai najd\u0142u\u017cszy gad\u00f3w. Jednak jest ona nie snake najci\u0119\u017cszej na \u015bwiecie. W\u0105\u017c najci\u0119\u017cszej na \u015bwiecie jest Anaconda. Doros\u0142y pyton reticulated mo\u017ce urosn\u0105\u0107 do ponad 8.7 metr\u00f3w (29 st\u00f3p) d\u0142ugo\u015bci. \u015arednio uprawiaj\u0105 do oko\u0142o 3-6 metr\u00f3w (10-20 st\u00f3p). S\u0105 one do\u015b\u0107 slim i smuk\u0142y. Program word reticulated oznacza sie\u0107 i &hellip; <a href=\"https:\/\/www.big-animals.com\/pl\/the-reticulated-python\/\" class=\"more-link\">Continue reading <span class=\"screen-reader-text\">Reticulated Python<\/span><\/a><\/p>\n","protected":false},"author":1,"featured_media":0,"parent":0,"menu_order":0,"comment_status":"closed","ping_status":"open","template":"","meta":{"_acf_changed":false,"footnotes":""},"acf":[],"_links":{"self":[{"href":"https:\/\/www.big-animals.com\/pl\/wp-json\/wp\/v2\/pages\/625"}],"collection":[{"href":"https:\/\/www.big-animals.com\/pl\/wp-json\/wp\/v2\/pages"}],"about":[{"href":"https:\/\/www.big-animals.com\/pl\/wp-json\/wp\/v2\/types\/page"}],"author":[{"embeddable":true,"href":"https:\/\/www.big-animals.com\/pl\/wp-json\/wp\/v2\/users\/1"}],"replies":[{"embeddable":true,"href":"https:\/\/www.big-animals.com\/pl\/wp-json\/wp\/v2\/comments?post=625"}],"version-history":[{"count":0,"href":"https:\/\/www.big-animals.com\/pl\/wp-json\/wp\/v2\/pages\/625\/revisions"}],"wp:attachment":[{"href":"https:\/\/www.big-animals.com\/pl\/wp-json\/wp\/v2\/media?parent=625"}],"curies":[{"name":"wp","href":"https:\/\/api.w.org\/{rel}","templated":true}]}}