{"id":626,"date":"2011-05-09T11:34:31","date_gmt":"2011-05-09T11:34:31","guid":{"rendered":""},"modified":"2014-01-30T12:29:27","modified_gmt":"2014-01-30T12:29:27","slug":"the-ostrich-the-worlds-biggest-bird","status":"publish","type":"page","link":"https:\/\/www.big-animals.com\/pl\/the-ostrich-the-worlds-biggest-bird\/","title":{"rendered":"Stru\u015b &#8211; najwi\u0119kszy ptak na \u015bwiecie!"},"content":{"rendered":"<h3><span class=\"gts_text\" id=\"gts_text_1\">Jak du\u017cy jest stru\u015b?<\/span><\/h3>\n<p><span class=\"gts_text\" id=\"gts_text_2\">Stru\u015b afryka\u0144ski to\u00a0<\/span><span class=\"gts_text\">\u00a0pod wieloma wzgl\u0119dami najwi\u0119kszy\u00a0<a title=\"Strusia \u2013 Bird najwi\u0119kszy na \u015bwiecie!\" href=\"http:\/\/www.big-animals.com\/pl\/the-ostrich-the-worlds-biggest-bird\/\">ptak<\/a>\u00a0na \u015bwiecie<\/span><span class=\"gts_text\">\u00a0. <\/span><span class=\"gts_text\" id=\"gts_text_3\">Najwi\u0119ksze strusie \u00a0\u017cyj\u0105 w \u00a0Afryce\u00a0<\/span>P\u00f3\u0142nocnej\u00a0<span class=\"gts_text\">i mog\u0105 urosn\u0105\u0107 do oko\u0142o 9 st\u00f3p wysoko\u015bci (2.75 m). <\/span><span class=\"gts_text\" id=\"gts_text_4\">Mog\u0105 one wa\u017cy\u0107 340 funt\u00f3w (ponad 150 kg)! <img decoding=\"async\" style=\"width: 389px;height: 417px\" title=\"a typical human next to a typical ostrich\" alt=\"a picture showing the relatives sizes of a human and an ostrich\" src=\"http:\/\/ba.dr-mikes-maths.com\/\/wp-content\/themes\/twentyten\/images\/ba\/ostrich-and-human.png\" \/>B\u0119d\u0105c najwi\u0119kszymi z ptak\u00f3w strusie sk\u0142adaj\u0105 jaja o rozmiarze wi\u0119kszym ni\u017c jaja innych ptak\u00f3w &#8211; jedno\u00a0jajo \u00a0strusia wa\u017cy tyle co dwa tuziny jaj kurzych! Obrazek obok<\/span><span class=\"gts_text\" id=\"gts_text_6\">\u00a0pokazuje rozmiar du\u017cego strusia w por\u00f3wnaniu z wielko\u015bci\u0105 \u015bredniego cz\u0142owieka.<\/span><\/p>\n<h3><span class=\"gts_text\" id=\"gts_text_7\">Fakty i mity o strusiu<\/span><\/h3>\n<p><span class=\"gts_text\" id=\"gts_text_8\">Strusie s\u0105 znane od co najmniej czas\u00f3w rzymskich &#8211; w ko\u0144cu ci\u0119\u017cko by\u0142oby przeoczy\u0107 tak du\u017cego ptaka na\u00a0<\/span>trawiastych\u00a0<span class=\"gts_text\">r\u00f3wninach Afryki! <\/span><span class=\"gts_text\" id=\"gts_text_9\">Przez d\u0142ugi czas polowano na strusia dla jego mi\u0119sa i pi\u00f3r. <\/span><span class=\"gts_text\" id=\"gts_text_10\">W rzeczywisto\u015bci stru\u015b nieomal wygin\u0105\u0142 w XVIII wieku. <\/span><span class=\"gts_text\" id=\"gts_text_11\">Dzisiaj produkty uzyskiwane ze strusia, takie jak mi\u0119so, sk\u00f3ra i pi\u00f3ra pochodz\u0105 z hodowli strusi\u00f3w, podczas gdy dzikie\u00a0<\/span>strusie\u00a0przebywj\u0105 g\u0142\u00f3wnie na wolno\u015bci.<\/p>\n<p><span class=\"gts_text\" id=\"gts_text_12\">Strusie w obliczu strachu nie zagrzebuj\u0105 g\u0142\u00f3w w piasku. Kiedy nie mog\u0105 uciec, w\u00f3wczas k\u0142ad\u0105 si\u0119 w ten spos\u00f3b, \u017ce ich g\u0142owa i szyja spoczywaj\u0105 nieruchomo na ziemi.\u00a0<\/span><span class=\"gts_text\" id=\"gts_text_13\">\u00a0<\/span><span class=\"gts_text\" id=\"gts_text_14\">\u00a0Z oddali wygl\u0105daj\u0105 one w\u00f3wczas\u00a0<\/span><span class=\"gts_text\">\u00a0jak naturalna cz\u0119\u015b\u0107 krajobrazu. M\u00f3wi si\u0119 o nich tak\u017ce, \u017ce zjadaj\u0105<\/span><span class=\"gts_text\" id=\"gts_text_15\">\u00a0piasek i kamyki &#8211; prawdopodobnie pomaga im to w trawieniu \u017cywno\u015bci. <\/span><span class=\"gts_text\" id=\"gts_text_16\">By\u0107 mo\u017ce przyuwa\u017cono kiedy\u015b strusia jedz\u0105cego kamyki i w z\u0142y spos\u00f3b zinterpretowano jego zachowanie.<\/span><\/p>\n<p><span class=\"gts_text\" id=\"gts_text_17\">Stru\u015b potrafi tak\u017ce szybko biega\u0107 &#8211;\u00a0<\/span>na kr\u00f3tki dystns\u00a0<span class=\"gts_text\">mo\u017ce on osi\u0105gn\u0105\u0107 pr\u0119dkno\u015b\u0107 43 mil na godzin\u0119 (70 km\/h). <\/span><span class=\"gts_text\" id=\"gts_text_18\">To szybciej ni\u017c ko\u0144! <\/span><span class=\"gts_text\" id=\"gts_text_19\">Ponadto je\u015bli istanieje taka potrzeba, strusie potrafi\u0105 utrzyma\u0107 pr\u0119dko\u015b\u0107 30 mil na godzin\u0119 (50 kom\/h) przez 30 minut. Na koniec, j<\/span><span class=\"gts_text\" id=\"gts_text_20\">e\u015bli zawiod\u0105 wszystkie sposoby obrony, \u00a0stru\u015b mo\u017ce uciec si\u0119 do kopni\u0119cia wroga swoimi szponami, w kt\u00f3re s\u0105 uzbrojone jego palce od st\u00f3p. Takie kopni\u0119cie mo\u017ce zabi\u0107 nawet lwa!<\/span><\/p>\n<p>&nbsp;<\/p>\n<p><span style=\"float: left;text-align: center;font-size: 8px\"><img loading=\"lazy\" decoding=\"async\" title=\"ostrich and chick\" alt=\"ostrich and chick\" src=\"http:\/\/ba.dr-mikes-maths.com\/\/wp-content\/themes\/twentyten\/images\/ba\/ostrich_and_chick.jpg\" width=\"297\" height=\"404\" \/><br \/>\n<span class=\"gts_text\" id=\"gts_text_21\">Strusia i Chick &#8211; zdj\u0119cie przez &#8220;bmk&#8221;<\/span> Scientists call the ostrich <span style=\"font-style: italic\">Struthio Camelus<\/span>, which means &#8220;ostrich camel&#8221;. <\/span><span class=\"gts_text\" id=\"gts_text_22\">Naukowcy nazywaj\u0105 strusia <em>Struthio Camelusto, <\/em>co dos\u0142ownie oznacza&#8221;stru\u015b wielb\u0142\u0105dzi&#8221;. Nazwa ta zosta\u0142a u\u017cyta przez naukowc\u00f3w, kt\u00f3rzy jako pierwsi rozpocz\u0119li badania nad strusiem i spostrzegli, \u017ce ch\u00f3d strusia przypomina spos\u00f3b chodzenia wielb\u0142\u0119da.\u00a0\u00a0<\/span><span class=\"gts_text\" id=\"gts_text_23\">Strusie s\u0105 jedynymi zwierz\u0119tami, kt\u00f3re przynale\u017c\u0105 do rodziny ptak\u00f3w zwanej\u00a0<span style=\"font-style: italic\">Struthionidae<\/span>. Przynale\u017c\u0105 one tak\u017ce do rz\u0119du ptak\u00f3w strusiowatych (<em>Struthioniformes<\/em>).\u00a0<\/span><span class=\"gts_text\" id=\"gts_text_25\">Ptaki, kt\u00f3re znajduj\u0105 si\u0119 w tym rz\u0119dzie s\u0105 r\u00f3wnie\u017c nazywane <span style=\"font-style: italic\"><a title=\"Ptak\u00f3w bezgrzebieniowych\" href=\"http:\/\/www.big-animals.com\/pl\/ptak%c3%b3w-bezgrzebieniowych\/\">ptakami bezgrzebieniow<\/a>ymi<\/span>\u00a0 (ang. &#8220;Ratite&#8221;). Nazwa ta nie ma nic wsp\u00f3lnego ze szczurami (ang. &#8220;rat&#8221; &#8211; szczur); wyraz ten\u00a0\u00a0pochodzi od \u0142aci\u0144skiego s\u0142owa oznaczaj\u0105cego &#8220;tratw\u0119&#8221;. <\/span><span class=\"gts_text\" id=\"gts_text_26\">Ko\u015b\u0107 klatki piersiowej ptak\u00f3w bezgrzebieniowych jest p\u0142aska, podobnie jak p\u0142aska jest tratwa.<\/span>\u00a0Z ko\u015bci klatki piersiowej wi\u0119kszo\u015bci ptak\u00f3w wyrasta dodatkowy grzbiet, do kt\u00f3rego przylegaj\u0105 silne mi\u0119\u015bnie skrzyde\u0142.<\/p>\n<p>&nbsp;<\/p>\n<p><span class=\"gts_text\" id=\"gts_text_28\">Tak jak r\u00f3wnie\u017c jest na \u015bwiecie najwi\u0119kszym <a href=\"\/Birds.html\">ptaka<\/a>, strusie s\u0105<\/span><\/p>\n<ul>\n<li><span class=\"gts_text\" id=\"gts_text_29\">Bezgrzebieniowych najwi\u0119kszy na \u015bwiecie<\/span><\/li>\n<li><span class=\"gts_text\" id=\"gts_text_30\">Na \u015bwiecie najwi\u0119kszych (i najmniejsz\u0105 i tylko) <span style=\"font-style: italic\">Struthionidae<\/span>.<\/span><\/li>\n<\/ul>\n<p><span class=\"gts_text\" id=\"gts_text_31\">Strusia eats prawie wszystko, ale jego naturalne diety jest traw i ro\u015blin, z okazjonalnych owady lub jaszczurki generowane.<\/span><\/p>\n<h3><span class=\"gts_text\" id=\"gts_text_32\">Strusia gospodarstw<\/span><\/h3>\n<p><span class=\"gts_text\" id=\"gts_text_33\">Strusie nie poluje wi\u0119cej. <\/span><span class=\"gts_text\" id=\"gts_text_34\">Zamiast tego s\u0105 one hodowane w gospodarstwach strusia lub strusia ranczo. <\/span><span class=\"gts_text\" id=\"gts_text_35\">Strusie s\u0105 u\u017cyteczne dla ich mi\u0119sa, pi\u00f3r, sk\u00f3ry i nawet ich os\u0142onki jaja! <\/span><span class=\"gts_text\" id=\"gts_text_36\">Strusia gospodarstwa s\u0105 r\u00f3wnie\u017c atrakcj\u0105 turystyczn\u0105 w wielu miejscach &#8211; odwiedzi\u0142em park strusia w Malezji, i by\u0142 nawet okazj\u0119 dla dzieci, aby cieszy\u0107 si\u0119 wy\u015bcigami strusia!<\/span><\/p>\n<h3><span class=\"gts_text\" id=\"gts_text_37\">Strusia jaj<\/span><\/h3>\n<p><span style=\"float: right\"><img loading=\"lazy\" decoding=\"async\" title=\"an ostrich egg compared with a chicken's egg\" alt=\"an ostrich egg compared with a chicken's egg\" src=\"http:\/\/ba.dr-mikes-maths.com\/\/wp-content\/themes\/twentyten\/images\/ba\/ostrichegg.jpg\" width=\"400\" height=\"300\" \/><span class=\"gts_text\" id=\"gts_text_38\"><\/span> Ostrich eggs are huge! <\/span><span class=\"gts_text\" id=\"gts_text_39\">Obraz na lewo wskazuje Stru\u015b dalej jaj do jaj kurczaka. <\/span><span class=\"gts_text\" id=\"gts_text_40\">Os\u0142onki jaja jest bardzo gruby i silne. <\/span><span class=\"gts_text\" id=\"gts_text_41\">Ma by\u0107 silne, je\u017celi zwierz\u0119 wa\u017cenia sz\u00f3stego ogromne b\u0119dzie do zasiadania w go! <\/span><span class=\"gts_text\" id=\"gts_text_42\">Os\u0142onki jaja strusia s\u0142u\u017cy do art &#8211; mo\u017cesz kupi\u0107, na przyk\u0142ad rze\u017abione strusia jaj \u015bwiate\u0142 i wiele innych rzeczy. <\/span><span class=\"gts_text\" id=\"gts_text_43\">Mo\u017cna zobaczy\u0107 wiele przyk\u0142ad\u00f3w pi\u0119knego z <a href=\"http:\/\/images.google.com\/images?q=ostrich%20egg%20art&amp;ie=UTF-8&amp;oe=utf-8&amp;rls=org.mozilla:en-US:official&amp;client=firefox-a&amp;um=1&amp;sa=N&amp;tab=wi\" target=\"_blank\">google obrazu wyszukiwania<\/a>.<\/span><\/p>\n<h3><span class=\"gts_text\" id=\"gts_text_44\">Strusia mi\u0119sa<\/span><\/h3>\n<p><span class=\"gts_text\" id=\"gts_text_45\">Strusia mi\u0119so jest na kolor czerwony. <\/span><span class=\"gts_text\" id=\"gts_text_46\">Jest r\u00f3wnie\u017c bardzo zdrowych mi\u0119sa &#8211; jest niski w t\u0142uszczu i wysoki w minera\u0142\u00f3w takich jak \u017celaza i wapnia. <\/span><span class=\"gts_text\" id=\"gts_text_47\">Je\u015bli jeste\u015b zainteresowany Wypr\u00f3buj, mo\u017ce nawet mie\u0107 mo\u017cliwo\u015b\u0107 go kupi\u0107 w supermarket!<\/span><\/p>\n<h3><span class=\"gts_text\" id=\"gts_text_48\">Pi\u00f3ra strusia<\/span><\/h3>\n<p><span class=\"gts_text\" id=\"gts_text_49\">Strusie naturalnie upuszczania ich pi\u00f3r w okre\u015blonym czasie ka\u017cdego roku. <\/span><span class=\"gts_text\" id=\"gts_text_50\">Rolnik\u00f3w strusia mo\u017ce zebra\u0107 pi\u00f3ra nie szkodz\u0105c ptak. <\/span><span class=\"gts_text\" id=\"gts_text_51\">Pi\u00f3ra strusia s\u0105 u\u017cywane do bardzo dobre miote\u0142ki.<\/span><\/p>\n<h3><span class=\"gts_text\" id=\"gts_text_52\">Strusia sk\u00f3ry<\/span><\/h3>\n<p><span class=\"gts_text\" id=\"gts_text_53\">Sk\u00f3ry Stru\u015b sprawia, \u017ce bardzo silne sk\u00f3ry, kt\u00f3re mog\u0105 by\u0107 w\u0142\u0105czone do torby, torebki, buty, pas\u00f3w i wielu innych.<\/span><\/p>\n<h3><span class=\"gts_text\" id=\"gts_text_54\">Strusia Racing<\/span><\/h3>\n<p><span class=\"gts_text\" id=\"gts_text_55\">Strusia wy\u015bcigowy jest pukali po teraz, ale once upon a time by\u0142o bardzo popularne. <\/span><span class=\"gts_text\" id=\"gts_text_56\">Na ilustracji poni\u017cej przedstawiono starych poczt\u00f3wka z racer koszyk strusia.<\/span><\/p>\n<div style=\"text-align: center\"><img decoding=\"async\" title=\"An old postcard with an ostrich cart racer\" alt=\"An old postcard with an ostrich cart racer\" src=\"http:\/\/ba.dr-mikes-maths.com\/\/wp-content\/themes\/twentyten\/images\/ba\/ostrichcartjacksonville.jpg\" \/><\/div>\n","protected":false},"excerpt":{"rendered":"<p>Jak du\u017cy jest stru\u015b? Stru\u015b afryka\u0144ski to\u00a0\u00a0pod wieloma wzgl\u0119dami najwi\u0119kszy\u00a0ptak\u00a0na \u015bwiecie\u00a0. Najwi\u0119ksze strusie \u00a0\u017cyj\u0105 w \u00a0Afryce\u00a0P\u00f3\u0142nocnej\u00a0i mog\u0105 urosn\u0105\u0107 do oko\u0142o 9 st\u00f3p wysoko\u015bci (2.75 m). Mog\u0105 one wa\u017cy\u0107 340 funt\u00f3w (ponad 150 kg)! B\u0119d\u0105c najwi\u0119kszymi z ptak\u00f3w strusie sk\u0142adaj\u0105 jaja o rozmiarze wi\u0119kszym ni\u017c jaja innych ptak\u00f3w &#8211; jedno\u00a0jajo \u00a0strusia wa\u017cy tyle co dwa tuziny &hellip; <a href=\"https:\/\/www.big-animals.com\/pl\/the-ostrich-the-worlds-biggest-bird\/\" class=\"more-link\">Continue reading <span class=\"screen-reader-text\">Stru\u015b &#8211; najwi\u0119kszy ptak na \u015bwiecie!<\/span><\/a><\/p>\n","protected":false},"author":1,"featured_media":0,"parent":0,"menu_order":0,"comment_status":"closed","ping_status":"open","template":"","meta":{"_acf_changed":false,"footnotes":""},"acf":[],"_links":{"self":[{"href":"https:\/\/www.big-animals.com\/pl\/wp-json\/wp\/v2\/pages\/626"}],"collection":[{"href":"https:\/\/www.big-animals.com\/pl\/wp-json\/wp\/v2\/pages"}],"about":[{"href":"https:\/\/www.big-animals.com\/pl\/wp-json\/wp\/v2\/types\/page"}],"author":[{"embeddable":true,"href":"https:\/\/www.big-animals.com\/pl\/wp-json\/wp\/v2\/users\/1"}],"replies":[{"embeddable":true,"href":"https:\/\/www.big-animals.com\/pl\/wp-json\/wp\/v2\/comments?post=626"}],"version-history":[{"count":5,"href":"https:\/\/www.big-animals.com\/pl\/wp-json\/wp\/v2\/pages\/626\/revisions"}],"predecessor-version":[{"id":853,"href":"https:\/\/www.big-animals.com\/pl\/wp-json\/wp\/v2\/pages\/626\/revisions\/853"}],"wp:attachment":[{"href":"https:\/\/www.big-animals.com\/pl\/wp-json\/wp\/v2\/media?parent=626"}],"curies":[{"name":"wp","href":"https:\/\/api.w.org\/{rel}","templated":true}]}}