{"id":627,"date":"2011-05-09T11:34:53","date_gmt":"2011-05-09T11:34:53","guid":{"rendered":""},"modified":"2015-03-03T17:57:26","modified_gmt":"2015-03-03T17:57:26","slug":"diprotodon-najwiekszy-torbacz-wszech-czasow","status":"publish","type":"page","link":"https:\/\/www.big-animals.com\/pl\/diprotodon-najwiekszy-torbacz-wszech-czasow\/","title":{"rendered":"Diprotodon &#8211; najwi\u0119kszy torbacz wszech czas\u00f3w!"},"content":{"rendered":"<h3><span id=\"gts_text_1\" class=\"gts_text\">Jak wielki by\u0142 Diprotodon?<\/span><\/h3>\n<p><span id=\"gts_text_2\" class=\"gts_text\">Zanim ludzie dotarli do Australii, \u017cy\u0142o tam wiele du\u017cych zwierz\u0105t, kt\u00f3re wymar\u0142y. <\/span><span id=\"gts_text_3\" class=\"gts_text\">By\u0142y tam wielkie koala, dwukrotnie wi\u0119ksze od wsp\u00f3\u0142czesnych gatunk\u00f3w, wielkie kangury i inne. <\/span><span id=\"gts_text_4\" class=\"gts_text\">Najwi\u0119kszym z nich by\u0142o du\u017ce, ro\u015blino\u017cerne zwierz\u0119, podobne do <a title=\"Hippopotam\" href=\"http:\/\/www.big-animals.com\/hippopotamus\/\">hipopotama<\/a>, o nazwie <span style=\"font-style: italic\">Diprotodon<\/span>. <\/span><span id=\"gts_text_5\" class=\"gts_text\">Diprotodon by\u0142 najwi\u0119kszym <a href=\"\/Marsupials.html\">torbaczem<\/a> wszech czas\u00f3w. <\/span><span id=\"gts_text_6\" class=\"gts_text\">Mierzy\u0142 on oko\u0142o 3 metry d\u0142ugo\u015bci, 2 metry wysoko\u015bci, i przypuszczalnie wa\u017cy\u0142 oko\u0142o 2 ton. <\/span><span id=\"gts_text_7\" class=\"gts_text\">Wygl\u0105dem przypomina\u0142 wielkiego wombata.<\/span><br \/>\n<img decoding=\"async\" style=\"width: 600px;height: 250px\" src=\"http:\/\/ba.dr-mikes-maths.com\/\/wp-content\/themes\/twentyten\/images\/ba\/diprotodon-and-human.png\" alt=\"The Diprotodon and the human.\" \/><\/p>\n<h3><span id=\"gts_text_8\" class=\"gts_text\">Dlaczego one wygin\u0119\u0142y?<\/span><\/h3>\n<p><span id=\"gts_text_9\" class=\"gts_text\">Naukowcy nie s\u0105 zgodni co do przyczyn wygini\u0119cia <span style=\"font-style: italic\">Diprotodona<\/span>. <\/span><span id=\"gts_text_10\" class=\"gts_text\">Wiadomo, \u017ce sta\u0142o si\u0119 to na kr\u00f3tko po przybyciu ludzi, wi\u0119c mo\u017cliwe, \u017ce te \u0142agodne zwierz\u0119ta wygin\u0119\u0142y w wyniku polowa\u0144. <\/span><span id=\"gts_text_11\" class=\"gts_text\">W ka\u017cdym razie pierwsi Australijczycy zmienili r\u00f3wnie\u017c krajobraz i klimat Australii \u2013 lasy powoli sta\u0142y si\u0119 suche, a ich poszycie sta\u0142o si\u0119 mniej dogodne dla wielkich, powolnych ro\u015blino\u017cerc\u00f3w.<\/span><\/p>\n<p><span id=\"gts_text_12\" class=\"gts_text\">Dzisiaj, w wielu muzeach mo\u017cna obejrze\u0107 szkielety Diprotodona. <\/span><span id=\"gts_text_13\" class=\"gts_text\">Poza tym, jedyn\u0105 dost\u0119pn\u0105 wskaz\u00f3wk\u0105 dotycz\u0105c\u0105 ich wygl\u0105du jest <a href=\"http:\/\/images.google.com.au\/images?q=diprotodon\" target=\"_blank\">wyobra\u017ania artyst\u00f3w<\/a>.<\/span><\/p>\n<h3><span id=\"gts_text_14\" class=\"gts_text\">Fakty dotycz\u0105ce Diprotodona<\/span><\/h3>\n<p><span id=\"gts_text_15\" class=\"gts_text\">Naukowcy nie s\u0105 zgodni ile rodzaj\u00f3w Diprotodona istnia\u0142o na \u015bwiecie. <\/span><span id=\"gts_text_16\" class=\"gts_text\">Jedni twierdz\u0105, \u017ce istnia\u0142o 20 rodzaj\u00f3w, podczas gdy zdaniem innych istnia\u0142 tylko jeden. <\/span><span id=\"gts_text_17\" class=\"gts_text\">Ten jeden \u2013 lub te wszystkie \u2013 stanowi\u0142y <span style=\"font-style: italic\">rodzin\u0119<\/span> ssak\u00f3w o nazwie <span style=\"font-style: italic\">Diprotodontidae<\/span>, kt\u00f3re z kolei nale\u017ca\u0142y do jednego rz\u0119du ssak\u00f3w o nazwie <span style=\"font-style: italic\">Dwuprzodoz\u0119bowce (Diprotodontia)<\/span>.<\/span><span id=\"gts_text_18\" class=\"gts_text\">Wszystkie te imiona dotycz\u0105 jednej rzeczy \u2013 dw\u00f3ch przednich z\u0119b\u00f3w. <\/span><span id=\"gts_text_19\" class=\"gts_text\">Wszystkie najbardziej znane torbacze \u2013 kangury, walabie, koala i inne \u2013 nale\u017c\u0105 do tego samego rz\u0119du co Diprotodon, ale do r\u00f3\u017cnych rodzin.<\/span><\/p>\n<p><span id=\"gts_text_20\" class=\"gts_text\">St\u0105d te\u017c Diprotodon jest<\/span><\/p>\n<ul>\n<li><span id=\"gts_text_21\" class=\"gts_text\">Najwi\u0119kszym na \u015bwiecie <span style=\"font-style: italic\">Diprotodontidae<\/span>,<\/span><\/li>\n<li><span id=\"gts_text_22\" class=\"gts_text\">Najwi\u0119kszym <span style=\"font-style: italic\">Dwuprzodoz\u0119bowcem (Diprotodontia)<\/span>,<\/span><\/li>\n<\/ul>\n<p><span id=\"gts_text_23\" class=\"gts_text\">oraz najwi\u0119kszym torbaczem wszech czas\u00f3w. <\/span><span id=\"gts_text_24\" class=\"gts_text\">Nie jest jednak najwi\u0119kszym, wsp\u00f3\u0142cze\u015bnie jak i dawniej \u017cyj\u0105cym <a href=\"\/Mammals.html\">ssakiem<\/a>. <\/span><span id=\"gts_text_25\" class=\"gts_text\">To miejsce nale\u017cy do <a href=\"\/Blue-Whale.html\">p\u0142etwala b\u0142\u0119kitnego.<\/a><\/span><\/p>\n<h3><span id=\"gts_text_26\" class=\"gts_text\">Diprotodon i Bunyip<\/span><\/h3>\n<p><span id=\"gts_text_27\" class=\"gts_text\">W dawnych wierzeniach Australijczyk\u00f3w wyst\u0119puje przera\u017caj\u0105ca istota nazywana <span style=\"font-style: italic\">Bunyip<\/span>. <\/span><span id=\"gts_text_28\" class=\"gts_text\">Powiadano, \u017ce mieszka w pobli\u017cu rzek i wydaje przera\u017aliwy, dono\u015bny d\u017awi\u0119k. <\/span><span id=\"gts_text_29\" class=\"gts_text\">Co ciekawsze, kilku cz\u0142onk\u00f3w niekt\u00f3rych szczep\u00f3w rdzennych mieszka\u0144c\u00f3w Australii ujrza\u0142o raz ko\u015bci Diprotodona, i uzna\u0142o je za ko\u015bci Bunyip. <\/span><span id=\"gts_text_30\" class=\"gts_text\">Mo\u017cliwym jest wi\u0119c, \u017ce mit o bunyip oparty jest na w pe\u0142ni prawdziwym \u2013 ale obecnie nie\u017cyj\u0105cym &#8211; stworzeniu, jakim by\u0142 Diprotodon.<\/span><\/p>\n","protected":false},"excerpt":{"rendered":"<p>Jak wielki by\u0142 Diprotodon? Zanim ludzie dotarli do Australii, \u017cy\u0142o tam wiele du\u017cych zwierz\u0105t, kt\u00f3re wymar\u0142y. By\u0142y tam wielkie koala, dwukrotnie wi\u0119ksze od wsp\u00f3\u0142czesnych gatunk\u00f3w, wielkie kangury i inne. Najwi\u0119kszym z nich by\u0142o du\u017ce, ro\u015blino\u017cerne zwierz\u0119, podobne do hipopotama, o nazwie Diprotodon. Diprotodon by\u0142 najwi\u0119kszym torbaczem wszech czas\u00f3w. Mierzy\u0142 on oko\u0142o 3 metry d\u0142ugo\u015bci, 2 &hellip; <a href=\"https:\/\/www.big-animals.com\/pl\/diprotodon-najwiekszy-torbacz-wszech-czasow\/\" class=\"more-link\">Continue reading <span class=\"screen-reader-text\">Diprotodon &#8211; najwi\u0119kszy torbacz wszech czas\u00f3w!<\/span><\/a><\/p>\n","protected":false},"author":1,"featured_media":0,"parent":0,"menu_order":0,"comment_status":"closed","ping_status":"open","template":"","meta":{"_acf_changed":false,"footnotes":""},"acf":[],"_links":{"self":[{"href":"https:\/\/www.big-animals.com\/pl\/wp-json\/wp\/v2\/pages\/627"}],"collection":[{"href":"https:\/\/www.big-animals.com\/pl\/wp-json\/wp\/v2\/pages"}],"about":[{"href":"https:\/\/www.big-animals.com\/pl\/wp-json\/wp\/v2\/types\/page"}],"author":[{"embeddable":true,"href":"https:\/\/www.big-animals.com\/pl\/wp-json\/wp\/v2\/users\/1"}],"replies":[{"embeddable":true,"href":"https:\/\/www.big-animals.com\/pl\/wp-json\/wp\/v2\/comments?post=627"}],"version-history":[{"count":7,"href":"https:\/\/www.big-animals.com\/pl\/wp-json\/wp\/v2\/pages\/627\/revisions"}],"predecessor-version":[{"id":892,"href":"https:\/\/www.big-animals.com\/pl\/wp-json\/wp\/v2\/pages\/627\/revisions\/892"}],"wp:attachment":[{"href":"https:\/\/www.big-animals.com\/pl\/wp-json\/wp\/v2\/media?parent=627"}],"curies":[{"name":"wp","href":"https:\/\/api.w.org\/{rel}","templated":true}]}}