{"id":630,"date":"2011-05-09T11:35:53","date_gmt":"2011-05-09T11:35:53","guid":{"rendered":""},"modified":"2015-03-03T15:20:59","modified_gmt":"2015-03-03T15:20:59","slug":"the-worlds-najwi%c4%99kszy-ptak%c3%b3w","status":"publish","type":"page","link":"https:\/\/www.big-animals.com\/pl\/the-worlds-najwi%c4%99kszy-ptak%c3%b3w\/","title":{"rendered":"Ptaki najwi\u0119kszy na \u015bwiecie!"},"content":{"rendered":"<p>&nbsp;<\/p>\n<h3><span id=\"gts_text_1\" class=\"gts_text\">Co to jest to ptak?<\/span><\/h3>\n<p><span id=\"gts_text_2\" class=\"gts_text\">Oczywi\u015bcie, wszyscy wiemy co to s\u0105 ptaki!<\/span> Opowiem Wam tutaj, gdzie jest miejsce ptak\u00f3w\u00a0w kr\u00f3lestwie zwierz\u0105t<span id=\"gts_text_3\" class=\"gts_text\">\u00a0&#8211; kt\u00f3re zwierz\u0119ta przypominaj\u0105, w czym s\u0105 podobne i czym si\u0119 r\u00f3\u017cni\u0105 od innych zwierz\u0105t.<\/span> <span id=\"gts_text_4\" class=\"gts_text\">Ptaki s\u0105 <a href=\"\/Vertebrates.html\">kr\u0119gowc<\/a>ami\u00a0&#8211; tak jak my, maj\u0105 ko\u015bci.<\/span> <span id=\"gts_text_5\" class=\"gts_text\">Wi\u0119kszo\u015b\u0107 ptak\u00f3w ma ko\u015bci puste w \u015brodku, co c<\/span><span id=\"gts_text_6\" class=\"gts_text\">zyni je znacznie l\u017cejszymi. Gdyby \u00a0ptaki mia\u0142y takie ko\u015bci jak my, nie mog\u0142yby lata\u0107.<\/span><\/p>\n<p><span id=\"gts_text_7\" class=\"gts_text\">Ptaki s\u0105 r\u00f3wnie\u017c &#8220;sta\u0142ocieplne&#8221;, co oznacza, \u017ce potrafi\u0105 zachowa\u0107 sta\u0142\u0105 temperatur\u0119 swojego cia\u0142a\u00a0(podobnie jak ssaki).<\/span> <span id=\"gts_text_8\" class=\"gts_text\">R\u00f3\u017cni\u0105 si\u0119 on od innych kr\u0119gowc\u00f3w, takich jak gady, p\u0142azy i ryby.<\/span><\/p>\n<p><span id=\"gts_text_9\" class=\"gts_text\">Naukowa nazwa\u00a0dla tej grupy zwierz\u0105t to po prostu \u0142aci\u0144skie s\u0142owo\u00a0&#8220;Ptak&#8221;-<\/span> <span style=\"font-style: italic\"><span id=\"gts_text_10\" class=\"gts_text\">Aves<\/span><\/span><span id=\"gts_text_11\" class=\"gts_text\">.<\/span> <span id=\"gts_text_12\" class=\"gts_text\">Naukowiec, kt\u00f3ry bada ptaki nazywa si\u0119<\/span>\u00a0<span style=\"font-style: italic\"><span id=\"gts_text_13\" class=\"gts_text\">Ornitolog<\/span><\/span><span id=\"gts_text_14\" class=\"gts_text\">.<\/span><\/p>\n<h3><span id=\"gts_text_15\" class=\"gts_text\">Co sprawia, \u017ce ptaki s\u0105 wyj\u0105tkowe?<\/span><\/h3>\n<p><span id=\"gts_text_16\" class=\"gts_text\">Wi\u0119kszo\u015b\u0107 kr\u0119gowc\u00f3w na ziemi\u00a0ma cztery nogi.<\/span> <span id=\"gts_text_17\" class=\"gts_text\">Ptaki, zamiast tego maj\u0105 dwie nogi i dwa skrzyd\u0142a.<\/span> <span id=\"gts_text_18\" class=\"gts_text\">Wi\u0119kszo\u015b\u0107 ptak\u00f3w potrafi lata\u0107 u\u017cywaj\u0105c swoich\u00a0skrzyde\u0142 \u2014 s\u0105 jednak wyj\u0105tki takie jak\u00a0pingwiny, wymar\u0142y Dodo i najwi\u0119kszy z \u017cyj\u0105cych na \u015bwiecie ptak\u00f3w, <a href=\"\/Ostrich.html\">stru<\/a>\u015b.<\/span> <span style=\"float: right\"><img loading=\"lazy\" decoding=\"async\" class=\" gts_attribute gts_attribute_1_alt\" src=\"http:\/\/ba.dr-mikes-maths.com\/\/wp-content\/themes\/twentyten\/images\/ba\/feather.jpg\" alt=\"Wtapianie ptaka \u015bledzi ciep\u0142\u0105 i pomaga on lata\u0107\" width=\"225\" height=\"300\" \/><\/span><span id=\"gts_text_19\" class=\"gts_text\">Tylko ptaki maj\u0105 pi\u00f3ra &#8211; pi\u00f3ra ptaka zachowuj\u0105\u00a0ciep\u0142o i pomagaj\u0105 w lataniu.<\/span> <span id=\"gts_text_20\" class=\"gts_text\">Ptaki maj\u0105 dzi\u00f3b i nie maj\u0105\u00a0z\u0119b\u00f3w.<\/span>\u00a0Po kszta\u0142cie ptasiego dzioba, cz\u0119sto mo\u017cna\u00a0<span id=\"gts_text_21\" class=\"gts_text\">odgadn\u0105\u0107, czym \u017cywi si\u0119 ptak &#8211; papug\u0105, kt\u00f3ra lubi roz\u0142upywa\u0107 nasiona ma kr\u00f3tki i silny dzi\u00f3b, a\u00a0koliber, kt\u00f3ry pije nektar\u00a0z kwiat\u00f3w ma d\u0142ugi i cienki dzi\u00f3b.<\/span> <span id=\"gts_text_22\" class=\"gts_text\">Ponadto, wszystkie ptaki sk\u0142adaj\u0105 jaja!<\/span> Ptasie jajo ma<span id=\"gts_text_23\" class=\"gts_text\">\u00a0tward\u0105 skorup\u0119, w odr\u00f3\u017cnieniu od jaj znoszonych przez\u00a0gady, p\u0142azy i ryby.<\/span> <span id=\"gts_text_24\" class=\"gts_text\">Zwykle maj\u0105 one mi\u0119kkie skorupy &#8211; czasami tak mi\u0119kkie, \u017ce ich pow\u0142ok\u0119 ci\u0119\u017cko nazwa\u0107 skorupk\u0105!<\/span><\/p>\n<p><span id=\"gts_text_25\" class=\"gts_text\">Ptaki nie maj\u0105 strun g\u0142osowych tak jak my.<\/span>\u00a0Wytwarzaj\u0105 d\u017awi\u0119ki w cz\u0119\u015bci gard\u0142a zwanej krtani\u0105. Kiedy<span id=\"gts_text_27\" class=\"gts_text\">\u00a0powietrze przechodzi przez krta\u0144, boki krtani wibruj\u0105 i wytwarzaj\u0105 d\u017awi\u0119k.<\/span>\u00a0Niekt\u00f3re ptaki potrafi\u0105 wytwarza\u0107 r\u00f3\u017cne d\u017awi\u0119ki ka\u017cd\u0105 stron\u0105 krtani \u015bpiewaj\u0105c dwie r\u00f3\u017cne piosenki w tym samym czasie!<\/p>\n<h3><span id=\"gts_text_29\" class=\"gts_text\">Jakie s\u0105 rodzaje ptak\u00f3w?<\/span><\/h3>\n<p><span id=\"gts_text_30\" class=\"gts_text\">Istnieje ponad 10000 r\u00f3\u017cnych rodzaj\u00f3w\u00a0ptak\u00f3w.<\/span> <span id=\"gts_text_31\" class=\"gts_text\">Ptaki tworz\u0105 grup\u0119 zwierz\u0105t (naukowcy powiedzieliby <em>klas\u0119<\/em>) <em>Aves<\/em>, kt\u00f3ra po \u0142acinie znaczy\u00a0&#8220;ptak&#8221;.<\/span> <span id=\"gts_text_32\" class=\"gts_text\">Ta <em>Klasa<\/em> jest podzielona na mniejsze grupy, zwane\u00a0<em>rz\u0119dami<\/em>.<\/span> <span id=\"gts_text_33\" class=\"gts_text\">Naukowcy wci\u0105\u017c debatuj\u0105 nad tym jakie powinny to by\u0107 grupy i kt\u00f3re ptaki powinny nale\u017ce\u0107 do ka\u017cdej z nich.<\/span> <span id=\"gts_text_34\" class=\"gts_text\">Jednak\u017ce, jest jeden\u00a0wykaz tych grup, co do kt\u00f3rego wszyscy si\u0119 zgadzaj\u0105:<\/span><\/p>\n<ol>\n<li><span id=\"gts_text_35\" class=\"gts_text\"><em>Jastrz\u0119biowe<\/em> obejmuje wi\u0119kszo\u015b\u0107 ptaki drapie\u017cne kt\u00f3re polowanie na dzie\u0144.<\/span> <span id=\"gts_text_36\" class=\"gts_text\">Oznacza to, \u017ce ptaki, takie jak ospreys, S\u0119p\u00f3w, a hawks s\u0105 wszystkie w tej kolejno\u015bci.<\/span> <span id=\"gts_text_37\" class=\"gts_text\">Niekt\u00f3rzy naukowcy uwa\u017caj\u0105 zamiast tego, \u017ce wszystkie ptaki te powinny by\u0107 liczone jako <em>Szponiaste<\/em>.<\/span> <span id=\"gts_text_38\" class=\"gts_text\">Istniej\u0105 oko\u0142o 220 gatunki Jastrz\u0119biowe.<\/span><\/li>\n<li><span id=\"gts_text_39\" class=\"gts_text\"><a class=\" gts_attribute gts_attribute_3_title\" title=\"Waterfowl\" href=\"http:\/\/www.big-animals.com\/waterfowl\/\"><em>Anseriformes<\/em><\/a> obejmuj\u0105 oko\u0142o 150 gatunk\u00f3w (typy) ptak\u00f3w.<\/span> <span id=\"gts_text_40\" class=\"gts_text\">One maj\u0105 webbed st\u00f3p i s\u0105 bardzo szcz\u0119\u015bliwy w wodzie.<\/span> <span id=\"gts_text_41\" class=\"gts_text\">Obejmuj\u0105 one &#8211; mo\u017cna go odgadn\u0105\u0107 &#8211; kaczek!<\/span> <span id=\"gts_text_42\" class=\"gts_text\">R\u00f3wnie\u017c g\u0119si, The swans i wiele innych <a class=\" gts_attribute gts_attribute_4_title\" title=\"Waterfowl\" href=\"http:\/\/www.big-animals.com\/waterfowl\/\">ptak\u00f3w wodnych<\/a>.<\/span><\/li>\n<li><span id=\"gts_text_43\" class=\"gts_text\">Istnieje prawie 450 r\u00f3\u017cnych gatunk\u00f3w <em>APODIFORMES (JERZYKOWE)<\/em> &#8211; to szybko Lataj\u0105cy, ma\u0142y ptak, takich jak kolibry i jerzykowate.<\/span> <span id=\"gts_text_44\" class=\"gts_text\"><em>APODIFORMES (JERZYKOWE)<\/em> oznacza &#8220;footless&#8221; &#8211; chocia\u017c te ptaki maj\u0105 n\u00f3g, st\u00f3p s\u0105 niewielkie i nie jest u\u017cywana do wiele z wyj\u0105tkiem Relief.<\/span><\/li>\n<li><span id=\"gts_text_45\" class=\"gts_text\"><em>Lelkowe<\/em> stan u\u015bpienia w ci\u0105gu dnia i s\u0105 w stanie aktywno\u015bci w nocy.<\/span> <span id=\"gts_text_46\" class=\"gts_text\">Jedz\u0105 owady, ale ludzie po uwa\u017cano, karmione wy\u0142\u0105czy\u0107 k\u00f3z!<\/span> <span id=\"gts_text_47\" class=\"gts_text\">Program word <em>Lelkowe<\/em> oznacza &#8220;koza sucker&#8221;!<\/span> <span id=\"gts_text_48\" class=\"gts_text\">Lelkowate jest typow\u0105 Caprimulgiforme.<\/span><\/li>\n<li><span id=\"gts_text_49\" class=\"gts_text\"><a class=\" gts_attribute gts_attribute_5_title\" title=\"Waders\" href=\"http:\/\/www.big-animals.com\/waders\/\"><em>Siewkowe<\/em><\/a> zamieszkuj\u0105 w pobli\u017cu Morza, pobrania skorupiak\u00f3w wy\u0142\u0105czy\u0107 ska\u0142ki lub kopania w b\u0142ocie.<\/span> <span id=\"gts_text_50\" class=\"gts_text\">Oto niekt\u00f3re przyk\u0142ady mewy i niezdolno\u015bci.<\/span><\/li>\n<li><span id=\"gts_text_51\" class=\"gts_text\"><em>Brodz\u0105ce<\/em> to czaplami, Bociany, spoonbills i podobne ptak\u00f3w.<\/span> <span id=\"gts_text_52\" class=\"gts_text\">Niekt\u00f3rzy naukowcy uwa\u017caj\u0105, \u017ce ameryka\u0144ski S\u0119p\u00f3w i condors nale\u017c\u0105 r\u00f3wnie\u017c tej grupy, ale nie wszystkie zgadzaj\u0105 si\u0119.<\/span><\/li>\n<li><span id=\"gts_text_53\" class=\"gts_text\"><em>Czepigi<\/em>lub Mousebirds, wszystkie \u017cywe w Afryce.<\/span> <span id=\"gts_text_54\" class=\"gts_text\">S\u0105 one stosunkowo ma\u0142ych ptak\u00f3w, kt\u00f3re wydaj\u0105 si\u0119 scurry poprzez drzew takich jak myszy, jak flit, oddzia\u0142 oddzia\u0142 szukasz jagody.<\/span><\/li>\n<li><span id=\"gts_text_55\" class=\"gts_text\"><a class=\" gts_attribute gts_attribute_6_title\" title=\"Columbidae\" href=\"http:\/\/www.big-animals.com\/columbidae\/\"><em>Go\u0142\u0119biowe<\/em><\/a> obejmuj\u0105 doves i go\u0142\u0119bi, jak r\u00f3wnie\u017c teraz wymar\u0142y <a class=\" gts_attribute gts_attribute_7_title\" title=\"Dodo\" href=\"http:\/\/www.big-animals.com\/dodo\/\">Dodo<\/a>.<\/span> <span id=\"gts_text_56\" class=\"gts_text\">W przeciwie\u0144stwie do wi\u0119kszo\u015bci innych ptak\u00f3w doves i go\u0142\u0119bi maj\u0105 mo\u017cliwo\u015b\u0107 pi\u0107 przez ssania wody.<\/span> <span id=\"gts_text_57\" class=\"gts_text\">Inne ptaki wszystkie maj\u0105 aby pochyli\u0107 ich g\u0142owy z powrotem do picia.<\/span><\/li>\n<li><span id=\"gts_text_58\" class=\"gts_text\"><em>Kraskowe<\/em> s\u0105 kolorowe ptak\u00f3w, w\u0142\u0105czaj\u0105c w to kingfishers, hoopoes, bee-eaters i inne.<\/span> <span id=\"gts_text_59\" class=\"gts_text\">S\u0142owo <em>Kraskowe<\/em> pochodzi z \u0142aci\u0144skich s\u0142owa, co oznacza &#8220;Raven, przypominaj\u0105cego&#8221;, mimo \u017ce Ravens nie znajduj\u0105 si\u0119 w tej grupie.<\/span><\/li>\n<li><span id=\"gts_text_60\" class=\"gts_text\"><em>Kuku\u0142kowe<\/em> obejmuj\u0105 cuckoos i innego ptactwa takie Turacos (banan\u00f3w eaters) oraz nietypowe ptak o nazwie Hoacyn, kt\u00f3ry wygl\u0105da ca\u0142kiem pi\u0119kne i mieszka w tropikalnych bagna.<\/span><\/li>\n<li><span id=\"gts_text_61\" class=\"gts_text\"><em>Szponiaste<\/em> zawieraj\u0105, to falcons odgadn\u0105\u0107!<\/span> <span id=\"gts_text_62\" class=\"gts_text\">Niekt\u00f3rzy naukowcy powiedzie\u0107, \u017ce <em>Jastrz\u0119biowe<\/em> (hawks, Or\u0142y i in.), r\u00f3wnie\u017c powinny by\u0107 liczone jako <em>Szponiaste<\/em>.<\/span> <span id=\"gts_text_63\" class=\"gts_text\">Je\u015bli nie podasz <em>Jastrz\u0119biowe<\/em>, istnieje oko\u0142o 60 gatunk\u00f3w <em>Szponiaste<\/em>.<\/span><\/li>\n<li><span id=\"gts_text_64\" class=\"gts_text\"><a class=\" gts_attribute gts_attribute_8_title\" title=\"Galliformes\" href=\"http:\/\/www.big-animals.com\/galliformes\/\"><em>Galliformes<\/em><\/a> s\u0105 250 lub tak r\u00f3\u017cnych gatunk\u00f3w kurczaka, Turcji, przepi\u00f3rek i podobne ptak\u00f3w.<\/span> <span id=\"gts_text_65\" class=\"gts_text\">Wszystkie mog\u0105 p\u0142ywa\u0107, ale najbardziej nie mog\u0105 p\u0142ywa\u0107 bardzo dobrze.<\/span><\/li>\n<li><span id=\"gts_text_66\" class=\"gts_text\"><em>Nury<\/em> jest kolejno\u015b\u0107 podana do 5 gatunk\u00f3w (typy) Loon lub Diver.<\/span> <span id=\"gts_text_67\" class=\"gts_text\">Te ptaki wygl\u0105da\u0107 nieco kaczek, ale ich dzi\u00f3b jest gwa\u0142townie wskaza\u0142.<\/span> <span id=\"gts_text_68\" class=\"gts_text\">P\u0142ywanie spokojnie na powierzchni, a nast\u0119pnie nagle nurkowanie, \u0142owienia ryb lub \u017baba i powodu spo\u017cycia ca\u0142ego one polowanie ryb.<\/span><\/li>\n<li><span id=\"gts_text_69\" class=\"gts_text\"><em>\u017burawiowe<\/em> oznacza &#8220;podobne do \u017buraw&#8221;.<\/span> <span id=\"gts_text_70\" class=\"gts_text\">To jest nieparzysta grupowania ptak\u00f3w &#8211; niekt\u00f3rzy cz\u0142onkowie wygl\u0105daj\u0105 ca\u0142kowicie r\u00f3\u017cni\u0105 si\u0119 od innych, ale ich wewn\u0119trznego anatomii dzia\u0142a podobnie.<\/span> <span id=\"gts_text_71\" class=\"gts_text\">Tak\u017ce w przesz\u0142o\u015bci, niekt\u00f3re ptaki maj\u0105 nazywane \u017burawiowe tylko dlatego, \u017ce nie pasuje do innej grupy.<\/span> <span id=\"gts_text_72\" class=\"gts_text\">Z tego powodu naukowc\u00f3w s\u0105 nadal debat, dok\u0142adnie kt\u00f3rych ptaki nale\u017c\u0105 w \u017burawiowe.<\/span><\/li>\n<li><span id=\"gts_text_73\" class=\"gts_text\"><em>Passeriformes<\/em> s\u0105 najwi\u0119ksz\u0105 grup\u0105 ptak\u00f3w z ponad 5000 r\u00f3\u017cnych typ\u00f3w (gatunk\u00f3w).<\/span> <span id=\"gts_text_74\" class=\"gts_text\">Nazywa si\u0119 je tak\u017ce<\/span> <span style=\"font-style: italic\"><span id=\"gts_text_75\" class=\"gts_text\">Wr\u00f3blowe<\/span><\/span><span id=\"gts_text_76\" class=\"gts_text\">, lub Relief ptak\u00f3w.<\/span><\/li>\n<li><span id=\"gts_text_77\" class=\"gts_text\"><em>Pe\u0142nop\u0142etwe<\/em> s\u0105 \u015brednie ptak\u00f3w wodnych.<\/span> <span id=\"gts_text_78\" class=\"gts_text\">Maj\u0105 one ta\u015bmy tapicerskie, kt\u00f3ry obejmuje wszystkie cztery ich palce i one oddycha\u0107, poprzez ich uj\u015bciami, poniewa\u017c nie wdycha\u0107 poprzez ich nozdrzy.<\/span> <span id=\"gts_text_79\" class=\"gts_text\">Niekt\u00f3re mieszanki <em>Pe\u0142nop\u0142etwe<\/em> s\u0105 pelikany i cormorants.<\/span><\/li>\n<li><span id=\"gts_text_80\" class=\"gts_text\"><a class=\" gts_attribute gts_attribute_9_title\" title=\"Flamingos\" href=\"http:\/\/www.big-animals.com\/flamingos\/\"><em>Phoenicopteriformes<\/em><\/a>&#8216; nazwa oznacza Phoenix podobne.<\/span> <span id=\"gts_text_81\" class=\"gts_text\">S\u0105 one half-dozen lub tak gatunk\u00f3w <a class=\" gts_attribute gts_attribute_10_title\" title=\"Flamingos\" href=\"http:\/\/www.big-animals.com\/flamingos\/\">Flamingo<\/a>.<\/span><\/li>\n<li><span id=\"gts_text_82\" class=\"gts_text\"><em>Dzi\u0119cio\u0142owe<\/em> s\u0105 puchacze, toucans i podobne ptak\u00f3w.<\/span> <span id=\"gts_text_83\" class=\"gts_text\">Wi\u0119kszo\u015b\u0107 Dzi\u0119cio\u0142owe \u017cywych drzew i jedz\u0105 owady.<\/span><span style=\"float: right\"><img loading=\"lazy\" decoding=\"async\" class=\" gts_attribute gts_attribute_2_alt\" src=\"http:\/\/ba.dr-mikes-maths.com\/\/wp-content\/themes\/twentyten\/images\/ba\/grebe.jpg\" alt=\"Perkoz, siedz\u0105cy na jego gniazdem.\" width=\"250\" height=\"233\" \/><\/span><\/li>\n<li><span id=\"gts_text_84\" class=\"gts_text\"><em>Podicipediformes<\/em> obejmuj\u0105 tylko 22 gatunk\u00f3w ptak\u00f3w, nazywane Grebes.<\/span> <span id=\"gts_text_85\" class=\"gts_text\">Grebes s\u0105 \u015brednio-du\u017cego rozmiaru i \u017cywe w pobli\u017cu wody.<\/span> <span id=\"gts_text_86\" class=\"gts_text\">Nie p\u0142ywaj\u0105 bardzo dobrze, wi\u0119c kiedy chc\u0105 Ucieczka, one dive pod wod\u0105 w zamian.<\/span> <span id=\"gts_text_87\" class=\"gts_text\">To jest obrazek perkoz po prawej stronie.<\/span><\/li>\n<li><span id=\"gts_text_88\" class=\"gts_text\"><em>Rurkonose<\/em> Petrels i Albatrosses, w szczeg\u00f3lno\u015bci obejmowa\u0107 najwi\u0119kszych (ale nie najci\u0119\u017cszej) ptaka latania, <a href=\"\/Wandering-Albatross.html\">Albatros w\u0119drowny<\/a> .<\/span><\/li>\n<li><span id=\"gts_text_89\" class=\"gts_text\"><a class=\" gts_attribute gts_attribute_11_title\" title=\"Parrots\" href=\"http:\/\/www.big-animals.com\/parrots\/\"><em>Papugowe<\/em><\/a> s\u0105 <a class=\" gts_attribute gts_attribute_12_title\" title=\"Parrots\" href=\"http:\/\/www.big-animals.com\/parrots\/\">papugowate i cockatoos<\/a>.<\/span> <span id=\"gts_text_90\" class=\"gts_text\">To zam\u00f3wienie obejmuje niekt\u00f3re z najbardziej inteligentnych wszystkich ptak\u00f3w!<\/span><\/li>\n<li><span id=\"gts_text_91\" class=\"gts_text\">Istniej\u0105 tylko 16 typy <em>Pteroclidiformes<\/em> &#8211; Sandgrouses.<\/span> <span id=\"gts_text_92\" class=\"gts_text\">Tych sta\u0142ych, silne ulotki \u017cyj\u0105 na r\u00f3wninach w Hiszpanii, Portugalii, Afryce i Indii.<\/span><\/li>\n<li><span id=\"gts_text_93\" class=\"gts_text\"><a class=\" gts_attribute gts_attribute_13_title\" title=\"Penguins\" href=\"http:\/\/www.big-animals.com\/penguins\/\"><em>Pingwiny<\/em><\/a> s\u0105 17 do 20 r\u00f3\u017cnych gatunk\u00f3w <a class=\" gts_attribute gts_attribute_14_title\" title=\"Penguins\" href=\"http:\/\/www.big-animals.com\/penguins\/\">pingwin\u00f3w<\/a>.<\/span> <span id=\"gts_text_94\" class=\"gts_text\">Pingwiny \u017cywych tylko na po\u0142udniowej p\u00f3\u0142kuli &#8211; tak nied\u017awiedzie polarne nigdy nie spe\u0142niaj\u0105 Penguins w rzeczywisto\u015bci.<\/span> <span id=\"gts_text_95\" class=\"gts_text\">Nie wszystkie Pingwiny na \u017cywo w miejscach snowy &#8211; istnieje jeszcze jedna, kt\u00f3ry mieszka na wyspie Galapagos elementu!<\/span><\/li>\n<li><span id=\"gts_text_96\" class=\"gts_text\"><a class=\" gts_attribute gts_attribute_15_title\" title=\"Owls\" href=\"http:\/\/www.big-animals.com\/owls\/\">Owls<\/a> s\u0105 nazywane <a class=\" gts_attribute gts_attribute_16_title\" title=\"Owls\" href=\"http:\/\/www.big-animals.com\/owls\/\"><em>Sowy.<\/em><\/a>.<\/span> <span id=\"gts_text_97\" class=\"gts_text\">Wi\u0119kszo\u015b\u0107 owls spa\u0107 w ci\u0105gu dnia, polowanie w nocy i maj\u0105 oczy stoj\u0105ce przed przedni\u0105.<\/span> <span id=\"gts_text_98\" class=\"gts_text\">Jednak\u017ce (podobnie jak wi\u0119kszo\u015b\u0107 ptak\u00f3w) one z nich Can&#8217;t turn oczami, tak aby rozejrze\u0107, musz\u0105 oni ogl\u0105daj\u0105 ca\u0142e!<\/span><\/li>\n<li><span id=\"gts_text_99\" class=\"gts_text\"><a class=\" gts_attribute gts_attribute_17_title\" title=\"Ratites\" href=\"http:\/\/www.big-animals.com\/ratites\/\"><em>Strusie<\/em><\/a> oznacza &#8220;Podobne do Ostrich&#8221;.<\/span> <span id=\"gts_text_100\" class=\"gts_text\">Ptaki te nie mog\u0105 p\u0142ywa\u0107 i nie m\u00f3g\u0142 nawet wtedy, gdy mieli du\u017ce skrzyd\u0142a.<\/span> <span id=\"gts_text_101\" class=\"gts_text\">Jest tak, poniewa\u017c ich ko\u015bci klatki piersiowej jest p\u0142askim &#8211; ma siedziby ich mi\u0119\u015bni skrzyd\u0142o do\u0142\u0105czy\u0107 w\u0142a\u015bciwie do.<\/span> <span id=\"gts_text_102\" class=\"gts_text\">Z tego powodu te ptaki s\u0105 r\u00f3wnie\u017c nazywane &#8220;<a class=\" gts_attribute gts_attribute_18_title\" title=\"Ratites\" href=\"http:\/\/www.big-animals.com\/ratites\/\">ptak\u00f3w bezgrzebieniowych<\/a>&#8220;, po \u0142aci\u0144skiego s\u0142owa &#8220;tratw\u0119&#8221;.<\/span> <span id=\"gts_text_103\" class=\"gts_text\">Najwi\u0119ksze \u017cycia swiatowa &#8211; <a href=\"\/Ostrich.html\">strusia<\/a> &#8211; jest bezgrzebieniowych.<\/span> <span id=\"gts_text_104\" class=\"gts_text\">Co to jest wi\u0119cej i najci\u0119\u017cszy<\/span> <span style=\"font-style: italic\"><span id=\"gts_text_105\" class=\"gts_text\">kiedykolwiek<\/span><\/span> <span id=\"gts_text_106\" class=\"gts_text\">ptaki ( <a href=\"\/Giant-Moa.html\">Giant Moa<\/a> i <a class=\" gts_attribute gts_attribute_19_title\" title=\"Elephant Bird\" href=\"http:\/\/www.big-animals.com\/elephant-bird-2\/\">Elephant Bird<\/a>) by\u0142y r\u00f3wnie\u017c ptak\u00f3w bezgrzebieniowych.<\/span><\/li>\n<li><span id=\"gts_text_107\" class=\"gts_text\"><em>Tinamiformes<\/em> obejmuj\u0105 oko\u0142o 47 typ\u00f3w ptak\u00f3w \u017cyj\u0105cych w ziemi, kt\u00f3re wygl\u0105daj\u0105 podobnie do przepi\u00f3rek.<\/span> <span id=\"gts_text_108\" class=\"gts_text\">\u017byj\u0105 w Ameryce Po\u0142udniowej i Meksyku i s\u0105 nazywane Tinamous.<\/span><\/li>\n<li><span id=\"gts_text_109\" class=\"gts_text\">Nazwa <em>Trogony<\/em> pochodzi od greckiego s\u0142owa<\/span><span style=\"font-style: italic\"><span id=\"gts_text_110\" class=\"gts_text\">Trogony<\/span><\/span><span id=\"gts_text_111\" class=\"gts_text\">, co oznacza &#8220;nibbling&#8221;.<\/span> <span id=\"gts_text_112\" class=\"gts_text\">Ptaki te, nazywane Trogons lub Quetzals, uzyska\u0107 ich nazw\u0119 z ich rodzaj gryzienia otwor\u00f3w drzew, aby uczyni\u0107 ich gniazd.<\/span><\/li>\n<li><span id=\"gts_text_113\" class=\"gts_text\"><em>Turniciformes<\/em> s\u0105 innej grupy ptak\u00f3w, kt\u00f3re wygl\u0105daj\u0105 jak przepi\u00f3rki.<\/span> <span id=\"gts_text_114\" class=\"gts_text\">Nazywane r\u00f3wnie\u017c Przepi\u00f3rniki, \u017cyj\u0105 w Afryce, Azji i Australii.<\/span><\/li>\n<\/ol>\n<h3><span id=\"gts_text_115\" class=\"gts_text\">Co to jest najwi\u0119kszym swiatowa?<\/span><\/h3>\n<p><span id=\"gts_text_116\" class=\"gts_text\">\u015awiat &#8220;najwi\u0119kszy \u017cywych ptak\u00f3w jest <a href=\"\/Ostrich.html\">strusia<\/a>.<\/span> <span id=\"gts_text_117\" class=\"gts_text\">Strusie s\u0105 rodzime w odniesieniu do Afryki, ale teraz s\u0105 uprawiane all over the world.<\/span> <span id=\"gts_text_118\" class=\"gts_text\">Ona wzrasta\u0107 do 2,7 metr\u00f3w (9 metr\u00f3w) wysoki i zwa\u017cy\u0107 155 kilogram\u00f3w (285 funt\u00f3w).<\/span> <span id=\"gts_text_119\" class=\"gts_text\">Jajka strusia wa\u017cy jak dwa tuziny kurczaka jaja!<\/span><\/p>\n<p><span id=\"gts_text_120\" class=\"gts_text\">Strusia ma ma\u0142e wings za jego rozmiar i nie mog\u0105 p\u0142ywa\u0107.<\/span> <span id=\"gts_text_121\" class=\"gts_text\">Ptak o najwi\u0119kszych skrzyd\u0142a jest <a href=\"\/Wandering-Albatross.html\">Albatros w\u0119drowny<\/a>.<\/span> <span id=\"gts_text_122\" class=\"gts_text\">\u015arednia wingspan jest 3.1 metr\u00f3w (10,2 st\u00f3p), ale niekt\u00f3re osi\u0105gn\u0119li tak du\u017ce jak 3.7 metr\u00f3w (12 metr\u00f3w).<\/span> <span id=\"gts_text_123\" class=\"gts_text\">Poniewa\u017c jego skrzyde\u0142 s\u0105 tak wielkie, jest w stanie konwertery glide dla godzin w czasie!<\/span><\/p>\n<p><span id=\"gts_text_124\" class=\"gts_text\">Albatrosses m\u0142odych odwa\u017cy\u0107 oko\u0142o 16 kilogram\u00f3w, czyli 35 funt\u00f3w podczas ich pierwszego lot\u00f3w &#8211; i szybko trac\u0105 du\u017co tej masy.<\/span> <span id=\"gts_text_125\" class=\"gts_text\">Ta u\u0142atwia Albatros w\u0119drowny jest znacznie l\u017cejszy, \u017ce najci\u0119\u017cszej Lataj\u0105cy bird, Drop olbrzymi lub Drop.<\/span> <span id=\"gts_text_126\" class=\"gts_text\">Te Bustards mo\u017cna osi\u0105gn\u0105\u0107 20 kilogram\u00f3w (44 funt\u00f3w).<\/span> <span id=\"gts_text_127\" class=\"gts_text\">Chocia\u017c mo\u017cna p\u0142ywaj\u0105, ich unikn\u0105\u0107, p\u0142ywaj\u0105cych pod jak one ewentualnie mo\u017cna!<\/span><\/p>\n<p><span id=\"gts_text_128\" class=\"gts_text\">Najci\u0119\u017csz\u0105<\/span> <span style=\"font-style: italic\"><span id=\"gts_text_129\" class=\"gts_text\">kiedykolwiek<\/span><\/span> <span id=\"gts_text_130\" class=\"gts_text\">Ptak by\u0142 to rodzaj <a class=\" gts_attribute gts_attribute_20_title\" title=\"Elephant Bird\" href=\"http:\/\/www.big-animals.com\/elephant-bird-2\/\">Ptaka Elephant<\/a> o nazwie <em>Aepyornis<\/em>, kt\u00f3ry \u017cy\u0142 w Madagaskarze.<\/span> <span id=\"gts_text_131\" class=\"gts_text\">Wzros\u0142a do ponad 10 metr\u00f3w wysoko\u015bci (3 metry) i by\u0107 mo\u017ce zwa\u017cy\u0107 450 kg (1000 funt\u00f3w)!<\/span> <span id=\"gts_text_132\" class=\"gts_text\">Uwa\u017ca si\u0119, \u017ce ludzi mo\u017ce spowodowa\u0107 wykracza\u0142 wymar\u0142y oko\u0142o 400-500 lat temu.<\/span><\/p>\n<p><span id=\"gts_text_133\" class=\"gts_text\">Jednak\u017ce <a href=\"\/Giant-Moa.html\">Giant Moa<\/a> Nowej Zelandii by\u0142 nawet wy\u017cszy.<\/span> <span id=\"gts_text_134\" class=\"gts_text\">Samice wzr\u00f3s\u0142 do w wysoko\u015bci ponad 13 st\u00f3p (4 m), jednak zwa\u017cy\u0107 &#8220;tylko&#8221; 240 kilogram\u00f3w (510 funt\u00f3w) lub prawdopodobnie do 280 kg (610 funt\u00f3w).<\/span> <span id=\"gts_text_135\" class=\"gts_text\">Niestety po Chi\u0144skiej przyby\u0142 do Nowej Zelandii, mo\u017cemy polowa\u0107 je i zniszczy\u0107 lasy dla rolnictwa, a\u017c do ostatniego Moa zmar\u0142 w XV wieku.<\/span><\/p>\n<p>&nbsp;<\/p>\n","protected":false},"excerpt":{"rendered":"<p>&nbsp; Co to jest to ptak? Oczywi\u015bcie, wszyscy wiemy co to s\u0105 ptaki! Opowiem Wam tutaj, gdzie jest miejsce ptak\u00f3w\u00a0w kr\u00f3lestwie zwierz\u0105t\u00a0&#8211; kt\u00f3re zwierz\u0119ta przypominaj\u0105, w czym s\u0105 podobne i czym si\u0119 r\u00f3\u017cni\u0105 od innych zwierz\u0105t. Ptaki s\u0105 kr\u0119gowcami\u00a0&#8211; tak jak my, maj\u0105 ko\u015bci. Wi\u0119kszo\u015b\u0107 ptak\u00f3w ma ko\u015bci puste w \u015brodku, co czyni je znacznie &hellip; <a href=\"https:\/\/www.big-animals.com\/pl\/the-worlds-najwi%c4%99kszy-ptak%c3%b3w\/\" class=\"more-link\">Continue reading <span class=\"screen-reader-text\">Ptaki najwi\u0119kszy na \u015bwiecie!<\/span><\/a><\/p>\n","protected":false},"author":1,"featured_media":0,"parent":0,"menu_order":0,"comment_status":"closed","ping_status":"open","template":"","meta":{"_acf_changed":false,"footnotes":""},"acf":[],"_links":{"self":[{"href":"https:\/\/www.big-animals.com\/pl\/wp-json\/wp\/v2\/pages\/630"}],"collection":[{"href":"https:\/\/www.big-animals.com\/pl\/wp-json\/wp\/v2\/pages"}],"about":[{"href":"https:\/\/www.big-animals.com\/pl\/wp-json\/wp\/v2\/types\/page"}],"author":[{"embeddable":true,"href":"https:\/\/www.big-animals.com\/pl\/wp-json\/wp\/v2\/users\/1"}],"replies":[{"embeddable":true,"href":"https:\/\/www.big-animals.com\/pl\/wp-json\/wp\/v2\/comments?post=630"}],"version-history":[{"count":2,"href":"https:\/\/www.big-animals.com\/pl\/wp-json\/wp\/v2\/pages\/630\/revisions"}],"predecessor-version":[{"id":886,"href":"https:\/\/www.big-animals.com\/pl\/wp-json\/wp\/v2\/pages\/630\/revisions\/886"}],"wp:attachment":[{"href":"https:\/\/www.big-animals.com\/pl\/wp-json\/wp\/v2\/media?parent=630"}],"curies":[{"name":"wp","href":"https:\/\/api.w.org\/{rel}","templated":true}]}}