{"id":638,"date":"2011-05-14T22:25:12","date_gmt":"2011-05-14T22:25:12","guid":{"rendered":""},"modified":"2011-05-14T22:25:12","modified_gmt":"2011-05-14T22:25:12","slug":"hipopotam-nilowy","status":"publish","type":"page","link":"https:\/\/www.big-animals.com\/pl\/hipopotam-nilowy\/","title":{"rendered":"Hipopotam nilowy"},"content":{"rendered":"<p><span id=\"gts_text_1\" class=\"gts_text\">Nazwa &quot;hipopotam&quot; wywodzi si\u0119 z j\u0119zyka greckiego.<\/span><span id=\"gts_text_2\" class=\"gts_text\"><em>Hippo<\/em> znaczy <em>ko\u0144<\/em>, a <em>potamus<\/em> to <em>rzeka<\/em>.<\/span><span id=\"gts_text_3\" class=\"gts_text\">Tak wi\u0119c nazwa hipopotam oznacza &quot;rzeczny ko\u0144&quot;.<\/span><span id=\"gts_text_4\" class=\"gts_text\">Wprawdzie wi\u0119kszo\u015b\u0107 czasu hipopotamy faktycznie sp\u0119dzaj\u0105 w rzece, ale przypominaj\u0105 bardziej \u015bwini\u0119 ni\u017c konia.<\/span><\/p>\n<p><span id=\"gts_text_5\" class=\"gts_text\">Hipopotam nilowy jest pi\u0105tym co do wielko\u015bci \u017cyj\u0105cym <a title=\"The World\u2019s Biggest Mammals!\" href=\"http:\/\/www.big-animals.com\/the-worlds-biggest-mammals\/\">ssakiem<\/a>, za trzema gatunkami <a title=\"African Bush Elephant \u2013 The World\u2019s Biggest Land Animal!\" href=\"http:\/\/www.big-animals.com\/the-african-bush-elephant-the-worlds-biggest-land-animal\/\">s\u0142oni<\/a> i <a title=\"White Rhinoceros\" href=\"http:\/\/www.big-animals.com\/white-rhinoceros\/\">nosoro\u017ccem bia\u0142ym<\/a>.<\/span><span id=\"gts_text_6\" class=\"gts_text\">Jest najci\u0119\u017cszym zwierz\u0119ciem <a title=\"Even-toed ungulate\" href=\"http:\/\/www.big-animals.com\/even-toed-ungulate\/\">parzystokopytnym<\/a>.<\/span><span id=\"gts_text_7\" class=\"gts_text\">Sama sk\u00f3ra hipopotama mo\u017ce wa\u017cy\u0107 nawet p\u00f3\u0142 tony.<\/span><span id=\"gts_text_8\" class=\"gts_text\">Samiec wa\u017cy od 1,5 do 3 ton, samica &#8211; ok. 1,5 tony.<\/span><span id=\"gts_text_9\" class=\"gts_text\"><\/span><span id=\"gts_text_10\" class=\"gts_text\">Starsze hipopotamy p\u0142ci m\u0119skiej mog\u0105 osi\u0105gn\u0105\u0107 jeszcze wi\u0119ksze rozmiary, od 3,2 do nawet 4,5 tony.<\/span><span id=\"gts_text_11\" class=\"gts_text\">Samiec hipopotama ro\u015bnie przez ca\u0142e \u017cycie.<\/span><span id=\"gts_text_12\" class=\"gts_text\">Samice jednak osi\u0105gaj\u0105 docelowy wzrost i wag\u0119 ok. 25 roku \u017cycia.<\/span><span id=\"gts_text_13\" class=\"gts_text\">Dla por\u00f3wnania: nosoro\u017cec bia\u0142y wa\u017cy 1,5 &#8211; 3 tony a s\u0142onie (trzy gatunki) &#8211; od 3 do 9 ton. Tak wi\u0119c hipopotam jest jednym z najwi\u0119kszych zwierz\u0105t czworono\u017cnych.<\/span><span id=\"gts_text_14\" class=\"gts_text\">Wi\u0119kszo\u015b\u0107 hipopotam\u00f3w jest wa\u017cona dopiero po \u015bmierci, poniewa\u017c pomiar wagi tak ogromnego \u017cywego zwierz\u0119cia by\u0142by bardzo trudny.<\/span><span id=\"gts_text_15\" class=\"gts_text\"><\/span><\/p>\n<p><figure id=\"attachment_1124\" aria-describedby=\"caption-attachment-1124\" style=\"width: 300px\" class=\"wp-caption aligncenter\"><a href=\"http:\/\/www.big-animals.com\/wp-content\/uploads\/2011\/05\/Hippopotamus.jpeg\"><img loading=\"lazy\" decoding=\"async\" class=\"size-medium wp-image-1124\" title=\"The Hippopotamus is one of the most dangerous animals in Africa!\" src=\"http:\/\/www.big-animals.com\/wp-content\/uploads\/2011\/05\/Hippopotamus-300x82.jpg\" alt=\"The Hippopotamus is one of the most dangerous animals in Africa!\" width=\"300\" height=\"82\" \/><span id=\"gts_text_16\" class=\"gts_text\"><\/span><\/p>\n<p><span id=\"gts_text_17\" class=\"gts_text\">Chocia\u017c hipopotam jest silnie zbudowany i ma kr\u00f3tkie nogi, z \u0142atwo\u015bci\u0105 mo\u017ce biec po l\u0105dzie szybciej ni\u017c ludzie.<\/span><span id=\"gts_text_18\" class=\"gts_text\">Na kr\u00f3tkich dystansach rozwija pr\u0119dko\u015b\u0107 30 km\/h.<\/span><span id=\"gts_text_19\" class=\"gts_text\">Hipopotamy maj\u0105 oko\u0142o 3.3 do 5.2 metr\u00f3w d\u0142ugo\u015bci, z czego oko\u0142o 56 cm to ogon.<\/span><span id=\"gts_text_20\" class=\"gts_text\">S\u0105 to stworzenia wodno-l\u0105dowe.<\/span><span id=\"gts_text_21\" class=\"gts_text\">\u017byj\u0105 w rzekach i jeziorach Afryki \u015arodkowej i Po\u0142udniowej.<\/span><span id=\"gts_text_22\" class=\"gts_text\">Tanzania i Zambia maj\u0105 najwi\u0119ksz\u0105 populacj\u0119 hipopotam\u00f3w.<\/span><span id=\"gts_text_23\" class=\"gts_text\">S\u0105 one jednymi z najbardziej agresywnych stworze\u0144 na \u015bwiecie, zw\u0142aszcza gdy towarzysz\u0105 im ich m\u0142ode.<\/span><span id=\"gts_text_24\" class=\"gts_text\">S\u0105 cz\u0119sto postrzegane jako jedne z najbardziej niebezpiecznych zwierz\u0105t w Afryce.<\/span><span id=\"gts_text_25\" class=\"gts_text\">Niebezpiecznie jest podchodzi\u0107 do nich blisko, poniewa\u017c atakuj\u0105 ludzi w \u0142odziach czy te\u017c na l\u0105dzie.<\/span><span id=\"gts_text_26\" class=\"gts_text\">Ich populacja jest uszczuplana przez nielegalne polowania na nie dla mi\u0119sa i k\u0142\u00f3w podobnych do ko\u015bci s\u0142oniowej, jak r\u00f3wnie\u017c przez utrat\u0119 siedlisk.<\/span><span id=\"gts_text_27\" class=\"gts_text\">Hipopotamy mog\u0105 \u017cy\u0107 do 40 lat na wolno\u015bci i 50 lat w niewoli.<\/span><\/p>\n<p><span id=\"gts_text_28\" class=\"gts_text\">Hipopotamy maj\u0105 kszta\u0142cie beczkowate tu\u0142owia, ogromne pryszczycy, kt\u00f3re mo\u017cna otworzy\u0107 1,2 metra (4 st\u00f3p) szeroki. <\/span><span id=\"gts_text_29\" class=\"gts_text\">Maj\u0105 one z\u0119b\u00f3w na dolnej szcz\u0119ki. <\/span><span id=\"gts_text_30\" class=\"gts_text\">Jego greyish organ ma grube sk\u00f3ry, kt\u00f3ra jest prawie Nagi. <\/span><span id=\"gts_text_31\" class=\"gts_text\">Ich LIP s\u0105 prawie 70 cm d\u0142ugo\u015bci (27 cali). <\/span><span id=\"gts_text_32\" class=\"gts_text\">Jest oko\u0142o 1,5 metra (5 metr\u00f3w) wysoko\u015b\u0107 na ramieniu. <\/span><span id=\"gts_text_33\" class=\"gts_text\">Posiada kr\u00f3tkie i ma\u0142ych oczy. <\/span><span id=\"gts_text_34\" class=\"gts_text\">Oczy, uszy i nozdrzy s\u0105 w g\u00f3rnej cz\u0119\u015bci g\u0142owy tak one faktycznie pobytu w wodzie lub b\u0142ocie nadal zobacz, wys\u0142ucha\u0107 i breathe \u0142atwo, niezauwa\u017cony przez drapie\u017cniki lub uzyskiwanie sunburnt.<\/span><\/p>\n<p><span id=\"gts_text_35\" class=\"gts_text\">P\u0142ci m\u0119skiej hippo nazywa si\u0119 byka i \u017ce\u0144ski hippo nazywa si\u0119 krowy i ich dziecko jest nazywany ciel\u0119. <\/span><span id=\"gts_text_36\" class=\"gts_text\">One s\u0105 ro\u015blino\u017cernych i wol\u0105 je\u015b\u0107 kr\u00f3tkie trawy afryka\u0144skiego Plains. <\/span><span id=\"gts_text_37\" class=\"gts_text\">W ci\u0105gu dnia zostanie pozostaj\u0105 ch\u0142odnym przez pobytu w wodzie lub b\u0142ocie. <\/span><span id=\"gts_text_38\" class=\"gts_text\">Pozostaj\u0105 one podwodne dla maksymalnie 5 do 6 minut, ale m\u0142odych hipopotamy pozostanie podwodne tylko oko\u0142o p\u00f3\u0142 minuty. <\/span><span id=\"gts_text_39\" class=\"gts_text\">Matka hipopotamy porodu w wodzie &#8211; tak hippo dziecko faktycznie mog\u0105 p\u0142ywa\u0107 momencie s\u0105 ur! <\/span><span id=\"gts_text_40\" class=\"gts_text\">One s\u0105 swe podwodnego zbyt. <\/span><span id=\"gts_text_41\" class=\"gts_text\">B\u0119d\u0105 one tylko piel\u0119gniarka (napoju mleka) grunt\u00f3w, je\u015bli ich matka postanawia pozostawi\u0107 wody. <\/span><span id=\"gts_text_42\" class=\"gts_text\">One s\u0105 oko\u0142o 25-45 kilogram\u00f3w (55-100 funt\u00f3w) po urodzeniu i mie\u0107 \u015brednia d\u0142ugo\u015b\u0107 125 cm (50 cali). <\/span><span id=\"gts_text_43\" class=\"gts_text\">Hippo matka pomo\u017ce jej ciel\u0119 powierzchni do podj\u0119cia ich pierwszy oddech i nauczacie to p\u0142ywa\u0107. <\/span><span id=\"gts_text_44\" class=\"gts_text\">Matka b\u0119dzie r\u00f3wnie\u017c chroni\u0107 jej ciel\u0119 z crocodiles, lwy, a tak\u017ce m\u0119skiej Hipopotamy. <\/span><span id=\"gts_text_45\" class=\"gts_text\">Hipopotamy p\u0142ci m\u0119skiej normalnie nie ataku ciel\u0119 na ziemi, ale czasami ataku ciel\u0119 w wodzie. <\/span><span id=\"gts_text_46\" class=\"gts_text\">Ciel\u0119 rozpoczyna si\u0119 zje\u015b\u0107 trawy, gdy jest 3 tygodni, ale jego matka b\u0119dzie nadal nadaj mleka dla oko\u0142o roku. <\/span><span id=\"gts_text_47\" class=\"gts_text\">Ciel\u0119 jest w stanie Pogadajmy, zamkn\u0105\u0107 jego nozdrzy i uszu i dive pod wod\u0105, aby uzyska\u0107 jego matka mleka. <\/span><span id=\"gts_text_48\" class=\"gts_text\">Matka normalnie b\u0119dzie give birth to tylko jeden ciel\u0119 dobrze uformowane naraz, chocia\u017c czasami b\u0119dzie ona mie\u0107 bli\u017aniaki. <\/span><span id=\"gts_text_49\" class=\"gts_text\">Ciel\u0119 cz\u0119sto b\u0119dzie spoczywa\u0107 na jego matka ponownie, gdy woda jest zbyt g\u0142\u0119boka dla niego.<\/span><\/p>\n<p><span id=\"gts_text_50\" class=\"gts_text\">Hipopotamy zosta\u0142y wcze\u015bniej zamierza\u0142y aby m\u00f3c sweat blood. <\/span><span id=\"gts_text_51\" class=\"gts_text\">Prawdy jest hipopotamy faktycznie nie sweat blood, ale oni secrete r\u00f3\u017cowawej cieczy oleista, kt\u00f3ra chroni ich sk\u00f3ry przeciwko ciep\u0142a i sun &#8211; opalania fizycznej ochrony przeciws\u0142onecznej aby zachowa\u0107 ich sk\u00f3ry wilgotne w gor\u0105cym klimacie afryka\u0144skich.<\/span><\/p>\n<p><figure id=\"attachment_1125\" aria-describedby=\"caption-attachment-1125\" style=\"width: 300px\" class=\"wp-caption aligncenter\"><figcaption id=\"caption-attachment-1125\" class=\"wp-caption-text\">The Hippopotamus is the fifth largest living land animal<\/figcaption><\/figure><a href=\"http:\/\/www.big-animals.com\/wp-content\/uploads\/2011\/05\/Hippopotamus_And_Human.png\"><img loading=\"lazy\" decoding=\"async\" class=\"size-medium wp-image-1125\" title=\"The Hippopotamus is the fifth largest land animal\" src=\"http:\/\/www.big-animals.com\/wp-content\/uploads\/2011\/05\/Hippopotamus_And_Human-300x128.png\" alt=\"The Hippopotamus is the fifth largest land animal\" width=\"300\" height=\"128\" \/><span id=\"gts_text_52\" class=\"gts_text\"><\/span><\/p>\n<p><span id=\"gts_text_53\" class=\"gts_text\">Hipopotamy maj\u0105 naboje.38 trzy \u017co\u0142\u0105dka i one nie \u017cucie ich cud. <\/span><span id=\"gts_text_54\" class=\"gts_text\">Gdy pasz w nocy. <\/span><span id=\"gts_text_55\" class=\"gts_text\">B\u0119d\u0105 one opu\u015bci\u0107 i wprowad\u017a wody w tym samym miejscu i pas\u0105 na 4-5 godzin. <\/span><span id=\"gts_text_56\" class=\"gts_text\">Mog\u0105 one spacer do 8 km (5 mil) tylko do wyszukiwania dla \u017cywno\u015bci. <\/span><span id=\"gts_text_57\" class=\"gts_text\">Je\u015b\u0107 one oko\u0142o 70 kg (150 funt\u00f3w) \u017cywno\u015bci ka\u017cdej nocy. <\/span><span id=\"gts_text_58\" class=\"gts_text\">Zale\u017c\u0105 one od tiny organizm\u00f3w w \u017co\u0142\u0105dku do trawienia ro\u015blin, kt\u00f3re one jedzenia.<\/span><\/p>\n<p><span id=\"gts_text_59\" class=\"gts_text\">Hipopotamy mo\u017cna zatopienie, a nast\u0119pnie spacer lub uruchomi\u0107 wzd\u0142u\u017c dolnego brzegu rzeki. <\/span><span id=\"gts_text_60\" class=\"gts_text\">Hippo st\u00f3p cz\u0119\u015bciowo s\u0105 webbed, ale w rzeczywisto\u015bci hippo nie jest dobr\u0105 p\u0142ywak i nie m\u00f3g\u0142 p\u0142ywaka. <\/span><span id=\"gts_text_61\" class=\"gts_text\">Hipopotamy, kt\u00f3re wida\u0107 w wodzie zasadniczo s\u0105 po prostu sta\u0142ego w shallows &#8211; lub, bardziej prawdopodobne, le\u017c\u0105cego w d\u00f3\u0142. <\/span><span id=\"gts_text_62\" class=\"gts_text\">Je\u015bli wody rzeki jest g\u0142\u0119bokie, hippo zostanie zwykle Propela same przez posuwa\u0142y &#8211; pchanie od do\u0142u jak nadwag\u0119 tancerz baletowy. <\/span><span id=\"gts_text_63\" class=\"gts_text\">Poruszaj\u0105 przy pr\u0119dko\u015bciach w wodzie do 8 km\/h (5 mph). <\/span><span id=\"gts_text_64\" class=\"gts_text\">Ale m\u0142odych hipopotamy lub ciel\u0119ta <em>s\u0105<\/em> w stanie p\u0142ywaka i zazwyczaj przenie\u015b\u0107, p\u0142ywanie, nap\u0119dzaj\u0105cego same z rzut\u00f3w z ich nogi tylnej. <\/span><span id=\"gts_text_65\" class=\"gts_text\">Hipopotamy doros\u0142ych zazwyczaj opracowywane dla powietrza co 3-5 minut. <\/span><span id=\"gts_text_66\" class=\"gts_text\">Hipopotamy m\u0142odych maj\u0105 do oddychania co 2-3 minuty. <\/span><span id=\"gts_text_67\" class=\"gts_text\">Zdumiewaj\u0105co proces ponowne wy\u015bwietlanie zignorowanych do oddychania jest automatyczne. <\/span><span id=\"gts_text_68\" class=\"gts_text\">Hipopotamy nawet nie go podczas \u015api\u0105ca! <\/span><span id=\"gts_text_69\" class=\"gts_text\">Hipopotamy doros\u0142ych zamknie ich nozdrzy i naci\u015bnij ich uszy p\u0142askie przeciwko bokach g\u0142owy, gdy s\u0105 one w wodzie.<\/span><\/p>\n<p><span id=\"gts_text_70\" class=\"gts_text\">Hipopotamy s\u0105 wy\u015bwietlane komunikacj\u0119 ustnie \u015bpiew i miech. <\/span><span id=\"gts_text_71\" class=\"gts_text\">Maj\u0105 one unikatow\u0105 zdolno\u015bci\u0105 do przechowywania ich g\u0142owy cz\u0119\u015bciowo powy\u017cej wody i wys\u0142a\u0107 Krzyk przechodz\u0105cego przez wody i powietrza. <\/span><span id=\"gts_text_72\" class=\"gts_text\">Inne hipopotamy nad i pod wod\u0105 odpowie na to cry. <\/span><span id=\"gts_text_73\" class=\"gts_text\">One rzadko zabi\u0107 wzajemnie, nawet w terytorialnej walk. <\/span><span id=\"gts_text_74\" class=\"gts_text\">Buhaje b\u0119d\u0105 walczy\u0107 ze sob\u0105 przy u\u017cyciu ich ogromne z\u0119b\u00f3w tresury ps\u00f3w. <\/span><span id=\"gts_text_75\" class=\"gts_text\">Podczas ich siedliska staje si\u0119 zat\u0142oczony, byk\u00f3w czasami will kill ciel\u0105t, ale to zachowanie jest ma\u0142o prawdopodobna. <\/span><span id=\"gts_text_76\" class=\"gts_text\">Czasami wyst\u0119puj\u0105 hipopotamy, kt\u00f3re zabi\u0107 i je\u015b\u0107 innych hipopotamy, b\u0119dzie si\u0119 zdarzy\u0107 tylko po tym szczeg\u00f3lnym hippo jest udzielenie lub chorych.<\/span><\/p>\n<p><span id=\"gts_text_77\" class=\"gts_text\"><\/span><\/a><figcaption id=\"caption-attachment-1124\" class=\"wp-caption-text\">The Hippopotamus is one of the most dangerous animals in Africa!<\/figcaption><\/figure><\/a>[\/caption]<\/p>\n","protected":false},"excerpt":{"rendered":"<p>Nazwa &quot;hipopotam&quot; wywodzi si\u0119 z j\u0119zyka greckiego.Hippo znaczy ko\u0144, a potamus to rzeka.Tak wi\u0119c nazwa hipopotam oznacza &quot;rzeczny ko\u0144&quot;.Wprawdzie wi\u0119kszo\u015b\u0107 czasu hipopotamy faktycznie sp\u0119dzaj\u0105 w rzece, ale przypominaj\u0105 bardziej \u015bwini\u0119 ni\u017c konia. Hipopotam nilowy jest pi\u0105tym co do wielko\u015bci \u017cyj\u0105cym ssakiem, za trzema gatunkami s\u0142oni i nosoro\u017ccem bia\u0142ym.Jest najci\u0119\u017cszym zwierz\u0119ciem parzystokopytnym.Sama sk\u00f3ra hipopotama mo\u017ce wa\u017cy\u0107 &hellip; <a href=\"https:\/\/www.big-animals.com\/pl\/hipopotam-nilowy\/\" class=\"more-link\">Continue reading <span class=\"screen-reader-text\">Hipopotam nilowy<\/span><\/a><\/p>\n","protected":false},"author":1,"featured_media":0,"parent":0,"menu_order":0,"comment_status":"closed","ping_status":"open","template":"","meta":{"_acf_changed":false,"footnotes":""},"acf":[],"_links":{"self":[{"href":"https:\/\/www.big-animals.com\/pl\/wp-json\/wp\/v2\/pages\/638"}],"collection":[{"href":"https:\/\/www.big-animals.com\/pl\/wp-json\/wp\/v2\/pages"}],"about":[{"href":"https:\/\/www.big-animals.com\/pl\/wp-json\/wp\/v2\/types\/page"}],"author":[{"embeddable":true,"href":"https:\/\/www.big-animals.com\/pl\/wp-json\/wp\/v2\/users\/1"}],"replies":[{"embeddable":true,"href":"https:\/\/www.big-animals.com\/pl\/wp-json\/wp\/v2\/comments?post=638"}],"version-history":[{"count":1,"href":"https:\/\/www.big-animals.com\/pl\/wp-json\/wp\/v2\/pages\/638\/revisions"}],"predecessor-version":[{"id":856,"href":"https:\/\/www.big-animals.com\/pl\/wp-json\/wp\/v2\/pages\/638\/revisions\/856"}],"wp:attachment":[{"href":"https:\/\/www.big-animals.com\/pl\/wp-json\/wp\/v2\/media?parent=638"}],"curies":[{"name":"wp","href":"https:\/\/api.w.org\/{rel}","templated":true}]}}