{"id":639,"date":"2011-05-15T06:03:14","date_gmt":"2011-05-15T06:03:14","guid":{"rendered":""},"modified":"2011-05-15T06:03:14","modified_gmt":"2011-05-15T06:03:14","slug":"ptak%c3%b3w-bezgrzebieniowych","status":"publish","type":"page","link":"https:\/\/www.big-animals.com\/pl\/ptak%c3%b3w-bezgrzebieniowych\/","title":{"rendered":"Ptak\u00f3w bezgrzebieniowych"},"content":{"rendered":"<p><span id=\"gts_text_1\" class=\"gts_text\">Ptak\u00f3w bezgrzebieniowych rodziny obejmuje <a title=\"The World\u2019s Biggest Birds!\" href=\"http:\/\/www.big-animals.com\/the-worlds-biggest-birds\/\">ptactwa<\/a> , kt\u00f3rego nie mo\u017cna podnosi\u0107. <\/span><span id=\"gts_text_2\" class=\"gts_text\">Ich trzonem jest p\u0142askim, nie st\u0119pki. <\/span><span id=\"gts_text_3\" class=\"gts_text\">St\u0119pki z trzonem ptaka jest, gdy mi\u0119\u015bnie lotu po\u0142\u0105czy\u0107 ich szkielet. <\/span><span id=\"gts_text_4\" class=\"gts_text\">Bez tego st\u0119pki ptak\u00f3w bezgrzebieniowych nie could fly nawet gdyby odpowiednie skrzyd\u0142a. <\/span><span id=\"gts_text_5\" class=\"gts_text\">Mi\u0119\u015bnie najsilniejsze ptaki bezgrzebieniowe, kt\u00f3re s\u0105 w ich nogi i ud. <\/span><span id=\"gts_text_6\" class=\"gts_text\">Istniej\u0105 tylko 5 rodzaj\u00f3w ptak\u00f3w bezgrzebieniowych w \u015bwiecie. <\/span><span id=\"gts_text_7\" class=\"gts_text\">S\u0105 one Cassowaries, UGW, strusia, Rheas i Kiwis, \u017ce ca\u0142kowita 12 gatunk\u00f3w we wszystkich. <\/span><span id=\"gts_text_8\" class=\"gts_text\">Najwi\u0119ksze kiedykolwiek ptaki s\u0105 r\u00f3wnie\u017c ptak\u00f3w bezgrzebieniowych &#8211; <a title=\"The Giant Moa \u2013 The Tallest Bird There Ever Was!\" href=\"http:\/\/www.big-animals.com\/the-giant-moa-the-tallest-bird-there-ever-was\/\">Giant Moa<\/a> jest najwy\u017cszych kiedykolwiek bird, bezgrzebieniowych z Nowej Zelandii, i <a title=\"Elephant Bird\" href=\"http:\/\/www.big-animals.com\/elephant-bird-2\/\">Elephant ptak\u00f3w<\/a>bezgrzebieniowych z Madagaskaru, jest najci\u0119\u017cszej kiedykolwiek bird. <\/span><span id=\"gts_text_9\" class=\"gts_text\">Moas i Elephant Bird boni\u0144ski po os\u00f3b przyby\u0142 na ich Wyspy.<\/span><\/p>\n<p><span id=\"gts_text_10\" class=\"gts_text\">African <a title=\"The Ostrich \u2013 The World\u2019s Biggest Bird!\" href=\"http:\/\/www.big-animals.com\/the-ostrich-the-worlds-biggest-bird\/\">strusia<\/a> jest najwi\u0119kszym \u017cywych ptak\u00f3w bezgrzebieniowych, w rzeczywisto\u015bci, jest najwi\u0119kszym ptak \u017cycia wszystkich. <\/span><span id=\"gts_text_11\" class=\"gts_text\">S\u0105 one niemal 3 metr\u00f3w (9,8 st\u00f3p) wysoko\u015b\u0107. <\/span><span id=\"gts_text_12\" class=\"gts_text\">One odwa\u017cy\u0107 oko\u0142o 160 kg (350 lb). <\/span><span id=\"gts_text_13\" class=\"gts_text\">Z ich pot\u0119\u017cne nogi s\u0105 uruchamiane mo\u017cna szybciej ni\u017c konia. <\/span><span id=\"gts_text_14\" class=\"gts_text\">Ostiches maj\u0105 tylko dwa palce z jednym wi\u0119kszym ni\u017c inne. <\/span><span id=\"gts_text_15\" class=\"gts_text\">One maj\u0105 skrzyd\u0142a, ale nie p\u0142ywaj\u0105. <\/span><span id=\"gts_text_16\" class=\"gts_text\">Maj\u0105 one bardzo d\u0142ugo najd\u0142u\u017cszy jelit, d\u0142ugo\u015bci 15 m (46 st\u00f3p)! <\/span><span id=\"gts_text_17\" class=\"gts_text\">\u017bywi si\u0119 g\u0142\u00f3wnie ro\u015bliny.<\/span><\/p>\n<figure id=\"attachment_1134\" aria-describedby=\"caption-attachment-1134\" style=\"width: 203px\" class=\"wp-caption alignleft\"><a href=\"http:\/\/www.big-animals.com\/wp-content\/uploads\/2011\/05\/Cassowary.jpg\"><img loading=\"lazy\" decoding=\"async\" class=\"size-medium wp-image-1134\" title=\"The Cassowary is a Colourful Ratite - Phtograph by Boaz Wibowo\" src=\"http:\/\/www.big-animals.com\/wp-content\/uploads\/2011\/05\/Cassowary-203x300.jpg\" alt=\"The Cassowary is a Colourful Ratite - Phtograph by Boaz Wibowo\" width=\"203\" height=\"300\" \/><\/a><figcaption id=\"caption-attachment-1134\" class=\"wp-caption-text\">The Cassowary is a Colourful Ratite - Phtograph by Boaz Wibowo<\/figcaption><\/figure>\n<p><span id=\"gts_text_18\" class=\"gts_text\">Australijski UGW jest drugim najwy\u017cszych bezgrzebieniowych po strusia. <\/span><span id=\"gts_text_19\" class=\"gts_text\">Mo\u017ce ona osi\u0105gn\u0105\u0107 maksymalnie 2 metr\u00f3w (6.6 st\u00f3p). <\/span><span id=\"gts_text_20\" class=\"gts_text\">Jest oko\u0142o 60 kilogram\u00f3w (130 funt\u00f3w). <\/span><span id=\"gts_text_21\" class=\"gts_text\">Mo\u017cna uruchomi\u0107 szybko jak strusia. <\/span><span id=\"gts_text_22\" class=\"gts_text\">\u017byje na otwartych \u0142\u0105kach i lasach. <\/span><span id=\"gts_text_23\" class=\"gts_text\">Ma wi\u0119cej wszystko\u017cerne diety w por\u00f3wnaniu z innymi ptak\u00f3w bezgrzebieniowych, poniewa\u017c r\u00f3wnie\u017c Zjada owad\u00f3w i innych ma\u0142ych zwierz\u0105t, opr\u00f3cz ro\u015blin.<\/span><\/p>\n<p><span id=\"gts_text_24\" class=\"gts_text\">Nast\u0119pnie s\u0105 3 gatunki Kazuary, kt\u00f3re s\u0105 rodzime w odniesieniu do Australii i Wysp na p\u00f3\u0142noc. <\/span><span id=\"gts_text_25\" class=\"gts_text\">S\u0105 one kr\u00f3tsze ni\u017c niemieckich poci\u0105g\u00f3w, ale ci\u0119\u017cszych i bardziej przyklejone zbudowany. <\/span><span id=\"gts_text_26\" class=\"gts_text\">Preferuj\u0105 \u017cy\u0107 w grubo\u015bci las\u00f3w tropikalnych. <\/span><span id=\"gts_text_27\" class=\"gts_text\">Trzeba nale\u017cy zachowa\u0107 ostro\u017cno\u015b\u0107 podczas nier\u00f3wno\u015bci w nich wzgl\u0119du brzytwa ostre k\u0142y i twarde wzrostu w g\u00f3rnej cz\u0119\u015bci ich g\u0142owy.<\/span><\/p>\n<p><span id=\"gts_text_28\" class=\"gts_text\">W Ameryce Po\u0142udniowej istniej\u0105 gatunki 2 Rei. <\/span><span id=\"gts_text_29\" class=\"gts_text\">S\u0105 one \u015brednich, szybko ptak\u00f3w. <\/span><span id=\"gts_text_30\" class=\"gts_text\">\u017byj\u0105 w lowlands Ameryki Po\u0142udniowej, wi\u0119kszych Rea ameryka\u0144ski ro\u015bnie do wysoko\u015bci oko\u0142o 1,5 m (4.9 stopy). <\/span><span id=\"gts_text_31\" class=\"gts_text\">One odwa\u017cy\u0107 oko\u0142o 20-25 kilogram\u00f3w (44-55 funt\u00f3w). <\/span><span id=\"gts_text_32\" class=\"gts_text\">One maj\u0105 skrzyd\u0142a, ale nie korzystaj\u0105 je do podnoszenia. <\/span><span id=\"gts_text_33\" class=\"gts_text\">Zamiast tego u\u017cywaj\u0105 ich odwraca\u0107 uwagi ich drapie\u017cnik\u00f3w. <\/span><span id=\"gts_text_34\" class=\"gts_text\">One jedz\u0105 g\u0142\u00f3wnie ro\u015bliny i czasami owad\u00f3w je\u015bli one mo\u017ce przechwyci\u0107 dowolny. <\/span><span id=\"gts_text_35\" class=\"gts_text\">Gdy pasz na broad-leafed ro\u015blin.<\/span><\/p>\n<figure id=\"attachment_1137\" aria-describedby=\"caption-attachment-1137\" style=\"width: 199px\" class=\"wp-caption alignright\"><a href=\"http:\/\/www.big-animals.com\/wp-content\/uploads\/2011\/05\/Kiwi1.jpeg\"><img loading=\"lazy\" decoding=\"async\" class=\"size-medium wp-image-1137\" title=\"The Kiwi is the Smallest Ratite\" src=\"http:\/\/www.big-animals.com\/wp-content\/uploads\/2011\/05\/Kiwi1-199x300.jpg\" alt=\"The Kiwi is the Smallest Ratite\" width=\"199\" height=\"300\" \/><\/a><figcaption id=\"caption-attachment-1137\" class=\"wp-caption-text\">The Kiwi is the Smallest Ratite<\/figcaption><\/figure>\n<p><span id=\"gts_text_36\" class=\"gts_text\">Najmniejsza ptaki bezgrzebieniowe s\u0105 5 gatunk\u00f3w kiwis, kt\u00f3re s\u0105 rodzime w odniesieniu do Nowej Zelandii. <\/span><span id=\"gts_text_37\" class=\"gts_text\">Kiwis s\u0105 tylko o rozmiarze o kurczak. <\/span><span id=\"gts_text_38\" class=\"gts_text\">One s\u0105 shy i s\u0105 aktywne w nocy. <\/span><span id=\"gts_text_39\" class=\"gts_text\">Maj\u0105 one Dobre poczucie przes\u0142uchanie i zapachu. <\/span><span id=\"gts_text_40\" class=\"gts_text\">S\u0105 one wy\u0142\u0105cznie ptaki z nozdrzy pod koniec ich d\u0142ugiej dzi\u00f3b. <\/span><span id=\"gts_text_41\" class=\"gts_text\">S\u0105 one dobrych w \u017cywotny w nocy zbyt. <\/span><span id=\"gts_text_42\" class=\"gts_text\">Dokonuj\u0105 ich gniazdo w g\u0142\u0119bokim burrows i ma\u0142ych owad\u00f3w i larwy one znale\u017a\u0107 w glebie dla \u017cywno\u015bci. <\/span><span id=\"gts_text_43\" class=\"gts_text\">Ich jaja s\u0105 bardzo du\u017ce, w por\u00f3wnaniu z ich rozmiar tre\u015bci. <\/span><span id=\"gts_text_44\" class=\"gts_text\">Najmniejszych gatunk\u00f3w kiwi jest Little Kiwi plamkami, kt\u00f3ry jest tylko 1,2 kg (2.6 lb) i wysoko\u015b\u0107 40 centymetr\u00f3w (16 cali). <\/span><span id=\"gts_text_45\" class=\"gts_text\">Kiwis maj\u0105 mo\u017cliwie najkr\u00f3tszym opracowa\u0144. <\/span><span id=\"gts_text_46\" class=\"gts_text\">\u017bywi si\u0119 nasiona, owoce, ma\u0142ych raki, d\u017cd\u017cownic i owady.<\/span><\/p>\n<p><span id=\"gts_text_47\" class=\"gts_text\">Ptak\u00f3w bezgrzebieniowych dzieci s\u0105 w stanie uruchomi\u0107 lub spacer wkr\u00f3tce po urodzeniu. <\/span><span id=\"gts_text_48\" class=\"gts_text\">Wi\u0119kszo\u015b\u0107 ptak\u00f3w bezgrzebieniowych dzieli\u0107 wsp\u00f3lne gniazdo. <\/span><span id=\"gts_text_49\" class=\"gts_text\">Podzielaj\u0105 nawet zadanie utrzymywanie jaja ciep\u0142e, z samiec utrzymanie ich w ciep\u0142ym w nocy. <\/span><span id=\"gts_text_50\" class=\"gts_text\">Tak woli Ojca oznacza night shift z opiekowa\u0107 jego dzieci! <\/span><span id=\"gts_text_51\" class=\"gts_text\">Strusie s\u0105 wy\u0142\u0105cznie ptaki bezgrzebieniowe gdzie samica celu inkubacj\u0119 jaja. <\/span><span id=\"gts_text_52\" class=\"gts_text\">Kiwis s\u0105 wy\u0142\u0105cznie ptaki bezgrzebieniowe, kt\u00f3re maj\u0105 tylko jeden oficera w dowolnym czasie.<\/span><\/p>\n<p><span id=\"gts_text_53\" class=\"gts_text\">Jaja ptak\u00f3w bezgrzebieniowych by\u0142y u\u017cywane przez ludzi jako wody pojemniki, bi\u017cuteria lub inne sztuki i statk\u00f3w. <\/span><span id=\"gts_text_54\" class=\"gts_text\">P\u0142ci m\u0119skiej strusie pi\u00f3r zosta\u0142y wykorzystane do kapeluszy w XVIII wieku. <\/span><span id=\"gts_text_55\" class=\"gts_text\">W zwi\u0105zku z tym zosta\u0142y zosta\u0142y upolowane partie strusie i istnia\u0142y ostry spadek populacji strusie w tym czasie. <\/span><span id=\"gts_text_56\" class=\"gts_text\">Zdarzenie to doprowadzi\u0142o do pocz\u0105tku strusia hodowli. <\/span><span id=\"gts_text_57\" class=\"gts_text\">Strusie s\u0105 zbierane na ich pi\u00f3r, sk\u00f3r, jaj i mi\u0119sa. <\/span><span id=\"gts_text_58\" class=\"gts_text\">Niemieckich poci\u0105g\u00f3w s\u0105 popularne ich oliwy UGW i tak\u017ce ich mi\u0119sa, jaj i pi\u00f3r. <\/span><span id=\"gts_text_59\" class=\"gts_text\">Rea &#8216;s pi\u00f3ra s\u0105 popularne miote\u0142ki, suche i jaj i mi\u0119sa do kurcz\u0119ta i karmy w Ameryce Po\u0142udniowej. <\/span><span id=\"gts_text_60\" class=\"gts_text\">Sk\u00f3r bezgrzebieniowych &#8216;s s\u0142u\u017c\u0105 do tworzenia sk\u00f3rzanych jak buty.<\/span><\/p>\n<p><span id=\"gts_text_61\" class=\"gts_text\"><\/span><\/p>\n","protected":false},"excerpt":{"rendered":"<p>Ptak\u00f3w bezgrzebieniowych rodziny obejmuje ptactwa , kt\u00f3rego nie mo\u017cna podnosi\u0107. Ich trzonem jest p\u0142askim, nie st\u0119pki. St\u0119pki z trzonem ptaka jest, gdy mi\u0119\u015bnie lotu po\u0142\u0105czy\u0107 ich szkielet. Bez tego st\u0119pki ptak\u00f3w bezgrzebieniowych nie could fly nawet gdyby odpowiednie skrzyd\u0142a. Mi\u0119\u015bnie najsilniejsze ptaki bezgrzebieniowe, kt\u00f3re s\u0105 w ich nogi i ud. Istniej\u0105 tylko 5 rodzaj\u00f3w ptak\u00f3w &hellip; <a href=\"https:\/\/www.big-animals.com\/pl\/ptak%c3%b3w-bezgrzebieniowych\/\" class=\"more-link\">Continue reading <span class=\"screen-reader-text\">Ptak\u00f3w bezgrzebieniowych<\/span><\/a><\/p>\n","protected":false},"author":1,"featured_media":0,"parent":0,"menu_order":0,"comment_status":"closed","ping_status":"open","template":"","meta":{"_acf_changed":false,"footnotes":""},"acf":[],"_links":{"self":[{"href":"https:\/\/www.big-animals.com\/pl\/wp-json\/wp\/v2\/pages\/639"}],"collection":[{"href":"https:\/\/www.big-animals.com\/pl\/wp-json\/wp\/v2\/pages"}],"about":[{"href":"https:\/\/www.big-animals.com\/pl\/wp-json\/wp\/v2\/types\/page"}],"author":[{"embeddable":true,"href":"https:\/\/www.big-animals.com\/pl\/wp-json\/wp\/v2\/users\/1"}],"replies":[{"embeddable":true,"href":"https:\/\/www.big-animals.com\/pl\/wp-json\/wp\/v2\/comments?post=639"}],"version-history":[{"count":0,"href":"https:\/\/www.big-animals.com\/pl\/wp-json\/wp\/v2\/pages\/639\/revisions"}],"wp:attachment":[{"href":"https:\/\/www.big-animals.com\/pl\/wp-json\/wp\/v2\/media?parent=639"}],"curies":[{"name":"wp","href":"https:\/\/api.w.org\/{rel}","templated":true}]}}