{"id":640,"date":"2011-05-21T08:39:25","date_gmt":"2011-05-21T08:39:25","guid":{"rendered":""},"modified":"2011-05-21T08:39:25","modified_gmt":"2011-05-21T08:39:25","slug":"nosoro%c5%bcec-bia%c5%82y","status":"publish","type":"page","link":"https:\/\/www.big-animals.com\/pl\/nosoro%c5%bcec-bia%c5%82y\/","title":{"rendered":"Nosoro\u017cec bia\u0142y"},"content":{"rendered":"<p><span id=\"gts_text_1\" class=\"gts_text\">Nosoro\u017cec bia\u0142y jest <a title=\"Odd Toed-Ungulates\" href=\"http:\/\/www.big-animals.com\/odd-toed-ungulates\/\">nieparzystokopytne<\/a> <a title=\"The World\u2019s Biggest Mammals!\" href=\"http:\/\/www.big-animals.com\/the-worlds-biggest-mammals\/\">ssak\u00f3w<\/a>. <\/span><span id=\"gts_text_2\" class=\"gts_text\">Jest najwi\u0119kszym wszystkich SUS nieparzystych-rodzaj ssak\u00f3w kopytnych i czwartym najwi\u0119kszym \u017cycia ssak\u00f3w l\u0105dowych po <a title=\"African Bush Elephant \u2013 The World\u2019s Biggest Land Animal!\" href=\"http:\/\/www.big-animals.com\/the-african-bush-elephant-the-worlds-biggest-land-animal\/\">s\u0142oni<\/a>. <\/span><span id=\"gts_text_3\" class=\"gts_text\">Najwi\u0119kszy nagrane nosoro\u017cec bia\u0142y wa\u017cy oko\u0142o 4530 kilogram\u00f3w (9600 lb). <\/span><span id=\"gts_text_4\" class=\"gts_text\">Zazwyczaj wa\u017cy\u0142a ona mi\u0119dzy 1350 do 3600 kg (3000 do 14000 funt\u00f3w). <\/span><span id=\"gts_text_5\" class=\"gts_text\">Samce s\u0105 nieco wi\u0119ksze od samic. <\/span><span id=\"gts_text_6\" class=\"gts_text\">Posiada kr\u00f3tkie szyi i bardzo szerokiej piersi. <\/span><span id=\"gts_text_7\" class=\"gts_text\">D\u0142ugo\u015b\u0107 g\u0142owy i cia\u0142a jest 3.4 do 4.2 metr\u00f3w (11 do 14 metr\u00f3w). <\/span><span id=\"gts_text_8\" class=\"gts_text\">Ogon jest oko\u0142o 50 do 70 centymetr\u00f3w (20 do 27 cali). <\/span><span id=\"gts_text_9\" class=\"gts_text\">Jego wysoko\u015bci barku jest oko\u0142o 1,5-1.9 m (60-80 cm).<\/span><\/p>\n<p><figure id=\"attachment_1160\" aria-describedby=\"caption-attachment-1160\" style=\"width: 300px\" class=\"wp-caption alignleft\"><figcaption id=\"caption-attachment-1160\" class=\"wp-caption-text\">The White Rhinoceros<\/figcaption><\/figure><a href=\"http:\/\/www.big-animals.com\/wp-content\/uploads\/2011\/05\/Rhinoceros1.jpg\"><img loading=\"lazy\" decoding=\"async\" class=\"size-medium wp-image-1160\" title=\"The White Rhinoceros\" src=\"http:\/\/www.big-animals.com\/wp-content\/uploads\/2011\/05\/Rhinoceros1-300x225.jpg\" alt=\"The White Rhinoceros\" width=\"300\" height=\"225\" \/><span id=\"gts_text_10\" class=\"gts_text\"><\/span><\/p>\n<p><span id=\"gts_text_11\" class=\"gts_text\">Na jego pyska posiada dwa rogi, jedna za drug\u0105. <\/span><span id=\"gts_text_12\" class=\"gts_text\">Rog\u00f3w przednich jest wi\u0119ksza i jest oko\u0142o 90 cm (3 st\u00f3p) d\u0142ugo\u015bci. <\/span><span id=\"gts_text_13\" class=\"gts_text\">R\u00f3g wstecz jest mniejsze. <\/span><span id=\"gts_text_14\" class=\"gts_text\">Mierzy on oko\u0142o 55 cm (22 cali). <\/span><span id=\"gts_text_15\" class=\"gts_text\">\u015arednia para nosoro\u017cec bia\u0142y rogi wa\u017cy oko\u0142o 6 kg (13 funt\u00f3w). <\/span><span id=\"gts_text_16\" class=\"gts_text\">Rogi nie s\u0105 prawdziwe rogi jak rogi bawo\u0142\u00f3w, antylop lub owiec. <\/span><span id=\"gts_text_17\" class=\"gts_text\">Powi\u0119ksza si\u0119 ze sk\u00f3ry i jest wykonane z tego samego materia\u0142u, jak w\u0142osy i toenails. <\/span><span id=\"gts_text_18\" class=\"gts_text\">Nosoro\u017cec bia\u0142y jest tylko ssak z rog\u00f3w, kt\u00f3re nie maj\u0105 ko\u015bci wewn\u0105trz. <\/span><span id=\"gts_text_19\" class=\"gts_text\">Rogi s\u0105 wymienne &#8211; je\u015bli one uzyska\u0107 rozdarta, nowe r\u00f3g zacznie wzrasta\u0107, a w m\u0142odych osobnik\u00f3w mo\u017ce ono by\u0107 zast\u0105pione ca\u0142kowicie. <\/span><span id=\"gts_text_20\" class=\"gts_text\">Nie jest to ch\u0142odnym? <\/span><span id=\"gts_text_21\" class=\"gts_text\">Samice nale\u017cy u\u017cy\u0107 ich rogi do ochrony ich m\u0142odych osobnik\u00f3w, podczas gdy samc\u00f3w u\u017cywa ich rogi w walki z innych nosoro\u017cce. <\/span><span id=\"gts_text_22\" class=\"gts_text\">Rogi s\u0105 u\u017cywane dla tradycyjnej medycyny chi\u0144skiej w Chinach, Tajwan i Korea Po\u0142udniowa. <\/span><span id=\"gts_text_23\" class=\"gts_text\">Ludzie my\u015ble\u0107, \u017ce zmniejsza pomoru i b\u00f3le g\u0142owy, mimo \u017ce jest on po prostu toenail rzeczy. <\/span><span id=\"gts_text_24\" class=\"gts_text\">Jest r\u00f3wnie\u017c u\u017cywany do tradycyjnych naszyjniki. <\/span><span id=\"gts_text_25\" class=\"gts_text\">To jest jednym z powod\u00f3w dlaczego poluje si\u0119 bia\u0142y Rhinoceroses.<\/span><\/p>\n<p><span id=\"gts_text_26\" class=\"gts_text\">Nosoro\u017cec bia\u0142y maj\u0105 r\u00f3wnie\u017c rozrz\u0105dow\u0105 na odwrocie ich szyi. <\/span><span id=\"gts_text_27\" class=\"gts_text\">Pot\u0119\u017cnych mi\u0119\u015bni w hump pozwala nosoro\u017cca bia\u0142ego do bardzo szybko unie\u015b g\u0142owic\u0105 ci\u0119\u017ckich w g\u00f3r\u0119 od normalnej pozycji wypasu. <\/span><span id=\"gts_text_28\" class=\"gts_text\">Nie maj\u0105 one k\u0142y lub z\u0119by, zamiast tego u\u017cywaj\u0105 ich szeroko\u015bci kwadrat\u00f3w wargach do ugry\u017a trawy Otwarte murawy w Republice Po\u0142udniowej Afryki. <\/span><span id=\"gts_text_29\" class=\"gts_text\">One zemle\u0107 trawy mi\u0119dzy dwoma molars na g\u00f3rnej szcz\u0119ki i dw\u00f3ch molars na dolnej szcz\u0119ki. <\/span><span id=\"gts_text_30\" class=\"gts_text\">Posiadaj\u0105 dobr\u0105 system przewodu do trawienia tych trawy z\u0142ej jako\u015bci.<\/span><\/p>\n<p><span id=\"gts_text_31\" class=\"gts_text\">Ka\u017cda 4 stumpy st\u00f3p nosoro\u017cec bia\u0142y ma trzy palce. <\/span><span id=\"gts_text_32\" class=\"gts_text\">W zwi\u0105zku z tym ich footprints s\u0105 kszta\u0142cie asa trefl. <\/span><span id=\"gts_text_33\" class=\"gts_text\">Maj\u0105 one bardzo ma\u0142o w\u0142os\u00f3w na ich organ\u00f3w w por\u00f3wnaniu z wi\u0119kszo\u015bci innych ssak\u00f3w. <\/span><span id=\"gts_text_34\" class=\"gts_text\">Ich jedynym w\u0142os\u00f3w jest na obrze\u017cach swoich uszu i na ich ogony.<\/span><\/p>\n<p><span id=\"gts_text_35\" class=\"gts_text\">S\u0105 one nazywane nosoro\u017cec bia\u0142y z powodu ich szeroko\u015bci kwadrat\u00f3w wargi. <\/span><span id=\"gts_text_36\" class=\"gts_text\">&#8220;Bia\u0142y&#8221; nie ma nic yo, czy z kolorem ich sk\u00f3ry, kt\u00f3ra nie jest bia\u0142y &#8211; zamiast tego jest poniewa\u017c holenderski wyraz &#8220;szeroki&#8221; lub wijd, brzmi jak angielski wyraz na &#8220;bia\u0142y&#8221;. <\/span><span id=\"gts_text_37\" class=\"gts_text\">S\u0105 r\u00f3wnie\u017c nazywane nosoro\u017cec Square-Lipped, lub <em>Ceratotherium simum simum.<\/em><\/span><\/p>\n<p><span id=\"gts_text_38\" class=\"gts_text\">Ich zakresy kolor z \u017c\u00f3\u0142tawy br\u0105zowy na szary. <\/span><span id=\"gts_text_39\" class=\"gts_text\">S\u0105 one grazers ro\u015blino\u017cernych, kt\u00f3re je\u015b\u0107 trawy. <\/span><span id=\"gts_text_40\" class=\"gts_text\">Preferuj\u0105 zje\u015b\u0107 najkr\u00f3tsz\u0105 ziarna. <\/span><span id=\"gts_text_41\" class=\"gts_text\">Nosoro\u017cec bia\u0142y jest jednym z najwi\u0119kszych zwierz\u0105t, kt\u00f3re po prostu eats trawy! <\/span><span id=\"gts_text_42\" class=\"gts_text\">Napoje go dwa razy dziennie, je\u015bli woda jest dost\u0119pne, ale je\u015bli istnieje suszy mog\u0105 \u017cy\u0107 4 do 5 dni bez wody w Republice Po\u0142udniowej Afryki. <\/span><span id=\"gts_text_43\" class=\"gts_text\">Mog\u0105 one pi\u0107 do 80 litr\u00f3w (20 litr\u00f3w) wody dziennie. <\/span><span id=\"gts_text_44\" class=\"gts_text\">Nosoro\u017cec bia\u0142y ma nie gruczo\u0142y sweat. <\/span><span id=\"gts_text_45\" class=\"gts_text\">Na gor\u0105ce dni one b\u0119d\u0105 odgrywa\u0107 i grzebania same si\u0119 w b\u0142ocie. <\/span><span id=\"gts_text_46\" class=\"gts_text\">B\u0142oto \u015bledzi sch\u0142odzi\u0107 nosoro\u017cec bia\u0142y. <\/span><span id=\"gts_text_47\" class=\"gts_text\">B\u0142oto dzia\u0142aj\u0105 tak\u017ce jako b\u0142\u0105d je\u015bli fizyczn\u0105 dla nosoro\u017cec bia\u0142y. <\/span><span id=\"gts_text_48\" class=\"gts_text\">Zabezpiecza nosoro\u017cca bia\u0142ego z odgryzaniem prostej i kleszczy.<\/span><\/p>\n<p><figure id=\"attachment_1162\" aria-describedby=\"caption-attachment-1162\" style=\"width: 300px\" class=\"wp-caption aligncenter\"><figcaption id=\"caption-attachment-1162\" class=\"wp-caption-text\">White Rhinoceros And Human<\/figcaption><\/figure><a href=\"http:\/\/www.big-animals.com\/wp-content\/uploads\/2011\/05\/White_Rhinoceros_And_Human.png\"><img loading=\"lazy\" decoding=\"async\" class=\"size-medium wp-image-1162\" title=\"White Rhinoceros And Human\" src=\"http:\/\/www.big-animals.com\/wp-content\/uploads\/2011\/05\/White_Rhinoceros_And_Human-300x122.png\" alt=\"White Rhinoceros And Human\" width=\"300\" height=\"122\" \/><span id=\"gts_text_49\" class=\"gts_text\"><\/span><\/p>\n<p><span id=\"gts_text_50\" class=\"gts_text\">Nosoro\u017cec bia\u0142y posiada \u0142agodny i delikatnie osobowo\u015b\u0107. <\/span><span id=\"gts_text_51\" class=\"gts_text\">Charakteryzuj\u0105 si\u0119 unikn\u0105\u0107 konfliktu.\u00a0White <\/span><span id=\"gts_text_52\" class=\"gts_text\">Nosoro\u017cec mo\u017ce wygl\u0105da\u0107 slow gdy one id\u0105, ale s\u0105 one mo\u017ce obci\u0105\u017cy\u0107 szybko na kr\u00f3tkich dystansach. <\/span><span id=\"gts_text_53\" class=\"gts_text\">Nosoro\u017cec bia\u0142y mo\u017cna uruchomi\u0107 na 50 km na godzin\u0119 (30 mil) na kr\u00f3tkich dystansach.<\/span><\/p>\n<p><span id=\"gts_text_54\" class=\"gts_text\">White Rhinoceroses s\u0105 w stanie grunt, snort, squeal kiedy strachu lub growl, gdy s\u0105 one zagro\u017cone. <\/span><span id=\"gts_text_55\" class=\"gts_text\">\u017byj\u0105 w stado, kt\u00f3ra sk\u0142ada si\u0119 z 14 zwierz\u0105t. <\/span><span id=\"gts_text_56\" class=\"gts_text\">S\u0105 one zwykle \u017ce\u0144skich osobnik\u00f3w. <\/span><span id=\"gts_text_57\" class=\"gts_text\">Najbardziej doros\u0142ych samc\u00f3w White Rhinoceroses na \u017cywo samodzielnie. <\/span><span id=\"gts_text_58\" class=\"gts_text\">Najsilniejsze p\u0142ci m\u0119skiej nosoro\u017cec bia\u0142y oznacza jego terytorium z jego P\u00f3o i pee. <\/span><span id=\"gts_text_59\" class=\"gts_text\">Obornik jest ustanowione w stosach. <\/span><span id=\"gts_text_60\" class=\"gts_text\">Mo\u017ce ona 20 do 30 tych stosach obornika aby ostrzec innych nosoro\u017cec bia\u0142y nie do inwazji na jego terytorium. <\/span><span id=\"gts_text_61\" class=\"gts_text\">Nie jest \u017ce unikalny spos\u00f3b obrony terytorium! <\/span><span id=\"gts_text_62\" class=\"gts_text\">Inny spos\u00f3b zaznaczania jej terytorium jest wycierania jego rogi na krzew\u00f3w lub pod\u0142o\u017ca i skrobanie z jego stopy przed opryskiwaniem moczu.<\/span><\/p>\n<p><span id=\"gts_text_63\" class=\"gts_text\">Nosoro\u017cec bia\u0142y ma s\u0142abe wizji. <\/span><span id=\"gts_text_64\" class=\"gts_text\">Jest w stanie wy\u015bwietli\u0107 poruszaj\u0105cego si\u0119 obiektu do 150 st\u00f3p (45 metr\u00f3w) od hotelu ale one nie s\u0105 w stanie zlokalizowa\u0107 osob\u0119, kt\u00f3ra stoi nadal tylko 100 st\u00f3p (30 metr\u00f3w) od hotelu. <\/span><span id=\"gts_text_65\" class=\"gts_text\">Ale maj\u0105 doskona\u0142\u0105 zmys\u0142y zapachu i s\u0142uchu.<\/span><\/p>\n<p><figure id=\"attachment_1161\" aria-describedby=\"caption-attachment-1161\" style=\"width: 300px\" class=\"wp-caption alignright\"><figcaption id=\"caption-attachment-1161\" class=\"wp-caption-text\">A White Rhinoceros Mother And Calf - Photograph by James Temple<\/figcaption><\/figure><a href=\"http:\/\/www.big-animals.com\/wp-content\/uploads\/2011\/05\/White_Rhinoceros_And_Calf.jpg\"><img loading=\"lazy\" decoding=\"async\" class=\"size-medium wp-image-1161\" title=\"A White Rhinoceros Mother And Calf - Photograph by James Temple\" src=\"http:\/\/www.big-animals.com\/wp-content\/uploads\/2011\/05\/White_Rhinoceros_And_Calf-300x177.jpg\" alt=\"A White Rhinoceros Mother And Calf - Photograph by James Temple\" width=\"300\" height=\"177\" \/><span id=\"gts_text_66\" class=\"gts_text\"><\/span><\/p>\n<p><span id=\"gts_text_67\" class=\"gts_text\">Nosoro\u017cce Samica zwykle tylko poda\u0107 urodzenia do jednego baby rhino naraz. <\/span><span id=\"gts_text_68\" class=\"gts_text\">Rhino dziecko b\u0119dzie zwa\u017cy\u0107 mi\u0119dzy 40 a 65 kg (90 do 140 lb). <\/span><span id=\"gts_text_69\" class=\"gts_text\">Rhino baby, nazywane <em>ciel\u0119cia<\/em>, b\u0119d\u0105 chronione przez jego matka przeciwko wszystkich drapie\u017cnik\u00f3w. <\/span><span id=\"gts_text_70\" class=\"gts_text\">B\u0119dzie ona walki energicznie do zabezpieczy\u0107 jej ciel\u0119. <\/span><span id=\"gts_text_71\" class=\"gts_text\">Nie b\u0119dzie m\u00f3g\u0142 chodzi\u0107 stale dla pierwszych 2 do 3 dni jego \u017cycia. <\/span><span id=\"gts_text_72\" class=\"gts_text\">Ciel\u0119 zaczyna si\u0119 p\u00f3\u0142bajt na trawy po up\u0142ywie 3 miesi\u0119cy, ale jedynie przestaje wykonywa\u0107 jego matka mleka po rok lub d\u0142u\u017cej. <\/span><span id=\"gts_text_73\" class=\"gts_text\">Ciel\u0119 b\u0119dzie squeal gdy chce mleka. <\/span><span id=\"gts_text_74\" class=\"gts_text\">Matka b\u0119dzie tylko jeden ciel\u0119 raz na dwa i p\u00f3\u0142 do pi\u0119ciu lat. <\/span><span id=\"gts_text_75\" class=\"gts_text\">Przed ona rodzi si\u0119 nowe ciel\u0105t, okr\u0119t b\u0119dzie najpierw chase away jej bie\u017c\u0105cego ciel\u0119.\u00a0Ciel\u0119 nie mieszkaj\u0105 w jego w\u0142asnych a\u017c znajdzie si\u0119 oko\u0142o 3 lat.<\/span><\/p>\n<p><span id=\"gts_text_76\" class=\"gts_text\">Doros\u0142ych White Rhinoceroses mie\u0107 nie naturalnych drapie\u017cnik\u00f3w z powodu ich du\u017cy rozmiar. <\/span><span id=\"gts_text_77\" class=\"gts_text\">Nawet m\u0142odych te s\u0105 rzadko zaatakowa\u0142 poniewa\u017c ich matka jest zawsze tam ich ochrony. <\/span><span id=\"gts_text_78\" class=\"gts_text\">Mimo to \u017cadne zwierz\u0119 b\u0119dzie cieszy\u0107 si\u0119 jedzenia je, poniewa\u017c ich trudnych sk\u00f3ry.<\/span><\/p>\n<p><span id=\"gts_text_79\" class=\"gts_text\">Nosoro\u017cec bia\u0142y mo\u017ce stan\u0105\u0107 na wysoko\u015bci 40 lat w dzikiej i maksymalnie 50 lat w niewoli.\u00a0Niestety populacji nosoro\u017cca bia\u0142ego jest zmniejszaj\u0105ca die nielegalne polowania i utraty siedliska. <\/span><span id=\"gts_text_80\" class=\"gts_text\">Ochrona zosta\u0142y przeprowadzone do ochrony tych nosoro\u017cce od wyga\u015bni\u0119cia.<\/span><\/p>\n","protected":false},"excerpt":{"rendered":"<p>Nosoro\u017cec bia\u0142y jest nieparzystokopytne ssak\u00f3w. Jest najwi\u0119kszym wszystkich SUS nieparzystych-rodzaj ssak\u00f3w kopytnych i czwartym najwi\u0119kszym \u017cycia ssak\u00f3w l\u0105dowych po s\u0142oni. Najwi\u0119kszy nagrane nosoro\u017cec bia\u0142y wa\u017cy oko\u0142o 4530 kilogram\u00f3w (9600 lb). Zazwyczaj wa\u017cy\u0142a ona mi\u0119dzy 1350 do 3600 kg (3000 do 14000 funt\u00f3w). Samce s\u0105 nieco wi\u0119ksze od samic. Posiada kr\u00f3tkie szyi i bardzo szerokiej piersi. &hellip; <a href=\"https:\/\/www.big-animals.com\/pl\/nosoro%c5%bcec-bia%c5%82y\/\" class=\"more-link\">Continue reading <span class=\"screen-reader-text\">Nosoro\u017cec bia\u0142y<\/span><\/a><\/p>\n","protected":false},"author":1,"featured_media":0,"parent":0,"menu_order":0,"comment_status":"closed","ping_status":"open","template":"","meta":{"_acf_changed":false,"footnotes":""},"acf":[],"_links":{"self":[{"href":"https:\/\/www.big-animals.com\/pl\/wp-json\/wp\/v2\/pages\/640"}],"collection":[{"href":"https:\/\/www.big-animals.com\/pl\/wp-json\/wp\/v2\/pages"}],"about":[{"href":"https:\/\/www.big-animals.com\/pl\/wp-json\/wp\/v2\/types\/page"}],"author":[{"embeddable":true,"href":"https:\/\/www.big-animals.com\/pl\/wp-json\/wp\/v2\/users\/1"}],"replies":[{"embeddable":true,"href":"https:\/\/www.big-animals.com\/pl\/wp-json\/wp\/v2\/comments?post=640"}],"version-history":[{"count":0,"href":"https:\/\/www.big-animals.com\/pl\/wp-json\/wp\/v2\/pages\/640\/revisions"}],"wp:attachment":[{"href":"https:\/\/www.big-animals.com\/pl\/wp-json\/wp\/v2\/media?parent=640"}],"curies":[{"name":"wp","href":"https:\/\/api.w.org\/{rel}","templated":true}]}}