{"id":641,"date":"2011-05-28T22:59:25","date_gmt":"2011-05-28T22:59:25","guid":{"rendered":""},"modified":"2013-08-12T19:59:36","modified_gmt":"2013-08-12T19:59:36","slug":"penguins","status":"publish","type":"page","link":"https:\/\/www.big-animals.com\/pl\/penguins\/","title":{"rendered":"Pingwiny"},"content":{"rendered":"<p>Pingwiny<\/p>\n<p>Pingwiny, pomimo tego \u017ce nale\u017c\u0105 do rodziny <a href=\"http:\/\/www.big-animals.com\/pl\/the-worlds-najwi%c4%99kszy-ptak%c3%b3w\/\" title=\"Ptaki najwi\u0119kszy na \u015bwiecie!\">ptak\u00f3w<\/a> nie potrafi\u0105 lata\u0107.<a href=\"http:\/\/www.big-animals.com\/pl\/the-worlds-najwi%c4%99kszy-ptak%c3%b3w\/\" title=\"Ptaki najwi\u0119kszy na \u015bwiecie!\"><\/a>  .  Poniewa\u017c \u017cywi\u0105 si\u0119 krylami, rybami, ka\u0142amarnicami oraz innymi zwierz\u0105tkami morskimi wi\u0119kszo\u015b\u0107 czasu sp\u0119dzaj\u0105 pod wod\u0105. Na ko\u0144cu dzioba maj\u0105 umieszczony hak, kt\u00f3ry u\u0142atwia im \u0142apanie po\u017cywienia. Opr\u00f3cz tego maj\u0105 w\u0142oski na j\u0119zyku, dzi\u0119ki kt\u00f3rym jedzenie nie wy\u015blizguje im si\u0119 z dzioba.  Pingwiny, kt\u00f3re \u017cywi\u0105 si\u0119 rybami, tak jak  na przyk\u0142ad pingwin cesarski, maj\u0105 d\u0142u\u017cszy i cie\u0144szy dzi\u00f3b,podczas gdy te, kt\u00f3re \u017cywi\u0105 si\u0105 krylami, jak pingwin z\u0142otoczuby, maj\u0105 dzioby kr\u00f3tsze i grubsze. Pingwiny nie maj\u0105 z\u0119b\u00f3w. Mog\u0105 one pi\u0107 s\u0142on\u0105 wod\u0119, poniewa\u017c ich cia\u0142o wyposa\u017cone jest w specjalne gruczo\u0142y, dzi\u0119ki kt\u00f3rym pozbywaj\u0105 si\u0119 nadmiernej ilo\u015bci soli w organizmie. Ludzie nie posiadaj\u0105 takich gruczo\u0142\u00f3w i je\u015bli piliby\u015bmy tyle s\u0142onej wody, co pingwiny, umarliby\u015bmy z pragnienia.<br \/>\nW wodzie poruszaj\u0105 si\u0119 bardzo szybko. U\u017cywaj\u0105  skrzyde\u0142 jako p\u0142etw, wi\u0119c kiedy s\u0105 pod wod\u0105 machaj\u0105 skrzyd\u0142ami, tak jakby lecia\u0142y w powietrzu.<br \/>\nZamieszkuj\u0105 g\u0142\u00f3wnie p\u00f3\u0142kul\u0119 po\u0142udniow\u0105, szczeg\u00f3lnie Antarktyd\u0119. Bardzo trudno znale\u017a\u0107 dzikie pingwiny na p\u00f3\u0142kuli p\u00f3\u0142nocnej. Istnieje tylko kilka gatunk\u00f3w, a w\u015br\u00f3d nich pingwin r\u00f3wnikowy, kt\u00f3ry zamieszkuje tropiki. Znacz\u0105ce populacje pingwin\u00f3w mo\u017cna znale\u017a\u0107 g\u0142\u00f3wnie na Antarktydzie, w Australii, Nowej Zelandii, Ameryce Po\u0142udniowej i Afryce Po\u0142udniowej. Istniej\u0105 tylko 17 gatunk\u00f3w pingwin\u00f3w na ca\u0142ym \u015bwiecie.<br \/>\nNajwi\u0119kszy \u017cyj\u0105cy pingwin &#8211;<a href=\"http:\/\/www.big-animals.com\/pl\/pingwin-cesarski\/\" title=\"Pingwin cesarski\">pingwin cesarski-<\/a>, jest jedynym gatunkiem, kt\u00f3ry buduje gniazda i rozma\u017ca si\u0119 na Antarktydzie. Doros\u0142y osobnik mo\u017ce osi\u0105ga\u0107 do 1,1 metra wysoko\u015bci i wa\u017cy\u0107 ponad 35 kg. Najmniejszym gatunkiem pingwina jest pingwinek ma\u0142y, zwany r\u00f3wnie\u017c pingwinem bajkowym, kt\u00f3ry mierzy zaledwie 40 cm przy  wadze oko\u0142o 1 kg. Najwi\u0119kszym, kiedykolwiek \u017cyj\u0105cym przedstawicielem tego rodzaju by\u0142 ogromny pingwin o nazwie <a href=\"http:\/\/www.big-animals.com\/pl\/anthropornis\/\" title=\"Anthropornis\">Anthropornis<\/a>. Rozmiarem przpomina\u0142 cz\u0142owieka! Wa\u017cy\u0142 oko\u0142o 90 kilogram\u00f3w i mierzy\u0142 oko\u0142o 1.7 metra. I rzeczywi\u015bcie jego nazwa z \u0142aciny oznacza cz\u0142owiek-ptak. A\u017c trudno sobie wyobrazi\u0107 spotkanie twarz\u0105 w twarz z takim ogromnym pingwinem!<\/p>\n<p>Pingwiny pokryte s\u0105 warstami czarnych i bia\u0142ych pi\u00f3r. Chroni\u0105 je one przed drapie\u017cnikami, takimi jak lampart morski, kt\u00f3ry poluj\u0105c bardzo cz\u0119sto nie jest w stanie odr\u00f3\u017cni\u0107  bia\u0142ego koloru brzucha pingwina od otaczaj\u0105cej go jasnej powierzchni wody. Je\u015bli natomiast patrzy z g\u00f3ry, jest mu bardzo trudno wyr\u00f3\u017cni\u0107 czarne plecy pingiwna w ciemno\u015bciach oceanu. Dlatego te\u017c dla zachowania bezpiecze\u0144stwa pingwiny musz\u0105 nosi\u0107 te bia\u0142o-czarne smokingi i uwa\u017ca\u0107, aby nie p\u0142ywa\u0107 do g\u00f3ry nogami.<br \/>\nPomi\u0119dzy g\u0142adkimi warstwami pi\u00f3r znajduje si\u0119 powietrze, kt\u00f3re nie tylko umo\u017cliwia im utrzymanie si\u0119 na wodzie ale  r\u00f3wnie\u017c chroni przed zimnem. Opr\u00f3cz tego, cia\u0142a pingwin\u00f3w s\u0105 uformowane w kszta\u0142cie torpedy, co czyni ich doskona\u0142ymi p\u0142ywakami osi\u0105gaj\u0105cymi pr\u0119dko\u015b\u0107 od 6 do 12 kilometr\u00f3w na godzin\u0119. Na l\u0105dzie, aby utrzma\u0107 r\u00f3wnowag\u0119 w pozycji pionowej wykorzystuj\u0105 skrzyd\u0142a i ogon.<br \/>\nPingwiny o ma\u0142ych  rozmiarach zazwyczaj nie nurkuj\u0105 g\u0142\u0119boko i poluj\u0105 na swoje ofiary przy powierzchni wody. W przeciwie\u0144stwie do nich du\u017ce pingwiny s\u0105 w stanie nurkowa\u0107 bardzo g\u0142\u0119boko w wodach oceanu. I tak na przyk\u0142ad  pingwin cesarski mo\u017ce nurkowa\u0107 przez 22 minuty na g\u0142\u0119boko\u015b\u0107 ponad 560 m. Pingwiny nie mog\u0105 oddycha\u0107 pod wod\u0105, ale s\u0105 w stanie na bardzo d\u0142ugo wstrzyma\u0107 oddech, szczeg\u00f3lnie pingwin cesarski. Czasami wynurzaj\u0105 si\u0119 na moment, aby zaczern\u0105\u0107 powietrza i spowrotem wracaj\u0105 pod wod\u0119 w poszukiwaniu \u017cywno\u015bci.<\/p>\n<p>Na l\u0105dzie pingwiny poruszaj\u0105 si\u0119 malutkimi kroczkami, ko\u0142ysz\u0105c si\u0119 niezgrabnie z boku na bok albo \u015blizgaj\u0105 si\u0119 na brzuchach. Niez\u0142a zabawa! W rzeczywisto\u015bci jednak \u015blizganie si\u0119 na brzuchu umo\u017cliwia im szybkie poruszanie si\u0119, przy jednoczesnym oszcz\u0119dzaniu si\u0142. A kiedy chc\u0105 porusza\u0107 si\u0119 szybciej lub przeskoczy\u0107 urwiste klify, w\u00f3wczas podskakuj\u0105 nawet do wysoko\u015bci 5 metr\u00f3w.Kr\u00f3tkie n\u00f3\u017cki s\u0142u\u017c\u0105 do sterowania w wodzie,a b\u0142ona p\u0142awna,tak  jak u kaczek, u\u0142atwia im p\u0142ywanie.<br \/>\nPingwiny ,podobnie jak my s\u0105 ciep\u0142okrwiste. I podobnie jak foki, tu\u017c pod sk\u00f3r\u0105 maj\u0105 one warstw\u0119 t\u0142uszczu, dzi\u0119ki kt\u00f3rej utrzymuj\u0105 ciep\u0142o i komfort. Aby zapewni\u0107 sobie odporno\u015b\u0107 na wiatr i wod\u0119 wcieraj\u0105 w pi\u00f3ra t\u0142uszcz wydzielony przez cia\u0142o. S\u0105 one r\u00f3wnie\u017c w stanie kontrolowa\u0107 przep\u0142yw krwi do zewn\u0119trznych powierzchni cia\u0142a, w celu zmniejszenia ilo\u015bci krwi, kt\u00f3ra ch\u0142odniej\u0105c mo\u017ce spowodowa\u0107 zamro\u017cenie. Bardzo cz\u0119sto te\u017c zbijaj\u0105 si\u0119 w gromad\u0119 aby utrzyma\u0107 ciep\u0142o i regularnie zamieniaj\u0105 si\u0119 miejscami tak aby ka\u017cdy pingwin z grupy cho\u0107 przez chwil\u0119 by\u0142 w \u015brodku. Takie skupisko mo\u017ce liczy\u0107 nawet do 5000 pingwin\u00f3w.<br \/>\nZ kolei pingwiny r\u00f3wnikowe, zamieszkuj\u0105ce gor\u0105ce tropiki to zupe\u0142nie inna historia. Zamiast zbija\u0107 si\u0119 w gromad\u0119 w celu utrzymania ciep\u0142a, rozk\u0142adaj\u0105 skrzyd\u0142a i trzepi\u0105 pi\u00f3rami dla och\u0142ody.<br \/>\nPingwiny nie maj\u0105 zewn\u0119trznych uszu. Ich narz\u0105dem s\u0142uchu s\u0105 dwa ma\u0142e- przykryte pi\u00f3rami- otwory, umieszczone w tym samym miejscu gdzie nasze uszy. S\u0142uch dla pingwin\u00f3w ma takie samo znaczenie, jak dla ptak\u00f3w, tym bardziej \u017ce namierzaj\u0105 si\u0119 one poprzez wzajemne nawo\u0142ywania. <\/p>\n<p>Rozmna\u017caj\u0105 si\u0119 w du\u017cych koloniach. Te kolonie rozrodze mog\u0105 liczy\u0107 od 100 par, jak to ma miejsce w przypadku pigwina bia\u0142obrewego do kilkunastu tysi\u0119cy u pigwina z\u0142otoczubego. Pingwiny s\u0105 wiernymi partnerami i zazwyczaj \u017cyj\u0105 ze sob\u0105 przez lata. Wi\u0119kszo\u015b\u0107 pingwin\u00f3w sk\u0142ada dwa jaja w gnie\u017adzie, przy czym wi\u0119ksze gatunki, takie jak pingwin cesarski czy pingwin kr\u00f3lewski tylko jedno. Prawie wszystkie gatunki, z wyj\u0105tkiem pigwina cesarskiego dziel\u0105 si\u0119 obowi\u0105zkiem utrzymania jaj w odpowiedniej temperaturze. W przypadku pigwnia cesarskiego to ojciec jest odpowiedzialny za inkubacje, podczas gdy matka zajmuje si\u0119 zdobywaniem po\u017cywienia. Jaja pingwin\u00f3w maj\u0105 grub\u0105 skorup\u0119 i s\u0105 znacznie mniejsze w por\u00f3wnaniu z jajami innych ptak\u00f3w.<\/p>\n<p>Gdy tylko piskl\u0119 wykluje si\u0119 z jaja natychmiast rozpoczyna swoje nawo\u0142ywania, aby rodzice mogli je rozpozna\u0107 i odnale\u017a\u0107 w\u015br\u00f3d du\u017cej kolonii rozrodczej. Mo\u017ce si\u0119 zdarzy\u0107, \u017ce matka po zgubieniu swojego piskl\u0119cia b\u0119dzie pr\u00f3bowa\u0142a wykra\u015b\u0107 piskl\u0119 innej matce, co zazwyczaj ko\u0144czy si\u0119 niepowodzeniem. Pozosta\u0142e matki pilnuj\u0105  czujnie swoich piskl\u0105t. Kiedy piskl\u0119 jest ju\u017c wystarczaj\u0105co du\u017ce i silne, mama i tata razem odchodz\u0105 do morza w poszukiwaniu po\u017cywienia. Piskl\u0119ta s\u0105 pozostawiane w du\u017cej grupie zwanej  \u017c\u0142obkiem. Po powrocie rodzice  rozpoznaj\u0105 swoje piskl\u0119 po g\u0142osie.<br \/>\nPingwiny nie boj\u0105 si\u0119 ludzi. A to dlatego, \u017ce na l\u0105dzie, takim jak Ankarktyda i jej przybrze\u017cnych  wyspach nie s\u0105 one nara\u017cone na atak drapie\u017cnik\u00f3w. Co prawda wyst\u0119puje tam lampart morski i orka, ale \u017cyj\u0105 one w wodzie. Niemniej jednak odwiedzaj\u0105cym kolonie pingiwn\u00f3w zaleca si\u0119 trzymanie dystansu na wypadek, gdyby sta\u0142y si\u0119 one zbyt nerwowe.<\/p>\n","protected":false},"excerpt":{"rendered":"<p>Pingwiny Pingwiny, pomimo tego \u017ce nale\u017c\u0105 do rodziny ptak\u00f3w nie potrafi\u0105 lata\u0107. . Poniewa\u017c \u017cywi\u0105 si\u0119 krylami, rybami, ka\u0142amarnicami oraz innymi zwierz\u0105tkami morskimi wi\u0119kszo\u015b\u0107 czasu sp\u0119dzaj\u0105 pod wod\u0105. Na ko\u0144cu dzioba maj\u0105 umieszczony hak, kt\u00f3ry u\u0142atwia im \u0142apanie po\u017cywienia. Opr\u00f3cz tego maj\u0105 w\u0142oski na j\u0119zyku, dzi\u0119ki kt\u00f3rym jedzenie nie wy\u015blizguje im si\u0119 z dzioba. Pingwiny, &hellip; <a href=\"https:\/\/www.big-animals.com\/pl\/penguins\/\" class=\"more-link\">Continue reading <span class=\"screen-reader-text\">Pingwiny<\/span><\/a><\/p>\n","protected":false},"author":1,"featured_media":0,"parent":0,"menu_order":0,"comment_status":"closed","ping_status":"open","template":"","meta":{"_acf_changed":false,"footnotes":""},"acf":[],"_links":{"self":[{"href":"https:\/\/www.big-animals.com\/pl\/wp-json\/wp\/v2\/pages\/641"}],"collection":[{"href":"https:\/\/www.big-animals.com\/pl\/wp-json\/wp\/v2\/pages"}],"about":[{"href":"https:\/\/www.big-animals.com\/pl\/wp-json\/wp\/v2\/types\/page"}],"author":[{"embeddable":true,"href":"https:\/\/www.big-animals.com\/pl\/wp-json\/wp\/v2\/users\/1"}],"replies":[{"embeddable":true,"href":"https:\/\/www.big-animals.com\/pl\/wp-json\/wp\/v2\/comments?post=641"}],"version-history":[{"count":8,"href":"https:\/\/www.big-animals.com\/pl\/wp-json\/wp\/v2\/pages\/641\/revisions"}],"predecessor-version":[{"id":742,"href":"https:\/\/www.big-animals.com\/pl\/wp-json\/wp\/v2\/pages\/641\/revisions\/742"}],"wp:attachment":[{"href":"https:\/\/www.big-animals.com\/pl\/wp-json\/wp\/v2\/media?parent=641"}],"curies":[{"name":"wp","href":"https:\/\/api.w.org\/{rel}","templated":true}]}}