{"id":642,"date":"2011-05-29T09:47:59","date_gmt":"2011-05-29T09:47:59","guid":{"rendered":""},"modified":"2013-08-19T12:59:11","modified_gmt":"2013-08-19T12:59:11","slug":"pingwin-cesarski","status":"publish","type":"page","link":"https:\/\/www.big-animals.com\/pl\/pingwin-cesarski\/","title":{"rendered":"Pingwin cesarski"},"content":{"rendered":"<p>Pingwin cesarski jest najwi\u0119kszym \u017cyj\u0105cym gatunkiem z rodziny <a href=\"http:\/\/www.big-animals.com\/pl\/penguins\/\" title=\"Pingwiny\">pingwin\u00f3w<\/a>. Zamieszkuje Antarktyd\u0119, gdzie temperatura mo\u017ce spa\u015b\u0107 nawet do -60 C. Samce s\u0105 zdecydowanie wi\u0119ksze od samic i osiagaj\u0105 do 120 cm wzrostu i od 22 do 45 kg wagi. Ich g\u0142owa, podbr\u00f3dek, szyja, grzbiet, tylnia cz\u0119\u015b\u0107 p\u0142etw oraz ogon s\u0105 czarne, podczas gdy wewn\u0119trzna strona skrzyde\u0142 oraz brzuch \u2013bia\u0142e. Opr\u00f3cz tego g\u00f3rna cz\u0119\u015b\u0107 klatki piersiowej jest jasno pomara\u0144czowa a okolice uszu-jaskrawo \u017c\u00f3\u0142te.<br \/>\nPiskl\u0119ta s\u0105 zazwyczaj pokryte grub\u0105 warstw\u0105 jasnoszarego puchu, upierzenie na g\u0142owie jest czarne, poza bia\u0142\u0105 cz\u0119\u015bci\u0105 twarzow\u0105. Zaraz po wykluciu wa\u017c\u0105 oko\u0142o 315 g. Odnajduj\u0105 si\u0119 wzajemnie poprzez nawo\u0142ywania.<br \/>\nTo w\u0142a\u015bnie pingwin cesarski by\u0142 bohaterem filmu \u201eHappy feet: Tupot ma\u0142ych st\u00f3p\u201d.<br \/>\nPingwin ten nie potrafi lata\u0107, ale za to jest \u015bwietnym p\u0142ywakiem. Charakteryzuje si\u0119 op\u0142ywowym kszta\u0142tem cia\u0142a, usztywnionymi p\u0142askimi skrzyd\u0142ami, przypominajacymi p\u0142etwy, l\u015bni\u0105cymi i odpornymi na wod\u0119 pi\u00f3rami oraz wyposa\u017conymi w b\u0142on\u0119 p\u0142awn\u0105 \u0142apami, kt\u00f3re s\u0142u\u017c\u0105 r\u00f3wnie\u017c do p\u0142ywania. Wi\u0119kszo\u015b\u0107 \u017cycia sp\u0119dzaj\u0105 na lodowatej Antarktyce oraz w otaczaj\u0105cych j\u0105 wodach.<br \/>\nJ\u0119zyk pingwina cesarskiego jest wyposa\u017cony w male kolce, u\u0142o\u017cone pod w\u0142os, dzi\u0119ki czemu ryby nie wy\u015blizguj\u0105 im si\u0119 z dzioba. Zywi\u0105 si\u0119 g\u0142\u00f3wnie rybami, ale jedz\u0105 tak\u017ce kryle i ka\u0142amarnice. Szukajac \u017cywno\u015bci mog\u0105 wytrzyma\u0107 pod lodowat\u0105 wod\u0105 a\u017c do 18 minut, nurkuj\u0105c na g\u0142\u0119bo\u015b\u0107 do 535 metr\u00f3w. Ze wszystkich przedstawicieli ptak\u00f3w, to w\u0142a\u015bnie pingwin cesarski jest tym , kt\u00f3ry mo\u017ce nurkowa\u0107 najg\u0142\u0119biej i najd\u0142u\u017cej. Niesamowite, nieprawda?<br \/>\nPoniewa\u017c s\u0105 \u015bwietnymi p\u0142ywakami, ich solidne i wype\u0142nione ko\u015bci s\u0105 odporne na wysokie ci\u015bnienie g\u0142\u0119boko pod wod\u0105. Podczas nurkowania redukuj\u0105 zu\u017cycie tlenu,a rytm serca spada do 15-20 uderze\u0144 na minut\u0119. Dzi\u0119ki temu w\u0142a\u015bnie mog\u0105 nurkowa\u0107 d\u0142u\u017cej i g\u0142\u0119biej ni\u017c pozostali przedstawiciele tego gatunku. P\u0142ywaj\u0105c s\u0105 w stanie osi\u0105gn\u0105\u0107 pr\u0119dko\u015b\u0107 od 6 do 9 km na godzin\u0119. Poruszaj\u0105c si\u0119 na l\u0105dzie ko\u0142ysz\u0105 si\u0119 z boku na bok albo \u015blizgaj\u0105 na brzuchu, wprowadzaj\u0105c si\u0119 w ruch przy u\u017cyciu swoich ma\u0142ych st\u00f3p oraz przypominaj\u0105cych skrzyd\u0142a p\u0142etwach.<br \/>\nPingwiny cesarskie s\u0105 bardzo wierne i maj\u0105 tylko jednego partnera w roku. Podczas gdy wi\u0119kszo\u015bci ptak\u00f3w sk\u0142ada jaja w okresie wiosennym, bohaterska samica pingwina cesarskiego, jako jedyny gatunek ptak\u00f3w wybiera na gody lodowat\u0105 zim\u0119 antarktyczn\u0105. Czyste szale\u0144stwo, nieprawda\u017c? Temperatura powietrza spada w\u00f3wczas do -40 C a wiatr wieje z si\u0142\u0105 nawet do 140 km\/h. Tak\u017ce temperatura wody spada do -2C , co oznacza \u017ce jest ona znacznie ni\u017csza ni\u017c \u015brednia temperatura cia\u0142a pingwina cesarskiego (39 C).  I kiedy matka przenosi jajo do m\u0119\u017ca, kt\u00f3ry jest odpowiedzialny za jego inkubacj\u0119, musi by\u0107 bardzo ostro\u017cna. Gdyby je upu\u015bci\u0142a piskl\u0119 zmar\u0142oby od razu, gdy\u017c nie jest ono w stanie -nawet przez chwilk\u0119- znie\u015b\u0107 tak niskiej temperatury.<br \/>\nPi\u00f3ra zapewniaj\u0105 80-90% izolacji przed zimnem. W\u015br\u00f3d wszystkich ptak\u00f3w wyr\u00f3\u017cniaj\u0105 si\u0119 one najg\u0119stszym upierzeniem, bo a\u017c 15 pi\u00f3r na centymetr kwadratowy. Ponadto pomi\u0119dzy pi\u00f3rami znajduje si\u0119 warstwa powietrze, a pod sk\u00f3ra maj\u0105 warstw\u0119 t\u0142uszczu o grubo\u015bci 3 cm, kt\u00f3re chroni\u0105 dodatkowo przed utrat\u0105 ciep\u0142a.<\/p>\n<p>Ponadto, mama i tata odbywaj\u0105 wedr\u00f3wki na lodzie, od 50 do 120 km, w poszukiwaniu odpowiedniego i dobrze os\u0142oni\u0119tego od lodowatego wiatru miejsca, w kt\u00f3rym mogliby zlo\u017cy\u0107 jajo. Samica pingwina cesarskiego po z\u0142o\u017ceniu tylko jednego jaja, pozostawia je samcowi do opieki i wyrusza  na polowania. Niejednokrotnie musi ona odby\u0107 podr\u00f3\u017c od 80 do 1, 500 km tylko po to aby dotrze\u0107 do otwartych w\u00f3d, gdzie znajdzie ryby, ka\u0142amarnice i inne morskie zwierz\u0105tka.Tymczasem tata pozostaje w domu na okres oko\u0142o 2 miesiecy, by opiekowa\u0107 si\u0119 jajem. W przeciwie\u0144stwie do wi\u0119kszo\u015bci ptak\u00f3w pingwin cesarski nie wysiaduje jaj. Samiec uk\u0142ada je na swoich \u0142apach pod specjalnie na to przeznaczon\u0105 cz\u0119\u015bcia brzucha, zwana fa\u0142d\u0105 t\u0142uszczow\u0105. Przez ca\u0142y ten okres samiec niczym si\u0119 nie \u017cywi i pozostaje w jednym miejscu. Ale\u017c to niesamowity tata! Jajo jest ma\u0142ych rozmiar\u00f3w  i posiada do\u015b\u0107 grub\u0105 skorup\u0119, chroni\u0105c\u0105 przed \u0142atwym rozbiciem. Po wyl\u0119gnieciu m\u0142ode piskl\u0105 pozostaje pod fald\u0105 tluszczow\u0105 taty tak d\u0142ugo a\u017c b\u0119dzie w stanie samodzielnie utrzyma\u0107 ciep\u0142o. <\/p>\n<p>Do powrotu samicy, ojciec &#8211; w wyniku braku po\u017cywienia, traci oko\u0142o 12 kg wagi. Za takie po\u015bwi\u0119cenie niew\u0105tpliwie zas\u0142uguje on na tytu\u0142 \u201eojca roku\u201d. Po powrocie matka wypluwa przechowywan\u0105 w \u017co\u0142\u0105dku \u017cywno\u015b\u0107. Wtedy przychodzo kolej na ojca, kt\u00f3ry wyg\u0142odzony udaje si\u0119 na w\u0119dr\u00f3wk\u0119 w poszukiwaniu \u017cywno\u015bci. Mama i Tata na zmian\u0119 poluj\u0105 na po\u017cywienie i opiekuj\u0105 si\u0119 piskl\u0119tami w kolonii. W \u015brodowisku naturalnym \u017cyj\u0105 na og\u00f3\u0142 do 20 lat, cho\u0107 niekiedy do\u017cywaj\u0105 50.<br \/>\nPingwiny cesarskie s\u0105 na tyle inteligentne, \u017ce pomagaj\u0105 sobie wzajemnie przetrwa\u0107 w skrajnych warunkach zimny arktycznej. Dla utrzymania ciep\u0142a i ochrony przed lodowatym wiatrem skupiaj\u0105 si\u0119 w kr\u0119gu, opieraj\u0105c si\u0119 o siebie, przy czym zamieniaj\u0105 si\u0119 miejscami tak aby ka\u017cdy pingwin cho\u0107 przez chwilk\u0119 by\u0142 w \u015brodku. Taki kr\u0105g mo\u017ce liczy\u0107 nawet do kilkuset osobnik\u00f3w.<br \/>\nDrapie\u017cnikami poluj\u0105cymi na pingwiny cesarskie s\u0105 ptaki oraz ssaki wodne. Jednym z najwiekszych zagro\u017ce\u0144 to Macronectes, ptak wodny odpowiedzialny za \u015bmier\u0107 jednej trzeciej cz\u0119\u015bci piskl\u0105t w niekt\u00f3rych koloniach. Opr\u00f3cz tego, \u017cywi si\u0119 on te\u017c martwymi pingwinami. Innym drapie\u017cnikiem jest wydrzyk antarktyczny, kt\u00f3ry g\u0142\u00f3wnie \u017ceruje na  martwych piskl\u0119tach, \u017cywe s\u0105 dla niego za du\u017ce by je zabi\u0107.<br \/>\nSsaki wodne, kt\u00f3re poluj\u0105 na pingwina cesarskiego to g\u0142\u00f3wnie lampart morski i orka. Je\u015bli jedno z rodzic\u00f3w umrze podczas okresu godowego, w\u00f3wczas ten kt\u00f3ry ocala\u0142 nie ma innego wyj\u015bcia jak tylko porzuci\u0107 jajo lub piskl\u0119 i uda\u0107 si\u0119 na wedr\u00f3wk\u0119 w poszukiwaniu po\u017cywienia, zanim sam umrze z g\u0142odu.<\/p>\n","protected":false},"excerpt":{"rendered":"<p>Pingwin cesarski jest najwi\u0119kszym \u017cyj\u0105cym gatunkiem z rodziny pingwin\u00f3w. Zamieszkuje Antarktyd\u0119, gdzie temperatura mo\u017ce spa\u015b\u0107 nawet do -60 C. Samce s\u0105 zdecydowanie wi\u0119ksze od samic i osiagaj\u0105 do 120 cm wzrostu i od 22 do 45 kg wagi. Ich g\u0142owa, podbr\u00f3dek, szyja, grzbiet, tylnia cz\u0119\u015b\u0107 p\u0142etw oraz ogon s\u0105 czarne, podczas gdy wewn\u0119trzna strona skrzyde\u0142 &hellip; <a href=\"https:\/\/www.big-animals.com\/pl\/pingwin-cesarski\/\" class=\"more-link\">Continue reading <span class=\"screen-reader-text\">Pingwin cesarski<\/span><\/a><\/p>\n","protected":false},"author":1,"featured_media":0,"parent":0,"menu_order":0,"comment_status":"closed","ping_status":"open","template":"","meta":{"_acf_changed":false,"footnotes":""},"acf":[],"_links":{"self":[{"href":"https:\/\/www.big-animals.com\/pl\/wp-json\/wp\/v2\/pages\/642"}],"collection":[{"href":"https:\/\/www.big-animals.com\/pl\/wp-json\/wp\/v2\/pages"}],"about":[{"href":"https:\/\/www.big-animals.com\/pl\/wp-json\/wp\/v2\/types\/page"}],"author":[{"embeddable":true,"href":"https:\/\/www.big-animals.com\/pl\/wp-json\/wp\/v2\/users\/1"}],"replies":[{"embeddable":true,"href":"https:\/\/www.big-animals.com\/pl\/wp-json\/wp\/v2\/comments?post=642"}],"version-history":[{"count":2,"href":"https:\/\/www.big-animals.com\/pl\/wp-json\/wp\/v2\/pages\/642\/revisions"}],"predecessor-version":[{"id":751,"href":"https:\/\/www.big-animals.com\/pl\/wp-json\/wp\/v2\/pages\/642\/revisions\/751"}],"wp:attachment":[{"href":"https:\/\/www.big-animals.com\/pl\/wp-json\/wp\/v2\/media?parent=642"}],"curies":[{"name":"wp","href":"https:\/\/api.w.org\/{rel}","templated":true}]}}