{"id":643,"date":"2011-06-04T03:34:51","date_gmt":"2011-06-04T03:34:51","guid":{"rendered":""},"modified":"2015-03-03T15:25:22","modified_gmt":"2015-03-03T15:25:22","slug":"anthropornis","status":"publish","type":"page","link":"https:\/\/www.big-animals.com\/pl\/anthropornis\/","title":{"rendered":"Anthropornis"},"content":{"rendered":"<p>Anthropornis to rodzaj <a title=\"Pingwiny\" href=\"http:\/\/www.big-animals.com\/pl\/penguins\/\">pingwin\u00f3w<\/a>, kt\u00f3re \u017cy\u0142y wiele lat temu. Mia\u0142y oko\u0142o 1,7 m wzrostu i wa\u017cy\u0142y 90 kg , a wi\u0119c by\u0142y najwi\u0119kszymi pingwinami jakie kiedykolwiek spotkano. Ich szcz\u0105tki znaleziono na wyspie Seymour u wybrze\u017cy Antarktydy i w Nowej Zelandii. Wzrostem przypomina\u0142y doros\u0142ego cz\u0142owieka, st\u0105d sama nazwa &#8220;cz\u0142owiek- ptak&#8221; (Anthropornis).<\/p>\n","protected":false},"excerpt":{"rendered":"<p>Anthropornis to rodzaj pingwin\u00f3w, kt\u00f3re \u017cy\u0142y wiele lat temu. Mia\u0142y oko\u0142o 1,7 m wzrostu i wa\u017cy\u0142y 90 kg , a wi\u0119c by\u0142y najwi\u0119kszymi pingwinami jakie kiedykolwiek spotkano. Ich szcz\u0105tki znaleziono na wyspie Seymour u wybrze\u017cy Antarktydy i w Nowej Zelandii. Wzrostem przypomina\u0142y doros\u0142ego cz\u0142owieka, st\u0105d sama nazwa &#8220;cz\u0142owiek- ptak&#8221; (Anthropornis).<\/p>\n","protected":false},"author":1,"featured_media":0,"parent":0,"menu_order":0,"comment_status":"closed","ping_status":"open","template":"","meta":{"_acf_changed":false,"footnotes":""},"acf":[],"_links":{"self":[{"href":"https:\/\/www.big-animals.com\/pl\/wp-json\/wp\/v2\/pages\/643"}],"collection":[{"href":"https:\/\/www.big-animals.com\/pl\/wp-json\/wp\/v2\/pages"}],"about":[{"href":"https:\/\/www.big-animals.com\/pl\/wp-json\/wp\/v2\/types\/page"}],"author":[{"embeddable":true,"href":"https:\/\/www.big-animals.com\/pl\/wp-json\/wp\/v2\/users\/1"}],"replies":[{"embeddable":true,"href":"https:\/\/www.big-animals.com\/pl\/wp-json\/wp\/v2\/comments?post=643"}],"version-history":[{"count":8,"href":"https:\/\/www.big-animals.com\/pl\/wp-json\/wp\/v2\/pages\/643\/revisions"}],"predecessor-version":[{"id":889,"href":"https:\/\/www.big-animals.com\/pl\/wp-json\/wp\/v2\/pages\/643\/revisions\/889"}],"wp:attachment":[{"href":"https:\/\/www.big-animals.com\/pl\/wp-json\/wp\/v2\/media?parent=643"}],"curies":[{"name":"wp","href":"https:\/\/api.w.org\/{rel}","templated":true}]}}