{"id":644,"date":"2011-06-05T08:21:03","date_gmt":"2011-06-05T08:21:03","guid":{"rendered":""},"modified":"2011-06-05T08:21:03","modified_gmt":"2011-06-05T08:21:03","slug":"papugowate","status":"publish","type":"page","link":"https:\/\/www.big-animals.com\/pl\/papugowate\/","title":{"rendered":"Papugowate"},"content":{"rendered":"<p><html><head><\/head><body><span id=\"gts_text_1\" class=\"gts_text\">Istniej\u0105 oko\u0142o 372 gatunk\u00f3w papugowate na \u015bwiecie.<\/span> <span id=\"gts_text_2\" class=\"gts_text\">Wi\u0119kszo\u015b\u0107 papugowate znajduj\u0105 si\u0119 w tropikalnych i subtropikalnych regionach \u0142\u0105cznie z Australii i Wyspy Oceanu Spokojnego, Azji Po\u0142udniowej, po\u0142udniowo-wschodniej Azji, Ameryce Po\u0142udniowej, Afryce i po\u0142udniowych regionach Ameryki P\u00f3\u0142nocnej.<\/span> <span id=\"gts_text_3\" class=\"gts_text\">S\u0105 one bardzo inteligentny ptak\u00f3w i dokonali dobra zwierz\u0105t domowych.<\/span> <span id=\"gts_text_4\" class=\"gts_text\">Wi\u0119kszo\u015b\u0107 papugowate s\u0105 wiernym partner\u00f3w.<\/span> <\/p>\n<p><span id=\"gts_text_5\" class=\"gts_text\"><a title=\"Hyacinth Macaw\" href=\"http:\/\/www.big-animals.com\/hyacinth-macaw\/\" class=\" gts_attribute gts_attribute_4_title\">Macaw groniasty<\/a> jest papuga latania najwi\u0119ksze na \u015bwiecie, a tak\u017ce skeczu z najd\u0142u\u017cszych \u015bwiata.<\/span> <span id=\"gts_text_6\" class=\"gts_text\">Mo\u017ce grow up do metra (40 cali) d\u0142ugie i zwa\u017cy\u0107 mi\u0119dzy 1.2 do 1,7 kg (2.6-3.7 lb).<\/span> <span id=\"gts_text_7\" class=\"gts_text\">Papuga najci\u0119\u017cszej na \u015bwiecie jest jednak <a title=\"Kakapo\" href=\"http:\/\/www.big-animals.com\/kakapo\/\" class=\" gts_attribute gts_attribute_5_title\">Kakapo<\/a> z Nowej Zelandii, kt\u00f3re mo\u017ce zwa\u017cy\u0107 do 3,5 kg (7.7 lb).<\/span> <span id=\"gts_text_8\" class=\"gts_text\">Macaw groniasty a Kakapo s\u0105 zagro\u017cone.<\/span> <span id=\"gts_text_9\" class=\"gts_text\">Kakapo jest Zagrozony krytycznie &#8211; istniej\u0105 tylko oko\u0142o 100 tych ptak\u00f3w po lewej na ca\u0142ym \u015bwiecie.<\/span><\/p>\n<p><span id=\"gts_text_10\" class=\"gts_text\">Posiadaj\u0105 weksla silne zakrzywiony gwa\u0142townego i silny ostrych Platana st\u00f3p.<\/span> <span id=\"gts_text_11\" class=\"gts_text\">Wi\u0119kszo\u015b\u0107 papugowate mog\u0105 korzysta\u0107 ich n\u00f3g do obs\u0142ugi \u017cywno\u015bci i innych obiekt\u00f3w, tak samo jak wykorzystujemy nasze r\u0119ce.<\/span> <span id=\"gts_text_12\" class=\"gts_text\">Czy doros\u0142ych papuga jest lewego obro\u0144cy lub prawo madagaskarska zale\u017cy od gatunku papuga.<\/span> <span id=\"gts_text_13\" class=\"gts_text\">Papugowate lewego obro\u0144cy wol\u0105 u\u017cywa\u0107 jego lewa stopa, i papuga madagaskarska prawo woli u\u017cywa\u0107 jej prawa.<\/span> <span id=\"gts_text_14\" class=\"gts_text\">Cz\u0119sto u\u017cywaj\u0105 ich rachunki dla wspinaczki przez trzymania na ga\u0142\u0119zie drzewa.<\/span> <span id=\"gts_text_15\" class=\"gts_text\">One maj\u0105 tendencj\u0119 do walk z toczenia przep\u0142ywu.<\/span><\/p>\n<figure id=\"attachment_1242\" aria-describedby=\"caption-attachment-1242\" style=\"width: 280px\" class=\"wp-caption alignright\"><a href=\"http:\/\/www.big-animals.com\/wp-content\/uploads\/2011\/06\/Scarlet_Chested_Parrot.jpg\"><img loading=\"lazy\" decoding=\"async\" class=\"size-medium wp-image-1242 gts_attribute gts_attribute_1_alt gts_attribute_6_title\" title=\"Podobnie jak wi\u0119kszo\u015b\u0107 papugowate brightly jest kolorowy \u0141\u0105k\u00f3wka wspania\u0142a\" src=\"http:\/\/www.big-animals.com\/wp-content\/uploads\/2011\/06\/Scarlet_Chested_Parrot-280x300.jpg\" alt=\"Podobnie jak wi\u0119kszo\u015b\u0107 papugowate brightly jest kolorowy \u0141\u0105k\u00f3wka wspania\u0142a\" width=\"280\" height=\"300\" \/><\/a><figcaption id=\"caption-attachment-1242\" class=\"wp-caption-text\">Like most parrots, the Scarlet-Chested Parrot is brightly colored<\/figcaption><\/figure>\n<p><span id=\"gts_text_16\" class=\"gts_text\">Wiele papugowate brightly s\u0105 barwione, a niekt\u00f3re s\u0105 bardzo pi\u0119kne z wielobarwnej pi\u00f3r.<\/span> <span id=\"gts_text_17\" class=\"gts_text\">Typowym przyk\u0142adem jest \u0141\u0105k\u00f3wka Parakeet.\u00a0P\u0142ci m\u0119skiej Parakeet \u0141\u0105k\u00f3wka jest zielony na g\u00f3rnej pi\u00f3r z jasnym niebieski g\u0142owy i jasny Szkar\u0142atna klatki piersiowej z \u017c\u00f3\u0142tym tummy.<\/span> <span id=\"gts_text_18\" class=\"gts_text\">Samica jest zielony w g\u00f3rnej cz\u0119\u015bci pi\u00f3r i poni\u017cej \u017c\u00f3\u0142ty, niebieski twarzy i niebieski skrzyd\u0142a.<\/span><\/p>\n<p><span id=\"gts_text_19\" class=\"gts_text\">Papugowate eat nasion, orzechy, owoc\u00f3w, p\u0105ki, nektaru, py\u0142ku i czasami zwierz\u0105t podobnych \u015blimaki.<\/span> <span id=\"gts_text_20\" class=\"gts_text\">Na przyk\u0142ad Golden-Winged Parakeets je\u015b\u0107 \u015blimaki wody.<\/span> <span id=\"gts_text_21\" class=\"gts_text\">Papugowate s\u0105 drapie\u017cnik\u00f3w materia\u0142u siewnego, w odr\u00f3\u017cnieniu od nietoperzy owoco\u017cernych, kt\u00f3re s\u0105 dispersers materia\u0142u siewnego.<\/span> <span id=\"gts_text_22\" class=\"gts_text\">Jest to spowodowane one je\u015b\u0107 nasion w owoc\u00f3w, nie je\u015b\u0107 owoc\u00f3w i upu\u015b\u0107 nasion.<\/span> <span id=\"gts_text_23\" class=\"gts_text\">Papugowate s\u0105 w stanie usun\u0105\u0107 warstw\u0119 trucizny nasion, je\u015bli ma \u017cadnego.<\/span><\/p>\n<p><span id=\"gts_text_24\" class=\"gts_text\">Lory, wisz\u0105ce parrots i papugowate Swift jedz\u0105 g\u0142\u00f3wnie nektaru i py\u0142ku.<\/span> <span id=\"gts_text_25\" class=\"gts_text\">Maj\u0105 one ozory z ko\u0144c\u00f3wki p\u0119dzli do zbierania nektaru i py\u0142ku.<\/span><\/p>\n<p><span id=\"gts_text_26\" class=\"gts_text\">Tylko Monk Parakeet i pi\u0119ciu gatunk\u00f3w Agapornis Lovebirds buduj\u0105 gniazda w drzew.<\/span> <span id=\"gts_text_27\" class=\"gts_text\">Istniej\u0105 trzy Australii i Nowej Zelandii pod\u0142o\u017ca papugowate gniazdo na ziemi.<\/span> <span id=\"gts_text_28\" class=\"gts_text\">Wszystkie inne papugowate i cockatoos zagnie\u017adzi\u0107 w drzewie tuleje rurowe.<\/span> <span id=\"gts_text_29\" class=\"gts_text\">Niekt\u00f3re nawet u\u017cywa\u0107 termite gniazd, dzi\u0119ki czemu staj\u0105 si\u0119 one mniej widoczne na ich drapie\u017cnik\u00f3w!<\/span> <span id=\"gts_text_30\" class=\"gts_text\">One b\u0119d\u0105 cz\u0119sto u\u017cywaj\u0105 Kij\u00f3w, wi\u00f3ry drzewne i ro\u015bliny do konstruowania ich gniazd.<\/span> <span id=\"gts_text_31\" class=\"gts_text\">Wi\u0119ksze gatunki papugowate maj\u0105 problemy ze znalezieniem miejsc do konstruowania ich gniazd.<\/span> <span id=\"gts_text_32\" class=\"gts_text\">W zwi\u0105zku z kt\u00f3r\u0105 czasami b\u0119dzie walk pomi\u0119dzy nimi lub z innych ptak\u00f3w nad dobrej plamy gniazdo budynku.<\/span><\/p>\n<p><span id=\"gts_text_33\" class=\"gts_text\">Papugowate maj\u0105 bia\u0142e jaj.<\/span> <span id=\"gts_text_34\" class=\"gts_text\">Normalnie Mama b\u0119dzie przechowywa\u0107 jej jaja ciep\u0142e.<\/span> <span id=\"gts_text_35\" class=\"gts_text\">Ale dla cockatoos, Blue Lorikeet i Vernal Hanging Parrot Mama i Tata podejmie w\u0142\u0105cza utrzymanie ich jaj ciep\u0142e.<\/span> <span id=\"gts_text_36\" class=\"gts_text\">Kiedy Piskl\u0119ta wyl\u0119gaj\u0105 si\u0119 najpierw s\u0105 bezradni, featherless i niewidomych.<\/span> <span id=\"gts_text_37\" class=\"gts_text\">Piskl\u0119ta, pozostanie oko\u0142o 3 tygodnie 4 miesi\u0105ce gniazda &#8211; czas zale\u017cy od gatunku.<\/span> <span id=\"gts_text_38\" class=\"gts_text\">Rodzice zabieraj\u0105 w\u0142\u0105cza znajdowanie \u017cywno\u015bci i utrzymywanie tiny piskl\u0119ta ciep\u0142e.<\/span> <span id=\"gts_text_39\" class=\"gts_text\">Gdy rodzice nie s\u0105 w gniazda z piskl\u0119ta, w\u0119\u017ce i goannas mog\u0105 spr\u00f3bowa\u0107 zjada\u0107.<\/span> <span id=\"gts_text_40\" class=\"gts_text\">Rodzice przechowywanie \u017cywno\u015bci dla ich piskl\u0105t w worek w jamy gard\u0142owej.<\/span> <span id=\"gts_text_41\" class=\"gts_text\">Worek nazywa si\u0119 <em>upraw<\/em>.<\/span> <span id=\"gts_text_42\" class=\"gts_text\">Podczas ich upraw s\u0105 pe\u0142ne rodzice b\u0119d\u0105 wiedzie\u0107, czas, aby powr\u00f3ci\u0107 do paszy ich piskl\u0105t.<\/span><\/p>\n<figure id=\"attachment_1243\" aria-describedby=\"caption-attachment-1243\" style=\"width: 300px\" class=\"wp-caption alignleft\"><a href=\"http:\/\/www.big-animals.com\/wp-content\/uploads\/2011\/06\/African_Grey_Parrot.jpg\"><img loading=\"lazy\" decoding=\"async\" class=\"size-medium wp-image-1243 gts_attribute gts_attribute_2_alt gts_attribute_7_title\" title=\"Wiele papugowate mo\u017ce na\u015bladowa\u0107 d\u017awi\u0119ki, ale afryka\u0144skiego Parrot Grey jest bardzo dobry\" src=\"http:\/\/www.big-animals.com\/wp-content\/uploads\/2011\/06\/African_Grey_Parrot-300x192.jpg\" alt=\"Wiele papugowate mo\u017ce na\u015bladowa\u0107 d\u017awi\u0119ki, ale afryka\u0144skiego Parrot Grey jest bardzo dobry\" width=\"300\" height=\"192\" \/><\/a><figcaption id=\"caption-attachment-1243\" class=\"wp-caption-text\">Many Parrots can imitate sounds, but the African Grey Parrot is very good<\/figcaption><\/figure>\n<p><span id=\"gts_text_43\" class=\"gts_text\">Papugowate s\u0105 najbardziej inteligentnych ptak\u00f3w.<\/span> <span id=\"gts_text_44\" class=\"gts_text\">S\u0105 one w stanie mowy kopii cz\u0142owieka lub innych d\u017awi\u0119k\u00f3w.<\/span> <span id=\"gts_text_45\" class=\"gts_text\">Na przyk\u0142ad afryka\u0144skiego papugowate Grey ma zdolno\u015b\u0107 uczenia si\u0119 Wielki.<\/span> <span id=\"gts_text_46\" class=\"gts_text\">Dzikie afryka\u0144skiego papugowate Grey zako\u0144czy kopiowanie d\u017awi\u0119k\u00f3w innych dzikiego ptactwa.<\/span> <span id=\"gts_text_47\" class=\"gts_text\">Papugowate nie maj\u0105 vocal kable.<\/span> <span id=\"gts_text_48\" class=\"gts_text\">Aby d\u017awi\u0119k jest produkowane przez zmian\u0119 g\u0142\u0119bi i kszta\u0142t z ich windpipe.<\/span><\/p>\n<p><span id=\"gts_text_49\" class=\"gts_text\">Niekt\u00f3re papugowate jak Kea mo\u017cna nawet rozwi\u0105zuje \u0142amig\u0142\u00f3wki, je\u017celi s\u0105 naucza\u0142 jak.<\/span> <span id=\"gts_text_50\" class=\"gts_text\">Papugowate dowiedzie\u0107 si\u0119 lepiej kiedy s\u0105 one dostarczane z naturalnego \u015brodowiska stymulacji.<\/span> <span id=\"gts_text_51\" class=\"gts_text\">Na przyk\u0142ad je\u015bli koszykiem ptaka w zoo lub papuga przechowywane jako pet nie podaje \u017cadnego stymulowania uczenia si\u0119 od m\u0142odych, mo\u017ce rozwijania niszcz\u0105cych zachowa\u0144 jak oskubaniu z ich w\u0142asnych pi\u00f3r.<\/span> <span id=\"gts_text_52\" class=\"gts_text\">Jest to, poniewa\u017c s\u0105 one zbyt bored i trzeba znale\u017a\u0107 co\u015b.<\/span> <span id=\"gts_text_53\" class=\"gts_text\">Brak bod\u017ac\u00f3w mo\u017cna zatrzyma\u0107 rozwoju m\u0142odych papugowate.<\/span> <span id=\"gts_text_54\" class=\"gts_text\">Na przyk\u0142ad grupa Wazy papugowate by\u0142y przetrzymywane w klatkach tiny z kurcz\u0105t z 3 miesi\u0105ce.<\/span> <span id=\"gts_text_55\" class=\"gts_text\">W wieku 9 miesi\u0119cy te papugowate nadal zachowywa\u0142y si\u0119 tak, je\u015bli s\u0105 one 3 miesi\u0119cy, sad powiedzie\u0107 one zachowywa\u0142y si\u0119 bardziej jak kurcz\u0105t ni\u017c papugowate.<\/span><\/p>\n<figure id=\"attachment_1244\" aria-describedby=\"caption-attachment-1244\" style=\"width: 300px\" class=\"wp-caption alignright\"><a href=\"http:\/\/www.big-animals.com\/wp-content\/uploads\/2011\/06\/Rainbow_Lorikeets.jpg\"><img loading=\"lazy\" decoding=\"async\" class=\"size-medium wp-image-1244 gts_attribute gts_attribute_3_alt gts_attribute_8_title\" title=\"Lorikeets t\u0119czy s\u0105 szkodnik\u00f3w w Australii. Fotografia wykonana przez u\u017cytkownika Wikipedii Nickj\" src=\"http:\/\/www.big-animals.com\/wp-content\/uploads\/2011\/06\/Rainbow_Lorikeets-300x217.jpg\" alt=\"Lorikeets t\u0119czy s\u0105 szkodnik\u00f3w w Australii. Fotografia wykonana przez u\u017cytkownika Wikipedii Nickj\" width=\"300\" height=\"217\" \/><\/a><figcaption id=\"caption-attachment-1244\" class=\"wp-caption-text\">Rainbow Lorikeets are a pest in Australia. Photograph by Wikipedia user Nickj<\/figcaption><\/figure>\n<p><span id=\"gts_text_56\" class=\"gts_text\">Papugowate mog\u0105 przynie\u015b\u0107 dobro ludzko\u015bci.<\/span> <span id=\"gts_text_57\" class=\"gts_text\">Mog\u0105 one \u017ar\u00f3d\u0142o dochod\u00f3w dla sklep\u00f3w zoologicznych i bird watching turystyk\u0119 sp\u00f3\u0142ki.<\/span> <span id=\"gts_text_58\" class=\"gts_text\">One r\u00f3wnie\u017c tworzy specjalistyczne miejsc pracy jak lekarzy weterynarii, kt\u00f3rzy streat tylko ptak\u00f3w i ludzie, kt\u00f3rzy rasy i sprzedaj\u0105 papugowate.<\/span> <span id=\"gts_text_59\" class=\"gts_text\">Z drugiej strony niekt\u00f3re papugowate s\u0105 gospodarstwa szkodnik\u00f3w.<\/span> <span id=\"gts_text_60\" class=\"gts_text\">\u017bywi si\u0119 owoce drzew owocowych, ziaren i innych upraw.<\/span> <span id=\"gts_text_61\" class=\"gts_text\">Na przyk\u0142ad Lorysa jest szkodnik\u00f3w w Australii.<\/span><\/p>\n<p><span id=\"gts_text_62\" class=\"gts_text\">Niestety wielu gatunk\u00f3w papugowate s\u0105 malej\u0105cego.<\/span> <span id=\"gts_text_63\" class=\"gts_text\">Kilka s\u0105 wymar\u0142y.<\/span> <span id=\"gts_text_64\" class=\"gts_text\">Przyczyny dotycz\u0105ce malej\u0105cego jest z powodu utraty siedliska, nielegalne polowania dla handlu, \u017cywno\u015bci i pi\u00f3r.<\/span> <span id=\"gts_text_65\" class=\"gts_text\">Papuga rzadkich zarobi\u0107 du\u017co pieni\u0119dzy dla Lisicowate, ale gdy on po\u0142owy jeden, papuga staje si\u0119 nawet rzadszych i bardziej zagro\u017cone.<\/span><\/p>\n<p><span id=\"gts_text_66\" class=\"gts_text\">Niekt\u00f3re gatunki du\u017cych papugowate podobnie jak du\u017cego Cockatoos, Amazonki i Macaws mog\u0105 \u017cy\u0107 przez d\u0142ugi czas, a\u017c do lat 80.<\/span> <span id=\"gts_text_67\" class=\"gts_text\">Jednak\u017ce ma\u0142ych papugowate, takie jak Lovebirds, wisz\u0105ce papugowate i Budgies tylko mog\u0105 \u017cy\u0107 od 15 do 20 lat.<\/span><\/p>\n<p><span id=\"gts_text_68\" class=\"gts_text\">\u00a0<\/span><\/body><\/html><\/p>\n","protected":false},"excerpt":{"rendered":"<p><html><head><\/head><body><\/body><\/html><\/p>\n","protected":false},"author":1,"featured_media":0,"parent":0,"menu_order":0,"comment_status":"closed","ping_status":"open","template":"","meta":{"_acf_changed":false,"footnotes":""},"acf":[],"_links":{"self":[{"href":"https:\/\/www.big-animals.com\/pl\/wp-json\/wp\/v2\/pages\/644"}],"collection":[{"href":"https:\/\/www.big-animals.com\/pl\/wp-json\/wp\/v2\/pages"}],"about":[{"href":"https:\/\/www.big-animals.com\/pl\/wp-json\/wp\/v2\/types\/page"}],"author":[{"embeddable":true,"href":"https:\/\/www.big-animals.com\/pl\/wp-json\/wp\/v2\/users\/1"}],"replies":[{"embeddable":true,"href":"https:\/\/www.big-animals.com\/pl\/wp-json\/wp\/v2\/comments?post=644"}],"version-history":[{"count":0,"href":"https:\/\/www.big-animals.com\/pl\/wp-json\/wp\/v2\/pages\/644\/revisions"}],"wp:attachment":[{"href":"https:\/\/www.big-animals.com\/pl\/wp-json\/wp\/v2\/media?parent=644"}],"curies":[{"name":"wp","href":"https:\/\/api.w.org\/{rel}","templated":true}]}}