{"id":645,"date":"2011-06-05T21:08:05","date_gmt":"2011-06-05T21:08:05","guid":{"rendered":""},"modified":"2015-03-03T15:26:04","modified_gmt":"2015-03-03T15:26:04","slug":"ara-hiacyntowa","status":"publish","type":"page","link":"https:\/\/www.big-animals.com\/pl\/ara-hiacyntowa\/","title":{"rendered":"Ara hiacyntowa"},"content":{"rendered":"<p><figure id=\"attachment_1251\" aria-describedby=\"caption-attachment-1251\" style=\"width: 300px\" class=\"wp-caption alignright\"><figcaption id=\"caption-attachment-1251\" class=\"wp-caption-text\">Ary hiacyntowe - Zdj\u0119cie pochodzi od u\u017cytkownika Wikimedia, BluesyPete<\/figcaption><\/figure><a href=\"http:\/\/www.big-animals.com\/wp-content\/uploads\/2011\/06\/Hyacinth_Macaw.jpeg\"><img loading=\"lazy\" decoding=\"async\" class=\"size-medium wp-image-1251\" title=\"The Hyacinth Macaw - Photograph by Wikimedia user BluesyPete\" src=\"http:\/\/www.big-animals.com\/wp-content\/uploads\/2011\/06\/Hyacinth_Macaw-300x237.jpg\" alt=\"The Hyacinth Macaw - Photograph by Wikimedia user BluesyPete\" width=\"300\" height=\"237\" \/><span id=\"gts_text_1\" class=\"gts_text\"><\/span><\/a><\/p>\n<p><span id=\"gts_text_2\" class=\"gts_text\">Ary hiacyntowe zamieszkuj\u0105 \u015brodkow\u0105 i wschodni\u0105 cz\u0119\u015b\u0107 Ameryki Po\u0142udniowej. Kochaj\u0105 tropikalne lasy deszczowe i bagniste lasy palmowe. S\u0105 bardzo towarzyskie i inteligentne, co sprawia, \u017ce niemal ka\u017cdy mi\u0142o\u015bnik ptak\u00f3w marzy by hodowa\u0107 je w domu. Niestety, przez tak du\u017ce zainteresowanie ary hiacyntowe s\u0105 dzi\u015b zagro\u017cone wygini\u0119ciem.\u00a0<\/span><\/p>\n<p><span id=\"gts_text_8\" class=\"gts_text\">To najwi\u0119ksze ary i najwi\u0119ksze lataj\u0105ce papugi na \u015bwiecie. Pod wzgl\u0119dem d\u0142ugo\u015bci cia\u0142a s\u0105 wi\u0119ksze ni\u017c jakikolwiek inny gatunek papug. Ich liczebno\u015b\u0107 zmniejsza si\u0119 przez od\u0142awianie ptak\u00f3w do hodowli, a tak\u017ce niszczenie \u015brodowiska naturalnego.\u00a0<\/span><\/p>\n<p><span id=\"gts_text_11\" class=\"gts_text\">Ary hiacyntowe mierz\u0105 oko\u0142o 100 cm od dzioba do ko\u0144ca ogona. Wa\u017c\u0105 od 1,2 do 1,7 kg<\/span><span id=\"gts_text_12\" class=\"gts_text\">. Maj\u0105 kobaltowoniebieskie upierzenie, nieco ciemniejsze na skrzyd\u0142ach, oraz du\u017cy, czarny, zakrzywiony dzi\u00f3b. Dolna cz\u0119\u015b\u0107 dzioba oraz oczy maj\u0105 \u017c\u00f3\u0142te obramowanie. <\/span><span id=\"gts_text_14\" class=\"gts_text\">\u00a0<\/span><span id=\"gts_text_15\" class=\"gts_text\">Samce i samice wygl\u0105daj\u0105 podobnie.<\/span><\/p>\n<p><figure id=\"attachment_1252\" aria-describedby=\"caption-attachment-1252\" style=\"width: 223px\" class=\"wp-caption alignleft\"><figcaption id=\"caption-attachment-1252\" class=\"wp-caption-text\">Ara hiacyntowa jest's najwi\u0119ksz\u0105 lataj\u0105c\u0105 papug\u0105<\/figcaption><\/figure><a href=\"http:\/\/www.big-animals.com\/wp-content\/uploads\/2011\/06\/Hyacinth_Macaw_and_Human.png\"><img loading=\"lazy\" decoding=\"async\" class=\"size-medium wp-image-1252\" title=\"the Hyacinth Macaw is the world's longest parrot\" src=\"http:\/\/www.big-animals.com\/wp-content\/uploads\/2011\/06\/Hyacinth_Macaw_and_Human-223x300.png\" alt=\"the Hyacinth Macaw is the world's longest parrot\" width=\"223\" height=\"300\" \/><span id=\"gts_text_16\" class=\"gts_text\"><\/span><\/a><\/p>\n<p><span id=\"gts_text_17\" class=\"gts_text\">Maj\u0105 bardzo mocny dzi\u00f3b, kt\u00f3rym bez problemu potrafi\u0105 z\u0142ama\u0107 nawet stalowe pr\u0119ty z klatki dla ptak\u00f3w! \u017bywi\u0105 si\u0119 orzechami i nasionami. Silny dzi\u00f3b pozwala im roz\u0142upywa\u0107 orzechy kokosowe, orzechy brazylijskie i orzechy makadamia. Poza tym \u017cywi\u0105 si\u0119 te\u017c owocami i warzywami. Uwielbiaj\u0105 orzeszki piniowe.<\/span><\/p>\n<p><span id=\"gts_text_23\" class=\"gts_text\">Gniazda buduj\u0105 w dziuplach drzew. Samica sk\u0142ada jedno lub dwa jaja. M\u0142ode ary hiacyntowe pozostaj\u0105 z rodzicami przez oko\u0142o 3 miesi\u0105ce. Nie odbywaj\u0105 l\u0119g\u00f3w ka\u017cdego roku, dlatego te\u017c maj\u0105 bardzo niski wska\u017anik rozrodczo\u015bci. Jaja cz\u0119sto padaj\u0105 \u0142upem ptak\u00f3w krukowatych, opos\u00f3w, ostronos\u00f3w i tukan\u00f3w. Na szcz\u0119\u015bcie doros\u0142e ptaki (z wyj\u0105tkiem cz\u0142owieka) nie maj\u0105 naturalnych wrog\u00f3w. Ara hiacyntowa jest gatunkiem chronionym, obecnie obj\u0119tym specjalnym programem, kt\u00f3ry ma uratowa\u0107 te pi\u0119kne ptaki przed wygini\u0119ciem.\u00a0<\/span><span id=\"gts_text_25\" class=\"gts_text\"><br \/>\n<\/span><\/p>\n<p>&nbsp;<\/p>\n","protected":false},"excerpt":{"rendered":"<p>Ary hiacyntowe zamieszkuj\u0105 \u015brodkow\u0105 i wschodni\u0105 cz\u0119\u015b\u0107 Ameryki Po\u0142udniowej. Kochaj\u0105 tropikalne lasy deszczowe i bagniste lasy palmowe. S\u0105 bardzo towarzyskie i inteligentne, co sprawia, \u017ce niemal ka\u017cdy mi\u0142o\u015bnik ptak\u00f3w marzy by hodowa\u0107 je w domu. Niestety, przez tak du\u017ce zainteresowanie ary hiacyntowe s\u0105 dzi\u015b zagro\u017cone wygini\u0119ciem.\u00a0 To najwi\u0119ksze ary i najwi\u0119ksze lataj\u0105ce papugi na \u015bwiecie. &hellip; <a href=\"https:\/\/www.big-animals.com\/pl\/ara-hiacyntowa\/\" class=\"more-link\">Continue reading <span class=\"screen-reader-text\">Ara hiacyntowa<\/span><\/a><\/p>\n","protected":false},"author":1,"featured_media":0,"parent":0,"menu_order":0,"comment_status":"closed","ping_status":"open","template":"","meta":{"_acf_changed":false,"footnotes":""},"acf":[],"_links":{"self":[{"href":"https:\/\/www.big-animals.com\/pl\/wp-json\/wp\/v2\/pages\/645"}],"collection":[{"href":"https:\/\/www.big-animals.com\/pl\/wp-json\/wp\/v2\/pages"}],"about":[{"href":"https:\/\/www.big-animals.com\/pl\/wp-json\/wp\/v2\/types\/page"}],"author":[{"embeddable":true,"href":"https:\/\/www.big-animals.com\/pl\/wp-json\/wp\/v2\/users\/1"}],"replies":[{"embeddable":true,"href":"https:\/\/www.big-animals.com\/pl\/wp-json\/wp\/v2\/comments?post=645"}],"version-history":[{"count":6,"href":"https:\/\/www.big-animals.com\/pl\/wp-json\/wp\/v2\/pages\/645\/revisions"}],"predecessor-version":[{"id":890,"href":"https:\/\/www.big-animals.com\/pl\/wp-json\/wp\/v2\/pages\/645\/revisions\/890"}],"wp:attachment":[{"href":"https:\/\/www.big-animals.com\/pl\/wp-json\/wp\/v2\/media?parent=645"}],"curies":[{"name":"wp","href":"https:\/\/api.w.org\/{rel}","templated":true}]}}