{"id":646,"date":"2011-06-05T22:43:38","date_gmt":"2011-06-05T22:43:38","guid":{"rendered":""},"modified":"2011-06-05T22:43:38","modified_gmt":"2011-06-05T22:43:38","slug":"flamingos","status":"publish","type":"page","link":"https:\/\/www.big-animals.com\/pl\/flamingos\/","title":{"rendered":"Flamingos"},"content":{"rendered":"<p><span id=\"gts_text_1\" class=\"gts_text\">Flamingos s\u0105 rodzajem <a title=\"The World\u2019s Biggest Birds!\" href=\"http:\/\/www.big-animals.com\/the-worlds-biggest-birds\/\">ptaka<\/a> , kt\u00f3ry mieszka w pobli\u017cu jezior, namorzynowe bagna i Muliste. <\/span><span id=\"gts_text_2\" class=\"gts_text\">Znajduj\u0105 si\u0119 one w tropikalnych i subtropikalnych. <\/span><span id=\"gts_text_3\" class=\"gts_text\">Istniej\u0105 4 flamingo gatunk\u00f3w w Ameryce i 2 w Afryce, Azji i Europie.<\/span><\/p>\n<p><span id=\"gts_text_4\" class=\"gts_text\">Flaming mieszka w cz\u0119\u015bciach Afryki, Europie i Azji. <\/span><span id=\"gts_text_5\" class=\"gts_text\">Flaming mieszka w Afryce i Indiach. <\/span><span id=\"gts_text_6\" class=\"gts_text\">Flaming chilijski znajduj\u0105 si\u0119 w Po\u0142udniowej Ameryce Po\u0142udniowej. <\/span><span id=\"gts_text_7\" class=\"gts_text\">James&#8217; Flamingo i Flaming andyjski znajduj\u0105 si\u0119 w wysokiej Andach w Peru, Boliwii, Chile i Argentyny. <\/span><span id=\"gts_text_8\" class=\"gts_text\">Wreszcie Flaming znajduj\u0105 si\u0119 w Karaib\u00f3w i Wyspy Galapagos.<\/span><\/p>\n<p><span id=\"gts_text_9\" class=\"gts_text\">Flamingos maj\u0105 d\u0142ugie nogi i webbed st\u00f3p, weksla zakrzywionych i d\u0142ugo zakrzywione szyi. <\/span><span id=\"gts_text_10\" class=\"gts_text\">Nogi s\u0105 d\u0142u\u017csze ni\u017c organ, pomiaru mi\u0119dzy 80-125 cm (30 do 50 cm) w zale\u017cno\u015bci od gatunk\u00f3w. <\/span><span id=\"gts_text_11\" class=\"gts_text\">Ich webbed st\u00f3p pom\u00f3c im p\u0142ywa\u0107 i miesza\u0107 a\u017c \u017cywno\u015bci od do\u0142u. <\/span><span id=\"gts_text_12\" class=\"gts_text\">One wdycha\u0107 powietrza przy u\u017cyciu ich p\u0142uc. <\/span><span id=\"gts_text_13\" class=\"gts_text\">Ich oddech b\u0119d\u0105 posiada\u0107 podczas karmienia pod wod\u0105.<\/span><\/p>\n<p><span id=\"gts_text_14\" class=\"gts_text\">Flamingos cz\u0119sto odstania na tylko jeden nogi i tuck innych nog\u0119 poni\u017cej jego cia\u0142a utrzymanie go w ciep\u0142e. <\/span><span id=\"gts_text_15\" class=\"gts_text\">Pomaga to flamingos aby oszcz\u0119dza\u0107 organowi cieplnej zbyt, poniewa\u017c przeznaczaj\u0105 one olbrzymie czasu wading w zimnej wodzie.<\/span><\/p>\n<p><span id=\"gts_text_16\" class=\"gts_text\">Flaming najwy\u017cszych jest <a title=\"Greater Flamingo\" href=\"http:\/\/www.big-animals.com\/greater-flamingo\/\">Flaming<\/a>. <\/span><span id=\"gts_text_17\" class=\"gts_text\">S\u0105 one 110 do 130 cm (43 do 51 w) wysoko\u015b\u0107. <\/span><span id=\"gts_text_18\" class=\"gts_text\">One zwa\u017cy\u0107 do 3,5 kg (7.1 lb). <\/span><span id=\"gts_text_19\" class=\"gts_text\">Mniejszym Flamingos s\u0105 najmniejsze flamingos. <\/span><span id=\"gts_text_20\" class=\"gts_text\">S\u0105 one tylko 80 cm (31.5in) wysoki i zwa\u017cy\u0107 oko\u0142o 2,5 kg (5.5 lb) tylko. <\/span><span id=\"gts_text_21\" class=\"gts_text\">Dla mniejszym Flamingos ich wingspan waha si\u0119 od 95 do 100 cm (37-39in). <\/span><span id=\"gts_text_22\" class=\"gts_text\">Skrzyd\u0142a Flamingos wi\u0119ksz\u0105 rozci\u0105gn\u0105\u0107 si\u0119 oko\u0142o 140 do 165 cm (55-65in) od ko\u0144ca do ko\u0144ca.\u00a0\u00a0Jakie ogromne r\u00f3\u017cnice mi\u0119dzy rozmiary tych dw\u00f3ch flamingos! <\/span><span id=\"gts_text_23\" class=\"gts_text\">Flamingos samce s\u0105 nieco wy\u017csze i ci\u0119\u017csze ni\u017c samica flamingos.<\/span><\/p>\n<p><figure id=\"attachment_1258\" aria-describedby=\"caption-attachment-1258\" style=\"width: 300px\" class=\"wp-caption alignleft\"><figcaption id=\"caption-attachment-1258\" class=\"wp-caption-text\">Flamingos and a Chick<\/figcaption><\/figure><a href=\"http:\/\/www.big-animals.com\/wp-content\/uploads\/2011\/06\/Flamingoes_And_Chick.jpg\"><img loading=\"lazy\" decoding=\"async\" class=\"size-medium wp-image-1258\" title=\"Flamingoes and a Chick\" src=\"http:\/\/www.big-animals.com\/wp-content\/uploads\/2011\/06\/Flamingoes_And_Chick-300x181.jpg\" alt=\"Flamingoes and a Chick\" width=\"300\" height=\"181\" \/><span id=\"gts_text_24\" class=\"gts_text\"><\/span><\/p>\n<p><span id=\"gts_text_25\" class=\"gts_text\">Ich oczy znajduj\u0105 si\u0119 zar\u00f3wno po stronie g\u0142owy.\u00a0Flamingo <\/span><span id=\"gts_text_26\" class=\"gts_text\">piskl\u0119ta maj\u0105 szary oczy podczas ich pierwszego roku \u017cycia i kiedy s\u0105 one dla doros\u0142ych, zostan\u0105 \u017c\u00f3\u0142te oczy.\u00a0An <\/span><span id=\"gts_text_27\" class=\"gts_text\">bill zakr\u0119t doros\u0142ych Flaming jest czarny, r\u00f3\u017cowawego lub \u015bmietany barwione, zale\u017cnie od gatunku. <\/span><span id=\"gts_text_28\" class=\"gts_text\">Nowo wyklutych piskl\u0105t b\u0119dzie proste czerwony BOM zamiast weksla zakr\u0119t.<\/span><\/p>\n<p><span id=\"gts_text_29\" class=\"gts_text\">One je\u015b\u0107 skorupiak\u00f3w, glon\u00f3w i ma\u0142e ryby. <\/span><span id=\"gts_text_30\" class=\"gts_text\">Ich zestawienie jest specjalnie wykonane, aby oddzieli\u0107 b\u0142ocie one \u017cywno\u015b\u0107. <\/span><span id=\"gts_text_31\" class=\"gts_text\">BOM b\u0119dzie nogami, gdy s\u0105 one polowanie \u017cywno\u015bci. <\/span><span id=\"gts_text_32\" class=\"gts_text\">Wewn\u0105trz BOM s\u0105 niekt\u00f3re rodzaje Kret struktur wzd\u0142u\u017c dolnej szcz\u0119ki i ich du\u017cych j\u0119zyka surowca. <\/span><span id=\"gts_text_33\" class=\"gts_text\">One pom\u00f3c go szczepu jego \u017cywno\u015bci B\u0142oto i wody. <\/span><span id=\"gts_text_34\" class=\"gts_text\">One pij\u0105 \u015bwie\u017cej wody.<\/span><\/p>\n<p><span id=\"gts_text_35\" class=\"gts_text\">M\u0142odych flamingos ma warstwy szary pi\u00f3r, ale doros\u0142ych i pi\u00f3r, kt\u00f3re r\u00f3\u017cni\u0107 \u015bwiat\u0142a r\u00f3\u017cowy jaskrawo czerwony. <\/span><span id=\"gts_text_36\" class=\"gts_text\">Zdrowe Czerwonak b\u0119dzie mie\u0107 jaskrawe kolory &#8211; bia\u0142ego lub jasnego Flaming jest zazwyczaj chorych lub niedo\u017cywieniem. <\/span><span id=\"gts_text_37\" class=\"gts_text\">Niekt\u00f3re pi\u00f3ra czarny skrzyd\u0142o one mie\u0107 zbyt.<\/span><\/p>\n<p><span id=\"gts_text_38\" class=\"gts_text\">Flamingos na \u017cywo w grupy o nazwie kolonii. <\/span><span id=\"gts_text_39\" class=\"gts_text\">Ka\u017cda Kolonia mo\u017ce mie\u0107 maksymalnie dziesi\u0105tki tysi\u0119cy flamingos. <\/span><span id=\"gts_text_40\" class=\"gts_text\">\u017byj\u0105 w Kolonii z powodu zabezpiecze\u0144, do po\u0142owu wi\u0119cej \u017cywno\u015bci oraz do pe\u0142nego wykorzystania ograniczonych witryn zagnie\u017cd\u017cenia. <\/span><span id=\"gts_text_41\" class=\"gts_text\">Mama i Tata b\u0119dzie broni\u0107 swoich gniazdo. <\/span><span id=\"gts_text_42\" class=\"gts_text\">B\u0119d\u0105 one znale\u017a\u0107 odpowiednim miejscu na Muliste do konstruowania ich gniazdo. <\/span><span id=\"gts_text_43\" class=\"gts_text\">Lokalizacja jest zwykle pobierane przez mum. <\/span><span id=\"gts_text_44\" class=\"gts_text\">Istniej\u0105 czasy, kiedy inne pary spr\u00f3buje wykra\u015b\u0107 zagnie\u017cd\u017cenia witryny. <\/span><span id=\"gts_text_45\" class=\"gts_text\">Jednak\u017ce flamingos ochron\u0119 ich zagnie\u017cd\u017cenia witryn i m\u0142odych.<\/span><\/p>\n<p><span id=\"gts_text_46\" class=\"gts_text\">Flamingos zwykle tylko \u015bwieckich jeden jaj. <\/span><span id=\"gts_text_47\" class=\"gts_text\">Jajko jest o rozmiarze o kurczak jaj. <\/span><span id=\"gts_text_48\" class=\"gts_text\">Jajko jest pod\u0142u\u017cnych w kszta\u0142cie. <\/span><span id=\"gts_text_49\" class=\"gts_text\">Jest kredowe bia\u0142y. <\/span><span id=\"gts_text_50\" class=\"gts_text\">Rodzice podejmie w\u0142\u0105cza siedzi na jajko utrzymanie go w ciep\u0142e. <\/span><span id=\"gts_text_51\" class=\"gts_text\">W\u0142azy jaj po 26 do 31 dni. <\/span><span id=\"gts_text_52\" class=\"gts_text\">Nowo wyklutych piskl\u0105t maj\u0105 siwych lub bia\u0142ych pi\u00f3r. <\/span><span id=\"gts_text_53\" class=\"gts_text\">Ich rodzice s\u0105 w stanie zidentyfikowa\u0107 ich w\u0142asnych piskl\u0105t przez wzrok i d\u017awi\u0119k. <\/span><span id=\"gts_text_54\" class=\"gts_text\">Flamingos s\u0105 ha\u0142a\u015bliwych ptak\u00f3w.<\/span><\/p>\n<p><span id=\"gts_text_55\" class=\"gts_text\">Mama i Tata b\u0119dzie nurse ich piskl\u0105t. <\/span><span id=\"gts_text_56\" class=\"gts_text\">B\u0119d\u0105 oni przyznawa\u0107 piskl\u0105t upraw mleka z ich uj\u015bcia. <\/span><span id=\"gts_text_57\" class=\"gts_text\">Na oko\u0142o 7 do 21 dni piskl\u0105t rozpocznie si\u0119 krok z jego gniazdo, ale nadal b\u0119dzie powr\u00f3ci\u0107 do karmienia. <\/span><span id=\"gts_text_58\" class=\"gts_text\">Po up\u0142ywie dw\u00f3ch tygodni piskl\u0119ta b\u0119dzie do\u0142\u0105czy\u0107 grup\u0119 o nazwie \u017b\u0142obek i uruchomi\u0107 odszukiwa\u0107 \u017cywno\u015bci sami. <\/span><span id=\"gts_text_59\" class=\"gts_text\">\u017b\u0142obek ten zawiera tysi\u0105ce piskl\u0105t. <\/span><span id=\"gts_text_60\" class=\"gts_text\">Przebywaj\u0105cych w \u017b\u0142obek b\u0119dzie zabezpieczy\u0107 piskl\u0119ta Zachowaj z ich drapie\u017cnik\u00f3w. <\/span><span id=\"gts_text_61\" class=\"gts_text\">Piskl\u0105t will shed jego szary pi\u00f3r, gdy jest mi\u0119dzy dwie do trzech lat i b\u0119dzie zawiera\u0142 jasne pi\u0119kne pi\u00f3r takie jak Mama i Tata r\u00f3\u017cowe lub czerwone.<\/span><\/p>\n<p><span id=\"gts_text_62\" class=\"gts_text\">Flamingoes jaj i piskl\u0105t s\u0105 polowa\u0107 na Or\u0142y, S\u0119p\u00f3w, lwy, lamparty, gepardy, lis\u00f3w i szakale. <\/span><span id=\"gts_text_63\" class=\"gts_text\">Opr\u00f3cz tego ludzi r\u00f3wnie\u017c uleg\u0142y zniszczeniu ich siedliska poprzez budowanie dr\u00f3g, nawadniania i g\u00f3rnictwa. <\/span><span id=\"gts_text_64\" class=\"gts_text\">S\u0105 one r\u00f3wnie\u017c polowa\u0107 na ich jaj. <\/span><span id=\"gts_text_65\" class=\"gts_text\">Na szcz\u0119\u015bcie s\u0105 one nie zagro\u017cone.<\/span><\/p>\n<p><span id=\"gts_text_66\" class=\"gts_text\"><\/span><\/p>\n","protected":false},"excerpt":{"rendered":"<p>Flamingos s\u0105 rodzajem ptaka , kt\u00f3ry mieszka w pobli\u017cu jezior, namorzynowe bagna i Muliste. Znajduj\u0105 si\u0119 one w tropikalnych i subtropikalnych. Istniej\u0105 4 flamingo gatunk\u00f3w w Ameryce i 2 w Afryce, Azji i Europie. Flaming mieszka w cz\u0119\u015bciach Afryki, Europie i Azji. Flaming mieszka w Afryce i Indiach. Flaming chilijski znajduj\u0105 si\u0119 w Po\u0142udniowej Ameryce &hellip; <a href=\"https:\/\/www.big-animals.com\/pl\/flamingos\/\" class=\"more-link\">Continue reading <span class=\"screen-reader-text\">Flamingos<\/span><\/a><\/p>\n","protected":false},"author":1,"featured_media":0,"parent":0,"menu_order":0,"comment_status":"closed","ping_status":"open","template":"","meta":{"_acf_changed":false,"footnotes":""},"acf":[],"_links":{"self":[{"href":"https:\/\/www.big-animals.com\/pl\/wp-json\/wp\/v2\/pages\/646"}],"collection":[{"href":"https:\/\/www.big-animals.com\/pl\/wp-json\/wp\/v2\/pages"}],"about":[{"href":"https:\/\/www.big-animals.com\/pl\/wp-json\/wp\/v2\/types\/page"}],"author":[{"embeddable":true,"href":"https:\/\/www.big-animals.com\/pl\/wp-json\/wp\/v2\/users\/1"}],"replies":[{"embeddable":true,"href":"https:\/\/www.big-animals.com\/pl\/wp-json\/wp\/v2\/comments?post=646"}],"version-history":[{"count":1,"href":"https:\/\/www.big-animals.com\/pl\/wp-json\/wp\/v2\/pages\/646\/revisions"}],"predecessor-version":[{"id":845,"href":"https:\/\/www.big-animals.com\/pl\/wp-json\/wp\/v2\/pages\/646\/revisions\/845"}],"wp:attachment":[{"href":"https:\/\/www.big-animals.com\/pl\/wp-json\/wp\/v2\/media?parent=646"}],"curies":[{"name":"wp","href":"https:\/\/api.w.org\/{rel}","templated":true}]}}