{"id":647,"date":"2011-06-06T01:57:13","date_gmt":"2011-06-06T01:57:13","guid":{"rendered":""},"modified":"2013-08-24T14:03:07","modified_gmt":"2013-08-24T14:03:07","slug":"flaming","status":"publish","type":"page","link":"https:\/\/www.big-animals.com\/pl\/flaming\/","title":{"rendered":"Flaming r\u00f3\u017cowy"},"content":{"rendered":"<figure id=\"attachment_1261\" aria-describedby=\"caption-attachment-1261\" style=\"width: 300px\" class=\"wp-caption alignleft\"><a href=\"http:\/\/www.big-animals.com\/wp-content\/uploads\/2011\/06\/GreaterFlamingoesUpClose.jpg\"><img loading=\"lazy\" decoding=\"async\" class=\"size-medium wp-image-1261\" title=\"The Greater Flamingo\" alt=\"The Greater Flamingo\" src=\"http:\/\/www.big-animals.com\/wp-content\/uploads\/2011\/06\/GreaterFlamingoesUpClose-300x220.jpg\" width=\"300\" height=\"220\" \/><\/a><figcaption id=\"caption-attachment-1261\" class=\"wp-caption-text\"><span class=\"gts_text\" id=\"gts_text_1\"><\/span><span class=\"gts_text\" id=\"gts_text_2\">Flaming r\u00f3\u017cowy est najwi\u0119kszym <a title=\"Flamingos\" href=\"http:\/\/www.big-animals.com\/pl\/flamingos\/\">Flaming<\/a>iem na \u015bwiecie. <\/span><span class=\"gts_text\" id=\"gts_text_3\">S\u0105 one r\u00f3wnie\u017c najbardziej rozpowszechnionym gatunkiem\u00a0flaminga. <\/span><span class=\"gts_text\" id=\"gts_text_4\">Mo\u017cna je znale\u017a\u0107 w siedliskach w\u00f3d s\u0142odkich i morskich w \u015arodkowej i Po\u0142udniowej Ameryce, na Karaibach, w po\u0142udniowo zachodniej\u00a0Europie, Azji Po\u0142udniowej i w cz\u0119\u015bciach Afryki. <\/span><span class=\"gts_text\" id=\"gts_text_5\">\u017byj\u0105\u00a0w \u00a0jeziorach, estuariach i lagunach. <\/span><span class=\"gts_text\" id=\"gts_text_6\">Wi\u0119kszo\u015b\u0107\u00a0flaming\u00f3w,\u00a0kt\u00f3re \u017cyj\u0105 poza tropikami cz\u0119sto migruje podczas zimy do cieplejszych miejsc. <\/span><span class=\"gts_text\" id=\"gts_text_7\">Preferuj\u0105 cieplejsz\u0105 pogod\u0119. <\/span><span class=\"gts_text\" id=\"gts_text_8\">Podobnie jak wszystkie flamingi, \u017cyj\u0105 w koloniach, kt\u00f3re sk\u0142adaj\u0105 si\u0119 z tysi\u0119cy flaming\u00f3w, z wyj\u0105tkiem tych \u017cyj\u0105cych na Wyspach Galapagos, gdzie \u017cyje tylko kilka tuzin\u00f3w. <\/span><span class=\"gts_text\" id=\"gts_text_9\">\u017bycie w\u00a0kolonii chroni je przed ich drapie\u017cnikami.<\/span><br \/>[caption id=\"attachment_1262\" align=\"alignright\" width=\"213\" caption=\"Showing Off His Wing feathers\"]<a href=\"http:\/\/www.big-animals.com\/wp-content\/uploads\/2011\/06\/GreaterFlamingo.jpg\"><img loading=\"lazy\" decoding=\"async\" class=\"size-medium wp-image-1262\" title=\"Showing Off His Wing feathers\" alt=\"Showing Off His Wing feathers\" src=\"http:\/\/www.big-animals.com\/wp-content\/uploads\/2011\/06\/GreaterFlamingo-213x300.jpg\" width=\"213\" height=\"300\" \/><span class=\"gts_text\" id=\"gts_text_10\"><\/span><\/a><br \/><span class=\"gts_text\" id=\"gts_text_11\">Flamingi maj\u0105 oko\u0142o 110-150 cm (44-60in) wysoko\u015bci i wa\u017c\u0105 oko\u0142o 2 do 4 kg (4.4-8.8 funta). Ich rozpi\u0119to\u015b\u0107 skrzyde\u0142 wynosi <\/span><span class=\"gts_text\" id=\"gts_text_12\">1.4-1,7 m <\/span><span class=\"gts_text\" id=\"gts_text_13\">(4.5-5.5 st\u00f3p). <\/span><span class=\"gts_text\" id=\"gts_text_14\">Najwi\u0119kszy\u00a0flaming p\u0142ci m\u0119skiej mia\u0142 187 cm (74in) wysoko\u015bci i wa\u017cy\u0142 4,5 kg (10 funt\u00f3w).<\/span><br \/><span class=\"gts_text\" id=\"gts_text_15\">Maj\u0105\u00a0one r\u00f3\u017cowo bia\u0142y kolor, ale ich piskl\u0119ta rodz\u0105 si\u0119 szare. <\/span><span class=\"gts_text\" id=\"gts_text_16\">Maj\u0105 d\u0142ugie, cie\u0144kie, r\u00f3\u017cowe nogi. <\/span><span class=\"gts_text\" id=\"gts_text_17\">Maj\u0105 ma\u0142e p\u0142etwiaste stopy, kt\u00f3re pomagaj\u0105 im p\u0142ywa\u0107 i wydobywa\u0107 \u017cywno\u015b\u0107 z dna w\u00f3d. <\/span><span class=\"gts_text\" id=\"gts_text_18\">Maj\u0105 one r\u00f3wnie\u017c d\u0142uge, chude, zakrzywione r\u00f3\u017cowe szyje z czarnym dziobem. <\/span><span class=\"gts_text\" id=\"gts_text_19\">Ich skrzyd\u0142a s\u0105 czerwone z\u00a0niewielk\u0105 ilo\u015bci\u0105\u00a0czarnych pi\u00f3r.\u00a0<\/span><span class=\"gts_text\" id=\"gts_text_20\">Wydaj\u0105 g\u0142o\u015bne, g\u0142\u0119bokie odg\u0142osy jak g\u0119si.\u00a0 J<\/span><span class=\"gts_text\" id=\"gts_text_21\">edz\u0105 owady, robaki, ma\u0142e krewetki, nasiona, zielone glony\u00a0i\u00a0 mi\u0119czaki. <\/span><span class=\"gts_text\" id=\"gts_text_22\">Przewa\u017cnie jedz\u0105 w ci\u0105gu dnia. <\/span><span class=\"gts_text\" id=\"gts_text_23\">Wsadzaj\u0105 dzioby do wody i wydobywaj\u0105 jedzenie z p\u0142ytkiej\u00a0wody. <\/span><span class=\"gts_text\" id=\"gts_text_24\">Ich specjalne dzi\u00f3b jest w stanie odfiltrowa\u0107 \u017cywno\u015b\u0107\u00a0z mu\u0142u i wody.\u00a0<\/span><span class=\"gts_text\" id=\"gts_text_25\">Zjadanie du\u017cych ilo\u015bci\u00a0krewetek i beta karotenu powoduje, \u017ce flamingi s\u0105 takie pi\u0119kne i r\u00f3\u017cowe. <\/span><\/p>\n<p>[caption id=\"attachment_1263\" align=\"alignleft\" width=\"216\" caption=\"A Typical Greater Flamingo and a Human\"]<a href=\"http:\/\/www.big-animals.com\/wp-content\/uploads\/2011\/06\/GreaterFlamingoAndHuman.png\"><img loading=\"lazy\" decoding=\"async\" class=\"size-medium wp-image-1263\" title=\"A Typical Greater Flamingo and a Human\" alt=\"A Typical Greater Flamingo and a Human\" src=\"http:\/\/www.big-animals.com\/wp-content\/uploads\/2011\/06\/GreaterFlamingoAndHuman-216x300.png\" width=\"216\" height=\"300\" \/><span class=\"gts_text\" id=\"gts_text_26\"><\/span><\/a><br \/><span class=\"gts_text\" id=\"gts_text_27\">Flamingi rozmna\u017caj\u0105 si\u0119 w koloniach. <\/span><span class=\"gts_text\" id=\"gts_text_28\">Znosz\u0105\u00a0jedno ogromne jajo w b\u0142ocie w p\u0142ytkiej wodzie. Zar\u00f3wno m<\/span><span class=\"gts_text\" id=\"gts_text_29\">ama i tata b\u0119d\u0105 zapewnia\u0107 jaju ciep\u0142o. <\/span><span class=\"gts_text\" id=\"gts_text_30\">Up\u0142ynie od 26 do 31 dni zanim jajo si\u0119 wykluje. <\/span><span class=\"gts_text\" id=\"gts_text_31\">B\u0119d\u0105 one\u00a0chroni\u0107\u00a0 swoje gniazdo podczas wykluwania. <\/span><span class=\"gts_text\" id=\"gts_text_32\">Piskle\u00a0karmione jest ptasim mleczkiem, kt\u00f3re pochodzi z g\u00f3rnej cz\u0119\u015bci przewodu pokarmowego rodzic\u00f3w. Zar\u00f3wno mama jak i tata produkuj\u0105 to <\/span><span class=\"gts_text\" id=\"gts_text_33\">mleko. Gdy\u00a0<\/span><span class=\"gts_text\" id=\"gts_text_34\">piskl\u0119 b\u0119dzie w stanie chodzi\u0107\u00a0zostanie wys\u0142ane do wi\u0119kszej\u00a0grupy piskl\u0105t nazywanaj\u00a0\u017c\u0142obkiem, kt\u00f3ra jest\u00a0pilnowana przez kilka doros\u0142ych flaming\u00f3w. <\/span><span class=\"gts_text\" id=\"gts_text_35\">Piskl\u0119 zrzuci szare pi\u00f3ra i\u00a0\u00a0b\u0119dzie mie\u0107 r\u00f3\u017cowe i czerwone jak jego rodzice pomi\u0119dzy 2 a 3 rokiem \u017cycia. <\/span><span class=\"gts_text\" id=\"gts_text_36\">Ludzie oraz inne ptaki, takie jak marabut afryka\u0144ski\u00a0poluj\u0105 na jaja flaminga r\u00f3\u017cowego.\u00a0Te ptaki mog\u0105\u00a0\u017cy\u0107 do 50 lat w niewoli i \u015brednio 20 lat\u00a0w\u00a0\u015brodowisku naturalnym.<\/span><\/p>\n<p><\/figcaption><\/figure>\n<p>&nbsp;<\/p>\n<p>&nbsp;<\/p>\n<p>&nbsp;<\/p>\n<p>&nbsp;<\/p>\n<p>&nbsp;<\/p>\n<p>&nbsp;<\/p>\n<p>&nbsp;<\/p>\n<p>&nbsp;<\/p>\n<p>&nbsp;<\/p>\n<p>&nbsp;<\/p>\n<p>&nbsp;<\/p>\n<p>&nbsp;<\/p>\n<p>&nbsp;<\/p>\n<p>[\/caption][\/caption]<\/p>\n","protected":false},"excerpt":{"rendered":"<p>&nbsp; &nbsp; &nbsp; &nbsp; &nbsp; &nbsp; &nbsp; &nbsp; &nbsp; &nbsp; &nbsp; &nbsp; &nbsp; [\/caption][\/caption]<\/p>\n","protected":false},"author":1,"featured_media":0,"parent":0,"menu_order":0,"comment_status":"closed","ping_status":"open","template":"","meta":{"_acf_changed":false,"footnotes":""},"acf":[],"_links":{"self":[{"href":"https:\/\/www.big-animals.com\/pl\/wp-json\/wp\/v2\/pages\/647"}],"collection":[{"href":"https:\/\/www.big-animals.com\/pl\/wp-json\/wp\/v2\/pages"}],"about":[{"href":"https:\/\/www.big-animals.com\/pl\/wp-json\/wp\/v2\/types\/page"}],"author":[{"embeddable":true,"href":"https:\/\/www.big-animals.com\/pl\/wp-json\/wp\/v2\/users\/1"}],"replies":[{"embeddable":true,"href":"https:\/\/www.big-animals.com\/pl\/wp-json\/wp\/v2\/comments?post=647"}],"version-history":[{"count":6,"href":"https:\/\/www.big-animals.com\/pl\/wp-json\/wp\/v2\/pages\/647\/revisions"}],"predecessor-version":[{"id":854,"href":"https:\/\/www.big-animals.com\/pl\/wp-json\/wp\/v2\/pages\/647\/revisions\/854"}],"wp:attachment":[{"href":"https:\/\/www.big-animals.com\/pl\/wp-json\/wp\/v2\/media?parent=647"}],"curies":[{"name":"wp","href":"https:\/\/api.w.org\/{rel}","templated":true}]}}