{"id":648,"date":"2011-06-06T02:10:49","date_gmt":"2011-06-06T02:10:49","guid":{"rendered":""},"modified":"2011-06-06T02:10:49","modified_gmt":"2011-06-06T02:10:49","slug":"obr%c4%85czkowanie","status":"publish","type":"page","link":"https:\/\/www.big-animals.com\/pl\/obr%c4%85czkowanie\/","title":{"rendered":"Obr\u0105czkowanie"},"content":{"rendered":"<figure id=\"attachment_1268\" aria-describedby=\"caption-attachment-1268\" style=\"width: 127px\" class=\"wp-caption alignleft\"><a href=\"http:\/\/www.big-animals.com\/wp-content\/uploads\/2011\/06\/Whistling_Duck.jpg\"><img loading=\"lazy\" decoding=\"async\" class=\"size-medium wp-image-1268 gts_attribute gts_attribute_1_alt gts_attribute_2_title\" title=\"Kaczka Gwizd jest typowy Obr\u0105czkowanie\" src=\"http:\/\/www.big-animals.com\/wp-content\/uploads\/2011\/06\/Whistling_Duck-127x300.jpg\" alt=\"Kaczka Gwizd jest typowy Obr\u0105czkowanie\" width=\"127\" height=\"300\" \/><\/a><figcaption id=\"caption-attachment-1268\" class=\"wp-caption-text\">The Whistling Duck is a typical waterfowl<\/figcaption><\/figure>\n<p><span id=\"gts_text_1\" class=\"gts_text\">Grupa <a title=\"The World\u2019s Biggest Birds!\" href=\"http:\/\/www.big-animals.com\/the-worlds-biggest-birds\/\" class=\" gts_attribute gts_attribute_3_title\">ptak\u00f3w<\/a> o nazwie trzymanymi obejmuje kaczki, g\u0119si i swans.<\/span> <span id=\"gts_text_2\" class=\"gts_text\">S\u0105 one wielk\u0105 swimmers z po\u017cywk\u0105 do du\u017cych zbiornik\u00f3w.<\/span> <span id=\"gts_text_3\" class=\"gts_text\">Stanowi\u0105 one \u017ar\u00f3d\u0142o \u017cywno\u015bci do ludzi.<\/span> <span id=\"gts_text_4\" class=\"gts_text\">Zapewniaj\u0105 one, mi\u0119sa i jaj.<\/span> <span id=\"gts_text_5\" class=\"gts_text\">S\u0105 one r\u00f3wnie\u017c polowa\u0107 jako gry.<\/span> <span id=\"gts_text_6\" class=\"gts_text\">Czasami s\u0105 trzymane jako zwierz\u0119ta domowe, szczeg\u00f3lnie udomowionych kaczek i g\u0119si.<\/span><\/p>\n<p><span id=\"gts_text_7\" class=\"gts_text\">Najwi\u0119ksze trzymanymi jest <a title=\"Trumpeter Swan\" href=\"http:\/\/www.big-animals.com\/trumpeter-swan\/\" class=\" gts_attribute gts_attribute_4_title\">Swan tr\u0119bacz<\/a>.<\/span> <span id=\"gts_text_8\" class=\"gts_text\">Jest oko\u0142o 1.82 m (6 ft) d\u0142ugo\u015bci.<\/span> <span id=\"gts_text_9\" class=\"gts_text\">Ma wingspan 3 m (10 ft) i wa\u017cy oko\u0142o 17.3 kg (38 lb).<\/span> <span id=\"gts_text_10\" class=\"gts_text\">Now that&apos;s big!<\/span><\/p>\n","protected":false},"excerpt":{"rendered":"<p>Grupa ptak\u00f3w o nazwie trzymanymi obejmuje kaczki, g\u0119si i swans. S\u0105 one wielk\u0105 swimmers z po\u017cywk\u0105 do du\u017cych zbiornik\u00f3w. Stanowi\u0105 one \u017ar\u00f3d\u0142o \u017cywno\u015bci do ludzi. Zapewniaj\u0105 one, mi\u0119sa i jaj. S\u0105 one r\u00f3wnie\u017c polowa\u0107 jako gry. Czasami s\u0105 trzymane jako zwierz\u0119ta domowe, szczeg\u00f3lnie udomowionych kaczek i g\u0119si. Najwi\u0119ksze trzymanymi jest Swan tr\u0119bacz. Jest oko\u0142o 1.82 &hellip; <a href=\"https:\/\/www.big-animals.com\/pl\/obr%c4%85czkowanie\/\" class=\"more-link\">Continue reading <span class=\"screen-reader-text\">Obr\u0105czkowanie<\/span><\/a><\/p>\n","protected":false},"author":1,"featured_media":0,"parent":0,"menu_order":0,"comment_status":"closed","ping_status":"open","template":"","meta":{"_acf_changed":false,"footnotes":""},"acf":[],"_links":{"self":[{"href":"https:\/\/www.big-animals.com\/pl\/wp-json\/wp\/v2\/pages\/648"}],"collection":[{"href":"https:\/\/www.big-animals.com\/pl\/wp-json\/wp\/v2\/pages"}],"about":[{"href":"https:\/\/www.big-animals.com\/pl\/wp-json\/wp\/v2\/types\/page"}],"author":[{"embeddable":true,"href":"https:\/\/www.big-animals.com\/pl\/wp-json\/wp\/v2\/users\/1"}],"replies":[{"embeddable":true,"href":"https:\/\/www.big-animals.com\/pl\/wp-json\/wp\/v2\/comments?post=648"}],"version-history":[{"count":1,"href":"https:\/\/www.big-animals.com\/pl\/wp-json\/wp\/v2\/pages\/648\/revisions"}],"predecessor-version":[{"id":847,"href":"https:\/\/www.big-animals.com\/pl\/wp-json\/wp\/v2\/pages\/648\/revisions\/847"}],"wp:attachment":[{"href":"https:\/\/www.big-animals.com\/pl\/wp-json\/wp\/v2\/media?parent=648"}],"curies":[{"name":"wp","href":"https:\/\/api.w.org\/{rel}","templated":true}]}}