{"id":650,"date":"2011-06-10T20:39:31","date_gmt":"2011-06-10T20:39:31","guid":{"rendered":""},"modified":"2013-08-20T19:05:12","modified_gmt":"2013-08-20T19:05:12","slug":"kakapo","status":"publish","type":"page","link":"https:\/\/www.big-animals.com\/pl\/kakapo\/","title":{"rendered":"Kakapo"},"content":{"rendered":"<p><span class=\"gts_text\" id=\"gts_text_1\">Kakapo nazywana jest te\u017c papug\u0105 sowi\u0105.<\/span> <span class=\"gts_text\" id=\"gts_text_2\">\u017byje w Nowej Zelandii i jest krytycznie zagro\u017cona wygini\u0119ciem.<\/span> <span class=\"gts_text\" id=\"gts_text_3\">Jest najwi\u0119ksz\u0105 \u00a0<a class=\" gts_attribute gts_attribute_3_title\" title=\"Papugowate\" href=\"http:\/\/www.big-animals.com\/pl\/papugowate\/\">papug\u0105<\/a>\u00a0na \u015bwiecie.<\/span> <span class=\"gts_text\" id=\"gts_text_4\">Nie potrafi lata\u0107 i jest aktywna w nocy.<\/span> <span class=\"gts_text\" id=\"gts_text_5\">Posiada zielono-\u017c\u00f3\u0142te upierzenie z ciemniejszymi plamkami. Ma du\u017cy dzi\u00f3b i kr\u00f3tkie, ale du\u017ce nogi oraz skrzyd\u0142a i ogon dosy\u0107 ma\u0142e w por\u00f3wnaniu do wielko\u015bci ca\u0142ego cia\u0142a<\/span><span class=\"gts_text\">.<\/span>\u00a0Pi\u00f3ra na ko\u0144cach skrzyde\u0142 i ogona s\u0105 cz\u0119sto zniszczone, gdy\u017c kakapo poruszaj\u0105c si\u0119, ci\u0105gnie je po ziemi. Ten gatunek potrafi \u015bwietnie si\u0119 wspina\u0107, pomagaj\u0105 im w tym du\u017ce, silne pazury.<\/p>\n<figure id=\"attachment_1297\" aria-describedby=\"caption-attachment-1297\" style=\"width: 300px\" class=\"wp-caption alignleft\"><a href=\"http:\/\/www.big-animals.com\/wp-content\/uploads\/2011\/06\/Kakapo.jpg\"><img loading=\"lazy\" decoding=\"async\" class=\"size-medium wp-image-1297 gts_attribute gts_attribute_1_alt gts_attribute_4_title\" title=\"Kakapo - fotografia Markus Nolf\" alt=\"Kakapo - fotografia Markus Nolf\" src=\"http:\/\/www.big-animals.com\/wp-content\/uploads\/2011\/06\/Kakapo-300x277.jpg\" width=\"300\" height=\"277\" \/><\/a><figcaption id=\"caption-attachment-1297\" class=\"wp-caption-text\">Kakapo &#8211; zdj\u0119cie wykona\u0142 Markus Nolf<\/figcaption><\/figure>\n<p><span class=\"gts_text\" id=\"gts_text_11\">S\u0105 to jedyne papugi na \u015bwiecie, kt\u00f3re nie potrafi\u0105 lata\u0107. Nie maj\u0105 grzebienia, ko\u015bci do kt\u00f3rej u ptak\u00f3w lataj\u0105cych przyczepione s\u0105 mi\u0119\u015bnie odpowiedzialne za poruszanie skrzyd\u0142ami. Ich skrzyd\u0142a s\u0105 ma\u0142e i s\u0142u\u017c\u0105 do utrzymywania r\u00f3wnowagi i amortyzowania uderzenia w razie upadku z drzewa.<\/span>\u00a0<span class=\"gts_text\" id=\"gts_text_13\"><br \/>\n<\/span><\/p>\n<p><span class=\"gts_text\" id=\"gts_text_15\">Kakapo magazynuje w swoim organizmie du\u017ce ilo\u015bci energii i dlatego osi\u0105ga du\u017ce rozmiary i wag\u0119. Jest najci\u0119\u017csz\u0105 papug\u0105 na \u015bwiecie<\/span><span class=\"gts_text\" id=\"gts_text_16\">.<\/span> <span class=\"gts_text\" id=\"gts_text_17\">Samiec osi\u0105ga do 60 cm (24 cali) d\u0142ugo\u015bci i wa\u017cy mi\u0119dzy 2 a 4 kg ( 4,5-9<\/span>lb<span class=\"gts_text\">).\u00a0<\/span><span class=\"gts_text\" id=\"gts_text_18\">Kakapo ma dobry w\u0119ch. \u017bywi si\u0119 wy\u0142\u0105cznie pokarmem ro\u015blinnym- \u00a0li\u015b\u0107mi, nasionami, owocami i py\u0142kiem kwiat\u00f3w. Jej ulubionym po\u017cywieniem s\u0105 owoce z drzewa rimu.\u00a0<\/span><\/p>\n<p>&nbsp;<\/p>\n<p><span class=\"gts_text\" id=\"gts_text_22\">Samice kakapo sk\u0142adaj\u0105 do 3 \u00a0jaj za jednym razem.<\/span>\u00a0Gniazduj\u0105 na ziemi, pod ro\u015blinami lub w naturalnych jamach takich jak puste pnie drzew. Nie znosz\u0105 jaj co roku i to sprawia, \u017ce maj\u0105 jeden z najni\u017cszych wska\u017anik\u00f3w reprodukcji w\u015br\u00f3d ptak\u00f3w. Rozmna\u017caj\u0105 si\u0119 jedynie w latach, gdy owoc\u00f3w rimu jest pod dostatkiem, zwykle co 3-5 lat. Tylko wtedy maj\u0105 dostatecznie du\u017co po\u017cywienia.\u00a0<span class=\"gts_text\" id=\"gts_text_23\"><br \/>\n<\/span><\/p>\n<figure id=\"attachment_1298\" aria-describedby=\"caption-attachment-1298\" style=\"width: 223px\" class=\"wp-caption alignright\"><a href=\"http:\/\/www.big-animals.com\/wp-content\/uploads\/2011\/06\/Kakapo_and_Human.png\"><img loading=\"lazy\" decoding=\"async\" class=\"size-medium wp-image-1298 gts_attribute gts_attribute_2_alt gts_attribute_5_title\" title=\"Kakapo jest papuga najci\u0119\u017cszej na \u015bwiecie\" alt=\"Kakapo jest papuga najci\u0119\u017cszej na \u015bwiecie\" src=\"http:\/\/www.big-animals.com\/wp-content\/uploads\/2011\/06\/Kakapo_and_Human-223x300.png\" width=\"223\" height=\"300\" \/><\/a><figcaption id=\"caption-attachment-1298\" class=\"wp-caption-text\">Kakapo jest najci\u0119\u017csz\u0105 papug\u0105 na \u015bwiecie.<\/figcaption><\/figure>\n<p><span class=\"gts_text\" id=\"gts_text_28\">Samica kakapo opiekuje si\u0119 jajami, karmi piskl\u0119ta i pilnuje ich. Ogrzewa swoim cia\u0142em jaja, a po wykluciu wyrusza w poszukiwaniu jedzenia zostawiaj\u0105c bezbronne piskl\u0119ta same w gnie\u017adzie. M\u0142ode kakapo nie s\u0105 w stanie obroni\u0107 si\u0119 przed drapie\u017cnikami takimi jak szczury, pa\u0142anki czy gronostaje i mog\u0105 \u0142atwo sta\u0107 si\u0119 ich kolacj\u0105<\/span><span class=\"gts_text\" id=\"gts_text_30\">.<\/span> <span class=\"gts_text\" id=\"gts_text_31\">Te drapie\u017cniki \u017cywi\u0105 si\u0119 te\u017c jajami tych papug, a je\u017celi matka opu\u015bci gniazdo na zbyt d\u0142ugo, biedne piskl\u0119ta mog\u0105 zgin\u0105\u0107 z wyzi\u0119bienia.\u00a0<\/span><\/p>\n<p><span class=\"gts_text\" id=\"gts_text_33\">Kakapo wyl\u0119gaj\u0105 si\u0119 z jaj zazwyczaj w ci\u0105gu 30 dni.<\/span> <span class=\"gts_text\" id=\"gts_text_34\">Piskl\u0119ta s\u0105 szare i puszyste.<\/span> <span class=\"gts_text\" id=\"gts_text_35\">Matka karmi jej piskl\u0119ta przez 3 miesi\u0105ce po tym jak si\u0119 wykluj\u0105.<\/span> <span class=\"gts_text\" id=\"gts_text_36\">Piskl\u0119ta pozostaj\u0105 przy matce przez kolejnych kilka miesi\u0119cy po tym jak wykszta\u0142c\u0105 im si\u0119 w pe\u0142ni pi\u00f3ra.<\/span>\u00a0<span class=\"gts_text\" id=\"gts_text_37\">Gniazdo opuszcz\u0105 po up\u0142ywie 10 do 12 tygodni.<\/span><\/p>\n<p><span class=\"gts_text\" id=\"gts_text_38\">Kakapo s\u0105 ptakami d\u0142ugowiecznymi &#8211; \u017cyj\u0105 \u015brednio 95 lat, ale mog\u0105 do\u017cy\u0107 nawet 120 lat.<\/span> <span class=\"gts_text\" id=\"gts_text_39\">Niestety mi\u0119so tych papug jest bardzo smaczne &#8211; Maorysi polowali na nie dla mi\u0119sa, ale te\u017c dla sk\u00f3r i pi\u00f3r, z kt\u00f3rych robili peleryny. By\u0142y bardzo \u0142atw\u0105 zdobycz\u0105 bo nie potrafi\u0105 lata\u0107. R\u00f3wnie\u017c wyr\u0105b las\u00f3w przez Maorys\u00f3w i p\u00f3\u017aniejszych osadnik\u00f3w zmniejszy\u0142 naturalne \u015brodowisko kakapo. W 1995 roku na \u015bwiecie by\u0142o ju\u017c tylko oko\u0142o 50 kakapo.\u00a0<\/span><span class=\"gts_text\" id=\"gts_text_41\"><\/span><span class=\"gts_text\" id=\"gts_text_43\">Na szcz\u0119\u015bcie w 2006 roku, rozpocz\u0119to program odnowy tego gatunku i od tego czasu liczba tych papug stale wzrasta.<\/span><\/p>\n","protected":false},"excerpt":{"rendered":"<p>Kakapo nazywana jest te\u017c papug\u0105 sowi\u0105. \u017byje w Nowej Zelandii i jest krytycznie zagro\u017cona wygini\u0119ciem. Jest najwi\u0119ksz\u0105 \u00a0papug\u0105\u00a0na \u015bwiecie. Nie potrafi lata\u0107 i jest aktywna w nocy. Posiada zielono-\u017c\u00f3\u0142te upierzenie z ciemniejszymi plamkami. Ma du\u017cy dzi\u00f3b i kr\u00f3tkie, ale du\u017ce nogi oraz skrzyd\u0142a i ogon dosy\u0107 ma\u0142e w por\u00f3wnaniu do wielko\u015bci ca\u0142ego cia\u0142a.\u00a0Pi\u00f3ra na ko\u0144cach &hellip; <a href=\"https:\/\/www.big-animals.com\/pl\/kakapo\/\" class=\"more-link\">Continue reading <span class=\"screen-reader-text\">Kakapo<\/span><\/a><\/p>\n","protected":false},"author":1,"featured_media":0,"parent":0,"menu_order":0,"comment_status":"closed","ping_status":"open","template":"","meta":{"_acf_changed":false,"footnotes":""},"acf":[],"_links":{"self":[{"href":"https:\/\/www.big-animals.com\/pl\/wp-json\/wp\/v2\/pages\/650"}],"collection":[{"href":"https:\/\/www.big-animals.com\/pl\/wp-json\/wp\/v2\/pages"}],"about":[{"href":"https:\/\/www.big-animals.com\/pl\/wp-json\/wp\/v2\/types\/page"}],"author":[{"embeddable":true,"href":"https:\/\/www.big-animals.com\/pl\/wp-json\/wp\/v2\/users\/1"}],"replies":[{"embeddable":true,"href":"https:\/\/www.big-animals.com\/pl\/wp-json\/wp\/v2\/comments?post=650"}],"version-history":[{"count":2,"href":"https:\/\/www.big-animals.com\/pl\/wp-json\/wp\/v2\/pages\/650\/revisions"}],"predecessor-version":[{"id":757,"href":"https:\/\/www.big-animals.com\/pl\/wp-json\/wp\/v2\/pages\/650\/revisions\/757"}],"wp:attachment":[{"href":"https:\/\/www.big-animals.com\/pl\/wp-json\/wp\/v2\/media?parent=650"}],"curies":[{"name":"wp","href":"https:\/\/api.w.org\/{rel}","templated":true}]}}